{"id":6090,"date":"2025-10-26T18:48:52","date_gmt":"2025-10-26T17:48:52","guid":{"rendered":"https:\/\/emeraldspa.pl\/spa-shop\/hyaluronic-acid-facial-serum\/"},"modified":"2025-10-27T16:26:59","modified_gmt":"2025-10-27T15:26:59","slug":"serum-do-twarzy-z-kwasem-hialuronowym","status":"publish","type":"product","link":"https:\/\/emeraldspa.pl\/pl\/sklep-spa\/serum-do-twarzy-z-kwasem-hialuronowym\/","title":{"rendered":"Serum do twarzy z kwasem hialuronowym"},"content":{"rendered":"<p><span><strong>OD\u017bYWIAJ\u0104 I REWITALIZUJ\u0104<\/strong><\/span><\/p>\n<p><strong>AWGifts Dropship Europe Serum do twarzy z kwasem hialuronowym<\/strong> z witamin\u0105 B5 i ekstraktami owocowymi dla g\u0142adkiej i promiennej sk\u00f3ry.<\/p>\n<p>Odpowiedni dla wszystkich rodzaj\u00f3w sk\u00f3ry.<\/p>\n<p>Szybko wch\u0142ania si\u0119 w sk\u00f3r\u0119 i mo\u017ce by\u0107 stosowany przed na\u0142o\u017ceniem kremu lub makija\u017cu.<\/p>\n<p>Twoi klienci mog\u0105 r\u00f3wnie\u017c polubi\u0107 <a href=\"https:\/\/www.aw-dropship.eu\/wsp\" target=\"_blank\" rel=\"noopener\"><span><strong>Mgie\u0142ka tonizuj\u0105ca do twarzy.<\/strong><\/span><\/a><\/p>\n<p><strong>* Sprzedawany w butelce 30 ml * Wega\u0144ski * Silnie nawil\u017caj\u0105cy * Wyprodukowany w Anglii.<\/strong><\/p>\n<p>Dodaj do portfolio produkt\u00f3w swojego sklepu internetowego i kup teraz, aby zapewni\u0107 swoim klientom jeden z najlepszych produkt\u00f3w do samoopieki.<\/p>","protected":false},"excerpt":{"rendered":"<p><span><strong>OD\u017bYWIAJ\u0104 I REWITALIZUJ\u0104<\/strong><\/span><\/p>\n<p><strong>AWGifts Dropship Europe Serum do twarzy z kwasem hialuronowym<\/strong> z witamin\u0105 B5 i ekstraktami owocowymi dla g\u0142adkiej i promiennej sk\u00f3ry.<\/p>\n<p>Odpowiedni dla wszystkich rodzaj\u00f3w sk\u00f3ry.<\/p>\n<p>Szybko wch\u0142ania si\u0119 w sk\u00f3r\u0119 i mo\u017ce by\u0107 stosowany przed na\u0142o\u017ceniem kremu lub makija\u017cu.<\/p>\n<p>Twoi klienci mog\u0105 r\u00f3wnie\u017c polubi\u0107 <a href=\"https:\/\/www.aw-dropship.eu\/wsp\"><span><strong>Mgie\u0142ka tonizuj\u0105ca do twarzy.<\/strong><\/span><\/a><\/p>\n<p><strong>* Sprzedawany w butelce 30 ml * Wega\u0144ski * Silnie nawil\u017caj\u0105cy * Wyprodukowany w Anglii.<\/strong><\/p>\n<p>Dodaj do portfolio produkt\u00f3w swojego sklepu internetowego i kup teraz, aby zapewni\u0107 swoim klientom jeden z najlepszych produkt\u00f3w do samoopieki.<\/p>","protected":false},"featured_media":6004,"template":"","meta":{"_acf_changed":false,"_price":"52","_stock":"191","_tribe_ticket_header":"","_tribe_default_ticket_provider":"","_tribe_ticket_capacity":"","_ticket_start_date":"","_ticket_end_date":"","_tribe_ticket_show_description":"","_tribe_ticket_show_not_going":false,"_tribe_ticket_use_global_stock":"","_tribe_ticket_global_stock_level":"","_global_stock_mode":"","_global_stock_cap":"","_tribe_rsvp_for_event":"","_tribe_ticket_going_count":"","_tribe_ticket_not_going_count":"","_tribe_tickets_list":"[]","_tribe_ticket_has_attendee_info_fields":false,"_tec_slr_enabled":"","_tec_slr_layout":""},"product_brand":[],"product_cat":[142],"product_tag":[],"class_list":{"0":"post-6090","1":"product","2":"type-product","3":"status-publish","4":"has-post-thumbnail","6":"product_cat-spa","8":"first","9":"instock","10":"shipping-taxable","11":"purchasable","12":"product-type-simple"},"acf":[],"_links":{"self":[{"href":"https:\/\/emeraldspa.pl\/pl\/wp-json\/wp\/v2\/product\/6090","targetHints":{"allow":["GET"]}}],"collection":[{"href":"https:\/\/emeraldspa.pl\/pl\/wp-json\/wp\/v2\/product"}],"about":[{"href":"https:\/\/emeraldspa.pl\/pl\/wp-json\/wp\/v2\/types\/product"}],"version-history":[{"count":1,"href":"https:\/\/emeraldspa.pl\/pl\/wp-json\/wp\/v2\/product\/6090\/revisions"}],"predecessor-version":[{"id":6174,"href":"https:\/\/emeraldspa.pl\/pl\/wp-json\/wp\/v2\/product\/6090\/revisions\/6174"}],"wp:featuredmedia":[{"embeddable":true,"href":"https:\/\/emeraldspa.pl\/pl\/wp-json\/wp\/v2\/media\/6004"}],"wp:attachment":[{"href":"https:\/\/emeraldspa.pl\/pl\/wp-json\/wp\/v2\/media?parent=6090"}],"wp:term":[{"taxonomy":"product_brand","embeddable":true,"href":"https:\/\/emeraldspa.pl\/pl\/wp-json\/wp\/v2\/product_brand?post=6090"},{"taxonomy":"product_cat","embeddable":true,"href":"https:\/\/emeraldspa.pl\/pl\/wp-json\/wp\/v2\/product_cat?post=6090"},{"taxonomy":"product_tag","embeddable":true,"href":"https:\/\/emeraldspa.pl\/pl\/wp-json\/wp\/v2\/product_tag?post=6090"}],"curies":[{"name":"wp","href":"https:\/\/api.w.org\/{rel}","templated":true}]}}