{"id":5861,"date":"2025-10-26T18:45:28","date_gmt":"2025-10-26T17:45:28","guid":{"rendered":"https:\/\/emeraldspa.pl\/spa-shop\/satya-incense-15gm-lemongrass\/"},"modified":"2025-10-27T17:52:55","modified_gmt":"2025-10-27T16:52:55","slug":"satya-kadzidlo-15gm-trawa-cytrynowa","status":"publish","type":"product","link":"https:\/\/emeraldspa.pl\/pl\/sklep-spa\/satya-kadzidlo-15gm-trawa-cytrynowa\/","title":{"rendered":"Satya Incense 15gm - Trawa cytrynowa"},"content":{"rendered":"<p><span>Kadzide\u0142ka SatyaLemongrass mog\u0105 pom\u00f3c z\u0142agodzi\u0107 stres i sprawi\u0107, \u017ce poczujesz si\u0119 bardziej spokojny i zrelaksowany.  Palenie go przed snem mo\u017ce pom\u00f3c zasn\u0105\u0107. Jego cytrynowa baza rewitalizuje cia\u0142o i umys\u0142, pomaga leczy\u0107 i przynosi rado\u015b\u0107. Kadzide\u0142ka z traw\u0105 cytrynow\u0105 maj\u0105 silne w\u0142a\u015bciwo\u015bci odm\u0142adzaj\u0105ce i podnosz\u0105ce na duchu.<\/span><\/p>\n<p><span>Wystarczy zapali\u0107 kadzide\u0142ko Satya Incense Stick i poczeka\u0107, a\u017c Tw\u00f3j dom odmieni si\u0119 dzi\u0119ki tym jasnym i energetyzuj\u0105cym aromatom. Te <strong>Kadzide\u0142ka AWGifts Dropship Europe Satya<\/strong> s\u0105 r\u0119cznie walcowane w Indiach przy u\u017cyciu czystych ekstrakt\u00f3w i najlepszych olejk\u00f3w zapachowych. Niech ten aromat wype\u0142ni Tw\u00f3j dom lub sklep i stworzy wspania\u0142\u0105 atmosfer\u0119.<\/span><\/p>\n<p><span>U\u017cywanie kadzide\u0142ek jest \u0142atwe, wystarczy zapali\u0107 ko\u0144c\u00f3wk\u0119 i poczeka\u0107, a\u017c zacznie \u015bwieci\u0107, a nast\u0119pnie zdmuchn\u0105\u0107 p\u0142omie\u0144. Nast\u0119pnie umie\u015b\u0107 go w kadzide\u0142ku i ciesz si\u0119 wspania\u0142ym zapachem, kt\u00f3ry jest wytwarzany.<\/span><\/p>\n<p><span>Kadzide\u0142ka Satya&nbsp;<\/span><\/p>\n<p><span>- Zawiera 15 g kadzide\u0142ek (oko\u0142o 15 pa\u0142eczek)&nbsp;<\/span><\/p>\n<p><span>- Opakowanie nadaj\u0105ce si\u0119 do recyklingu&nbsp;<\/span><\/p>\n<p><span>- Aby uzyska\u0107 najlepsze rezultaty, u\u017cywaj z kadzide\u0142kiem&nbsp;<\/span><\/p>\n<p><span>- Czas spalania sztyftu: Oko\u0142o 30 min&nbsp;<\/span><\/p>\n<p><span>Najlepsze dopasowanie do naszych popularnych&nbsp;<\/span><a href=\"https:\/\/www.aw-dropship.eu\/ish\" target=\"_blank\" rel=\"noopener\"><span>Drewniane kadzielniczki<\/span><\/a> <span>oraz<\/span> <a href=\"https:\/\/www.aw-dropship.eu\/wwih\" target=\"_blank\" rel=\"noopener\"><span>Kadzielniczki w kolorze bia\u0142ym<\/span><\/a><span>.&nbsp;<\/span><\/p>\n<p><span><strong>Bardzo popularna marka... z regularnie wprowadzanymi nowymi zapachami. Dodaj do swojego portfolio produkt\u00f3w i zwi\u0119ksz sprzeda\u017c.<\/strong><\/span><\/p>","protected":false},"excerpt":{"rendered":"<p><span>Kadzide\u0142ka SatyaLemongrass mog\u0105 pom\u00f3c z\u0142agodzi\u0107 stres i sprawi\u0107, \u017ce poczujesz si\u0119 bardziej spokojny i zrelaksowany.  Palenie go przed snem mo\u017ce pom\u00f3c zasn\u0105\u0107. Jego cytrynowa baza rewitalizuje cia\u0142o i umys\u0142, pomaga leczy\u0107 i przynosi rado\u015b\u0107. Kadzide\u0142ka z traw\u0105 cytrynow\u0105 maj\u0105 silne w\u0142a\u015bciwo\u015bci odm\u0142adzaj\u0105ce i podnosz\u0105ce na duchu.<\/span><\/p>\n<p><span>Wystarczy zapali\u0107 kadzide\u0142ko Satya Incense Stick i poczeka\u0107, a\u017c Tw\u00f3j dom odmieni si\u0119 dzi\u0119ki tym jasnym i energetyzuj\u0105cym aromatom. Te <strong>Kadzide\u0142ka AWGifts Dropship Europe Satya<\/strong> s\u0105 r\u0119cznie walcowane w Indiach przy u\u017cyciu czystych ekstrakt\u00f3w i najlepszych olejk\u00f3w zapachowych. Niech ten aromat wype\u0142ni Tw\u00f3j dom lub sklep i stworzy wspania\u0142\u0105 atmosfer\u0119.<\/span><\/p>\n<p><span>U\u017cywanie kadzide\u0142ek jest \u0142atwe, wystarczy zapali\u0107 ko\u0144c\u00f3wk\u0119 i poczeka\u0107, a\u017c zacznie \u015bwieci\u0107, a nast\u0119pnie zdmuchn\u0105\u0107 p\u0142omie\u0144. Nast\u0119pnie umie\u015b\u0107 go w kadzide\u0142ku i ciesz si\u0119 wspania\u0142ym zapachem, kt\u00f3ry jest wytwarzany.<\/span><\/p>\n<p><span>Kadzide\u0142ka Satya&nbsp;<\/span><\/p>\n<p><span>- Zawiera 15 g kadzide\u0142ek (oko\u0142o 15 pa\u0142eczek)&nbsp;<\/span><\/p>\n<p><span>- Opakowanie nadaj\u0105ce si\u0119 do recyklingu&nbsp;<\/span><\/p>\n<p><span>- Aby uzyska\u0107 najlepsze rezultaty, u\u017cywaj z kadzide\u0142kiem&nbsp;<\/span><\/p>\n<p><span>- Czas spalania sztyftu: Oko\u0142o 30 min&nbsp;<\/span><\/p>\n<p><span>Najlepsze dopasowanie do naszych popularnych&nbsp;<\/span><a href=\"https:\/\/www.aw-dropship.eu\/ish\"><span>Drewniane kadzielniczki<\/span><\/a> <span>oraz<\/span> <a href=\"https:\/\/www.aw-dropship.eu\/wwih\"><span>Kadzielniczki w kolorze bia\u0142ym<\/span><\/a><span>.&nbsp;<\/span><\/p>\n<p><span><strong>Bardzo popularna marka... z regularnie wprowadzanymi nowymi zapachami. Dodaj do swojego portfolio produkt\u00f3w i zwi\u0119ksz sprzeda\u017c.<\/strong><\/span><\/p>","protected":false},"featured_media":5820,"template":"","meta":{"_acf_changed":false,"_price":"12","_stock":"2460.000000","_tribe_ticket_header":"","_tribe_default_ticket_provider":"","_tribe_ticket_capacity":"","_ticket_start_date":"","_ticket_end_date":"","_tribe_ticket_show_description":"","_tribe_ticket_show_not_going":false,"_tribe_ticket_use_global_stock":"","_tribe_ticket_global_stock_level":"","_global_stock_mode":"","_global_stock_cap":"","_tribe_rsvp_for_event":"","_tribe_ticket_going_count":"","_tribe_ticket_not_going_count":"","_tribe_tickets_list":"[]","_tribe_ticket_has_attendee_info_fields":false,"_tec_slr_enabled":"","_tec_slr_layout":""},"product_brand":[],"product_cat":[214,142],"product_tag":[],"class_list":{"0":"post-5861","1":"product","2":"type-product","3":"status-publish","4":"has-post-thumbnail","6":"product_cat-insense","7":"product_cat-spa","9":"first","10":"instock","11":"shipping-taxable","12":"purchasable","13":"product-type-simple"},"acf":[],"_links":{"self":[{"href":"https:\/\/emeraldspa.pl\/pl\/wp-json\/wp\/v2\/product\/5861","targetHints":{"allow":["GET"]}}],"collection":[{"href":"https:\/\/emeraldspa.pl\/pl\/wp-json\/wp\/v2\/product"}],"about":[{"href":"https:\/\/emeraldspa.pl\/pl\/wp-json\/wp\/v2\/types\/product"}],"version-history":[{"count":1,"href":"https:\/\/emeraldspa.pl\/pl\/wp-json\/wp\/v2\/product\/5861\/revisions"}],"predecessor-version":[{"id":6199,"href":"https:\/\/emeraldspa.pl\/pl\/wp-json\/wp\/v2\/product\/5861\/revisions\/6199"}],"wp:featuredmedia":[{"embeddable":true,"href":"https:\/\/emeraldspa.pl\/pl\/wp-json\/wp\/v2\/media\/5820"}],"wp:attachment":[{"href":"https:\/\/emeraldspa.pl\/pl\/wp-json\/wp\/v2\/media?parent=5861"}],"wp:term":[{"taxonomy":"product_brand","embeddable":true,"href":"https:\/\/emeraldspa.pl\/pl\/wp-json\/wp\/v2\/product_brand?post=5861"},{"taxonomy":"product_cat","embeddable":true,"href":"https:\/\/emeraldspa.pl\/pl\/wp-json\/wp\/v2\/product_cat?post=5861"},{"taxonomy":"product_tag","embeddable":true,"href":"https:\/\/emeraldspa.pl\/pl\/wp-json\/wp\/v2\/product_tag?post=5861"}],"curies":[{"name":"wp","href":"https:\/\/api.w.org\/{rel}","templated":true}]}}