{"id":5805,"date":"2025-10-26T18:44:38","date_gmt":"2025-10-26T17:44:38","guid":{"rendered":"https:\/\/emeraldspa.pl\/spa-shop\/satya-incense-15gm-champa\/"},"modified":"2025-10-27T17:52:57","modified_gmt":"2025-10-27T16:52:57","slug":"kadzidlo-satya-15gm-champa","status":"publish","type":"product","link":"https:\/\/emeraldspa.pl\/pl\/sklep-spa\/kadzidlo-satya-15gm-champa\/","title":{"rendered":"Kadzid\u0142o Satya 15gm - Champa"},"content":{"rendered":"<p><span>Kwiaty Champa s\u0105 najbardziej aromatyczne w nocy, maj\u0105 egzotyczny, zachwycaj\u0105cy, jednocze\u015bnie korzenny i kwiatowy zapach. Kadzide\u0142ka Satya Champa maj\u0105 charakterystyczny, ale niezbyt przyt\u0142aczaj\u0105cy zapach, kt\u00f3ry pomaga znale\u017a\u0107 r\u00f3wnowag\u0119 i jasno\u015b\u0107 umys\u0142u.&nbsp;<\/span><\/p>\n<p><span>Wystarczy zapali\u0107 kadzide\u0142ko Satya Incense Stick i poczeka\u0107, a\u017c Tw\u00f3j dom odmieni si\u0119 dzi\u0119ki tym jasnym i energetyzuj\u0105cym aromatom. Te <strong>Kadzide\u0142ka AWGifts Dropship Europe Satya<\/strong> s\u0105 r\u0119cznie walcowane w Indiach przy u\u017cyciu czystych ekstrakt\u00f3w i najlepszych olejk\u00f3w zapachowych. Niech ten aromat wype\u0142ni Tw\u00f3j dom lub sklep i stworzy wspania\u0142\u0105 atmosfer\u0119.<\/span><\/p>\n<p><span>U\u017cywanie kadzide\u0142ek jest \u0142atwe, wystarczy zapali\u0107 ko\u0144c\u00f3wk\u0119 i poczeka\u0107, a\u017c zacznie \u015bwieci\u0107, a nast\u0119pnie zdmuchn\u0105\u0107 p\u0142omie\u0144. Nast\u0119pnie umie\u015b\u0107 go w kadzide\u0142ku i ciesz si\u0119 wspania\u0142ym zapachem, kt\u00f3ry jest wytwarzany.<\/span><\/p>\n<p><span>Kadzide\u0142ka Satya&nbsp;<\/span><\/p>\n<p><span>- Zawiera 15 g kadzide\u0142ek (oko\u0142o 15 pa\u0142eczek)&nbsp;<\/span><\/p>\n<p><span>- Opakowanie nadaj\u0105ce si\u0119 do recyklingu&nbsp;<\/span><\/p>\n<p><span>- Aby uzyska\u0107 najlepsze rezultaty, u\u017cywaj z kadzide\u0142kiem&nbsp;<\/span><\/p>\n<p><span>- Czas spalania sztyftu: Oko\u0142o 30 min&nbsp;<\/span><\/p>\n<p><span>Najlepsze dopasowanie do naszych popularnych&nbsp;<\/span><a href=\"https:\/\/www.aw-dropship.eu\/ish\" target=\"_blank\" rel=\"noopener\"><span>Drewniane kadzielniczki<\/span><\/a> <span>oraz<\/span> <a href=\"https:\/\/www.aw-dropship.eu\/wwih\" target=\"_blank\" rel=\"noopener\"><span>Kadzielniczki w kolorze bia\u0142ym<\/span><\/a><span>.&nbsp;<\/span><\/p>\n<p><span><strong>Bardzo popularna marka... z regularnie wprowadzanymi nowymi zapachami. Dodaj do swojego portfolio produkt\u00f3w i zwi\u0119ksz sprzeda\u017c.<\/strong><\/span><\/p>","protected":false},"excerpt":{"rendered":"<p><span>Kwiaty Champa s\u0105 najbardziej aromatyczne w nocy, maj\u0105 egzotyczny, zachwycaj\u0105cy, jednocze\u015bnie korzenny i kwiatowy zapach. Kadzide\u0142ka Satya Champa maj\u0105 charakterystyczny, ale niezbyt przyt\u0142aczaj\u0105cy zapach, kt\u00f3ry pomaga znale\u017a\u0107 r\u00f3wnowag\u0119 i jasno\u015b\u0107 umys\u0142u.&nbsp;<\/span><\/p>\n<p><span>Wystarczy zapali\u0107 kadzide\u0142ko Satya Incense Stick i poczeka\u0107, a\u017c Tw\u00f3j dom odmieni si\u0119 dzi\u0119ki tym jasnym i energetyzuj\u0105cym aromatom. Te <strong>Kadzide\u0142ka AWGifts Dropship Europe Satya<\/strong> s\u0105 r\u0119cznie walcowane w Indiach przy u\u017cyciu czystych ekstrakt\u00f3w i najlepszych olejk\u00f3w zapachowych. Niech ten aromat wype\u0142ni Tw\u00f3j dom lub sklep i stworzy wspania\u0142\u0105 atmosfer\u0119.<\/span><\/p>\n<p><span>U\u017cywanie kadzide\u0142ek jest \u0142atwe, wystarczy zapali\u0107 ko\u0144c\u00f3wk\u0119 i poczeka\u0107, a\u017c zacznie \u015bwieci\u0107, a nast\u0119pnie zdmuchn\u0105\u0107 p\u0142omie\u0144. Nast\u0119pnie umie\u015b\u0107 go w kadzide\u0142ku i ciesz si\u0119 wspania\u0142ym zapachem, kt\u00f3ry jest wytwarzany.<\/span><\/p>\n<p><span>Kadzide\u0142ka Satya&nbsp;<\/span><\/p>\n<p><span>- Zawiera 15 g kadzide\u0142ek (oko\u0142o 15 pa\u0142eczek)&nbsp;<\/span><\/p>\n<p><span>- Opakowanie nadaj\u0105ce si\u0119 do recyklingu&nbsp;<\/span><\/p>\n<p><span>- Aby uzyska\u0107 najlepsze rezultaty, u\u017cywaj z kadzide\u0142kiem&nbsp;<\/span><\/p>\n<p><span>- Czas spalania sztyftu: Oko\u0142o 30 min&nbsp;<\/span><\/p>\n<p><span>Najlepsze dopasowanie do naszych popularnych&nbsp;<\/span><a href=\"https:\/\/www.aw-dropship.eu\/ish\"><span>Drewniane kadzielniczki<\/span><\/a> <span>oraz<\/span> <a href=\"https:\/\/www.aw-dropship.eu\/wwih\"><span>Kadzielniczki w kolorze bia\u0142ym<\/span><\/a><span>.&nbsp;<\/span><\/p>\n<p><span><strong>Bardzo popularna marka... z regularnie wprowadzanymi nowymi zapachami. Dodaj do swojego portfolio produkt\u00f3w i zwi\u0119ksz sprzeda\u017c.<\/strong><\/span><\/p>","protected":false},"featured_media":5760,"template":"","meta":{"_acf_changed":false,"_price":"12","_stock":"1518.000000","_tribe_ticket_header":"","_tribe_default_ticket_provider":"","_tribe_ticket_capacity":"","_ticket_start_date":"","_ticket_end_date":"","_tribe_ticket_show_description":"","_tribe_ticket_show_not_going":false,"_tribe_ticket_use_global_stock":"","_tribe_ticket_global_stock_level":"","_global_stock_mode":"","_global_stock_cap":"","_tribe_rsvp_for_event":"","_tribe_ticket_going_count":"","_tribe_ticket_not_going_count":"","_tribe_tickets_list":"[]","_tribe_ticket_has_attendee_info_fields":false,"_tec_slr_enabled":"","_tec_slr_layout":""},"product_brand":[],"product_cat":[214,142],"product_tag":[],"class_list":{"0":"post-5805","1":"product","2":"type-product","3":"status-publish","4":"has-post-thumbnail","6":"product_cat-insense","7":"product_cat-spa","9":"first","10":"instock","11":"shipping-taxable","12":"purchasable","13":"product-type-simple"},"acf":[],"_links":{"self":[{"href":"https:\/\/emeraldspa.pl\/pl\/wp-json\/wp\/v2\/product\/5805","targetHints":{"allow":["GET"]}}],"collection":[{"href":"https:\/\/emeraldspa.pl\/pl\/wp-json\/wp\/v2\/product"}],"about":[{"href":"https:\/\/emeraldspa.pl\/pl\/wp-json\/wp\/v2\/types\/product"}],"version-history":[{"count":1,"href":"https:\/\/emeraldspa.pl\/pl\/wp-json\/wp\/v2\/product\/5805\/revisions"}],"predecessor-version":[{"id":6215,"href":"https:\/\/emeraldspa.pl\/pl\/wp-json\/wp\/v2\/product\/5805\/revisions\/6215"}],"wp:featuredmedia":[{"embeddable":true,"href":"https:\/\/emeraldspa.pl\/pl\/wp-json\/wp\/v2\/media\/5760"}],"wp:attachment":[{"href":"https:\/\/emeraldspa.pl\/pl\/wp-json\/wp\/v2\/media?parent=5805"}],"wp:term":[{"taxonomy":"product_brand","embeddable":true,"href":"https:\/\/emeraldspa.pl\/pl\/wp-json\/wp\/v2\/product_brand?post=5805"},{"taxonomy":"product_cat","embeddable":true,"href":"https:\/\/emeraldspa.pl\/pl\/wp-json\/wp\/v2\/product_cat?post=5805"},{"taxonomy":"product_tag","embeddable":true,"href":"https:\/\/emeraldspa.pl\/pl\/wp-json\/wp\/v2\/product_tag?post=5805"}],"curies":[{"name":"wp","href":"https:\/\/api.w.org\/{rel}","templated":true}]}}