{"id":5750,"date":"2025-10-26T18:43:44","date_gmt":"2025-10-26T17:43:44","guid":{"rendered":"https:\/\/emeraldspa.pl\/spa-shop\/200ml-lemon-verbena-essential-oil-reed-diffuser\/"},"modified":"2026-03-26T18:40:29","modified_gmt":"2026-03-26T17:40:29","slug":"200-ml-olejku-eterycznego-z-werbeny-cytrynowej-w-dyfuzorze-trzcinowym","status":"publish","type":"product","link":"https:\/\/emeraldspa.pl\/pl\/sklep-spa\/200-ml-olejku-eterycznego-z-werbeny-cytrynowej-w-dyfuzorze-trzcinowym\/","title":{"rendered":"Dyfuzor z olejkiem eterycznym z werbeny cytrynowej 200 ml"},"content":{"rendered":"<p>Czyste olejki ro\u015blinne, zio\u0142owe i drzewne s\u0105 u\u017cywane od tysi\u0119cy lat, aby uwodzi\u0107, czarowa\u0107 i leczy\u0107. Teraz mo\u017cesz uwolni\u0107 staro\u017cytn\u0105 magi\u0119 i moc olejk\u00f3w aromatycznych w swoim domu.<\/p>\n<p>Ten pi\u0119kny klasyk <strong>Olejek eteryczny z werbeny cytrynowej<\/strong><strong>&nbsp;Dyfuzor trzcinowy&nbsp;<\/strong>zawiera wy\u0142\u0105cznie naturalne olejki eteryczne (na bazie oleju mineralnego), aby oczarowa\u0107 i zachwyci\u0107 rodzin\u0119 i przyjaci\u00f3\u0142.<\/p>\n<p>Powoli i delikatnie aromat b\u0119dzie unosi\u0142 si\u0119 wzd\u0142u\u017c patyczk\u00f3w i wype\u0142ni ka\u017cde pomieszczenie zachwycaj\u0105cym i prawdziwie aromatycznym zapachem. Aromat mo\u017ce utrzymywa\u0107 si\u0119 do 12 tygodni.<\/p>\n<p>Przed u\u017cyciem nale\u017cy usun\u0105\u0107 ca\u0142e opakowanie. Wystarczy otworzy\u0107 pokrywk\u0119, wyj\u0105\u0107 zatyczk\u0119 i umie\u015bci\u0107 indonezyjskie patyczki rattanowe w szyjce. Opcjonalnie, gdy trzciny nasi\u0105kn\u0105 olejkiem, odwr\u00f3\u0107 je i w\u0142\u00f3\u017c ponownie do szklanego s\u0142oika z ods\u0142oni\u0119tym ko\u0144cem nas\u0105czonym olejkiem, aby szybciej uwolni\u0107 zapach.<\/p>\n<p><strong>\u017byczymy udanej aromatycznej przygody!<\/strong><\/p>","protected":false},"excerpt":{"rendered":"<p>Czyste olejki ro\u015blinne, zio\u0142owe i drzewne s\u0105 u\u017cywane od tysi\u0119cy lat, aby uwodzi\u0107, czarowa\u0107 i leczy\u0107. Teraz mo\u017cesz uwolni\u0107 staro\u017cytn\u0105 magi\u0119 i moc olejk\u00f3w aromatycznych w swoim domu.<\/p>\n<p>Ten pi\u0119kny klasyk <strong>Olejek eteryczny z werbeny cytrynowej<\/strong><strong>&nbsp;Dyfuzor trzcinowy&nbsp;<\/strong>zawiera wy\u0142\u0105cznie naturalne olejki eteryczne (na bazie oleju mineralnego), aby oczarowa\u0107 i zachwyci\u0107 rodzin\u0119 i przyjaci\u00f3\u0142.<\/p>\n<p>Powoli i delikatnie aromat b\u0119dzie unosi\u0142 si\u0119 wzd\u0142u\u017c patyczk\u00f3w i wype\u0142ni ka\u017cde pomieszczenie zachwycaj\u0105cym i prawdziwie aromatycznym zapachem. Aromat mo\u017ce utrzymywa\u0107 si\u0119 do 12 tygodni.<\/p>\n<p>Przed u\u017cyciem nale\u017cy usun\u0105\u0107 ca\u0142e opakowanie. Wystarczy otworzy\u0107 pokrywk\u0119, wyj\u0105\u0107 zatyczk\u0119 i umie\u015bci\u0107 indonezyjskie patyczki rattanowe w szyjce. Opcjonalnie, gdy trzciny nasi\u0105kn\u0105 olejkiem, odwr\u00f3\u0107 je i w\u0142\u00f3\u017c ponownie do szklanego s\u0142oika z ods\u0142oni\u0119tym ko\u0144cem nas\u0105czonym olejkiem, aby szybciej uwolni\u0107 zapach.<\/p>\n<p><strong>\u017byczymy udanej aromatycznej przygody!<\/strong><\/p>","protected":false},"featured_media":5685,"template":"","meta":{"_acf_changed":false,"_price":"95","_stock":"51.000000","_tribe_ticket_header":"","_tribe_default_ticket_provider":"","_tribe_ticket_capacity":"","_ticket_start_date":"","_ticket_end_date":"","_tribe_ticket_show_description":"","_tribe_ticket_show_not_going":false,"_tribe_ticket_use_global_stock":"","_tribe_ticket_global_stock_level":"","_global_stock_mode":"","_global_stock_cap":"","_tribe_rsvp_for_event":"","_tribe_ticket_going_count":"","_tribe_ticket_not_going_count":"","_tribe_tickets_list":"[]","_tribe_ticket_has_attendee_info_fields":false,"_tec_slr_enabled":"","_tec_slr_layout":""},"product_brand":[],"product_cat":[142],"product_tag":[],"class_list":{"0":"post-5750","1":"product","2":"type-product","3":"status-publish","4":"has-post-thumbnail","6":"product_cat-spa","8":"first","9":"instock","10":"shipping-taxable","11":"purchasable","12":"product-type-simple"},"acf":[],"_links":{"self":[{"href":"https:\/\/emeraldspa.pl\/pl\/wp-json\/wp\/v2\/product\/5750","targetHints":{"allow":["GET"]}}],"collection":[{"href":"https:\/\/emeraldspa.pl\/pl\/wp-json\/wp\/v2\/product"}],"about":[{"href":"https:\/\/emeraldspa.pl\/pl\/wp-json\/wp\/v2\/types\/product"}],"version-history":[{"count":1,"href":"https:\/\/emeraldspa.pl\/pl\/wp-json\/wp\/v2\/product\/5750\/revisions"}],"predecessor-version":[{"id":7965,"href":"https:\/\/emeraldspa.pl\/pl\/wp-json\/wp\/v2\/product\/5750\/revisions\/7965"}],"wp:featuredmedia":[{"embeddable":true,"href":"https:\/\/emeraldspa.pl\/pl\/wp-json\/wp\/v2\/media\/5685"}],"wp:attachment":[{"href":"https:\/\/emeraldspa.pl\/pl\/wp-json\/wp\/v2\/media?parent=5750"}],"wp:term":[{"taxonomy":"product_brand","embeddable":true,"href":"https:\/\/emeraldspa.pl\/pl\/wp-json\/wp\/v2\/product_brand?post=5750"},{"taxonomy":"product_cat","embeddable":true,"href":"https:\/\/emeraldspa.pl\/pl\/wp-json\/wp\/v2\/product_cat?post=5750"},{"taxonomy":"product_tag","embeddable":true,"href":"https:\/\/emeraldspa.pl\/pl\/wp-json\/wp\/v2\/product_tag?post=5750"}],"curies":[{"name":"wp","href":"https:\/\/api.w.org\/{rel}","templated":true}]}}