{"id":4914,"date":"2025-10-13T19:25:51","date_gmt":"2025-10-13T17:25:51","guid":{"rendered":"https:\/\/emeraldspa.pl\/spa-shop\/orange-organic-essential-oil-10ml\/"},"modified":"2026-02-11T13:44:15","modified_gmt":"2026-02-11T12:44:15","slug":"organiczny-olejek-eteryczny-z-pomaranczy-10ml","status":"publish","type":"product","link":"https:\/\/emeraldspa.pl\/pl\/sklep-spa\/organiczny-olejek-eteryczny-z-pomaranczy-10ml\/","title":{"rendered":"Organiczny olejek eteryczny z pomara\u0144czy 10ml"},"content":{"rendered":"<p><strong>Nazwa \u0142aci\u0144ska :<\/strong> Citrus Sinensis<br \/><strong>Cz\u0119\u015b\u0107 u\u017cywanej ro\u015bliny:<\/strong> Sk\u00f3rka owocowa<br \/><strong>\u0179r\u00f3d\u0142o :<\/strong> Brazylia<br \/><strong>Metoda ekstrakcji :<\/strong> Zimna ekspresja<\/p>\n<p>Zdolno\u015b\u0107 olejku pomara\u0144czowego do naturalnego wzmacniania odporno\u015bci i zmniejszania objaw\u00f3w wielu dolegliwo\u015bci sprawi\u0142a, \u017ce znalaz\u0142 on tradycyjne zastosowanie w leczeniu tr\u0105dziku, przewlek\u0142ego stresu i innych problem\u00f3w zdrowotnych.<\/p>\n<p>Stosowany w aromaterapii, przyjemny zapach olejku eterycznego z pomara\u0144czy ma radosny i podnosz\u0105cy na duchu, ale jednocze\u015bnie relaksuj\u0105cy, uspokajaj\u0105cy efekt, kt\u00f3ry pomaga zmniejszy\u0107 t\u0119tno. Mo\u017ce nie tylko stworzy\u0107 ciep\u0142e \u015brodowisko, ale tak\u017ce stymulowa\u0107 si\u0142\u0119 i odporno\u015b\u0107 uk\u0142adu odporno\u015bciowego oraz eliminowa\u0107 bakterie unosz\u0105ce si\u0119 w powietrzu.<\/p>\n<p>Stosowany w masa\u017cu, <strong>Organiczny olejek eteryczny z pomara\u0144czy<\/strong> zwi\u0119ksza przep\u0142yw krwi. Jest to znane z \u0142agodzenia dolegliwo\u015bci zwi\u0105zanych ze stanami zapalnymi, b\u00f3lami g\u0142owy, miesi\u0105czk\u0105 i niskim libido.<\/p>\n<p>Olejek eteryczny z pomara\u0144czy zmniejsza cz\u0119stotliwo\u015b\u0107 wyst\u0119powania bolesnych i odruchowych skurcz\u00f3w mi\u0119\u015bni. Jest tradycyjnie stosowany w masa\u017cach w celu \u0142agodzenia stresu, b\u00f3lu brzucha, biegunki, zapar\u0107, niestrawno\u015bci lub nieprawid\u0142owego trawienia oraz zatkanego nosa.<\/p>","protected":false},"excerpt":{"rendered":"<p><strong>Nazwa \u0142aci\u0144ska :<\/strong> Citrus Sinensis<br \/><strong>Cz\u0119\u015b\u0107 u\u017cywanej ro\u015bliny:<\/strong> Sk\u00f3rka owocowa<br \/><strong>\u0179r\u00f3d\u0142o :<\/strong> Brazylia<br \/><strong>Metoda ekstrakcji :<\/strong> Zimna ekspresja<\/p>\n<p>Zdolno\u015b\u0107 olejku pomara\u0144czowego do naturalnego wzmacniania odporno\u015bci i zmniejszania objaw\u00f3w wielu dolegliwo\u015bci sprawi\u0142a, \u017ce znalaz\u0142 on tradycyjne zastosowanie w leczeniu tr\u0105dziku, przewlek\u0142ego stresu i innych problem\u00f3w zdrowotnych.<\/p>\n<p>Stosowany w aromaterapii, przyjemny zapach olejku eterycznego z pomara\u0144czy ma radosny i podnosz\u0105cy na duchu, ale jednocze\u015bnie relaksuj\u0105cy, uspokajaj\u0105cy efekt, kt\u00f3ry pomaga zmniejszy\u0107 t\u0119tno. Mo\u017ce nie tylko stworzy\u0107 ciep\u0142e \u015brodowisko, ale tak\u017ce stymulowa\u0107 si\u0142\u0119 i odporno\u015b\u0107 uk\u0142adu odporno\u015bciowego oraz eliminowa\u0107 bakterie unosz\u0105ce si\u0119 w powietrzu.<\/p>\n<p>Stosowany w masa\u017cu, <strong>Organiczny olejek eteryczny z pomara\u0144czy<\/strong> zwi\u0119ksza przep\u0142yw krwi. Jest to znane z \u0142agodzenia dolegliwo\u015bci zwi\u0105zanych ze stanami zapalnymi, b\u00f3lami g\u0142owy, miesi\u0105czk\u0105 i niskim libido.<\/p>\n<p>Olejek eteryczny z pomara\u0144czy zmniejsza cz\u0119stotliwo\u015b\u0107 wyst\u0119powania bolesnych i odruchowych skurcz\u00f3w mi\u0119\u015bni. Jest tradycyjnie stosowany w masa\u017cach w celu \u0142agodzenia stresu, b\u00f3lu brzucha, biegunki, zapar\u0107, niestrawno\u015bci lub nieprawid\u0142owego trawienia oraz zatkanego nosa.<\/p>","protected":false},"featured_media":4869,"template":"","meta":{"_acf_changed":false,"_price":"20","_stock":"170","_tribe_ticket_header":"","_tribe_default_ticket_provider":"","_tribe_ticket_capacity":"","_ticket_start_date":"","_ticket_end_date":"","_tribe_ticket_show_description":"","_tribe_ticket_show_not_going":false,"_tribe_ticket_use_global_stock":"","_tribe_ticket_global_stock_level":"","_global_stock_mode":"","_global_stock_cap":"","_tribe_rsvp_for_event":"","_tribe_ticket_going_count":"","_tribe_ticket_not_going_count":"","_tribe_tickets_list":"[]","_tribe_ticket_has_attendee_info_fields":false,"_tec_slr_enabled":"","_tec_slr_layout":""},"product_brand":[],"product_cat":[145,142],"product_tag":[],"class_list":{"0":"post-4914","1":"product","2":"type-product","3":"status-publish","4":"has-post-thumbnail","6":"product_cat-aromatherapy-essential-oils","7":"product_cat-spa","9":"first","10":"instock","11":"shipping-taxable","12":"purchasable","13":"product-type-simple"},"acf":[],"_links":{"self":[{"href":"https:\/\/emeraldspa.pl\/pl\/wp-json\/wp\/v2\/product\/4914","targetHints":{"allow":["GET"]}}],"collection":[{"href":"https:\/\/emeraldspa.pl\/pl\/wp-json\/wp\/v2\/product"}],"about":[{"href":"https:\/\/emeraldspa.pl\/pl\/wp-json\/wp\/v2\/types\/product"}],"version-history":[{"count":1,"href":"https:\/\/emeraldspa.pl\/pl\/wp-json\/wp\/v2\/product\/4914\/revisions"}],"predecessor-version":[{"id":4943,"href":"https:\/\/emeraldspa.pl\/pl\/wp-json\/wp\/v2\/product\/4914\/revisions\/4943"}],"wp:featuredmedia":[{"embeddable":true,"href":"https:\/\/emeraldspa.pl\/pl\/wp-json\/wp\/v2\/media\/4869"}],"wp:attachment":[{"href":"https:\/\/emeraldspa.pl\/pl\/wp-json\/wp\/v2\/media?parent=4914"}],"wp:term":[{"taxonomy":"product_brand","embeddable":true,"href":"https:\/\/emeraldspa.pl\/pl\/wp-json\/wp\/v2\/product_brand?post=4914"},{"taxonomy":"product_cat","embeddable":true,"href":"https:\/\/emeraldspa.pl\/pl\/wp-json\/wp\/v2\/product_cat?post=4914"},{"taxonomy":"product_tag","embeddable":true,"href":"https:\/\/emeraldspa.pl\/pl\/wp-json\/wp\/v2\/product_tag?post=4914"}],"curies":[{"name":"wp","href":"https:\/\/api.w.org\/{rel}","templated":true}]}}