{"id":4894,"date":"2025-10-13T19:25:48","date_gmt":"2025-10-13T17:25:48","guid":{"rendered":"https:\/\/emeraldspa.pl\/spa-shop\/10-ml-mandarin-essential-oil\/"},"modified":"2026-02-11T09:33:16","modified_gmt":"2026-02-11T08:33:16","slug":"10-ml-olejku-eterycznego-z-mandarynki","status":"publish","type":"product","link":"https:\/\/emeraldspa.pl\/pl\/sklep-spa\/10-ml-olejku-eterycznego-z-mandarynki\/","title":{"rendered":"10 ml olejku eterycznego z mandarynki"},"content":{"rendered":"<p><strong>Nazwa \u0142aci\u0144ska :<\/strong> Citrus Nobilis<br \/><strong>Cz\u0119\u015b\u0107 u\u017cywanej ro\u015bliny:&nbsp;<\/strong>Sk\u00f3rka owocowa<br \/><strong>\u0179r\u00f3d\u0142o :<\/strong> W\u0142ochy<br \/><strong>Metoda ekstrakcji :&nbsp;<\/strong>Cold Expressio<\/p>\n<p><strong>Olejek eteryczny z mandarynki <\/strong>otrzymywany jest z Citrus Reticulata, poprzez wyciskanie sk\u00f3rki na zimno. Olejek Mandarin Petitgrain jest r\u00f3wnie\u017c pozyskiwany w niewielkich ilo\u015bciach poprzez destylacj\u0119 z par\u0105 wodn\u0105 li\u015bci i ga\u0142\u0105zek. Olejek ma z\u0142oto-\u017c\u00f3\u0142to-pomara\u0144czowy kolor i aromat \u015bwie\u017cej pomara\u0144czy. Pod nazw\u0105 mandarynki kryje si\u0119 ca\u0142a grupa owoc\u00f3w cytrusowych, w tym pomara\u0144cze Satsuma, Clementine, Dancy, Honey, Pixie i mandarynki.<\/p>\n<p>Olejek ten jest bardzo \u0142agodny i dlatego m\u00f3wi si\u0119, \u017ce mo\u017ce by\u0107 stosowany nawet w leczeniu dzieci i kobiet w ci\u0105\u017cy, jako jeden z niewielu olejk\u00f3w, kt\u00f3re mog\u0105 by\u0107 stosowane w ten spos\u00f3b. Dzi\u0119ki tonizuj\u0105cemu i stymuluj\u0105cemu wp\u0142ywowi zar\u00f3wno na \u017co\u0142\u0105dek, jak i w\u0105trob\u0119, jest pomocny w przypadku problem\u00f3w trawiennych. Olejek mandarynkowy jest r\u00f3wnie\u017c przydatny w leczeniu tr\u0105dziku, t\u0142ustej sk\u00f3ry i wyprysk\u00f3w. Przypuszcza si\u0119, \u017ce pomaga r\u00f3wnie\u017c w \u0142agodzeniu problem\u00f3w, takich jak zatrzymywanie p\u0142yn\u00f3w i oty\u0142o\u015b\u0107. Olejek, rozcie\u0144czony oko\u0142o 1-2% w oleju no\u015bnikowym, jest delikatnie wmasowywany w brzuszek dziecka w celu z\u0142agodzenia b\u00f3lu brzuszka. Kilka kropli w k\u0105pieli uspokaja nadpobudliwe dzieci. Stosowany w palniku olejowym, rozprasza depresj\u0119 i \u0142agodzi niepok\u00f3j.<\/p>\n<p>Pomara\u0144cze mandarynki s\u0105 tak nazywane, poniewa\u017c tradycyjnie by\u0142y oferowane jako prezenty dla mandaryn\u00f3w w Chinach. We Francji mandarynka jest uwa\u017cana za bezpieczny \u015brodek na niestrawno\u015b\u0107 u dzieci i os\u00f3b starszych, poniewa\u017c pomaga wzmocni\u0107 uk\u0142ad trawienny i w\u0105trob\u0119. Pochodz\u0105ca z po\u0142udniowych Chin i Dalekiego Wschodu pomara\u0144cza mandarynka zosta\u0142a sprowadzona do Europy w 1805 roku, a do Ameryki w 1845 roku.&nbsp;<\/p>","protected":false},"excerpt":{"rendered":"<p><strong>Nazwa \u0142aci\u0144ska :<\/strong> Citrus Nobilis<br \/><strong>Cz\u0119\u015b\u0107 u\u017cywanej ro\u015bliny:&nbsp;<\/strong>Sk\u00f3rka owocowa<br \/><strong>\u0179r\u00f3d\u0142o :<\/strong> W\u0142ochy<br \/><strong>Metoda ekstrakcji :&nbsp;<\/strong>Cold Expressio<\/p>\n<p><strong>Olejek eteryczny z mandarynki <\/strong>otrzymywany jest z Citrus Reticulata, poprzez wyciskanie sk\u00f3rki na zimno. Olejek Mandarin Petitgrain jest r\u00f3wnie\u017c pozyskiwany w niewielkich ilo\u015bciach poprzez destylacj\u0119 z par\u0105 wodn\u0105 li\u015bci i ga\u0142\u0105zek. Olejek ma z\u0142oto-\u017c\u00f3\u0142to-pomara\u0144czowy kolor i aromat \u015bwie\u017cej pomara\u0144czy. Pod nazw\u0105 mandarynki kryje si\u0119 ca\u0142a grupa owoc\u00f3w cytrusowych, w tym pomara\u0144cze Satsuma, Clementine, Dancy, Honey, Pixie i mandarynki.<\/p>\n<p>Olejek ten jest bardzo \u0142agodny i dlatego m\u00f3wi si\u0119, \u017ce mo\u017ce by\u0107 stosowany nawet w leczeniu dzieci i kobiet w ci\u0105\u017cy, jako jeden z niewielu olejk\u00f3w, kt\u00f3re mog\u0105 by\u0107 stosowane w ten spos\u00f3b. Dzi\u0119ki tonizuj\u0105cemu i stymuluj\u0105cemu wp\u0142ywowi zar\u00f3wno na \u017co\u0142\u0105dek, jak i w\u0105trob\u0119, jest pomocny w przypadku problem\u00f3w trawiennych. Olejek mandarynkowy jest r\u00f3wnie\u017c przydatny w leczeniu tr\u0105dziku, t\u0142ustej sk\u00f3ry i wyprysk\u00f3w. Przypuszcza si\u0119, \u017ce pomaga r\u00f3wnie\u017c w \u0142agodzeniu problem\u00f3w, takich jak zatrzymywanie p\u0142yn\u00f3w i oty\u0142o\u015b\u0107. Olejek, rozcie\u0144czony oko\u0142o 1-2% w oleju no\u015bnikowym, jest delikatnie wmasowywany w brzuszek dziecka w celu z\u0142agodzenia b\u00f3lu brzuszka. Kilka kropli w k\u0105pieli uspokaja nadpobudliwe dzieci. Stosowany w palniku olejowym, rozprasza depresj\u0119 i \u0142agodzi niepok\u00f3j.<\/p>\n<p>Pomara\u0144cze mandarynki s\u0105 tak nazywane, poniewa\u017c tradycyjnie by\u0142y oferowane jako prezenty dla mandaryn\u00f3w w Chinach. We Francji mandarynka jest uwa\u017cana za bezpieczny \u015brodek na niestrawno\u015b\u0107 u dzieci i os\u00f3b starszych, poniewa\u017c pomaga wzmocni\u0107 uk\u0142ad trawienny i w\u0105trob\u0119. Pochodz\u0105ca z po\u0142udniowych Chin i Dalekiego Wschodu pomara\u0144cza mandarynka zosta\u0142a sprowadzona do Europy w 1805 roku, a do Ameryki w 1845 roku.&nbsp;<\/p>","protected":false},"featured_media":4873,"template":"","meta":{"_acf_changed":false,"_price":"30","_stock":"432","_tribe_ticket_header":"","_tribe_default_ticket_provider":"","_tribe_ticket_capacity":"","_ticket_start_date":"","_ticket_end_date":"","_tribe_ticket_show_description":"","_tribe_ticket_show_not_going":false,"_tribe_ticket_use_global_stock":"","_tribe_ticket_global_stock_level":"","_global_stock_mode":"","_global_stock_cap":"","_tribe_rsvp_for_event":"","_tribe_ticket_going_count":"","_tribe_ticket_not_going_count":"","_tribe_tickets_list":"[]","_tribe_ticket_has_attendee_info_fields":false,"_tec_slr_enabled":"","_tec_slr_layout":""},"product_brand":[],"product_cat":[145,142],"product_tag":[],"class_list":{"0":"post-4894","1":"product","2":"type-product","3":"status-publish","4":"has-post-thumbnail","6":"product_cat-aromatherapy-essential-oils","7":"product_cat-spa","9":"first","10":"instock","11":"shipping-taxable","12":"purchasable","13":"product-type-simple"},"acf":[],"_links":{"self":[{"href":"https:\/\/emeraldspa.pl\/pl\/wp-json\/wp\/v2\/product\/4894","targetHints":{"allow":["GET"]}}],"collection":[{"href":"https:\/\/emeraldspa.pl\/pl\/wp-json\/wp\/v2\/product"}],"about":[{"href":"https:\/\/emeraldspa.pl\/pl\/wp-json\/wp\/v2\/types\/product"}],"version-history":[{"count":1,"href":"https:\/\/emeraldspa.pl\/pl\/wp-json\/wp\/v2\/product\/4894\/revisions"}],"predecessor-version":[{"id":4950,"href":"https:\/\/emeraldspa.pl\/pl\/wp-json\/wp\/v2\/product\/4894\/revisions\/4950"}],"wp:featuredmedia":[{"embeddable":true,"href":"https:\/\/emeraldspa.pl\/pl\/wp-json\/wp\/v2\/media\/4873"}],"wp:attachment":[{"href":"https:\/\/emeraldspa.pl\/pl\/wp-json\/wp\/v2\/media?parent=4894"}],"wp:term":[{"taxonomy":"product_brand","embeddable":true,"href":"https:\/\/emeraldspa.pl\/pl\/wp-json\/wp\/v2\/product_brand?post=4894"},{"taxonomy":"product_cat","embeddable":true,"href":"https:\/\/emeraldspa.pl\/pl\/wp-json\/wp\/v2\/product_cat?post=4894"},{"taxonomy":"product_tag","embeddable":true,"href":"https:\/\/emeraldspa.pl\/pl\/wp-json\/wp\/v2\/product_tag?post=4894"}],"curies":[{"name":"wp","href":"https:\/\/api.w.org\/{rel}","templated":true}]}}