{"id":4893,"date":"2025-10-13T19:25:48","date_gmt":"2025-10-13T17:25:48","guid":{"rendered":"https:\/\/emeraldspa.pl\/spa-shop\/10-ml-jasmine-absolute-essential-oil\/"},"modified":"2025-12-10T04:35:31","modified_gmt":"2025-12-10T03:35:31","slug":"10-ml-olejku-eterycznego-z-absolutu-jasminu","status":"publish","type":"product","link":"https:\/\/emeraldspa.pl\/pl\/sklep-spa\/10-ml-olejku-eterycznego-z-absolutu-jasminu\/","title":{"rendered":"10 ml olejku eterycznego z absolutu ja\u015bminu"},"content":{"rendered":"<p><strong>Nazwa \u0142aci\u0144ska :<\/strong> Jasminum Officinale<br \/><strong>U\u017cywana cz\u0119\u015b\u0107 kwiatu :<\/strong> Kwiat<br \/><strong>\u0179r\u00f3d\u0142o :<\/strong> Indie<br \/><strong>Metoda ekstrakcji :<\/strong> Destylacja z par\u0105 wodn\u0105<\/p>\n<p>Ja\u015bmin to delikatne, wiecznie zielone pn\u0105cze pochodz\u0105ce z Chin i Indii o ma\u0142ych, bia\u0142ych kwiatach w kszta\u0142cie gwiazdy, kt\u00f3re zbiera si\u0119 noc\u0105, kiedy ich zapach jest najsilniejszy. Olejek eteryczny z ja\u015bminu ma s\u0142odki, egzotyczny i bogaty kwiatowy zapach. Jest drogi, poniewa\u017c jego destylacja jest bardziej skomplikowana ni\u017c w przypadku wi\u0119kszo\u015bci olejk\u00f3w i jest stosowany do g\u0142\u0119bokiego relaksu, zniesienia depresji i zwi\u0119kszenia pewno\u015bci siebie.&nbsp;<\/p>\n<p>M\u00f3wi si\u0119, \u017ce olejek ten koi nerwy i wywo\u0142uje uczucie pewno\u015bci siebie i optymizmu, jednocze\u015bnie przywracaj\u0105c energi\u0119. Skraca czas porodu, wzmacniaj\u0105c skurcze i \u0142agodz\u0105c b\u00f3l. Uwa\u017ca si\u0119, \u017ce \u0142agodzi impotencj\u0119, ozi\u0119b\u0142o\u015b\u0107 i przedwczesny wytrysk ze wzgl\u0119du na swoje koj\u0105ce i uspokajaj\u0105ce w\u0142a\u015bciwo\u015bci. Pomaga w kaszlu i zapaleniu krtani, a tak\u017ce jest przydatny jako olejek do masa\u017cu w celu z\u0142agodzenia b\u00f3lu mi\u0119\u015bni, skr\u0119ce\u0144 i sztywno\u015bci ko\u0144czyn. <strong>Olejek eteryczny ja\u015bminowy<\/strong> tonizuje sk\u00f3r\u0119 such\u0105, t\u0142ust\u0105 lub wra\u017cliw\u0105, zwi\u0119ksza jej elastyczno\u015b\u0107 i podobno redukuje rozst\u0119py i blizny.<\/p>\n<p>Ja\u015bmin jest uwa\u017cany za \u015bwi\u0119ty kwiat w Indiach od setek lat i do dzi\u015b jest \u0142\u0105czony w girlandy dla hinduskich bog\u00f3w i bogi\u0144. Ja\u015bmin jest powszechnie noszony we w\u0142osach przez hinduskie kobiety i jest jednym z g\u0142\u00f3wnych kwiat\u00f3w w \u015blubnych girlandach. Wed\u0142ug mitu, b\u00f3g s\u0142o\u0144ca Surja odrzuci\u0142 mi\u0142o\u015b\u0107 ksi\u0119\u017cniczki, a ona by\u0142a tak za\u0142amana, \u017ce pope\u0142ni\u0142a samob\u00f3jstwo. Z jej proch\u00f3w rozsypanych na ziemi wyr\u00f3s\u0142 ja\u015bmin. Poniewa\u017c b\u00f3g s\u0142o\u0144ca sprawi\u0142 jej tyle b\u00f3lu, kwiat ja\u015bminu kwit\u0142 i uwalnia\u0142 swoje perfumy tylko w nocy.<\/p>","protected":false},"excerpt":{"rendered":"<p><strong>Nazwa \u0142aci\u0144ska :<\/strong> Jasminum Officinale<br \/><strong>U\u017cywana cz\u0119\u015b\u0107 kwiatu :<\/strong> Kwiat<br \/><strong>\u0179r\u00f3d\u0142o :<\/strong> Indie<br \/><strong>Metoda ekstrakcji :<\/strong> Destylacja z par\u0105 wodn\u0105<\/p>\n<p>Ja\u015bmin to delikatne, wiecznie zielone pn\u0105cze pochodz\u0105ce z Chin i Indii o ma\u0142ych, bia\u0142ych kwiatach w kszta\u0142cie gwiazdy, kt\u00f3re zbiera si\u0119 noc\u0105, kiedy ich zapach jest najsilniejszy. Olejek eteryczny z ja\u015bminu ma s\u0142odki, egzotyczny i bogaty kwiatowy zapach. Jest drogi, poniewa\u017c jego destylacja jest bardziej skomplikowana ni\u017c w przypadku wi\u0119kszo\u015bci olejk\u00f3w i jest stosowany do g\u0142\u0119bokiego relaksu, zniesienia depresji i zwi\u0119kszenia pewno\u015bci siebie.&nbsp;<\/p>\n<p>M\u00f3wi si\u0119, \u017ce olejek ten koi nerwy i wywo\u0142uje uczucie pewno\u015bci siebie i optymizmu, jednocze\u015bnie przywracaj\u0105c energi\u0119. Skraca czas porodu, wzmacniaj\u0105c skurcze i \u0142agodz\u0105c b\u00f3l. Uwa\u017ca si\u0119, \u017ce \u0142agodzi impotencj\u0119, ozi\u0119b\u0142o\u015b\u0107 i przedwczesny wytrysk ze wzgl\u0119du na swoje koj\u0105ce i uspokajaj\u0105ce w\u0142a\u015bciwo\u015bci. Pomaga w kaszlu i zapaleniu krtani, a tak\u017ce jest przydatny jako olejek do masa\u017cu w celu z\u0142agodzenia b\u00f3lu mi\u0119\u015bni, skr\u0119ce\u0144 i sztywno\u015bci ko\u0144czyn. <strong>Olejek eteryczny ja\u015bminowy<\/strong> tonizuje sk\u00f3r\u0119 such\u0105, t\u0142ust\u0105 lub wra\u017cliw\u0105, zwi\u0119ksza jej elastyczno\u015b\u0107 i podobno redukuje rozst\u0119py i blizny.<\/p>\n<p>Ja\u015bmin jest uwa\u017cany za \u015bwi\u0119ty kwiat w Indiach od setek lat i do dzi\u015b jest \u0142\u0105czony w girlandy dla hinduskich bog\u00f3w i bogi\u0144. Ja\u015bmin jest powszechnie noszony we w\u0142osach przez hinduskie kobiety i jest jednym z g\u0142\u00f3wnych kwiat\u00f3w w \u015blubnych girlandach. Wed\u0142ug mitu, b\u00f3g s\u0142o\u0144ca Surja odrzuci\u0142 mi\u0142o\u015b\u0107 ksi\u0119\u017cniczki, a ona by\u0142a tak za\u0142amana, \u017ce pope\u0142ni\u0142a samob\u00f3jstwo. Z jej proch\u00f3w rozsypanych na ziemi wyr\u00f3s\u0142 ja\u015bmin. Poniewa\u017c b\u00f3g s\u0142o\u0144ca sprawi\u0142 jej tyle b\u00f3lu, kwiat ja\u015bminu kwit\u0142 i uwalnia\u0142 swoje perfumy tylko w nocy.<\/p>","protected":false},"featured_media":4871,"template":"","meta":{"_acf_changed":false,"_price":"660","_stock":"250","_tribe_ticket_header":"","_tribe_default_ticket_provider":"","_tribe_ticket_capacity":"","_ticket_start_date":"","_ticket_end_date":"","_tribe_ticket_show_description":"","_tribe_ticket_show_not_going":false,"_tribe_ticket_use_global_stock":"","_tribe_ticket_global_stock_level":"","_global_stock_mode":"","_global_stock_cap":"","_tribe_rsvp_for_event":"","_tribe_ticket_going_count":"","_tribe_ticket_not_going_count":"","_tribe_tickets_list":"[]","_tribe_ticket_has_attendee_info_fields":false,"_tec_slr_enabled":"","_tec_slr_layout":""},"product_brand":[],"product_cat":[145,142],"product_tag":[],"class_list":{"0":"post-4893","1":"product","2":"type-product","3":"status-publish","4":"has-post-thumbnail","6":"product_cat-aromatherapy-essential-oils","7":"product_cat-spa","9":"first","10":"instock","11":"sale","12":"shipping-taxable","13":"purchasable","14":"product-type-simple"},"acf":[],"_links":{"self":[{"href":"https:\/\/emeraldspa.pl\/pl\/wp-json\/wp\/v2\/product\/4893","targetHints":{"allow":["GET"]}}],"collection":[{"href":"https:\/\/emeraldspa.pl\/pl\/wp-json\/wp\/v2\/product"}],"about":[{"href":"https:\/\/emeraldspa.pl\/pl\/wp-json\/wp\/v2\/types\/product"}],"version-history":[{"count":1,"href":"https:\/\/emeraldspa.pl\/pl\/wp-json\/wp\/v2\/product\/4893\/revisions"}],"predecessor-version":[{"id":4951,"href":"https:\/\/emeraldspa.pl\/pl\/wp-json\/wp\/v2\/product\/4893\/revisions\/4951"}],"wp:featuredmedia":[{"embeddable":true,"href":"https:\/\/emeraldspa.pl\/pl\/wp-json\/wp\/v2\/media\/4871"}],"wp:attachment":[{"href":"https:\/\/emeraldspa.pl\/pl\/wp-json\/wp\/v2\/media?parent=4893"}],"wp:term":[{"taxonomy":"product_brand","embeddable":true,"href":"https:\/\/emeraldspa.pl\/pl\/wp-json\/wp\/v2\/product_brand?post=4893"},{"taxonomy":"product_cat","embeddable":true,"href":"https:\/\/emeraldspa.pl\/pl\/wp-json\/wp\/v2\/product_cat?post=4893"},{"taxonomy":"product_tag","embeddable":true,"href":"https:\/\/emeraldspa.pl\/pl\/wp-json\/wp\/v2\/product_tag?post=4893"}],"curies":[{"name":"wp","href":"https:\/\/api.w.org\/{rel}","templated":true}]}}