{"id":4891,"date":"2025-10-13T19:25:48","date_gmt":"2025-10-13T17:25:48","guid":{"rendered":"https:\/\/emeraldspa.pl\/spa-shop\/10-ml-lemon-verbena-essential-oil\/"},"modified":"2026-02-10T14:01:03","modified_gmt":"2026-02-10T13:01:03","slug":"10-ml-olejku-eterycznego-z-werbeny-cytrynowej","status":"publish","type":"product","link":"https:\/\/emeraldspa.pl\/pl\/sklep-spa\/10-ml-olejku-eterycznego-z-werbeny-cytrynowej\/","title":{"rendered":"10 ml olejku eterycznego z werbeny cytrynowej"},"content":{"rendered":"<p><strong>Nazwa \u0142aci\u0144ska :<\/strong> Aloysia Triphylla<br \/><strong>Cz\u0119\u015b\u0107 u\u017cywanej ro\u015bliny:<\/strong> Zio\u0142o<br \/><strong>\u0179r\u00f3d\u0142o : <\/strong>Hiszpania<br \/><strong>Metoda ekstrakcji : <\/strong>Destylacja z par\u0105 wodn\u0105<\/p>\n<p>Emocjonalnie i energetycznie, <strong>Olejek eteryczny z werbeny cytrynowej <\/strong>mo\u017ce pom\u00f3c z\u0142agodzi\u0107 niepok\u00f3j i depresj\u0119. Jego w\u0142a\u015bciwo\u015bci uspokajaj\u0105ce i afrodyzjakalne sprawiaj\u0105, \u017ce jest pomocny w relaksowaniu umys\u0142u oraz podnoszeniu i poprawianiu nastroju.<\/p>\n<p>Olejek eteryczny z werbeny cytrynowej jest popularnym zio\u0142owym \u015brodkiem leczniczym o pobudzaj\u0105cym zapachu, a przy prawid\u0142owym stosowaniu ma szeroki zakres potencjalnych korzy\u015bci zdrowotnych.<\/p>\n<p>Dzi\u0119ki swoim w\u0142a\u015bciwo\u015bciom wykrztu\u015bnym, olejek z werbeny jest cz\u0119sto stosowany do rozlu\u017aniania flegmy, usuwania zator\u00f3w i \u0142agodzenia b\u00f3lu zwi\u0105zanego z kaszlem. Co wi\u0119cej, wysoka zawarto\u015b\u0107 cytralu oznacza, \u017ce mo\u017ce on cz\u0119sto zabija\u0107 bakterie znajduj\u0105ce si\u0119 w \u015bluzie.<\/p>\n<p>Fizyczna ulga wywo\u0142ywana przez werben\u0119 jest dobrze znana, ale ma ona r\u00f3wnie\u017c wiele korzy\u015bci psychoterapeutycznych. Obecno\u015b\u0107 werbeny w mgie\u0142kach do cia\u0142a, olejkach do masa\u017cu, \u015bwiecach i dyfuzorach mo\u017ce inspirowa\u0107 i stymulowa\u0107 umys\u0142, zapewniaj\u0105c s\u0142odk\u0105 ulg\u0119 w letargu i monotonii codziennej har\u00f3wki.<\/p>","protected":false},"excerpt":{"rendered":"<p><strong>Nazwa \u0142aci\u0144ska :<\/strong> Aloysia Triphylla<br \/><strong>Cz\u0119\u015b\u0107 u\u017cywanej ro\u015bliny:<\/strong> Zio\u0142o<br \/><strong>\u0179r\u00f3d\u0142o : <\/strong>Hiszpania<br \/><strong>Metoda ekstrakcji : <\/strong>Destylacja z par\u0105 wodn\u0105<\/p>\n<p>Emocjonalnie i energetycznie, <strong>Olejek eteryczny z werbeny cytrynowej <\/strong>mo\u017ce pom\u00f3c z\u0142agodzi\u0107 niepok\u00f3j i depresj\u0119. Jego w\u0142a\u015bciwo\u015bci uspokajaj\u0105ce i afrodyzjakalne sprawiaj\u0105, \u017ce jest pomocny w relaksowaniu umys\u0142u oraz podnoszeniu i poprawianiu nastroju.<\/p>\n<p>Olejek eteryczny z werbeny cytrynowej jest popularnym zio\u0142owym \u015brodkiem leczniczym o pobudzaj\u0105cym zapachu, a przy prawid\u0142owym stosowaniu ma szeroki zakres potencjalnych korzy\u015bci zdrowotnych.<\/p>\n<p>Dzi\u0119ki swoim w\u0142a\u015bciwo\u015bciom wykrztu\u015bnym, olejek z werbeny jest cz\u0119sto stosowany do rozlu\u017aniania flegmy, usuwania zator\u00f3w i \u0142agodzenia b\u00f3lu zwi\u0105zanego z kaszlem. Co wi\u0119cej, wysoka zawarto\u015b\u0107 cytralu oznacza, \u017ce mo\u017ce on cz\u0119sto zabija\u0107 bakterie znajduj\u0105ce si\u0119 w \u015bluzie.<\/p>\n<p>Fizyczna ulga wywo\u0142ywana przez werben\u0119 jest dobrze znana, ale ma ona r\u00f3wnie\u017c wiele korzy\u015bci psychoterapeutycznych. Obecno\u015b\u0107 werbeny w mgie\u0142kach do cia\u0142a, olejkach do masa\u017cu, \u015bwiecach i dyfuzorach mo\u017ce inspirowa\u0107 i stymulowa\u0107 umys\u0142, zapewniaj\u0105c s\u0142odk\u0105 ulg\u0119 w letargu i monotonii codziennej har\u00f3wki.<\/p>","protected":false},"featured_media":4870,"template":"","meta":{"_acf_changed":false,"_price":"30","_stock":"539","_tribe_ticket_header":"","_tribe_default_ticket_provider":"","_tribe_ticket_capacity":"","_ticket_start_date":"","_ticket_end_date":"","_tribe_ticket_show_description":"","_tribe_ticket_show_not_going":false,"_tribe_ticket_use_global_stock":"","_tribe_ticket_global_stock_level":"","_global_stock_mode":"","_global_stock_cap":"","_tribe_rsvp_for_event":"","_tribe_ticket_going_count":"","_tribe_ticket_not_going_count":"","_tribe_tickets_list":"[]","_tribe_ticket_has_attendee_info_fields":false,"_tec_slr_enabled":"","_tec_slr_layout":""},"product_brand":[],"product_cat":[145,142],"product_tag":[],"class_list":{"0":"post-4891","1":"product","2":"type-product","3":"status-publish","4":"has-post-thumbnail","6":"product_cat-aromatherapy-essential-oils","7":"product_cat-spa","9":"first","10":"instock","11":"shipping-taxable","12":"purchasable","13":"product-type-simple"},"acf":[],"_links":{"self":[{"href":"https:\/\/emeraldspa.pl\/pl\/wp-json\/wp\/v2\/product\/4891","targetHints":{"allow":["GET"]}}],"collection":[{"href":"https:\/\/emeraldspa.pl\/pl\/wp-json\/wp\/v2\/product"}],"about":[{"href":"https:\/\/emeraldspa.pl\/pl\/wp-json\/wp\/v2\/types\/product"}],"version-history":[{"count":1,"href":"https:\/\/emeraldspa.pl\/pl\/wp-json\/wp\/v2\/product\/4891\/revisions"}],"predecessor-version":[{"id":4953,"href":"https:\/\/emeraldspa.pl\/pl\/wp-json\/wp\/v2\/product\/4891\/revisions\/4953"}],"wp:featuredmedia":[{"embeddable":true,"href":"https:\/\/emeraldspa.pl\/pl\/wp-json\/wp\/v2\/media\/4870"}],"wp:attachment":[{"href":"https:\/\/emeraldspa.pl\/pl\/wp-json\/wp\/v2\/media?parent=4891"}],"wp:term":[{"taxonomy":"product_brand","embeddable":true,"href":"https:\/\/emeraldspa.pl\/pl\/wp-json\/wp\/v2\/product_brand?post=4891"},{"taxonomy":"product_cat","embeddable":true,"href":"https:\/\/emeraldspa.pl\/pl\/wp-json\/wp\/v2\/product_cat?post=4891"},{"taxonomy":"product_tag","embeddable":true,"href":"https:\/\/emeraldspa.pl\/pl\/wp-json\/wp\/v2\/product_tag?post=4891"}],"curies":[{"name":"wp","href":"https:\/\/api.w.org\/{rel}","templated":true}]}}