{"id":4882,"date":"2025-10-13T19:25:46","date_gmt":"2025-10-13T17:25:46","guid":{"rendered":"https:\/\/emeraldspa.pl\/spa-shop\/10-ml-ylang-ylang-i-essential-oil\/"},"modified":"2026-02-11T13:44:10","modified_gmt":"2026-02-11T12:44:10","slug":"10-ml-olejku-eterycznego-ylang-ylang-i","status":"publish","type":"product","link":"https:\/\/emeraldspa.pl\/pl\/sklep-spa\/10-ml-olejku-eterycznego-ylang-ylang-i\/","title":{"rendered":"10 ml olejku eterycznego Ylang Ylang I"},"content":{"rendered":"<p><strong>Nazwa \u0142aci\u0144ska :<\/strong> Cananga Odorata<br \/><strong>U\u017cywana cz\u0119\u015b\u0107 ro\u015bliny :<\/strong> Kwiaty<br \/><strong>\u0179r\u00f3d\u0142o :<\/strong> Camores<br \/><strong>Metoda ekstrakcji :<\/strong> Destylacja z par\u0105 wodn\u0105<\/p>\n<p><strong>Ylang Ylang<\/strong> jest du\u017cym drzewem pochodz\u0105cym z kraj\u00f3w dalekiego wschodu, takich jak Malezja, Filipiny i Indonezja. Jego \u017c\u00f3\u0142te kwiaty s\u0105 silnie pachn\u0105ce i maj\u0105 d\u0142ugie, zwisaj\u0105ce p\u0142atki. Wytwarzany z niego olejek eteryczny jest dost\u0119pny w du\u017cych ilo\u015bciach i dlatego jest najta\u0144szy, ale jest bardzo preferowany ze wzgl\u0119du na sw\u00f3j zapach w przemy\u015ble perfumeryjnym i kosmetycznym, a obecnie jest r\u00f3wnie\u017c stosowany w przemy\u015ble spo\u017cywczym.&nbsp;<\/p>\n<p>Wed\u0142ug nauki olejek eteryczny ylang-ylang pobudza umys\u0142. Z kolei \u015bwiat aromaterapii uwa\u017ca ten olejek za jeden z najlepszych w relaksowaniu umys\u0142u i cia\u0142a. Samo w\u0105chanie go ma pom\u00f3c obni\u017cy\u0107 ci\u015bnienie krwi. K\u0105piel z dodatkiem tego olejku lub u\u017cycie go do masa\u017cu w naturalny spos\u00f3b zwi\u0119ksza doznania relaksacyjne. Jest stosowany w celu z\u0142agodzenia stresu, depresji, szoku lub niepokoju. Stosowany jako tonik do w\u0142os\u00f3w, powinien r\u00f3wnowa\u017cy\u0107 produkcj\u0119 oleju. Nale\u017cy jednak pami\u0119ta\u0107, \u017ce wysokie st\u0119\u017cenia ylang ylang mog\u0105 powodowa\u0107 b\u00f3le g\u0142owy lub nudno\u015bci.&nbsp;<\/p>\n<p>Ylang Ylang oznacza kwiat kwiat\u00f3w w j\u0119zyku malajskim i by\u0142 tradycyjnie uwa\u017cany za afrodyzjak i relaksuj\u0105cy zapach, wi\u0119c kwiaty tego drzewa by\u0142y rozrzucane na \u0142o\u017cu ma\u0142\u017ce\u0144skim nowo\u017ce\u0144c\u00f3w w Indonezji. Muzu\u0142ma\u0144skie kobiety spala\u0142y ten olejek, aby nada\u0107 zapach swoim haremom, czyli cz\u0119\u015bciom pa\u0142acu zarezerwowanym dla kobiet. W Chinach zapach ten by\u0142 u\u017cywany do oczyszczania szat mandarynek. Olejek eteryczny Ylang Ylang od dawna kojarzony jest z perfumami i relaksem.<\/p>","protected":false},"excerpt":{"rendered":"<p><strong>Nazwa \u0142aci\u0144ska :<\/strong> Cananga Odorata<br \/><strong>U\u017cywana cz\u0119\u015b\u0107 ro\u015bliny :<\/strong> Kwiaty<br \/><strong>\u0179r\u00f3d\u0142o :<\/strong> Camores<br \/><strong>Metoda ekstrakcji :<\/strong> Destylacja z par\u0105 wodn\u0105<\/p>\n<p><strong>Ylang Ylang<\/strong> jest du\u017cym drzewem pochodz\u0105cym z kraj\u00f3w dalekiego wschodu, takich jak Malezja, Filipiny i Indonezja. Jego \u017c\u00f3\u0142te kwiaty s\u0105 silnie pachn\u0105ce i maj\u0105 d\u0142ugie, zwisaj\u0105ce p\u0142atki. Wytwarzany z niego olejek eteryczny jest dost\u0119pny w du\u017cych ilo\u015bciach i dlatego jest najta\u0144szy, ale jest bardzo preferowany ze wzgl\u0119du na sw\u00f3j zapach w przemy\u015ble perfumeryjnym i kosmetycznym, a obecnie jest r\u00f3wnie\u017c stosowany w przemy\u015ble spo\u017cywczym.&nbsp;<\/p>\n<p>Wed\u0142ug nauki olejek eteryczny ylang-ylang pobudza umys\u0142. Z kolei \u015bwiat aromaterapii uwa\u017ca ten olejek za jeden z najlepszych w relaksowaniu umys\u0142u i cia\u0142a. Samo w\u0105chanie go ma pom\u00f3c obni\u017cy\u0107 ci\u015bnienie krwi. K\u0105piel z dodatkiem tego olejku lub u\u017cycie go do masa\u017cu w naturalny spos\u00f3b zwi\u0119ksza doznania relaksacyjne. Jest stosowany w celu z\u0142agodzenia stresu, depresji, szoku lub niepokoju. Stosowany jako tonik do w\u0142os\u00f3w, powinien r\u00f3wnowa\u017cy\u0107 produkcj\u0119 oleju. Nale\u017cy jednak pami\u0119ta\u0107, \u017ce wysokie st\u0119\u017cenia ylang ylang mog\u0105 powodowa\u0107 b\u00f3le g\u0142owy lub nudno\u015bci.&nbsp;<\/p>\n<p>Ylang Ylang oznacza kwiat kwiat\u00f3w w j\u0119zyku malajskim i by\u0142 tradycyjnie uwa\u017cany za afrodyzjak i relaksuj\u0105cy zapach, wi\u0119c kwiaty tego drzewa by\u0142y rozrzucane na \u0142o\u017cu ma\u0142\u017ce\u0144skim nowo\u017ce\u0144c\u00f3w w Indonezji. Muzu\u0142ma\u0144skie kobiety spala\u0142y ten olejek, aby nada\u0107 zapach swoim haremom, czyli cz\u0119\u015bciom pa\u0142acu zarezerwowanym dla kobiet. W Chinach zapach ten by\u0142 u\u017cywany do oczyszczania szat mandarynek. Olejek eteryczny Ylang Ylang od dawna kojarzony jest z perfumami i relaksem.<\/p>","protected":false},"featured_media":4858,"template":"","meta":{"_acf_changed":false,"_price":"30","_stock":"414","_tribe_ticket_header":"","_tribe_default_ticket_provider":"","_tribe_ticket_capacity":"","_ticket_start_date":"","_ticket_end_date":"","_tribe_ticket_show_description":"","_tribe_ticket_show_not_going":false,"_tribe_ticket_use_global_stock":"","_tribe_ticket_global_stock_level":"","_global_stock_mode":"","_global_stock_cap":"","_tribe_rsvp_for_event":"","_tribe_ticket_going_count":"","_tribe_ticket_not_going_count":"","_tribe_tickets_list":"[]","_tribe_ticket_has_attendee_info_fields":false,"_tec_slr_enabled":"","_tec_slr_layout":""},"product_brand":[],"product_cat":[145,142],"product_tag":[],"class_list":{"0":"post-4882","1":"product","2":"type-product","3":"status-publish","4":"has-post-thumbnail","6":"product_cat-aromatherapy-essential-oils","7":"product_cat-spa","9":"first","10":"instock","11":"shipping-taxable","12":"purchasable","13":"product-type-simple"},"acf":[],"_links":{"self":[{"href":"https:\/\/emeraldspa.pl\/pl\/wp-json\/wp\/v2\/product\/4882","targetHints":{"allow":["GET"]}}],"collection":[{"href":"https:\/\/emeraldspa.pl\/pl\/wp-json\/wp\/v2\/product"}],"about":[{"href":"https:\/\/emeraldspa.pl\/pl\/wp-json\/wp\/v2\/types\/product"}],"version-history":[{"count":1,"href":"https:\/\/emeraldspa.pl\/pl\/wp-json\/wp\/v2\/product\/4882\/revisions"}],"predecessor-version":[{"id":4957,"href":"https:\/\/emeraldspa.pl\/pl\/wp-json\/wp\/v2\/product\/4882\/revisions\/4957"}],"wp:featuredmedia":[{"embeddable":true,"href":"https:\/\/emeraldspa.pl\/pl\/wp-json\/wp\/v2\/media\/4858"}],"wp:attachment":[{"href":"https:\/\/emeraldspa.pl\/pl\/wp-json\/wp\/v2\/media?parent=4882"}],"wp:term":[{"taxonomy":"product_brand","embeddable":true,"href":"https:\/\/emeraldspa.pl\/pl\/wp-json\/wp\/v2\/product_brand?post=4882"},{"taxonomy":"product_cat","embeddable":true,"href":"https:\/\/emeraldspa.pl\/pl\/wp-json\/wp\/v2\/product_cat?post=4882"},{"taxonomy":"product_tag","embeddable":true,"href":"https:\/\/emeraldspa.pl\/pl\/wp-json\/wp\/v2\/product_tag?post=4882"}],"curies":[{"name":"wp","href":"https:\/\/api.w.org\/{rel}","templated":true}]}}