{"id":4881,"date":"2025-10-13T19:25:46","date_gmt":"2025-10-13T17:25:46","guid":{"rendered":"https:\/\/emeraldspa.pl\/spa-shop\/10-ml-rosemary-essential-oil\/"},"modified":"2025-12-09T09:45:53","modified_gmt":"2025-12-09T08:45:53","slug":"10-ml-olejku-eterycznego-z-rozmarynu","status":"publish","type":"product","link":"https:\/\/emeraldspa.pl\/pl\/sklep-spa\/10-ml-olejku-eterycznego-z-rozmarynu\/","title":{"rendered":"10 ml olejku eterycznego z rozmarynu"},"content":{"rendered":"<p><strong>Nazwa \u0142aci\u0144ska :<\/strong> Rosmarinus Officinalis<br \/><strong>U\u017cywana cz\u0119\u015b\u0107 ro\u015bliny :<\/strong> Kwitn\u0105ce wierzcho\u0142ki<br \/><strong>\u0179r\u00f3d\u0142o :<\/strong> Tunezja<br \/><strong>Metoda ekstrakcji :<\/strong> Destylacja z par\u0105 wodn\u0105<\/p>\n<p><strong>Olejek eteryczny z ziela rozmarynu<\/strong> jest destylowany par\u0105 wodn\u0105 z kwiat\u00f3w, \u0142odyg i li\u015bci ro\u015bliny. Zgodnie z Farmakope\u0105 Brytyjsk\u0105, olejek destylowany z kwitn\u0105cych wierzcho\u0142k\u00f3w jest lepszy od tego uzyskiwanego z \u0142odygi i li\u015bci, z kt\u00f3rych destylowane s\u0105 prawie wszystkie komercyjne olejki. Zapach olejku eterycznego z rozmarynu jest drzewny i zio\u0142owy i jest stosowany w aromaterapii w celu od\u015bwie\u017cenia i pobudzenia umys\u0142u.<\/p>\n<p>Olejek ten jest pomocny w leczeniu ran, oparze\u0144, przezi\u0119bie\u0144, grypy, zm\u0119czenia, problem\u00f3w trawiennych, b\u00f3l\u00f3w g\u0142owy, astmy, zapalenia oskrzeli, podagry, reumatyzmu, problem\u00f3w z w\u0105trob\u0105 i woreczkiem \u017c\u00f3\u0142ciowym, zatrzymywania wody i s\u0142abego kr\u0105\u017cenia. Do masa\u017cu olejek rozmarynowy jest cz\u0119sto mieszany z olejem bazowym, takim jak olej migda\u0142owy, olej z pestek moreli lub olej z orzech\u00f3w laskowych. Olejek rozmarynowy jest dobry dla w\u0142os\u00f3w, poniewa\u017c zwi\u0119ksza kr\u0105\u017cenie w sk\u00f3rze g\u0142owy i wspomaga wzrost w\u0142os\u00f3w. Nigdy nie u\u017cywaj tego olejku wewn\u0119trznie i unikaj go, je\u015bli jeste\u015b w ci\u0105\u017cy lub cierpisz na wysokie ci\u015bnienie krwi lub epilepsj\u0119.&nbsp;<\/p>\n<p>Rozmaryn by\u0142 dobrze znany i u\u017cywany w staro\u017cytnym \u015bwiecie. Uwa\u017cano, \u017ce poprawia pami\u0119\u0107, wi\u0119c sta\u0142 si\u0119 symbolem wierno\u015bci i by\u0142 u\u017cywany podczas \u015blub\u00f3w, pogrzeb\u00f3w i innych ceremonii religijnych. Ga\u0142\u0105zka rozmarynu by\u0142a pi\u0119knie przewi\u0105zana wst\u0105\u017ckami i wr\u0119czana go\u015bciom weselnym jako symbol mi\u0142o\u015bci i lojalno\u015bci. Woda w\u0119gierska, wykonana ze \u015bwie\u017cych wierzcho\u0142k\u00f3w rozmarynu moczonych w winie przez kilka dni, zosta\u0142a przygotowana dla kr\u00f3lowej W\u0119gier i podobno wyleczy\u0142a j\u0105 z parali\u017cu.<\/p>","protected":false},"excerpt":{"rendered":"<p><strong>Nazwa \u0142aci\u0144ska :<\/strong> Rosmarinus Officinalis<br \/><strong>U\u017cywana cz\u0119\u015b\u0107 ro\u015bliny :<\/strong> Kwitn\u0105ce wierzcho\u0142ki<br \/><strong>\u0179r\u00f3d\u0142o :<\/strong> Tunezja<br \/><strong>Metoda ekstrakcji :<\/strong> Destylacja z par\u0105 wodn\u0105<\/p>\n<p><strong>Olejek eteryczny z ziela rozmarynu<\/strong> jest destylowany par\u0105 wodn\u0105 z kwiat\u00f3w, \u0142odyg i li\u015bci ro\u015bliny. Zgodnie z Farmakope\u0105 Brytyjsk\u0105, olejek destylowany z kwitn\u0105cych wierzcho\u0142k\u00f3w jest lepszy od tego uzyskiwanego z \u0142odygi i li\u015bci, z kt\u00f3rych destylowane s\u0105 prawie wszystkie komercyjne olejki. Zapach olejku eterycznego z rozmarynu jest drzewny i zio\u0142owy i jest stosowany w aromaterapii w celu od\u015bwie\u017cenia i pobudzenia umys\u0142u.<\/p>\n<p>Olejek ten jest pomocny w leczeniu ran, oparze\u0144, przezi\u0119bie\u0144, grypy, zm\u0119czenia, problem\u00f3w trawiennych, b\u00f3l\u00f3w g\u0142owy, astmy, zapalenia oskrzeli, podagry, reumatyzmu, problem\u00f3w z w\u0105trob\u0105 i woreczkiem \u017c\u00f3\u0142ciowym, zatrzymywania wody i s\u0142abego kr\u0105\u017cenia. Do masa\u017cu olejek rozmarynowy jest cz\u0119sto mieszany z olejem bazowym, takim jak olej migda\u0142owy, olej z pestek moreli lub olej z orzech\u00f3w laskowych. Olejek rozmarynowy jest dobry dla w\u0142os\u00f3w, poniewa\u017c zwi\u0119ksza kr\u0105\u017cenie w sk\u00f3rze g\u0142owy i wspomaga wzrost w\u0142os\u00f3w. Nigdy nie u\u017cywaj tego olejku wewn\u0119trznie i unikaj go, je\u015bli jeste\u015b w ci\u0105\u017cy lub cierpisz na wysokie ci\u015bnienie krwi lub epilepsj\u0119.&nbsp;<\/p>\n<p>Rozmaryn by\u0142 dobrze znany i u\u017cywany w staro\u017cytnym \u015bwiecie. Uwa\u017cano, \u017ce poprawia pami\u0119\u0107, wi\u0119c sta\u0142 si\u0119 symbolem wierno\u015bci i by\u0142 u\u017cywany podczas \u015blub\u00f3w, pogrzeb\u00f3w i innych ceremonii religijnych. Ga\u0142\u0105zka rozmarynu by\u0142a pi\u0119knie przewi\u0105zana wst\u0105\u017ckami i wr\u0119czana go\u015bciom weselnym jako symbol mi\u0142o\u015bci i lojalno\u015bci. Woda w\u0119gierska, wykonana ze \u015bwie\u017cych wierzcho\u0142k\u00f3w rozmarynu moczonych w winie przez kilka dni, zosta\u0142a przygotowana dla kr\u00f3lowej W\u0119gier i podobno wyleczy\u0142a j\u0105 z parali\u017cu.<\/p>","protected":false},"featured_media":4856,"template":"","meta":{"_acf_changed":false,"_price":"30","_stock":"250","_tribe_ticket_header":"","_tribe_default_ticket_provider":"","_tribe_ticket_capacity":"","_ticket_start_date":"","_ticket_end_date":"","_tribe_ticket_show_description":"","_tribe_ticket_show_not_going":false,"_tribe_ticket_use_global_stock":"","_tribe_ticket_global_stock_level":"","_global_stock_mode":"","_global_stock_cap":"","_tribe_rsvp_for_event":"","_tribe_ticket_going_count":"","_tribe_ticket_not_going_count":"","_tribe_tickets_list":"[]","_tribe_ticket_has_attendee_info_fields":false,"_tec_slr_enabled":"","_tec_slr_layout":""},"product_brand":[],"product_cat":[145,142],"product_tag":[],"class_list":{"0":"post-4881","1":"product","2":"type-product","3":"status-publish","4":"has-post-thumbnail","6":"product_cat-aromatherapy-essential-oils","7":"product_cat-spa","9":"first","10":"instock","11":"shipping-taxable","12":"purchasable","13":"product-type-simple"},"acf":[],"_links":{"self":[{"href":"https:\/\/emeraldspa.pl\/pl\/wp-json\/wp\/v2\/product\/4881","targetHints":{"allow":["GET"]}}],"collection":[{"href":"https:\/\/emeraldspa.pl\/pl\/wp-json\/wp\/v2\/product"}],"about":[{"href":"https:\/\/emeraldspa.pl\/pl\/wp-json\/wp\/v2\/types\/product"}],"version-history":[{"count":1,"href":"https:\/\/emeraldspa.pl\/pl\/wp-json\/wp\/v2\/product\/4881\/revisions"}],"predecessor-version":[{"id":4958,"href":"https:\/\/emeraldspa.pl\/pl\/wp-json\/wp\/v2\/product\/4881\/revisions\/4958"}],"wp:featuredmedia":[{"embeddable":true,"href":"https:\/\/emeraldspa.pl\/pl\/wp-json\/wp\/v2\/media\/4856"}],"wp:attachment":[{"href":"https:\/\/emeraldspa.pl\/pl\/wp-json\/wp\/v2\/media?parent=4881"}],"wp:term":[{"taxonomy":"product_brand","embeddable":true,"href":"https:\/\/emeraldspa.pl\/pl\/wp-json\/wp\/v2\/product_brand?post=4881"},{"taxonomy":"product_cat","embeddable":true,"href":"https:\/\/emeraldspa.pl\/pl\/wp-json\/wp\/v2\/product_cat?post=4881"},{"taxonomy":"product_tag","embeddable":true,"href":"https:\/\/emeraldspa.pl\/pl\/wp-json\/wp\/v2\/product_tag?post=4881"}],"curies":[{"name":"wp","href":"https:\/\/api.w.org\/{rel}","templated":true}]}}