{"id":4774,"date":"2025-10-13T15:48:25","date_gmt":"2025-10-13T13:48:25","guid":{"rendered":"https:\/\/emeraldspa.pl\/spa-shop\/cotton-pario-throw-100x180-cm-warm-sand\/"},"modified":"2026-01-04T04:24:49","modified_gmt":"2026-01-04T03:24:49","slug":"bawelniana-narzuta-pario-100x180-cm-cieply-piasek","status":"publish","type":"product","link":"https:\/\/emeraldspa.pl\/pl\/sklep-spa\/bawelniana-narzuta-pario-100x180-cm-cieply-piasek\/","title":{"rendered":"Narzuta bawe\u0142niana Pario - 100\u00d7180 cm - Ciep\u0142y piasek"},"content":{"rendered":"<p>Indyjski, r\u0119cznie wykonany bawe\u0142niany pareo. Te naturalne w\u0142\u00f3kna bawe\u0142niane mog\u0105 skuteczniej wch\u0142ania\u0107 wod\u0119 i s\u0105 delikatne dla sk\u00f3ry. Wraz ze zbli\u017caj\u0105cym si\u0119 latem i ch\u0142odnymi wieczorami, te pareo z pewno\u015bci\u0105 b\u0119d\u0105 si\u0119 sprzedawa\u0107.<\/p>\n<p><\/p>\n<p>Pareo ma idealny rozmiar do owini\u0119cia wok\u00f3\u0142 talii. Ka\u017cdy wz\u00f3r jest owini\u0119ty sznurkiem jutowym i oznaczony metk\u0105. S\u0105 lekkie, szybkoschn\u0105ce, przeno\u015bne i modne.<\/p>\n<p><\/p>\n<p>Mog\u0105 by\u0107 zar\u00f3wno sportowe, jak i eleganckie, idealne na r\u0119czniki pla\u017cowe, mog\u0105 by\u0107 u\u017cywane jako koc piknikowy. Wielofunkcyjny.<\/p>\n<p><\/p>\n<p>Rozpakuj twist i zam\u00f3w ju\u017c dzi\u015b te wyj\u0105tkowe Pareo.<\/p>\n<p><\/p>\n<p>Rozmiar: D\u0142ugo\u015b\u0107 100cm, Szeroko\u015b\u0107 180cm: Materia\u0142: Bawe\u0142na, Poliester: Wyprodukowano w Indiach<\/p>","protected":false},"excerpt":{"rendered":"<p>Indyjski, r\u0119cznie wykonany bawe\u0142niany pareo. Te naturalne w\u0142\u00f3kna bawe\u0142niane mog\u0105 skuteczniej wch\u0142ania\u0107 wod\u0119 i s\u0105 delikatne dla sk\u00f3ry. Wraz ze zbli\u017caj\u0105cym si\u0119 latem i ch\u0142odnymi wieczorami, te pareo z pewno\u015bci\u0105 b\u0119d\u0105 si\u0119 sprzedawa\u0107.<\/p>\n<p><\/p>\n<p>Pareo ma idealny rozmiar do owini\u0119cia wok\u00f3\u0142 talii. Ka\u017cdy wz\u00f3r jest owini\u0119ty sznurkiem jutowym i oznaczony metk\u0105. S\u0105 lekkie, szybkoschn\u0105ce, przeno\u015bne i modne.<\/p>\n<p><\/p>\n<p>Mog\u0105 by\u0107 zar\u00f3wno sportowe, jak i eleganckie, idealne na r\u0119czniki pla\u017cowe, mog\u0105 by\u0107 u\u017cywane jako koc piknikowy. Wielofunkcyjny.<\/p>\n<p><\/p>\n<p>Rozpakuj twist i zam\u00f3w ju\u017c dzi\u015b te wyj\u0105tkowe Pareo.<\/p>\n<p><\/p>\n<p>Rozmiar: D\u0142ugo\u015b\u0107 100cm, Szeroko\u015b\u0107 180cm: Materia\u0142: Bawe\u0142na, Poliester: Wyprodukowano w Indiach<\/p>","protected":false},"featured_media":4769,"template":"","meta":{"_acf_changed":false,"_price":"50","_stock":"0","_tribe_ticket_header":"","_tribe_default_ticket_provider":"","_tribe_ticket_capacity":"","_ticket_start_date":"","_ticket_end_date":"","_tribe_ticket_show_description":"","_tribe_ticket_show_not_going":false,"_tribe_ticket_use_global_stock":"","_tribe_ticket_global_stock_level":"","_global_stock_mode":"","_global_stock_cap":"","_tribe_rsvp_for_event":"","_tribe_ticket_going_count":"","_tribe_ticket_not_going_count":"","_tribe_tickets_list":"[]","_tribe_ticket_has_attendee_info_fields":false,"_tec_slr_enabled":"","_tec_slr_layout":""},"product_brand":[],"product_cat":[141],"product_tag":[],"class_list":{"0":"post-4774","1":"product","2":"type-product","3":"status-publish","4":"has-post-thumbnail","6":"product_cat-towels","8":"first","9":"outofstock","10":"shipping-taxable","11":"purchasable","12":"product-type-simple"},"acf":[],"_links":{"self":[{"href":"https:\/\/emeraldspa.pl\/pl\/wp-json\/wp\/v2\/product\/4774","targetHints":{"allow":["GET"]}}],"collection":[{"href":"https:\/\/emeraldspa.pl\/pl\/wp-json\/wp\/v2\/product"}],"about":[{"href":"https:\/\/emeraldspa.pl\/pl\/wp-json\/wp\/v2\/types\/product"}],"version-history":[{"count":1,"href":"https:\/\/emeraldspa.pl\/pl\/wp-json\/wp\/v2\/product\/4774\/revisions"}],"predecessor-version":[{"id":4775,"href":"https:\/\/emeraldspa.pl\/pl\/wp-json\/wp\/v2\/product\/4774\/revisions\/4775"}],"wp:featuredmedia":[{"embeddable":true,"href":"https:\/\/emeraldspa.pl\/pl\/wp-json\/wp\/v2\/media\/4769"}],"wp:attachment":[{"href":"https:\/\/emeraldspa.pl\/pl\/wp-json\/wp\/v2\/media?parent=4774"}],"wp:term":[{"taxonomy":"product_brand","embeddable":true,"href":"https:\/\/emeraldspa.pl\/pl\/wp-json\/wp\/v2\/product_brand?post=4774"},{"taxonomy":"product_cat","embeddable":true,"href":"https:\/\/emeraldspa.pl\/pl\/wp-json\/wp\/v2\/product_cat?post=4774"},{"taxonomy":"product_tag","embeddable":true,"href":"https:\/\/emeraldspa.pl\/pl\/wp-json\/wp\/v2\/product_tag?post=4774"}],"curies":[{"name":"wp","href":"https:\/\/api.w.org\/{rel}","templated":true}]}}