{"id":4641,"date":"2025-10-12T21:00:09","date_gmt":"2025-10-12T19:00:09","guid":{"rendered":"https:\/\/emeraldspa.pl\/spa-shop\/santorini-atomiser-shell-effect-usb-colour-change-timer\/"},"modified":"2025-10-16T16:38:20","modified_gmt":"2025-10-16T14:38:20","slug":"santorini-atomiser-shell-effect-usb-timer-zmiany-koloru","status":"publish","type":"product","link":"https:\/\/emeraldspa.pl\/pl\/sklep-spa\/santorini-atomiser-shell-effect-usb-timer-zmiany-koloru\/","title":{"rendered":"Atomizer Santorini - Efekt muszli - USB - Zmiana koloru - Timer"},"content":{"rendered":"<p><strong>&nbsp;Dyfuzory aromat\u00f3w<\/strong> s\u0105 ponadczasowe i eleganckie, zapewniaj\u0105 bezp\u0142omieniowy i bezdymny spos\u00f3b na nadanie zapachu pomieszczeniu lub biuru. Wystarczy doda\u0107 troch\u0119 wody i ulubiony olejek eteryczny lub zapachowy, aby uzyska\u0107 natychmiastowy aromat.<\/p>\n<p>Dyfuzor Aroma wykorzystuje silnik ultrad\u017awi\u0119kowy do pompowania wody, dzi\u0119ki czemu jest bardzo cichy podczas u\u017cytkowania. Jest wyposa\u017cony w zmieniaj\u0105ce kolor nastrojowe \u015bwiat\u0142o i mo\u017ce by\u0107 u\u017cywany jako zwyk\u0142y nawil\u017cacz.<\/p>\n<p>Dyfuzory aromat\u00f3w s\u0105 bardzo \u0142atwe w obs\u0142udze i utrzymaniu, wystarczy tylko od czasu do czasu nape\u0142ni\u0107 je niewielk\u0105 ilo\u015bci\u0105 wody i kilkoma kroplami olejku zapachowego.<\/p>\n<p>Szybka sprzeda\u017c - zaopatrz si\u0119 ju\u017c dzi\u015b, aby ca\u0142kowicie zwi\u0119kszy\u0107 sprzeda\u017c<\/p>\n<p>- Pojemno\u015b\u0107 zbiornika 400 ml<\/p>\n<p>- O\u015bwietlenie LED - 7 sztuk<\/p>\n<p>- Zasilanie przez USB (d\u0142ugo\u015b\u0107 przewodu 100 cm)<\/p>\n<p>- brak timera<\/p>\n<p>Wysoko\u015b\u0107: 15,5 cm, \u015brednica: 16 cm, waga 340 g<\/p>","protected":false},"excerpt":{"rendered":"<p><strong>&nbsp;Dyfuzory aromat\u00f3w<\/strong> s\u0105 ponadczasowe i eleganckie, zapewniaj\u0105 bezp\u0142omieniowy i bezdymny spos\u00f3b na nadanie zapachu pomieszczeniu lub biuru. Wystarczy doda\u0107 troch\u0119 wody i ulubiony olejek eteryczny lub zapachowy, aby uzyska\u0107 natychmiastowy aromat.<\/p>\n<p>Dyfuzor Aroma wykorzystuje silnik ultrad\u017awi\u0119kowy do pompowania wody, dzi\u0119ki czemu jest bardzo cichy podczas u\u017cytkowania. Jest wyposa\u017cony w zmieniaj\u0105ce kolor nastrojowe \u015bwiat\u0142o i mo\u017ce by\u0107 u\u017cywany jako zwyk\u0142y nawil\u017cacz.<\/p>\n<p>Dyfuzory aromat\u00f3w s\u0105 bardzo \u0142atwe w obs\u0142udze i utrzymaniu, wystarczy tylko od czasu do czasu nape\u0142ni\u0107 je niewielk\u0105 ilo\u015bci\u0105 wody i kilkoma kroplami olejku zapachowego.<\/p>\n<p>Szybka sprzeda\u017c - zaopatrz si\u0119 ju\u017c dzi\u015b, aby ca\u0142kowicie zwi\u0119kszy\u0107 sprzeda\u017c<\/p>\n<p>- Pojemno\u015b\u0107 zbiornika 400 ml<\/p>\n<p>- O\u015bwietlenie LED - 7 sztuk<\/p>\n<p>- Zasilanie przez USB (d\u0142ugo\u015b\u0107 przewodu 100 cm)<\/p>\n<p>- brak timera<\/p>\n<p>Wysoko\u015b\u0107: 15,5 cm, \u015brednica: 16 cm, waga 340 g<\/p>","protected":false},"featured_media":4494,"template":"","meta":{"_acf_changed":false,"_price":"210","_stock":"57.000000","_tribe_ticket_header":"","_tribe_default_ticket_provider":"","_tribe_ticket_capacity":"","_ticket_start_date":"","_ticket_end_date":"","_tribe_ticket_show_description":"","_tribe_ticket_show_not_going":false,"_tribe_ticket_use_global_stock":"","_tribe_ticket_global_stock_level":"","_global_stock_mode":"","_global_stock_cap":"","_tribe_rsvp_for_event":"","_tribe_ticket_going_count":"","_tribe_ticket_not_going_count":"","_tribe_tickets_list":"[]","_tribe_ticket_has_attendee_info_fields":false,"_tec_slr_enabled":"","_tec_slr_layout":""},"product_brand":[],"product_cat":[138,142],"product_tag":[],"class_list":{"0":"post-4641","1":"product","2":"type-product","3":"status-publish","4":"has-post-thumbnail","6":"product_cat-atomisers","7":"product_cat-spa","9":"first","10":"instock","11":"sale","12":"shipping-taxable","13":"purchasable","14":"product-type-simple"},"acf":[],"_links":{"self":[{"href":"https:\/\/emeraldspa.pl\/pl\/wp-json\/wp\/v2\/product\/4641","targetHints":{"allow":["GET"]}}],"collection":[{"href":"https:\/\/emeraldspa.pl\/pl\/wp-json\/wp\/v2\/product"}],"about":[{"href":"https:\/\/emeraldspa.pl\/pl\/wp-json\/wp\/v2\/types\/product"}],"version-history":[{"count":1,"href":"https:\/\/emeraldspa.pl\/pl\/wp-json\/wp\/v2\/product\/4641\/revisions"}],"predecessor-version":[{"id":4651,"href":"https:\/\/emeraldspa.pl\/pl\/wp-json\/wp\/v2\/product\/4641\/revisions\/4651"}],"wp:featuredmedia":[{"embeddable":true,"href":"https:\/\/emeraldspa.pl\/pl\/wp-json\/wp\/v2\/media\/4494"}],"wp:attachment":[{"href":"https:\/\/emeraldspa.pl\/pl\/wp-json\/wp\/v2\/media?parent=4641"}],"wp:term":[{"taxonomy":"product_brand","embeddable":true,"href":"https:\/\/emeraldspa.pl\/pl\/wp-json\/wp\/v2\/product_brand?post=4641"},{"taxonomy":"product_cat","embeddable":true,"href":"https:\/\/emeraldspa.pl\/pl\/wp-json\/wp\/v2\/product_cat?post=4641"},{"taxonomy":"product_tag","embeddable":true,"href":"https:\/\/emeraldspa.pl\/pl\/wp-json\/wp\/v2\/product_tag?post=4641"}],"curies":[{"name":"wp","href":"https:\/\/api.w.org\/{rel}","templated":true}]}}