{"id":4624,"date":"2025-10-12T21:00:00","date_gmt":"2025-10-12T19:00:00","guid":{"rendered":"https:\/\/emeraldspa.pl\/spa-shop\/copenhagen-atomiser-usb-colour-change-timer\/"},"modified":"2025-10-15T21:34:54","modified_gmt":"2025-10-15T19:34:54","slug":"atomizer-copenhagen-usb-z-timerem-zmiany-koloru","status":"publish","type":"product","link":"https:\/\/emeraldspa.pl\/pl\/sklep-spa\/atomizer-copenhagen-usb-z-timerem-zmiany-koloru\/","title":{"rendered":"Atomizer Copenhagen - USB - Zmiana koloru - Timer"},"content":{"rendered":"<p><strong>Dyfuzory zapach\u00f3w Copenhagen Atomiser<\/strong>&nbsp;s\u0105 ponadczasowe i eleganckie, zapewniaj\u0105 bezp\u0142omieniowy i bezdymny spos\u00f3b na nadanie zapachu pomieszczeniu lub biuru. Wystarczy doda\u0107 troch\u0119 wody i ulubiony olejek eteryczny lub zapachowy, aby uzyska\u0107 natychmiastowy aromat.&nbsp;<\/p>\n<p>- Pojemno\u015b\u0107 zbiornika 120 ml<\/p>\n<p>- \u015awiat\u0142o LED - 4 kolory<\/p>\n<p>- Zasilanie przez USB (d\u0142ugo\u015b\u0107 przewodu 100 cm)&nbsp;<\/p>\n<p>- Automatyczne wy\u0142\u0105czanie po wyczerpaniu wody<\/p>\n<p>- timer 1-3-6 godzin<\/p>\n<p>Wysoko\u015b\u0107: 15 cm, \u015arednica: 10,5 cm, Waga: 0,400&nbsp;<\/p>\n<p>W zestawie instrukcja obs\u0142ugi<\/p>","protected":false},"excerpt":{"rendered":"<p><strong>Dyfuzory zapach\u00f3w Copenhagen Atomiser<\/strong>&nbsp;s\u0105 ponadczasowe i eleganckie, zapewniaj\u0105 bezp\u0142omieniowy i bezdymny spos\u00f3b na nadanie zapachu pomieszczeniu lub biuru. Wystarczy doda\u0107 troch\u0119 wody i ulubiony olejek eteryczny lub zapachowy, aby uzyska\u0107 natychmiastowy aromat.&nbsp;<\/p>\n<p>- Pojemno\u015b\u0107 zbiornika 120 ml<\/p>\n<p>- \u015awiat\u0142o LED - 4 kolory<\/p>\n<p>- Zasilanie przez USB (d\u0142ugo\u015b\u0107 przewodu 100 cm)&nbsp;<\/p>\n<p>- Automatyczne wy\u0142\u0105czanie po wyczerpaniu wody<\/p>\n<p>- timer 1-3-6 godzin<\/p>\n<p>Wysoko\u015b\u0107: 15 cm, \u015arednica: 10,5 cm, Waga: 0,400&nbsp;<\/p>\n<p>W zestawie instrukcja obs\u0142ugi<\/p>","protected":false},"featured_media":4444,"template":"","meta":{"_acf_changed":false,"_price":"160","_stock":"229.000000","_tribe_ticket_header":"","_tribe_default_ticket_provider":"","_tribe_ticket_capacity":"","_ticket_start_date":"","_ticket_end_date":"","_tribe_ticket_show_description":"","_tribe_ticket_show_not_going":false,"_tribe_ticket_use_global_stock":"","_tribe_ticket_global_stock_level":"","_global_stock_mode":"","_global_stock_cap":"","_tribe_rsvp_for_event":"","_tribe_ticket_going_count":"","_tribe_ticket_not_going_count":"","_tribe_tickets_list":"[]","_tribe_ticket_has_attendee_info_fields":false,"_tec_slr_enabled":"","_tec_slr_layout":""},"product_brand":[],"product_cat":[138,142],"product_tag":[],"class_list":{"0":"post-4624","1":"product","2":"type-product","3":"status-publish","4":"has-post-thumbnail","6":"product_cat-atomisers","7":"product_cat-spa","9":"first","10":"instock","11":"shipping-taxable","12":"purchasable","13":"product-type-simple"},"acf":[],"_links":{"self":[{"href":"https:\/\/emeraldspa.pl\/pl\/wp-json\/wp\/v2\/product\/4624","targetHints":{"allow":["GET"]}}],"collection":[{"href":"https:\/\/emeraldspa.pl\/pl\/wp-json\/wp\/v2\/product"}],"about":[{"href":"https:\/\/emeraldspa.pl\/pl\/wp-json\/wp\/v2\/types\/product"}],"version-history":[{"count":1,"href":"https:\/\/emeraldspa.pl\/pl\/wp-json\/wp\/v2\/product\/4624\/revisions"}],"predecessor-version":[{"id":4653,"href":"https:\/\/emeraldspa.pl\/pl\/wp-json\/wp\/v2\/product\/4624\/revisions\/4653"}],"wp:featuredmedia":[{"embeddable":true,"href":"https:\/\/emeraldspa.pl\/pl\/wp-json\/wp\/v2\/media\/4444"}],"wp:attachment":[{"href":"https:\/\/emeraldspa.pl\/pl\/wp-json\/wp\/v2\/media?parent=4624"}],"wp:term":[{"taxonomy":"product_brand","embeddable":true,"href":"https:\/\/emeraldspa.pl\/pl\/wp-json\/wp\/v2\/product_brand?post=4624"},{"taxonomy":"product_cat","embeddable":true,"href":"https:\/\/emeraldspa.pl\/pl\/wp-json\/wp\/v2\/product_cat?post=4624"},{"taxonomy":"product_tag","embeddable":true,"href":"https:\/\/emeraldspa.pl\/pl\/wp-json\/wp\/v2\/product_tag?post=4624"}],"curies":[{"name":"wp","href":"https:\/\/api.w.org\/{rel}","templated":true}]}}