{"id":4610,"date":"2025-10-12T20:59:54","date_gmt":"2025-10-12T18:59:54","guid":{"rendered":"https:\/\/emeraldspa.pl\/spa-shop\/boxed-single-massage-soaps-tea-tree-aloe-vera\/"},"modified":"2025-10-15T21:03:05","modified_gmt":"2025-10-15T19:03:05","slug":"pojedyncze-mydlo-do-masazu-w-pudelku-drzewo-herbaciane-aloes","status":"publish","type":"product","link":"https:\/\/emeraldspa.pl\/pl\/sklep-spa\/pojedyncze-mydlo-do-masazu-w-pudelku-drzewo-herbaciane-aloes\/","title":{"rendered":"Pojedyncze myd\u0142o do masa\u017cu w pude\u0142ku - drzewo herbaciane i aloes"},"content":{"rendered":"","protected":false},"excerpt":{"rendered":"","protected":false},"featured_media":4394,"template":"","meta":{"_acf_changed":false,"_price":"50","_stock":"6.000000","_tribe_ticket_header":"","_tribe_default_ticket_provider":"","_tribe_ticket_capacity":"","_ticket_start_date":"","_ticket_end_date":"","_tribe_ticket_show_description":"","_tribe_ticket_show_not_going":false,"_tribe_ticket_use_global_stock":"","_tribe_ticket_global_stock_level":"","_global_stock_mode":"","_global_stock_cap":"","_tribe_rsvp_for_event":"","_tribe_ticket_going_count":"","_tribe_ticket_not_going_count":"","_tribe_tickets_list":"[]","_tribe_ticket_has_attendee_info_fields":false,"_tec_slr_enabled":"","_tec_slr_layout":""},"product_brand":[],"product_cat":[140],"product_tag":[],"class_list":{"0":"post-4610","1":"product","2":"type-product","3":"status-publish","4":"has-post-thumbnail","6":"product_cat-soaps","8":"first","9":"instock","10":"shipping-taxable","11":"purchasable","12":"product-type-simple"},"acf":[],"_links":{"self":[{"href":"https:\/\/emeraldspa.pl\/pl\/wp-json\/wp\/v2\/product\/4610","targetHints":{"allow":["GET"]}}],"collection":[{"href":"https:\/\/emeraldspa.pl\/pl\/wp-json\/wp\/v2\/product"}],"about":[{"href":"https:\/\/emeraldspa.pl\/pl\/wp-json\/wp\/v2\/types\/product"}],"version-history":[{"count":1,"href":"https:\/\/emeraldspa.pl\/pl\/wp-json\/wp\/v2\/product\/4610\/revisions"}],"predecessor-version":[{"id":4659,"href":"https:\/\/emeraldspa.pl\/pl\/wp-json\/wp\/v2\/product\/4610\/revisions\/4659"}],"wp:featuredmedia":[{"embeddable":true,"href":"https:\/\/emeraldspa.pl\/pl\/wp-json\/wp\/v2\/media\/4394"}],"wp:attachment":[{"href":"https:\/\/emeraldspa.pl\/pl\/wp-json\/wp\/v2\/media?parent=4610"}],"wp:term":[{"taxonomy":"product_brand","embeddable":true,"href":"https:\/\/emeraldspa.pl\/pl\/wp-json\/wp\/v2\/product_brand?post=4610"},{"taxonomy":"product_cat","embeddable":true,"href":"https:\/\/emeraldspa.pl\/pl\/wp-json\/wp\/v2\/product_cat?post=4610"},{"taxonomy":"product_tag","embeddable":true,"href":"https:\/\/emeraldspa.pl\/pl\/wp-json\/wp\/v2\/product_tag?post=4610"}],"curies":[{"name":"wp","href":"https:\/\/api.w.org\/{rel}","templated":true}]}}