{"id":4471,"date":"2025-10-12T20:59:10","date_gmt":"2025-10-12T18:59:10","guid":{"rendered":"https:\/\/emeraldspa.pl\/spa-shop\/sleepy-lavender-massage-oil-100ml\/"},"modified":"2026-01-05T04:30:53","modified_gmt":"2026-01-05T03:30:53","slug":"olejek-do-masazu-sleepy-lavender-100ml","status":"publish","type":"product","link":"https:\/\/emeraldspa.pl\/pl\/sklep-spa\/olejek-do-masazu-sleepy-lavender-100ml\/","title":{"rendered":"Olejek do masa\u017cu Sleepy Lavender - 100ml"},"content":{"rendered":"<p>Z punktu widzenia klient\u00f3w olejki do masa\u017cu maj\u0105 doskona\u0142y sens, poniewa\u017c kupowanie ka\u017cdego z poszczeg\u00f3lnych olejk\u00f3w do samodzielnego mieszania jest drogie i czasoch\u0142onne.&nbsp;<\/p>\n<p>Te olejki do masa\u017cu s\u0105 zmieszane z olejem z pestek winogron. Mo\u017cna nawet doda\u0107 kilka kropli do k\u0105pieli.<\/p>\n<p><strong>Olejek do masa\u017cu Sleepy Lavender<\/strong> zawiera znane na ca\u0142ym \u015bwiecie olejki eteryczne z lawendy i s\u0142odkiego majeranku oraz czysty olej z pestek winogron.<\/p>","protected":false},"excerpt":{"rendered":"<p>Z punktu widzenia klient\u00f3w olejki do masa\u017cu maj\u0105 doskona\u0142y sens, poniewa\u017c kupowanie ka\u017cdego z poszczeg\u00f3lnych olejk\u00f3w do samodzielnego mieszania jest drogie i czasoch\u0142onne.&nbsp;<\/p>\n<p>Te olejki do masa\u017cu s\u0105 zmieszane z olejem z pestek winogron. Mo\u017cna nawet doda\u0107 kilka kropli do k\u0105pieli.<\/p>\n<p><strong>Olejek do masa\u017cu Sleepy Lavender<\/strong> zawiera znane na ca\u0142ym \u015bwiecie olejki eteryczne z lawendy i s\u0142odkiego majeranku oraz czysty olej z pestek winogron.<\/p>","protected":false},"featured_media":4339,"template":"","meta":{"_acf_changed":false,"_price":"40","_stock":"0","_tribe_ticket_header":"","_tribe_default_ticket_provider":"","_tribe_ticket_capacity":"","_ticket_start_date":"","_ticket_end_date":"","_tribe_ticket_show_description":"","_tribe_ticket_show_not_going":false,"_tribe_ticket_use_global_stock":"","_tribe_ticket_global_stock_level":"","_global_stock_mode":"","_global_stock_cap":"","_tribe_rsvp_for_event":"","_tribe_ticket_going_count":"","_tribe_ticket_not_going_count":"","_tribe_tickets_list":"[]","_tribe_ticket_has_attendee_info_fields":false,"_tec_slr_enabled":"","_tec_slr_layout":""},"product_brand":[],"product_cat":[144,142],"product_tag":[],"class_list":{"0":"post-4471","1":"product","2":"type-product","3":"status-publish","4":"has-post-thumbnail","6":"product_cat-massage-oils","7":"product_cat-spa","9":"first","10":"outofstock","11":"shipping-taxable","12":"purchasable","13":"product-type-simple"},"acf":[],"_links":{"self":[{"href":"https:\/\/emeraldspa.pl\/pl\/wp-json\/wp\/v2\/product\/4471","targetHints":{"allow":["GET"]}}],"collection":[{"href":"https:\/\/emeraldspa.pl\/pl\/wp-json\/wp\/v2\/product"}],"about":[{"href":"https:\/\/emeraldspa.pl\/pl\/wp-json\/wp\/v2\/types\/product"}],"version-history":[{"count":1,"href":"https:\/\/emeraldspa.pl\/pl\/wp-json\/wp\/v2\/product\/4471\/revisions"}],"predecessor-version":[{"id":4823,"href":"https:\/\/emeraldspa.pl\/pl\/wp-json\/wp\/v2\/product\/4471\/revisions\/4823"}],"wp:featuredmedia":[{"embeddable":true,"href":"https:\/\/emeraldspa.pl\/pl\/wp-json\/wp\/v2\/media\/4339"}],"wp:attachment":[{"href":"https:\/\/emeraldspa.pl\/pl\/wp-json\/wp\/v2\/media?parent=4471"}],"wp:term":[{"taxonomy":"product_brand","embeddable":true,"href":"https:\/\/emeraldspa.pl\/pl\/wp-json\/wp\/v2\/product_brand?post=4471"},{"taxonomy":"product_cat","embeddable":true,"href":"https:\/\/emeraldspa.pl\/pl\/wp-json\/wp\/v2\/product_cat?post=4471"},{"taxonomy":"product_tag","embeddable":true,"href":"https:\/\/emeraldspa.pl\/pl\/wp-json\/wp\/v2\/product_tag?post=4471"}],"curies":[{"name":"wp","href":"https:\/\/api.w.org\/{rel}","templated":true}]}}