{"id":4425,"date":"2025-10-12T20:59:01","date_gmt":"2025-10-12T18:59:01","guid":{"rendered":"https:\/\/emeraldspa.pl\/spa-shop\/joints-ease-massage-oil-100ml\/"},"modified":"2026-02-11T17:44:38","modified_gmt":"2026-02-11T16:44:38","slug":"olejek-do-masazu-rozluzniajacy-stawy-100ml","status":"publish","type":"product","link":"https:\/\/emeraldspa.pl\/pl\/sklep-spa\/olejek-do-masazu-rozluzniajacy-stawy-100ml\/","title":{"rendered":"Olejek do masa\u017cu Joints Ease - 100ml"},"content":{"rendered":"<p>Ten uspokajaj\u0105cy olejek do masa\u017cu Joint Ease pomaga ukoi\u0107 bol\u0105ce mi\u0119\u015bnie, a tak\u017ce wspomaga sen. Je\u015bli wi\u0119c b\u00f3le nie pozwalaj\u0105 Ci zasn\u0105\u0107... wierzymy, \u017ce ta mieszanka olejk\u00f3w pomo\u017ce.<\/p>\n<p>Ten olejek do masa\u017cu mo\u017ce by\u0107 stosowany w przypadku zapalenia staw\u00f3w, reumatyzmu, rwy kulszowej, b\u00f3lu szyi i og\u00f3lnych b\u00f3l\u00f3w. Nak\u0142ada\u0107 codziennie wieczorem delikatnie na dotkni\u0119ty obszar. Je\u015bli b\u00f3l jest bardzo silny, stosowa\u0107 ponownie rano i w razie potrzeby uzupe\u0142nia\u0107 w ci\u0105gu dnia.<\/p>\n<p>Pozostawia sk\u00f3r\u0119 od\u017cywion\u0105, jedwabist\u0105 i idealnie mi\u0119kk\u0105. Tw\u00f3j <strong>Olejek do masa\u017cu Joint Ease<\/strong> zawiera znane na ca\u0142ym \u015bwiecie olejki eteryczne z rozmarynu, imbiru i geranium oraz czysty olej z pestek winogron.&nbsp;<\/p>","protected":false},"excerpt":{"rendered":"<p>Ten uspokajaj\u0105cy olejek do masa\u017cu Joint Ease pomaga ukoi\u0107 bol\u0105ce mi\u0119\u015bnie, a tak\u017ce wspomaga sen. Je\u015bli wi\u0119c b\u00f3le nie pozwalaj\u0105 Ci zasn\u0105\u0107... wierzymy, \u017ce ta mieszanka olejk\u00f3w pomo\u017ce.<\/p>\n<p>Ten olejek do masa\u017cu mo\u017ce by\u0107 stosowany w przypadku zapalenia staw\u00f3w, reumatyzmu, rwy kulszowej, b\u00f3lu szyi i og\u00f3lnych b\u00f3l\u00f3w. Nak\u0142ada\u0107 codziennie wieczorem delikatnie na dotkni\u0119ty obszar. Je\u015bli b\u00f3l jest bardzo silny, stosowa\u0107 ponownie rano i w razie potrzeby uzupe\u0142nia\u0107 w ci\u0105gu dnia.<\/p>\n<p>Pozostawia sk\u00f3r\u0119 od\u017cywion\u0105, jedwabist\u0105 i idealnie mi\u0119kk\u0105. Tw\u00f3j <strong>Olejek do masa\u017cu Joint Ease<\/strong> zawiera znane na ca\u0142ym \u015bwiecie olejki eteryczne z rozmarynu, imbiru i geranium oraz czysty olej z pestek winogron.&nbsp;<\/p>","protected":false},"featured_media":4287,"template":"","meta":{"_acf_changed":false,"_price":"30","_stock":"66","_tribe_ticket_header":"","_tribe_default_ticket_provider":"","_tribe_ticket_capacity":"","_ticket_start_date":"","_ticket_end_date":"","_tribe_ticket_show_description":"","_tribe_ticket_show_not_going":false,"_tribe_ticket_use_global_stock":"","_tribe_ticket_global_stock_level":"","_global_stock_mode":"","_global_stock_cap":"","_tribe_rsvp_for_event":"","_tribe_ticket_going_count":"","_tribe_ticket_not_going_count":"","_tribe_tickets_list":"[]","_tribe_ticket_has_attendee_info_fields":false,"_tec_slr_enabled":"","_tec_slr_layout":""},"product_brand":[],"product_cat":[144,142],"product_tag":[],"class_list":{"0":"post-4425","1":"product","2":"type-product","3":"status-publish","4":"has-post-thumbnail","6":"product_cat-massage-oils","7":"product_cat-spa","9":"first","10":"instock","11":"shipping-taxable","12":"purchasable","13":"product-type-simple"},"acf":[],"_links":{"self":[{"href":"https:\/\/emeraldspa.pl\/pl\/wp-json\/wp\/v2\/product\/4425","targetHints":{"allow":["GET"]}}],"collection":[{"href":"https:\/\/emeraldspa.pl\/pl\/wp-json\/wp\/v2\/product"}],"about":[{"href":"https:\/\/emeraldspa.pl\/pl\/wp-json\/wp\/v2\/types\/product"}],"version-history":[{"count":1,"href":"https:\/\/emeraldspa.pl\/pl\/wp-json\/wp\/v2\/product\/4425\/revisions"}],"predecessor-version":[{"id":4826,"href":"https:\/\/emeraldspa.pl\/pl\/wp-json\/wp\/v2\/product\/4425\/revisions\/4826"}],"wp:featuredmedia":[{"embeddable":true,"href":"https:\/\/emeraldspa.pl\/pl\/wp-json\/wp\/v2\/media\/4287"}],"wp:attachment":[{"href":"https:\/\/emeraldspa.pl\/pl\/wp-json\/wp\/v2\/media?parent=4425"}],"wp:term":[{"taxonomy":"product_brand","embeddable":true,"href":"https:\/\/emeraldspa.pl\/pl\/wp-json\/wp\/v2\/product_brand?post=4425"},{"taxonomy":"product_cat","embeddable":true,"href":"https:\/\/emeraldspa.pl\/pl\/wp-json\/wp\/v2\/product_cat?post=4425"},{"taxonomy":"product_tag","embeddable":true,"href":"https:\/\/emeraldspa.pl\/pl\/wp-json\/wp\/v2\/product_tag?post=4425"}],"curies":[{"name":"wp","href":"https:\/\/api.w.org\/{rel}","templated":true}]}}