{"id":4420,"date":"2025-10-12T20:59:00","date_gmt":"2025-10-12T18:59:00","guid":{"rendered":"https:\/\/emeraldspa.pl\/spa-shop\/scalp-massage-oil-100ml\/"},"modified":"2025-10-27T17:18:00","modified_gmt":"2025-10-27T16:18:00","slug":"olejek-do-masazu-skory-glowy-100ml","status":"publish","type":"product","link":"https:\/\/emeraldspa.pl\/pl\/sklep-spa\/olejek-do-masazu-skory-glowy-100ml\/","title":{"rendered":"Olejek do masa\u017cu sk\u00f3ry g\u0142owy - 100ml"},"content":{"rendered":"<p><strong>Sk\u0142adniki :<\/strong> Olejki eteryczne z drzewa herbacianego i eukaliptusa<br \/>zmieszany z olejem z pestek winogron.<\/p>\n<p>Oleje do masa\u017cu Ancient Wisdom s\u0105 fachowo mieszane. Nie tylko s\u0105 przeznaczone do wspania\u0142ego masa\u017cu, ale ka\u017cdy z nich jest nasycony olejkami eterycznymi, kt\u00f3re dodaj\u0105 mu wyj\u0105tkowego charakteru.<\/p>\n<p><strong>Olejek do masa\u017cu sk\u00f3ry g\u0142owy<\/strong> ma by\u0107 pot\u0119\u017cn\u0105 si\u0142\u0105 przeciwko<br \/>infekcje, podra\u017cnienia i paso\u017cyty. &nbsp; &nbsp; &nbsp; &nbsp; &nbsp; &nbsp; &nbsp; &nbsp; &nbsp; &nbsp; &nbsp; &nbsp; &nbsp; &nbsp; &nbsp; &nbsp; &nbsp; &nbsp; &nbsp; &nbsp; &nbsp; &nbsp;&nbsp;<\/p>\n<p>Mieszanka drzewa herbacianego i eukaliptusa oznacza, \u017ce olejek ten obejmuje niemal pe\u0142ne spektrum od gnid i wszy po infekcje grzybicze, \u0142upie\u017c i przet\u0142uszczaj\u0105ce si\u0119 w\u0142osy.<\/p>\n<p><strong>Alergeny&nbsp;<\/strong>:  Limonene.<\/p>","protected":false},"excerpt":{"rendered":"<p><strong>Sk\u0142adniki :<\/strong> Olejki eteryczne z drzewa herbacianego i eukaliptusa<br \/>zmieszany z olejem z pestek winogron.<\/p>\n<p>Oleje do masa\u017cu Ancient Wisdom s\u0105 fachowo mieszane. Nie tylko s\u0105 przeznaczone do wspania\u0142ego masa\u017cu, ale ka\u017cdy z nich jest nasycony olejkami eterycznymi, kt\u00f3re dodaj\u0105 mu wyj\u0105tkowego charakteru.<\/p>\n<p><strong>Olejek do masa\u017cu sk\u00f3ry g\u0142owy<\/strong> ma by\u0107 pot\u0119\u017cn\u0105 si\u0142\u0105 przeciwko<br \/>infekcje, podra\u017cnienia i paso\u017cyty. &nbsp; &nbsp; &nbsp; &nbsp; &nbsp; &nbsp; &nbsp; &nbsp; &nbsp; &nbsp; &nbsp; &nbsp; &nbsp; &nbsp; &nbsp; &nbsp; &nbsp; &nbsp; &nbsp; &nbsp; &nbsp; &nbsp;&nbsp;<\/p>\n<p>Mieszanka drzewa herbacianego i eukaliptusa oznacza, \u017ce olejek ten obejmuje niemal pe\u0142ne spektrum od gnid i wszy po infekcje grzybicze, \u0142upie\u017c i przet\u0142uszczaj\u0105ce si\u0119 w\u0142osy.<\/p>\n<p><strong>Alergeny&nbsp;<\/strong>:  Limonene.<\/p>","protected":false},"featured_media":4345,"template":"","meta":{"_acf_changed":false,"_price":"40","_stock":"33.000000","_tribe_ticket_header":"","_tribe_default_ticket_provider":"","_tribe_ticket_capacity":"","_ticket_start_date":"","_ticket_end_date":"","_tribe_ticket_show_description":"","_tribe_ticket_show_not_going":false,"_tribe_ticket_use_global_stock":"","_tribe_ticket_global_stock_level":"","_global_stock_mode":"","_global_stock_cap":"","_tribe_rsvp_for_event":"","_tribe_ticket_going_count":"","_tribe_ticket_not_going_count":"","_tribe_tickets_list":"[]","_tribe_ticket_has_attendee_info_fields":false,"_tec_slr_enabled":"","_tec_slr_layout":""},"product_brand":[],"product_cat":[144,142],"product_tag":[],"class_list":{"0":"post-4420","1":"product","2":"type-product","3":"status-publish","4":"has-post-thumbnail","6":"product_cat-massage-oils","7":"product_cat-spa","9":"first","10":"instock","11":"shipping-taxable","12":"purchasable","13":"product-type-simple"},"acf":[],"_links":{"self":[{"href":"https:\/\/emeraldspa.pl\/pl\/wp-json\/wp\/v2\/product\/4420","targetHints":{"allow":["GET"]}}],"collection":[{"href":"https:\/\/emeraldspa.pl\/pl\/wp-json\/wp\/v2\/product"}],"about":[{"href":"https:\/\/emeraldspa.pl\/pl\/wp-json\/wp\/v2\/types\/product"}],"version-history":[{"count":1,"href":"https:\/\/emeraldspa.pl\/pl\/wp-json\/wp\/v2\/product\/4420\/revisions"}],"predecessor-version":[{"id":4827,"href":"https:\/\/emeraldspa.pl\/pl\/wp-json\/wp\/v2\/product\/4420\/revisions\/4827"}],"wp:featuredmedia":[{"embeddable":true,"href":"https:\/\/emeraldspa.pl\/pl\/wp-json\/wp\/v2\/media\/4345"}],"wp:attachment":[{"href":"https:\/\/emeraldspa.pl\/pl\/wp-json\/wp\/v2\/media?parent=4420"}],"wp:term":[{"taxonomy":"product_brand","embeddable":true,"href":"https:\/\/emeraldspa.pl\/pl\/wp-json\/wp\/v2\/product_brand?post=4420"},{"taxonomy":"product_cat","embeddable":true,"href":"https:\/\/emeraldspa.pl\/pl\/wp-json\/wp\/v2\/product_cat?post=4420"},{"taxonomy":"product_tag","embeddable":true,"href":"https:\/\/emeraldspa.pl\/pl\/wp-json\/wp\/v2\/product_tag?post=4420"}],"curies":[{"name":"wp","href":"https:\/\/api.w.org\/{rel}","templated":true}]}}