{"id":4402,"date":"2025-10-12T20:58:56","date_gmt":"2025-10-12T18:58:56","guid":{"rendered":"https:\/\/emeraldspa.pl\/spa-shop\/sensual-massage-oil-100ml\/"},"modified":"2026-02-10T14:00:55","modified_gmt":"2026-02-10T13:00:55","slug":"zmyslowy-olejek-do-masazu-100ml","status":"publish","type":"product","link":"https:\/\/emeraldspa.pl\/pl\/sklep-spa\/zmyslowy-olejek-do-masazu-100ml\/","title":{"rendered":"Zmys\u0142owy olejek do masa\u017cu - 100ml"},"content":{"rendered":"<p><strong>Pobud\u017a swoje zmys\u0142y tym niesamowicie pachn\u0105cym, nawil\u017caj\u0105cym olejkiem do masa\u017cu Sensual Massage Oil. <\/strong><\/p>\n<p>Rozgrzej olejek mi\u0119dzy d\u0142o\u0144mi, a nast\u0119pnie uspok\u00f3j si\u0119 i rozkoszuj si\u0119 sob\u0105 nawzajem lub rozpieszczaj si\u0119 solo.<\/p>\n<p>Pozostawia sk\u00f3r\u0119 od\u017cywion\u0105, jedwabist\u0105 i idealnie mi\u0119kk\u0105. Tw\u00f3j zmys\u0142owy olejek do masa\u017cu jest wykonany ze znanej na ca\u0142ym \u015bwiecie jako\u015bci Ancient Wisdom.<\/p>\n<p>Ylang Ylang, olejki eteryczne z pomara\u0144czy i paczuli oraz czysty olej z pestek winogron. Zam\u00f3w teraz, aby uzyska\u0107 idealny dodatek do zmys\u0142owego masa\u017cu.<\/p>","protected":false},"excerpt":{"rendered":"<p><strong>Pobud\u017a swoje zmys\u0142y tym niesamowicie pachn\u0105cym, nawil\u017caj\u0105cym olejkiem do masa\u017cu Sensual Massage Oil. <\/strong><\/p>\n<p>Rozgrzej olejek mi\u0119dzy d\u0142o\u0144mi, a nast\u0119pnie uspok\u00f3j si\u0119 i rozkoszuj si\u0119 sob\u0105 nawzajem lub rozpieszczaj si\u0119 solo.<\/p>\n<p>Pozostawia sk\u00f3r\u0119 od\u017cywion\u0105, jedwabist\u0105 i idealnie mi\u0119kk\u0105. Tw\u00f3j zmys\u0142owy olejek do masa\u017cu jest wykonany ze znanej na ca\u0142ym \u015bwiecie jako\u015bci Ancient Wisdom.<\/p>\n<p>Ylang Ylang, olejki eteryczne z pomara\u0144czy i paczuli oraz czysty olej z pestek winogron. Zam\u00f3w teraz, aby uzyska\u0107 idealny dodatek do zmys\u0142owego masa\u017cu.<\/p>","protected":false},"featured_media":4278,"template":"","meta":{"_acf_changed":false,"_price":"40","_stock":"151","_tribe_ticket_header":"","_tribe_default_ticket_provider":"","_tribe_ticket_capacity":"","_ticket_start_date":"","_ticket_end_date":"","_tribe_ticket_show_description":"","_tribe_ticket_show_not_going":false,"_tribe_ticket_use_global_stock":"","_tribe_ticket_global_stock_level":"","_global_stock_mode":"","_global_stock_cap":"","_tribe_rsvp_for_event":"","_tribe_ticket_going_count":"","_tribe_ticket_not_going_count":"","_tribe_tickets_list":"[]","_tribe_ticket_has_attendee_info_fields":false,"_tec_slr_enabled":"","_tec_slr_layout":""},"product_brand":[],"product_cat":[144,142],"product_tag":[],"class_list":{"0":"post-4402","1":"product","2":"type-product","3":"status-publish","4":"has-post-thumbnail","6":"product_cat-massage-oils","7":"product_cat-spa","9":"first","10":"instock","11":"shipping-taxable","12":"purchasable","13":"product-type-simple"},"acf":[],"_links":{"self":[{"href":"https:\/\/emeraldspa.pl\/pl\/wp-json\/wp\/v2\/product\/4402","targetHints":{"allow":["GET"]}}],"collection":[{"href":"https:\/\/emeraldspa.pl\/pl\/wp-json\/wp\/v2\/product"}],"about":[{"href":"https:\/\/emeraldspa.pl\/pl\/wp-json\/wp\/v2\/types\/product"}],"version-history":[{"count":1,"href":"https:\/\/emeraldspa.pl\/pl\/wp-json\/wp\/v2\/product\/4402\/revisions"}],"predecessor-version":[{"id":4829,"href":"https:\/\/emeraldspa.pl\/pl\/wp-json\/wp\/v2\/product\/4402\/revisions\/4829"}],"wp:featuredmedia":[{"embeddable":true,"href":"https:\/\/emeraldspa.pl\/pl\/wp-json\/wp\/v2\/media\/4278"}],"wp:attachment":[{"href":"https:\/\/emeraldspa.pl\/pl\/wp-json\/wp\/v2\/media?parent=4402"}],"wp:term":[{"taxonomy":"product_brand","embeddable":true,"href":"https:\/\/emeraldspa.pl\/pl\/wp-json\/wp\/v2\/product_brand?post=4402"},{"taxonomy":"product_cat","embeddable":true,"href":"https:\/\/emeraldspa.pl\/pl\/wp-json\/wp\/v2\/product_cat?post=4402"},{"taxonomy":"product_tag","embeddable":true,"href":"https:\/\/emeraldspa.pl\/pl\/wp-json\/wp\/v2\/product_tag?post=4402"}],"curies":[{"name":"wp","href":"https:\/\/api.w.org\/{rel}","templated":true}]}}