{"id":4376,"date":"2025-10-12T20:58:51","date_gmt":"2025-10-12T18:58:51","guid":{"rendered":"https:\/\/emeraldspa.pl\/spa-shop\/med-concrete-soy-candle-berrys-juniper-sweet-gin\/"},"modified":"2025-10-27T17:18:00","modified_gmt":"2025-10-27T16:18:00","slug":"med-concrete-swieca-sojowa-jagody-jalowca-slodki-gin","status":"publish","type":"product","link":"https:\/\/emeraldspa.pl\/pl\/sklep-spa\/med-concrete-swieca-sojowa-jagody-jalowca-slodki-gin\/","title":{"rendered":"\u015awieca sojowa Med Concrete - Berrys - Juniper &amp; Sweet Gin"},"content":{"rendered":"<p>Te pi\u0119kne i unikalne \u015bwiece Wooden Wick Concrete Candle s\u0105 jednymi z naszych ulubionych. Maj\u0105 naturalny i surowy wygl\u0105d, kt\u00f3ry nadaje im lekko\u015bci i mi\u0142o\u015bci.<\/p>\n<p>Filcowe podk\u0142adki zosta\u0142y dodane do spodu, aby zapobiec zarysowaniu powierzchni. Naturalny drewniany knot tworzy koj\u0105cy d\u017awi\u0119k trzaskaj\u0105cego ognia! Konstrukcja betonowej doniczki pozwala na jej ponowne wykorzystanie w celu zintegrowania z wystrojem po zu\u017cyciu \u015bwiecy, na przyk\u0142ad jako doniczka na ro\u015bliny. &nbsp;<\/p>\n<p>Zalet\u0105 korzystania z materia\u0142u takiego jak beton jest to, \u017ce ka\u017cdy wykonany przedmiot jest unikalny z w\u0142asnymi anomaliami i dziwactwami. Jest to r\u00f3wnie\u017c idealny prezent walentynkowy, upominek \u015blubny i dekoracja sto\u0142u.<\/p>","protected":false},"excerpt":{"rendered":"<p>Te pi\u0119kne i unikalne \u015bwiece Wooden Wick Concrete Candle s\u0105 jednymi z naszych ulubionych. Maj\u0105 naturalny i surowy wygl\u0105d, kt\u00f3ry nadaje im lekko\u015bci i mi\u0142o\u015bci.<\/p>\n<p>Filcowe podk\u0142adki zosta\u0142y dodane do spodu, aby zapobiec zarysowaniu powierzchni. Naturalny drewniany knot tworzy koj\u0105cy d\u017awi\u0119k trzaskaj\u0105cego ognia! Konstrukcja betonowej doniczki pozwala na jej ponowne wykorzystanie w celu zintegrowania z wystrojem po zu\u017cyciu \u015bwiecy, na przyk\u0142ad jako doniczka na ro\u015bliny. &nbsp;<\/p>\n<p>Zalet\u0105 korzystania z materia\u0142u takiego jak beton jest to, \u017ce ka\u017cdy wykonany przedmiot jest unikalny z w\u0142asnymi anomaliami i dziwactwami. Jest to r\u00f3wnie\u017c idealny prezent walentynkowy, upominek \u015blubny i dekoracja sto\u0142u.<\/p>","protected":false},"featured_media":4257,"template":"","meta":{"_acf_changed":false,"_price":"70","_stock":"128.000000","_tribe_ticket_header":"","_tribe_default_ticket_provider":"","_tribe_ticket_capacity":"","_ticket_start_date":"","_ticket_end_date":"","_tribe_ticket_show_description":"","_tribe_ticket_show_not_going":false,"_tribe_ticket_use_global_stock":"","_tribe_ticket_global_stock_level":"","_global_stock_mode":"","_global_stock_cap":"","_tribe_rsvp_for_event":"","_tribe_ticket_going_count":"","_tribe_ticket_not_going_count":"","_tribe_tickets_list":"[]","_tribe_ticket_has_attendee_info_fields":false,"_tec_slr_enabled":"","_tec_slr_layout":""},"product_brand":[],"product_cat":[137],"product_tag":[],"class_list":{"0":"post-4376","1":"product","2":"type-product","3":"status-publish","4":"has-post-thumbnail","6":"product_cat-candles","8":"first","9":"instock","10":"shipping-taxable","11":"purchasable","12":"product-type-simple"},"acf":[],"_links":{"self":[{"href":"https:\/\/emeraldspa.pl\/pl\/wp-json\/wp\/v2\/product\/4376","targetHints":{"allow":["GET"]}}],"collection":[{"href":"https:\/\/emeraldspa.pl\/pl\/wp-json\/wp\/v2\/product"}],"about":[{"href":"https:\/\/emeraldspa.pl\/pl\/wp-json\/wp\/v2\/types\/product"}],"version-history":[{"count":1,"href":"https:\/\/emeraldspa.pl\/pl\/wp-json\/wp\/v2\/product\/4376\/revisions"}],"predecessor-version":[{"id":4820,"href":"https:\/\/emeraldspa.pl\/pl\/wp-json\/wp\/v2\/product\/4376\/revisions\/4820"}],"wp:featuredmedia":[{"embeddable":true,"href":"https:\/\/emeraldspa.pl\/pl\/wp-json\/wp\/v2\/media\/4257"}],"wp:attachment":[{"href":"https:\/\/emeraldspa.pl\/pl\/wp-json\/wp\/v2\/media?parent=4376"}],"wp:term":[{"taxonomy":"product_brand","embeddable":true,"href":"https:\/\/emeraldspa.pl\/pl\/wp-json\/wp\/v2\/product_brand?post=4376"},{"taxonomy":"product_cat","embeddable":true,"href":"https:\/\/emeraldspa.pl\/pl\/wp-json\/wp\/v2\/product_cat?post=4376"},{"taxonomy":"product_tag","embeddable":true,"href":"https:\/\/emeraldspa.pl\/pl\/wp-json\/wp\/v2\/product_tag?post=4376"}],"curies":[{"name":"wp","href":"https:\/\/api.w.org\/{rel}","templated":true}]}}