{"id":4371,"date":"2025-10-12T20:58:50","date_gmt":"2025-10-12T18:58:50","guid":{"rendered":"https:\/\/emeraldspa.pl\/spa-shop\/sandalwood-glow-massage-oil-100ml\/"},"modified":"2025-10-27T17:18:01","modified_gmt":"2025-10-27T16:18:01","slug":"olejek-do-masazu-z-drzewa-sandalowego-100ml","status":"publish","type":"product","link":"https:\/\/emeraldspa.pl\/pl\/sklep-spa\/olejek-do-masazu-z-drzewa-sandalowego-100ml\/","title":{"rendered":"Olejek do masa\u017cu Sandalwood Glow - 100ml"},"content":{"rendered":"<p><strong>Ten s\u0142odki i balsamiczny olejek do masa\u017cu Sandalwood&apos;s Glow przynosi spok\u00f3j, a jego koj\u0105ce w\u0142a\u015bciwo\u015bci nawil\u017caj\u0105 bardzo such\u0105 sk\u00f3r\u0119.<\/strong><\/p>\n<p>Rozgrzej olejek mi\u0119dzy d\u0142o\u0144mi, a nast\u0119pnie uspok\u00f3j si\u0119 i rozkoszuj si\u0119 sob\u0105 nawzajem lub rozpieszczaj si\u0119 solo.<\/p>\n<p>Pozostawia sk\u00f3r\u0119 od\u017cywion\u0105, jedwabist\u0105 i idealnie mi\u0119kk\u0105. Olejek do masa\u017cu Sandalwood Glow zawiera znane na ca\u0142ym \u015bwiecie olejki eteryczne z drzewa sanda\u0142owego, amyrisu, czarnego pieprzu i mandarynki oraz czysty olej z pestek winogron.&nbsp;<\/p>","protected":false},"excerpt":{"rendered":"<p><strong>Ten s\u0142odki i balsamiczny olejek do masa\u017cu Sandalwood&apos;s Glow przynosi spok\u00f3j, a jego koj\u0105ce w\u0142a\u015bciwo\u015bci nawil\u017caj\u0105 bardzo such\u0105 sk\u00f3r\u0119.<\/strong><\/p>\n<p>Rozgrzej olejek mi\u0119dzy d\u0142o\u0144mi, a nast\u0119pnie uspok\u00f3j si\u0119 i rozkoszuj si\u0119 sob\u0105 nawzajem lub rozpieszczaj si\u0119 solo.<\/p>\n<p>Pozostawia sk\u00f3r\u0119 od\u017cywion\u0105, jedwabist\u0105 i idealnie mi\u0119kk\u0105. Olejek do masa\u017cu Sandalwood Glow zawiera znane na ca\u0142ym \u015bwiecie olejki eteryczne z drzewa sanda\u0142owego, amyrisu, czarnego pieprzu i mandarynki oraz czysty olej z pestek winogron.&nbsp;<\/p>","protected":false},"featured_media":4273,"template":"","meta":{"_acf_changed":false,"_price":"30","_stock":"71","_tribe_ticket_header":"","_tribe_default_ticket_provider":"","_tribe_ticket_capacity":"","_ticket_start_date":"","_ticket_end_date":"","_tribe_ticket_show_description":"","_tribe_ticket_show_not_going":false,"_tribe_ticket_use_global_stock":"","_tribe_ticket_global_stock_level":"","_global_stock_mode":"","_global_stock_cap":"","_tribe_rsvp_for_event":"","_tribe_ticket_going_count":"","_tribe_ticket_not_going_count":"","_tribe_tickets_list":"[]","_tribe_ticket_has_attendee_info_fields":false,"_tec_slr_enabled":"","_tec_slr_layout":""},"product_brand":[],"product_cat":[144,142],"product_tag":[],"class_list":{"0":"post-4371","1":"product","2":"type-product","3":"status-publish","4":"has-post-thumbnail","6":"product_cat-massage-oils","7":"product_cat-spa","9":"first","10":"instock","11":"shipping-taxable","12":"purchasable","13":"product-type-simple"},"acf":[],"_links":{"self":[{"href":"https:\/\/emeraldspa.pl\/pl\/wp-json\/wp\/v2\/product\/4371","targetHints":{"allow":["GET"]}}],"collection":[{"href":"https:\/\/emeraldspa.pl\/pl\/wp-json\/wp\/v2\/product"}],"about":[{"href":"https:\/\/emeraldspa.pl\/pl\/wp-json\/wp\/v2\/types\/product"}],"version-history":[{"count":1,"href":"https:\/\/emeraldspa.pl\/pl\/wp-json\/wp\/v2\/product\/4371\/revisions"}],"predecessor-version":[{"id":4832,"href":"https:\/\/emeraldspa.pl\/pl\/wp-json\/wp\/v2\/product\/4371\/revisions\/4832"}],"wp:featuredmedia":[{"embeddable":true,"href":"https:\/\/emeraldspa.pl\/pl\/wp-json\/wp\/v2\/media\/4273"}],"wp:attachment":[{"href":"https:\/\/emeraldspa.pl\/pl\/wp-json\/wp\/v2\/media?parent=4371"}],"wp:term":[{"taxonomy":"product_brand","embeddable":true,"href":"https:\/\/emeraldspa.pl\/pl\/wp-json\/wp\/v2\/product_brand?post=4371"},{"taxonomy":"product_cat","embeddable":true,"href":"https:\/\/emeraldspa.pl\/pl\/wp-json\/wp\/v2\/product_cat?post=4371"},{"taxonomy":"product_tag","embeddable":true,"href":"https:\/\/emeraldspa.pl\/pl\/wp-json\/wp\/v2\/product_tag?post=4371"}],"curies":[{"name":"wp","href":"https:\/\/api.w.org\/{rel}","templated":true}]}}