{"id":4368,"date":"2025-10-12T20:58:50","date_gmt":"2025-10-12T18:58:50","guid":{"rendered":"https:\/\/emeraldspa.pl\/spa-shop\/spicy-rub-massage-oil-50ml\/"},"modified":"2026-01-05T04:30:19","modified_gmt":"2026-01-05T03:30:19","slug":"olejek-do-masazu-spicy-rub-50ml","status":"publish","type":"product","link":"https:\/\/emeraldspa.pl\/pl\/sklep-spa\/olejek-do-masazu-spicy-rub-50ml\/","title":{"rendered":"Olejek do masa\u017cu Spicy Rub - 50ml"},"content":{"rendered":"<p><strong>Sk\u0142adniki :<\/strong> Olejki eteryczne z cytryny, rozmarynu, imbiru i pieprzu czarnego zmieszane z olejem z pestek winogron.<\/p>\n<p><strong>Oleje do masa\u017cu Ancient Wisdom&nbsp;<\/strong>zosta\u0142y opracowane przez ekspert\u00f3w. S\u0105 one nie tylko przeznaczone do wspania\u0142ego masa\u017cu, ale ka\u017cdy z nich jest nasycony olejkami eterycznymi, kt\u00f3re dodaj\u0105 mu wyj\u0105tkowego charakteru.<\/p>\n<p><strong>Spicy Rub Massage Oi<\/strong>l to mieszanka, kt\u00f3ra ma by\u0107 ekscytuj\u0105ca i<br \/>energetyzuj\u0105ce do\u015bwiadczenie masa\u017cu. Po\u0142\u0105czenie olejk\u00f3w pobudzi<br \/>zmys\u0142y i sk\u00f3r\u0119. Mieszanka ta dzia\u0142a r\u00f3wnie\u017c rozgrzewaj\u0105co na sk\u00f3r\u0119.<\/p>\n<p><strong>Alergeny :<\/strong> Limonene, Geraniol, Linalool i Citral.<\/p>","protected":false},"excerpt":{"rendered":"<p><strong>Sk\u0142adniki :<\/strong> Olejki eteryczne z cytryny, rozmarynu, imbiru i pieprzu czarnego zmieszane z olejem z pestek winogron.<\/p>\n<p><strong>Oleje do masa\u017cu Ancient Wisdom&nbsp;<\/strong>zosta\u0142y opracowane przez ekspert\u00f3w. S\u0105 one nie tylko przeznaczone do wspania\u0142ego masa\u017cu, ale ka\u017cdy z nich jest nasycony olejkami eterycznymi, kt\u00f3re dodaj\u0105 mu wyj\u0105tkowego charakteru.<\/p>\n<p><strong>Spicy Rub Massage Oi<\/strong>l to mieszanka, kt\u00f3ra ma by\u0107 ekscytuj\u0105ca i<br \/>energetyzuj\u0105ce do\u015bwiadczenie masa\u017cu. Po\u0142\u0105czenie olejk\u00f3w pobudzi<br \/>zmys\u0142y i sk\u00f3r\u0119. Mieszanka ta dzia\u0142a r\u00f3wnie\u017c rozgrzewaj\u0105co na sk\u00f3r\u0119.<\/p>\n<p><strong>Alergeny :<\/strong> Limonene, Geraniol, Linalool i Citral.<\/p>","protected":false},"featured_media":4254,"template":"","meta":{"_acf_changed":false,"_price":"30","_stock":"0","_tribe_ticket_header":"","_tribe_default_ticket_provider":"","_tribe_ticket_capacity":"","_ticket_start_date":"","_ticket_end_date":"","_tribe_ticket_show_description":"","_tribe_ticket_show_not_going":false,"_tribe_ticket_use_global_stock":"","_tribe_ticket_global_stock_level":"","_global_stock_mode":"","_global_stock_cap":"","_tribe_rsvp_for_event":"","_tribe_ticket_going_count":"","_tribe_ticket_not_going_count":"","_tribe_tickets_list":"[]","_tribe_ticket_has_attendee_info_fields":false,"_tec_slr_enabled":"","_tec_slr_layout":""},"product_brand":[],"product_cat":[144,142],"product_tag":[],"class_list":{"0":"post-4368","1":"product","2":"type-product","3":"status-publish","4":"has-post-thumbnail","6":"product_cat-massage-oils","7":"product_cat-spa","9":"first","10":"outofstock","11":"shipping-taxable","12":"purchasable","13":"product-type-simple"},"acf":[],"_links":{"self":[{"href":"https:\/\/emeraldspa.pl\/pl\/wp-json\/wp\/v2\/product\/4368","targetHints":{"allow":["GET"]}}],"collection":[{"href":"https:\/\/emeraldspa.pl\/pl\/wp-json\/wp\/v2\/product"}],"about":[{"href":"https:\/\/emeraldspa.pl\/pl\/wp-json\/wp\/v2\/types\/product"}],"version-history":[{"count":1,"href":"https:\/\/emeraldspa.pl\/pl\/wp-json\/wp\/v2\/product\/4368\/revisions"}],"predecessor-version":[{"id":4834,"href":"https:\/\/emeraldspa.pl\/pl\/wp-json\/wp\/v2\/product\/4368\/revisions\/4834"}],"wp:featuredmedia":[{"embeddable":true,"href":"https:\/\/emeraldspa.pl\/pl\/wp-json\/wp\/v2\/media\/4254"}],"wp:attachment":[{"href":"https:\/\/emeraldspa.pl\/pl\/wp-json\/wp\/v2\/media?parent=4368"}],"wp:term":[{"taxonomy":"product_brand","embeddable":true,"href":"https:\/\/emeraldspa.pl\/pl\/wp-json\/wp\/v2\/product_brand?post=4368"},{"taxonomy":"product_cat","embeddable":true,"href":"https:\/\/emeraldspa.pl\/pl\/wp-json\/wp\/v2\/product_cat?post=4368"},{"taxonomy":"product_tag","embeddable":true,"href":"https:\/\/emeraldspa.pl\/pl\/wp-json\/wp\/v2\/product_tag?post=4368"}],"curies":[{"name":"wp","href":"https:\/\/api.w.org\/{rel}","templated":true}]}}