{"id":4367,"date":"2025-10-12T20:58:49","date_gmt":"2025-10-12T18:58:49","guid":{"rendered":"https:\/\/emeraldspa.pl\/spa-shop\/toning-firming-massage-oil-50ml\/"},"modified":"2025-10-27T17:18:01","modified_gmt":"2025-10-27T16:18:01","slug":"tonizujacy-ujedrniajacy-olejek-do-masazu-50ml","status":"publish","type":"product","link":"https:\/\/emeraldspa.pl\/pl\/sklep-spa\/tonizujacy-ujedrniajacy-olejek-do-masazu-50ml\/","title":{"rendered":"Tonizuj\u0105cy i uj\u0119drniaj\u0105cy olejek do masa\u017cu - 50ml"},"content":{"rendered":"<p><strong>Sk\u0142adniki :&nbsp;<\/strong>Olejki eteryczne z pomara\u0144czy, grejpfruta, geranium i sza\u0142wii muszkato\u0142owej zmieszane z olejem z pestek winogron.<\/p>\n<p><strong>Oleje do masa\u017cu Ancient Wisdom<\/strong> zosta\u0142y opracowane przez ekspert\u00f3w. S\u0105 one nie tylko przeznaczone do wspania\u0142ego masa\u017cu, ale ka\u017cdy z nich jest nasycony olejkami eterycznymi, kt\u00f3re dodaj\u0105 mu wyj\u0105tkowego charakteru.<\/p>\n<p><strong>Tonizuj\u0105cy i uj\u0119drniaj\u0105cy olejek do masa\u017cu<\/strong> zosta\u0142 zaprojektowany, aby zdzia\u0142a\u0107 cuda dla<br \/>sk\u00f3ry. Mieszanka olejk\u00f3w ma silne w\u0142a\u015bciwo\u015bci \u015bci\u0105gaj\u0105ce, kt\u00f3re tonizuj\u0105 i napinaj\u0105 sk\u00f3r\u0119, a tak\u017ce pomagaj\u0105 radzi\u0107 sobie z plamami i wypryskami. Pomaga r\u00f3wnie\u017c utrzyma\u0107 sk\u00f3r\u0119 niet\u0142ust\u0105 i zdrowo wygl\u0105daj\u0105c\u0105.<\/p>\n<p><strong>Alergeny :&nbsp;<\/strong>Limonen, Linalool, Citronellol, Geraniol i Citral.<\/p>","protected":false},"excerpt":{"rendered":"<p><strong>Sk\u0142adniki :&nbsp;<\/strong>Olejki eteryczne z pomara\u0144czy, grejpfruta, geranium i sza\u0142wii muszkato\u0142owej zmieszane z olejem z pestek winogron.<\/p>\n<p><strong>Oleje do masa\u017cu Ancient Wisdom<\/strong> zosta\u0142y opracowane przez ekspert\u00f3w. S\u0105 one nie tylko przeznaczone do wspania\u0142ego masa\u017cu, ale ka\u017cdy z nich jest nasycony olejkami eterycznymi, kt\u00f3re dodaj\u0105 mu wyj\u0105tkowego charakteru.<\/p>\n<p><strong>Tonizuj\u0105cy i uj\u0119drniaj\u0105cy olejek do masa\u017cu<\/strong> zosta\u0142 zaprojektowany, aby zdzia\u0142a\u0107 cuda dla<br \/>sk\u00f3ry. Mieszanka olejk\u00f3w ma silne w\u0142a\u015bciwo\u015bci \u015bci\u0105gaj\u0105ce, kt\u00f3re tonizuj\u0105 i napinaj\u0105 sk\u00f3r\u0119, a tak\u017ce pomagaj\u0105 radzi\u0107 sobie z plamami i wypryskami. Pomaga r\u00f3wnie\u017c utrzyma\u0107 sk\u00f3r\u0119 niet\u0142ust\u0105 i zdrowo wygl\u0105daj\u0105c\u0105.<\/p>\n<p><strong>Alergeny :&nbsp;<\/strong>Limonen, Linalool, Citronellol, Geraniol i Citral.<\/p>","protected":false},"featured_media":4248,"template":"","meta":{"_acf_changed":false,"_price":"30","_stock":"33","_tribe_ticket_header":"","_tribe_default_ticket_provider":"","_tribe_ticket_capacity":"","_ticket_start_date":"","_ticket_end_date":"","_tribe_ticket_show_description":"","_tribe_ticket_show_not_going":false,"_tribe_ticket_use_global_stock":"","_tribe_ticket_global_stock_level":"","_global_stock_mode":"","_global_stock_cap":"","_tribe_rsvp_for_event":"","_tribe_ticket_going_count":"","_tribe_ticket_not_going_count":"","_tribe_tickets_list":"[]","_tribe_ticket_has_attendee_info_fields":false,"_tec_slr_enabled":"","_tec_slr_layout":""},"product_brand":[],"product_cat":[144,142],"product_tag":[],"class_list":{"0":"post-4367","1":"product","2":"type-product","3":"status-publish","4":"has-post-thumbnail","6":"product_cat-massage-oils","7":"product_cat-spa","9":"first","10":"instock","11":"shipping-taxable","12":"purchasable","13":"product-type-simple"},"acf":[],"_links":{"self":[{"href":"https:\/\/emeraldspa.pl\/pl\/wp-json\/wp\/v2\/product\/4367","targetHints":{"allow":["GET"]}}],"collection":[{"href":"https:\/\/emeraldspa.pl\/pl\/wp-json\/wp\/v2\/product"}],"about":[{"href":"https:\/\/emeraldspa.pl\/pl\/wp-json\/wp\/v2\/types\/product"}],"version-history":[{"count":1,"href":"https:\/\/emeraldspa.pl\/pl\/wp-json\/wp\/v2\/product\/4367\/revisions"}],"predecessor-version":[{"id":4835,"href":"https:\/\/emeraldspa.pl\/pl\/wp-json\/wp\/v2\/product\/4367\/revisions\/4835"}],"wp:featuredmedia":[{"embeddable":true,"href":"https:\/\/emeraldspa.pl\/pl\/wp-json\/wp\/v2\/media\/4248"}],"wp:attachment":[{"href":"https:\/\/emeraldspa.pl\/pl\/wp-json\/wp\/v2\/media?parent=4367"}],"wp:term":[{"taxonomy":"product_brand","embeddable":true,"href":"https:\/\/emeraldspa.pl\/pl\/wp-json\/wp\/v2\/product_brand?post=4367"},{"taxonomy":"product_cat","embeddable":true,"href":"https:\/\/emeraldspa.pl\/pl\/wp-json\/wp\/v2\/product_cat?post=4367"},{"taxonomy":"product_tag","embeddable":true,"href":"https:\/\/emeraldspa.pl\/pl\/wp-json\/wp\/v2\/product_tag?post=4367"}],"curies":[{"name":"wp","href":"https:\/\/api.w.org\/{rel}","templated":true}]}}