{"id":4141,"date":"2025-10-12T20:44:26","date_gmt":"2025-10-12T18:44:26","guid":{"rendered":"https:\/\/emeraldspa.pl\/spa-shop\/aromatherapy-soy-candle-200g-creativity\/"},"modified":"2026-02-12T06:21:06","modified_gmt":"2026-02-12T05:21:06","slug":"aromaterapeutyczna-swieca-sojowa-200g-kreatywnosc","status":"publish","type":"product","link":"https:\/\/emeraldspa.pl\/pl\/sklep-spa\/aromaterapeutyczna-swieca-sojowa-200g-kreatywnosc\/","title":{"rendered":"Aromaterapeutyczna \u015bwieca sojowa 200g - Kreatywno\u015b\u0107"},"content":{"rendered":"<p>Wykonane z 1<strong>00% czysty olejek eteryczny z mi\u0119ty pieprzowej i go\u017adzik\u00f3w&nbsp;<\/strong>\/ 200 g wosku sojowego \/ 40 godzin palenia.&nbsp;<\/p>\n<p>Nasz nowy <strong>\u015awieca do aromaterapii - Kreatywno\u015b\u0107<\/strong> s\u0105 wykonane z czystych olejk\u00f3w eterycznych i naturalnego wosku sojowego, aby oczarowa\u0107 i zachwyci\u0107 klient\u00f3w. Nic wi\u0119cej, nic mniej... tak naturalne, tak czyste, tak wega\u0144skie \ud83d\ude42<\/p>\n<p>Kombinacje czystych olejk\u00f3w, kt\u00f3re dobrze ze sob\u0105 wsp\u00f3\u0142graj\u0105, stymuluj\u0105c jasne my\u015blenie, relaks, energi\u0119, szcz\u0119\u015bcie i wiele wi\u0119cej. Powoli i delikatnie unosz\u0105cy si\u0119 aromat podczas palenia \u015bwiecy wype\u0142ni ka\u017cde pomieszczenie prawdziwie aromaterapeutycznym zapachem. &nbsp;<\/p>","protected":false},"excerpt":{"rendered":"<p>Wykonane z 1<strong>00% czysty olejek eteryczny z mi\u0119ty pieprzowej i go\u017adzik\u00f3w&nbsp;<\/strong>\/ 200 g wosku sojowego \/ 40 godzin palenia.&nbsp;<\/p>\n<p>Nasz nowy <strong>\u015awieca do aromaterapii - Kreatywno\u015b\u0107<\/strong> s\u0105 wykonane z czystych olejk\u00f3w eterycznych i naturalnego wosku sojowego, aby oczarowa\u0107 i zachwyci\u0107 klient\u00f3w. Nic wi\u0119cej, nic mniej... tak naturalne, tak czyste, tak wega\u0144skie \ud83d\ude42<\/p>\n<p>Kombinacje czystych olejk\u00f3w, kt\u00f3re dobrze ze sob\u0105 wsp\u00f3\u0142graj\u0105, stymuluj\u0105c jasne my\u015blenie, relaks, energi\u0119, szcz\u0119\u015bcie i wiele wi\u0119cej. Powoli i delikatnie unosz\u0105cy si\u0119 aromat podczas palenia \u015bwiecy wype\u0142ni ka\u017cde pomieszczenie prawdziwie aromaterapeutycznym zapachem. &nbsp;<\/p>","protected":false},"featured_media":4091,"template":"","meta":{"_acf_changed":false,"_price":"60","_stock":"259","_tribe_ticket_header":"","_tribe_default_ticket_provider":"","_tribe_ticket_capacity":"","_ticket_start_date":"","_ticket_end_date":"","_tribe_ticket_show_description":"","_tribe_ticket_show_not_going":false,"_tribe_ticket_use_global_stock":"","_tribe_ticket_global_stock_level":"","_global_stock_mode":"","_global_stock_cap":"","_tribe_rsvp_for_event":"","_tribe_ticket_going_count":"","_tribe_ticket_not_going_count":"","_tribe_tickets_list":"[]","_tribe_ticket_has_attendee_info_fields":false,"_tec_slr_enabled":"","_tec_slr_layout":""},"product_brand":[],"product_cat":[137,142],"product_tag":[],"class_list":{"0":"post-4141","1":"product","2":"type-product","3":"status-publish","4":"has-post-thumbnail","6":"product_cat-candles","7":"product_cat-spa","9":"first","10":"instock","11":"shipping-taxable","12":"purchasable","13":"product-type-simple"},"acf":[],"_links":{"self":[{"href":"https:\/\/emeraldspa.pl\/pl\/wp-json\/wp\/v2\/product\/4141","targetHints":{"allow":["GET"]}}],"collection":[{"href":"https:\/\/emeraldspa.pl\/pl\/wp-json\/wp\/v2\/product"}],"about":[{"href":"https:\/\/emeraldspa.pl\/pl\/wp-json\/wp\/v2\/types\/product"}],"version-history":[{"count":1,"href":"https:\/\/emeraldspa.pl\/pl\/wp-json\/wp\/v2\/product\/4141\/revisions"}],"predecessor-version":[{"id":4240,"href":"https:\/\/emeraldspa.pl\/pl\/wp-json\/wp\/v2\/product\/4141\/revisions\/4240"}],"wp:featuredmedia":[{"embeddable":true,"href":"https:\/\/emeraldspa.pl\/pl\/wp-json\/wp\/v2\/media\/4091"}],"wp:attachment":[{"href":"https:\/\/emeraldspa.pl\/pl\/wp-json\/wp\/v2\/media?parent=4141"}],"wp:term":[{"taxonomy":"product_brand","embeddable":true,"href":"https:\/\/emeraldspa.pl\/pl\/wp-json\/wp\/v2\/product_brand?post=4141"},{"taxonomy":"product_cat","embeddable":true,"href":"https:\/\/emeraldspa.pl\/pl\/wp-json\/wp\/v2\/product_cat?post=4141"},{"taxonomy":"product_tag","embeddable":true,"href":"https:\/\/emeraldspa.pl\/pl\/wp-json\/wp\/v2\/product_tag?post=4141"}],"curies":[{"name":"wp","href":"https:\/\/api.w.org\/{rel}","templated":true}]}}