{"id":4136,"date":"2025-10-12T20:44:24","date_gmt":"2025-10-12T18:44:24","guid":{"rendered":"https:\/\/emeraldspa.pl\/spa-shop\/aromatherapy-soy-candle-200g-aphrodisiac\/"},"modified":"2025-10-27T17:18:02","modified_gmt":"2025-10-27T16:18:02","slug":"aromaterapeutyczna-swieca-sojowa-200g-afrodyzjak","status":"publish","type":"product","link":"https:\/\/emeraldspa.pl\/pl\/sklep-spa\/aromaterapeutyczna-swieca-sojowa-200g-afrodyzjak\/","title":{"rendered":"Aromaterapeutyczna \u015bwieca sojowa 200g - Afrodyzjak"},"content":{"rendered":"<p>Wykonane z <strong>100% czysty olejek eteryczny Ylang Ylang i paczuli&nbsp;<\/strong>\/ 200 g wosku sojowego \/ 40 godzin palenia.<\/p>\n<p>Nasz nowy <strong>\u015awieca do aromaterapii - Afrodyzjak<\/strong> s\u0105 wykonane z czystych olejk\u00f3w eterycznych i naturalnego wosku sojowego, aby oczarowa\u0107 i zachwyci\u0107 klient\u00f3w. Nic wi\u0119cej, nic mniej... tak naturalne, tak czyste, tak wega\u0144skie \ud83d\ude42<\/p>\n<p>Kombinacje czystych olejk\u00f3w, kt\u00f3re dobrze ze sob\u0105 wsp\u00f3\u0142graj\u0105, stymuluj\u0105c jasne my\u015blenie, relaks, energi\u0119, szcz\u0119\u015bcie i wiele wi\u0119cej. Powoli i delikatnie unosz\u0105cy si\u0119 aromat podczas palenia \u015bwiecy wype\u0142ni ka\u017cde pomieszczenie prawdziwie aromaterapeutycznym zapachem. &nbsp;<\/p>","protected":false},"excerpt":{"rendered":"<p>Wykonane z <strong>100% czysty olejek eteryczny Ylang Ylang i paczuli&nbsp;<\/strong>\/ 200 g wosku sojowego \/ 40 godzin palenia.<\/p>\n<p>Nasz nowy <strong>\u015awieca do aromaterapii - Afrodyzjak<\/strong> s\u0105 wykonane z czystych olejk\u00f3w eterycznych i naturalnego wosku sojowego, aby oczarowa\u0107 i zachwyci\u0107 klient\u00f3w. Nic wi\u0119cej, nic mniej... tak naturalne, tak czyste, tak wega\u0144skie \ud83d\ude42<\/p>\n<p>Kombinacje czystych olejk\u00f3w, kt\u00f3re dobrze ze sob\u0105 wsp\u00f3\u0142graj\u0105, stymuluj\u0105c jasne my\u015blenie, relaks, energi\u0119, szcz\u0119\u015bcie i wiele wi\u0119cej. Powoli i delikatnie unosz\u0105cy si\u0119 aromat podczas palenia \u015bwiecy wype\u0142ni ka\u017cde pomieszczenie prawdziwie aromaterapeutycznym zapachem. &nbsp;<\/p>","protected":false},"featured_media":4089,"template":"","meta":{"_acf_changed":false,"_price":"60","_stock":"106","_tribe_ticket_header":"","_tribe_default_ticket_provider":"","_tribe_ticket_capacity":"","_ticket_start_date":"","_ticket_end_date":"","_tribe_ticket_show_description":"","_tribe_ticket_show_not_going":false,"_tribe_ticket_use_global_stock":"","_tribe_ticket_global_stock_level":"","_global_stock_mode":"","_global_stock_cap":"","_tribe_rsvp_for_event":"","_tribe_ticket_going_count":"","_tribe_ticket_not_going_count":"","_tribe_tickets_list":"[]","_tribe_ticket_has_attendee_info_fields":false,"_tec_slr_enabled":"","_tec_slr_layout":""},"product_brand":[],"product_cat":[137,142],"product_tag":[],"class_list":{"0":"post-4136","1":"product","2":"type-product","3":"status-publish","4":"has-post-thumbnail","6":"product_cat-candles","7":"product_cat-spa","9":"first","10":"instock","11":"shipping-taxable","12":"purchasable","13":"product-type-simple"},"acf":[],"_links":{"self":[{"href":"https:\/\/emeraldspa.pl\/pl\/wp-json\/wp\/v2\/product\/4136","targetHints":{"allow":["GET"]}}],"collection":[{"href":"https:\/\/emeraldspa.pl\/pl\/wp-json\/wp\/v2\/product"}],"about":[{"href":"https:\/\/emeraldspa.pl\/pl\/wp-json\/wp\/v2\/types\/product"}],"version-history":[{"count":1,"href":"https:\/\/emeraldspa.pl\/pl\/wp-json\/wp\/v2\/product\/4136\/revisions"}],"predecessor-version":[{"id":4243,"href":"https:\/\/emeraldspa.pl\/pl\/wp-json\/wp\/v2\/product\/4136\/revisions\/4243"}],"wp:featuredmedia":[{"embeddable":true,"href":"https:\/\/emeraldspa.pl\/pl\/wp-json\/wp\/v2\/media\/4089"}],"wp:attachment":[{"href":"https:\/\/emeraldspa.pl\/pl\/wp-json\/wp\/v2\/media?parent=4136"}],"wp:term":[{"taxonomy":"product_brand","embeddable":true,"href":"https:\/\/emeraldspa.pl\/pl\/wp-json\/wp\/v2\/product_brand?post=4136"},{"taxonomy":"product_cat","embeddable":true,"href":"https:\/\/emeraldspa.pl\/pl\/wp-json\/wp\/v2\/product_cat?post=4136"},{"taxonomy":"product_tag","embeddable":true,"href":"https:\/\/emeraldspa.pl\/pl\/wp-json\/wp\/v2\/product_tag?post=4136"}],"curies":[{"name":"wp","href":"https:\/\/api.w.org\/{rel}","templated":true}]}}