{"id":4061,"date":"2025-10-12T19:25:28","date_gmt":"2025-10-12T17:25:28","guid":{"rendered":"https:\/\/emeraldspa.pl\/?post_type=product&#038;p=4061"},"modified":"2025-10-12T19:29:13","modified_gmt":"2025-10-12T17:29:13","slug":"swiateczny-relaks-w-spa","status":"publish","type":"product","link":"https:\/\/emeraldspa.pl\/pl\/sklep-spa\/swiateczny-relaks-w-spa\/","title":{"rendered":"\u015awi\u0105teczny Relaks w Spa"},"content":{"rendered":"<p data-start=\"268\" data-end=\"604\">Podaruj prezent czystej przyjemno\u015bci z <strong data-start=\"336\" data-end=\"383\">Karta podarunkowa Emerald Spa \u015awi\u0105teczny Relaks w Spa<\/strong> - Pi\u0119kny i przemy\u015blany spos\u00f3b na okazanie mi\u0142o\u015bci i uznania w tym \u015bwi\u0105tecznym okresie. Idealna dla przyjaci\u00f3\u0142, rodziny, wsp\u00f3\u0142pracownik\u00f3w lub kogo\u015b wyj\u0105tkowego, ta karta otwiera drzwi do sanktuarium dobrego samopoczucia, spokoju i odnowy.<\/p>\n<p data-start=\"606\" data-end=\"836\">Wymienialne na dowolne <strong data-start=\"629\" data-end=\"644\">Emerald Spa<\/strong> Od koj\u0105cych masa\u017cy i regeneruj\u0105cych rytua\u0142\u00f3w spa po noce w saunie, pakiety odnowy biologicznej lub spokojne pobyty w pokojach - oferuje swobod\u0119 wyboru w\u0142asnej podr\u00f3\u017cy relaksacyjnej.<\/p>\n<p data-start=\"838\" data-end=\"992\">Ka\u017cda wizyta w <strong data-start=\"853\" data-end=\"868\">Emerald Spa<\/strong> to wielozmys\u0142owa ucieczka maj\u0105ca na celu odm\u0142odzenie cia\u0142a, umys\u0142u i duszy w otoczeniu naturalnej elegancji i \u015bwi\u0105tecznego ciep\u0142a.<\/p>\n<p data-start=\"994\" data-end=\"1296\" data-is-last-node=\"\" data-is-only-node=\"\"><strong data-start=\"994\" data-end=\"1011\">Jak to dzia\u0142a?<\/strong><br data-start=\"1011\" data-end=\"1014\" \/>Dokonaj zakupu online i wybierz metod\u0119 dostawy - pobierz natychmiast do wydrukowania lub wy\u015blij bezpo\u015brednio e-mailem do odbiorcy. Wystarczy skontaktowa\u0107 si\u0119 z <strong data-start=\"1165\" data-end=\"1180\">Emerald Spa<\/strong> aby zaplanowa\u0107 preferowany czas i zabra\u0107 ze sob\u0105 kart\u0119 podarunkow\u0105, aby cieszy\u0107 si\u0119 b\u0142ogim do\u015bwiadczeniem spa w te \u015awi\u0119ta Bo\u017cego Narodzenia.<\/p>","protected":false},"excerpt":{"rendered":"<p>\u015awi\u0119tuj sezon dawania z <strong data-start=\"68\" data-end=\"103\">Karta podarunkowa \u015awi\u0105teczny Relaks w Spa<\/strong> - idealny spos\u00f3b na dzielenie si\u0119 ciep\u0142em, spokojem i relaksem. Luksusowe zaproszenie do relaksu, odm\u0142odzenia i przyj\u0119cia ducha spokoju w tym \u015bwi\u0105tecznym sezonie.<\/p>","protected":false},"featured_media":4063,"template":"","meta":{"_acf_changed":false,"_price":"0","_stock":null,"_tribe_ticket_header":"","_tribe_default_ticket_provider":"","_tribe_ticket_capacity":"","_ticket_start_date":"","_ticket_end_date":"","_tribe_ticket_show_description":"","_tribe_ticket_show_not_going":false,"_tribe_ticket_use_global_stock":"","_tribe_ticket_global_stock_level":"","_global_stock_mode":"","_global_stock_cap":"","_tribe_rsvp_for_event":"","_tribe_ticket_going_count":"","_tribe_ticket_not_going_count":"","_tribe_tickets_list":"[]","_tribe_ticket_has_attendee_info_fields":false,"_tec_slr_enabled":"","_tec_slr_layout":""},"product_brand":[108],"product_cat":[131],"product_tag":[],"class_list":{"0":"post-4061","1":"product","2":"type-product","3":"status-publish","4":"has-post-thumbnail","6":"product_brand-emerald-spa","7":"product_cat-wps_wgm_giftcard","9":"first","10":"instock","11":"shipping-taxable","12":"purchasable","13":"product-type-wgm_gift_card"},"acf":[],"_links":{"self":[{"href":"https:\/\/emeraldspa.pl\/pl\/wp-json\/wp\/v2\/product\/4061","targetHints":{"allow":["GET"]}}],"collection":[{"href":"https:\/\/emeraldspa.pl\/pl\/wp-json\/wp\/v2\/product"}],"about":[{"href":"https:\/\/emeraldspa.pl\/pl\/wp-json\/wp\/v2\/types\/product"}],"version-history":[{"count":1,"href":"https:\/\/emeraldspa.pl\/pl\/wp-json\/wp\/v2\/product\/4061\/revisions"}],"predecessor-version":[{"id":4064,"href":"https:\/\/emeraldspa.pl\/pl\/wp-json\/wp\/v2\/product\/4061\/revisions\/4064"}],"wp:featuredmedia":[{"embeddable":true,"href":"https:\/\/emeraldspa.pl\/pl\/wp-json\/wp\/v2\/media\/4063"}],"wp:attachment":[{"href":"https:\/\/emeraldspa.pl\/pl\/wp-json\/wp\/v2\/media?parent=4061"}],"wp:term":[{"taxonomy":"product_brand","embeddable":true,"href":"https:\/\/emeraldspa.pl\/pl\/wp-json\/wp\/v2\/product_brand?post=4061"},{"taxonomy":"product_cat","embeddable":true,"href":"https:\/\/emeraldspa.pl\/pl\/wp-json\/wp\/v2\/product_cat?post=4061"},{"taxonomy":"product_tag","embeddable":true,"href":"https:\/\/emeraldspa.pl\/pl\/wp-json\/wp\/v2\/product_tag?post=4061"}],"curies":[{"name":"wp","href":"https:\/\/api.w.org\/{rel}","templated":true}]}}