{"id":4057,"date":"2025-10-12T19:06:11","date_gmt":"2025-10-12T17:06:11","guid":{"rendered":"https:\/\/emeraldspa.pl\/?post_type=product&#038;p=4057"},"modified":"2025-10-27T17:18:03","modified_gmt":"2025-10-27T16:18:03","slug":"prezent-spa-na-dzien-nauczyciela","status":"publish","type":"product","link":"https:\/\/emeraldspa.pl\/pl\/sklep-spa\/prezent-spa-na-dzien-nauczyciela\/","title":{"rendered":"Prezent spa na Dzie\u0144 Nauczyciela"},"content":{"rendered":"<p data-start=\"269\" data-end=\"661\">Z\u0142\u00f3\u017c serdeczne podzi\u0119kowania inspiruj\u0105cemu nauczycielowi z <strong data-start=\"354\" data-end=\"393\">Karta podarunkowa Emerald Spa na Dzie\u0144 Nauczyciela<\/strong> - Pi\u0119kny spos\u00f3b na docenienie ich po\u015bwi\u0119cenia, cierpliwo\u015bci i niezliczonych godzin, kt\u00f3re inwestuj\u0105 w innych. Ta elegancka karta oferuje im idealn\u0105 okazj\u0119 do zatrzymania si\u0119, odpr\u0119\u017cenia i odm\u0142odzenia w spokojnym otoczeniu spa zaprojektowanym w celu przywr\u00f3cenia r\u00f3wnowagi i dobrego samopoczucia.<\/p>\n<p data-start=\"663\" data-end=\"851\">Niezale\u017cnie od tego, czy wybior\u0105 koj\u0105cy masa\u017c, odpr\u0119\u017caj\u0105cy rytua\u0142 spa, pakiet odnowy biologicznej czy uspokajaj\u0105c\u0105 saun\u0119, ka\u017cda wizyta obiecuje spok\u00f3j, odnow\u0119 i odrobin\u0119 codziennego luksusu.<\/p>\n<p data-start=\"853\" data-end=\"1184\" data-is-last-node=\"\" data-is-only-node=\"\"><strong data-start=\"853\" data-end=\"870\">Jak to dzia\u0142a?<\/strong><br data-start=\"870\" data-end=\"873\" \/>Kup kart\u0119 podarunkow\u0105 na Dzie\u0144 Nauczyciela online i wybierz preferowan\u0105 metod\u0119 dostawy - pobierz j\u0105 natychmiast do wydrukowania lub wy\u015blij bezpo\u015brednio e-mailem do odbiorcy. Nauczyciel mo\u017ce nast\u0119pnie skontaktowa\u0107 si\u0119 z <strong data-start=\"1071\" data-end=\"1086\">Emerald Spa<\/strong> aby um\u00f3wi\u0107 si\u0119 na dogodny termin wybranego do\u015bwiadczenia i przynie\u015b\u0107 kart\u0119 ze sob\u0105 w tym dniu.<\/p>","protected":false},"excerpt":{"rendered":"<p>Oka\u017c swoj\u0105 wdzi\u0119czno\u015b\u0107 dzi\u0119ki karcie podarunkowej Emerald Spa Teacher's Day Gift Card - przemy\u015blanemu gestowi uznania dla ich po\u015bwi\u0119cenia, przewodnictwa i troski. Luksusowy spos\u00f3b, aby powiedzie\u0107 <em data-start=\"198\" data-end=\"209\">dzi\u0119kuj\u0119<\/em> i zaoferowa\u0107 im prezent w postaci relaksu i odnowy.<\/p>","protected":false},"featured_media":4056,"template":"","meta":{"_acf_changed":false,"_price":"100","_stock":null,"_tribe_ticket_header":"","_tribe_default_ticket_provider":"","_tribe_ticket_capacity":"","_ticket_start_date":"","_ticket_end_date":"","_tribe_ticket_show_description":"","_tribe_ticket_show_not_going":false,"_tribe_ticket_use_global_stock":"","_tribe_ticket_global_stock_level":"","_global_stock_mode":"","_global_stock_cap":"","_tribe_rsvp_for_event":"","_tribe_ticket_going_count":"","_tribe_ticket_not_going_count":"","_tribe_tickets_list":"[]","_tribe_ticket_has_attendee_info_fields":false,"_tec_slr_enabled":"","_tec_slr_layout":""},"product_brand":[108],"product_cat":[131],"product_tag":[],"class_list":{"0":"post-4057","1":"product","2":"type-product","3":"status-publish","4":"has-post-thumbnail","6":"product_brand-emerald-spa","7":"product_cat-wps_wgm_giftcard","9":"first","10":"instock","11":"shipping-taxable","12":"purchasable","13":"product-type-wgm_gift_card"},"acf":[],"_links":{"self":[{"href":"https:\/\/emeraldspa.pl\/pl\/wp-json\/wp\/v2\/product\/4057","targetHints":{"allow":["GET"]}}],"collection":[{"href":"https:\/\/emeraldspa.pl\/pl\/wp-json\/wp\/v2\/product"}],"about":[{"href":"https:\/\/emeraldspa.pl\/pl\/wp-json\/wp\/v2\/types\/product"}],"version-history":[{"count":1,"href":"https:\/\/emeraldspa.pl\/pl\/wp-json\/wp\/v2\/product\/4057\/revisions"}],"predecessor-version":[{"id":4059,"href":"https:\/\/emeraldspa.pl\/pl\/wp-json\/wp\/v2\/product\/4057\/revisions\/4059"}],"wp:featuredmedia":[{"embeddable":true,"href":"https:\/\/emeraldspa.pl\/pl\/wp-json\/wp\/v2\/media\/4056"}],"wp:attachment":[{"href":"https:\/\/emeraldspa.pl\/pl\/wp-json\/wp\/v2\/media?parent=4057"}],"wp:term":[{"taxonomy":"product_brand","embeddable":true,"href":"https:\/\/emeraldspa.pl\/pl\/wp-json\/wp\/v2\/product_brand?post=4057"},{"taxonomy":"product_cat","embeddable":true,"href":"https:\/\/emeraldspa.pl\/pl\/wp-json\/wp\/v2\/product_cat?post=4057"},{"taxonomy":"product_tag","embeddable":true,"href":"https:\/\/emeraldspa.pl\/pl\/wp-json\/wp\/v2\/product_tag?post=4057"}],"curies":[{"name":"wp","href":"https:\/\/api.w.org\/{rel}","templated":true}]}}