{"id":4042,"date":"2025-10-12T18:02:35","date_gmt":"2025-10-12T16:02:35","guid":{"rendered":"https:\/\/emeraldspa.pl\/?post_type=product&#038;p=4042"},"modified":"2025-10-12T19:49:12","modified_gmt":"2025-10-12T17:49:12","slug":"karta-podarunkowa-emerald-spa","status":"publish","type":"product","link":"https:\/\/emeraldspa.pl\/pl\/sklep-spa\/karta-podarunkowa-emerald-spa\/","title":{"rendered":"Karta podarunkowa Emerald Spa"},"content":{"rendered":"<p data-start=\"29\" data-end=\"334\">Podaruj prezent w postaci dobrego samopoczucia dzi\u0119ki <strong data-start=\"74\" data-end=\"99\">Karta podarunkowa Emerald Spa<\/strong> - ponadczasowy gest troski, spokoju i rozkoszy. Idealna na ka\u017cd\u0105 okazj\u0119, ta elegancka karta zaprasza odbiorc\u0119 do \u015bwiata naturalnego luksusu i odm\u0142odzenia, gdzie cia\u0142o, umys\u0142 i duch s\u0105 piel\u0119gnowane w doskona\u0142ej harmonii.<\/p>\n<p data-start=\"336\" data-end=\"606\">Mo\u017cna go wymieni\u0107 na dowolne z naszych charakterystycznych do\u015bwiadcze\u0144 - od koj\u0105cych masa\u017cy i rytua\u0142\u00f3w spa na zam\u00f3wienie po ekskluzywne noce w saunie, wci\u0105gaj\u0105ce pakiety odnowy biologicznej lub spokojne noclegi - oferuje swobod\u0119 tworzenia spersonalizowanej podr\u00f3\u017cy relaksu i odnowy.<\/p>\n<p data-start=\"608\" data-end=\"858\">Ka\u017cda wizyta w <strong data-start=\"623\" data-end=\"638\">Emerald Spa<\/strong> zosta\u0142 zaprojektowany, aby obudzi\u0107 zmys\u0142y i przywr\u00f3ci\u0107 r\u00f3wnowag\u0119, otoczony spokojn\u0105 elegancj\u0105 natury i delikatnym blaskiem czystego relaksu. Przemy\u015blany, luksusowy spos\u00f3b na powiedzenie <em data-start=\"805\" data-end=\"816\">dzi\u0119kuj\u0119<\/em>, <em data-start=\"818\" data-end=\"826\">Zale\u017cy mi<\/em>, lub <em data-start=\"831\" data-end=\"855\">Znajd\u017a czas dla siebie<\/em>.<\/p>\n<p data-start=\"860\" data-end=\"1194\" data-is-last-node=\"\" data-is-only-node=\"\"><strong data-start=\"860\" data-end=\"877\">Jak to dzia\u0142a?<\/strong><br data-start=\"877\" data-end=\"880\" \/>Kup kart\u0119 podarunkow\u0105 online i wybierz preferowan\u0105 opcj\u0119 dostawy - pobierz natychmiast, aby wydrukowa\u0107 w domu lub wy\u015blij bezpo\u015brednio e-mailem do wybranego odbiorcy. Odbiorca po prostu kontaktuje si\u0119 z <strong data-start=\"1073\" data-end=\"1088\">Emerald Spa<\/strong> aby uzgodni\u0107 dogodn\u0105 dat\u0119 i godzin\u0119, a nast\u0119pnie przynie\u015b\u0107 kart\u0119 podarunkow\u0105, aby cieszy\u0107 si\u0119 wybranym do\u015bwiadczeniem.<\/p>","protected":false},"excerpt":{"rendered":"<p>Podaruj prezent w postaci dobrego samopoczucia dzi\u0119ki <strong data-start=\"74\" data-end=\"99\">Karta podarunkowa Emerald Spa<\/strong> - ponadczasowy gest troski, spokoju i rozkoszy. Idealna na ka\u017cd\u0105 okazj\u0119, ta elegancka karta zaprasza odbiorc\u0119 do \u015bwiata naturalnego luksusu i odm\u0142odzenia, gdzie cia\u0142o, umys\u0142 i duch s\u0105 piel\u0119gnowane w doskona\u0142ej harmonii.<\/p>","protected":false},"featured_media":4041,"template":"","meta":{"_acf_changed":false,"_price":"100","_stock":null,"_tribe_ticket_header":"","_tribe_default_ticket_provider":"","_tribe_ticket_capacity":"","_ticket_start_date":"","_ticket_end_date":"","_tribe_ticket_show_description":"","_tribe_ticket_show_not_going":false,"_tribe_ticket_use_global_stock":"","_tribe_ticket_global_stock_level":"","_global_stock_mode":"","_global_stock_cap":"","_tribe_rsvp_for_event":"","_tribe_ticket_going_count":"","_tribe_ticket_not_going_count":"","_tribe_tickets_list":"[]","_tribe_ticket_has_attendee_info_fields":false,"_tec_slr_enabled":"","_tec_slr_layout":""},"product_brand":[108],"product_cat":[131],"product_tag":[133,134,135,132],"class_list":{"0":"post-4042","1":"product","2":"type-product","3":"status-publish","4":"has-post-thumbnail","6":"product_brand-emerald-spa","7":"product_cat-wps_wgm_giftcard","8":"product_tag-gift","9":"product_tag-gift-card","10":"product_tag-present","11":"product_tag-voucher","13":"first","14":"instock","15":"shipping-taxable","16":"purchasable","17":"product-type-wgm_gift_card"},"acf":[],"_links":{"self":[{"href":"https:\/\/emeraldspa.pl\/pl\/wp-json\/wp\/v2\/product\/4042","targetHints":{"allow":["GET"]}}],"collection":[{"href":"https:\/\/emeraldspa.pl\/pl\/wp-json\/wp\/v2\/product"}],"about":[{"href":"https:\/\/emeraldspa.pl\/pl\/wp-json\/wp\/v2\/types\/product"}],"version-history":[{"count":1,"href":"https:\/\/emeraldspa.pl\/pl\/wp-json\/wp\/v2\/product\/4042\/revisions"}],"predecessor-version":[{"id":4044,"href":"https:\/\/emeraldspa.pl\/pl\/wp-json\/wp\/v2\/product\/4042\/revisions\/4044"}],"wp:featuredmedia":[{"embeddable":true,"href":"https:\/\/emeraldspa.pl\/pl\/wp-json\/wp\/v2\/media\/4041"}],"wp:attachment":[{"href":"https:\/\/emeraldspa.pl\/pl\/wp-json\/wp\/v2\/media?parent=4042"}],"wp:term":[{"taxonomy":"product_brand","embeddable":true,"href":"https:\/\/emeraldspa.pl\/pl\/wp-json\/wp\/v2\/product_brand?post=4042"},{"taxonomy":"product_cat","embeddable":true,"href":"https:\/\/emeraldspa.pl\/pl\/wp-json\/wp\/v2\/product_cat?post=4042"},{"taxonomy":"product_tag","embeddable":true,"href":"https:\/\/emeraldspa.pl\/pl\/wp-json\/wp\/v2\/product_tag?post=4042"}],"curies":[{"name":"wp","href":"https:\/\/api.w.org\/{rel}","templated":true}]}}