{"id":4014,"date":"2025-10-12T14:45:22","date_gmt":"2025-10-12T12:45:22","guid":{"rendered":"https:\/\/emeraldspa.pl\/?post_type=product&#038;p=4014"},"modified":"2025-10-16T12:19:04","modified_gmt":"2025-10-16T10:19:04","slug":"peeling-do-ciala-z-lawa-islandzka","status":"publish","type":"product","link":"https:\/\/emeraldspa.pl\/pl\/sklep-spa\/peeling-do-ciala-z-lawa-islandzka\/","title":{"rendered":"Icelandic Lava Glow - Peeling do twarzy i cia\u0142a"},"content":{"rendered":"<p>Delikatny peeling do twarzy i cia\u0142a wzbogacony rzadkim piaskiem wulkanicznym, kt\u00f3ry delikatnie poprawia struktur\u0119 sk\u00f3ry. Aksamitna formu\u0142a delikatnie usuwa zanieczyszczenia i martwe kom\u00f3rki, ods\u0142aniaj\u0105c niezwykle g\u0142adk\u0105, promienn\u0105 cer\u0119. Na\u0142o\u017cy\u0107 na such\u0105 lub wilgotn\u0105 sk\u00f3r\u0119, masowa\u0107 powolnymi, okr\u0119\u017cnymi ruchami i sp\u0142uka\u0107, aby ods\u0142oni\u0107 pi\u0119knie odnowion\u0105 sk\u00f3r\u0119.<\/p>\n<p>Piasek wulkaniczny, olej rycynowy<\/p>\n<p>Aqua\/Water, Hydrogenated Castor Oil, Cetearyl Alcohol, Caprylic\/Capric Triglyceride, Pentylene Glycol, Glycerin\u2781, Glyceryl Stearate Citrate, Polyglyceryl-3 Stearate, Kaolin, Volcanic Sand, Parfum\/Fragrance, Helianthus Annuus (Sunflower) Seed Oil\u2780, Xanthan Gum, Vaccinium Myrtillus (Blueberry) Fruit Extract\u2780, Tocopherol, Fragaria Ananassa (Strawberry) Fruit Extract\u2780, Rubus Chamaemorus (Cloudberry) Fruit Extract\u2780, Rubus Idaeus (Raspberry) Fruit Extract\u2780, fitynian sodu, kwas mlekowy, kwas cytrynowy, benzoesan sodu, sorbinian potasu, salicylan benzylu\u2782, limonen\u2782, olejek ze sk\u00f3rki Citrus Aurantium, cytral\u2782.<\/p>\n<p>\u2780 Sk\u0142adniki pochodz\u0105ce z upraw ekologicznych<\/p>\n<p>\u2781 Wykonane przy u\u017cyciu sk\u0142adnik\u00f3w organicznych<\/p>\n<p>\u2782 Z naturalnych olejk\u00f3w eterycznych<\/p>","protected":false},"excerpt":{"rendered":"<p>Delikatny peeling do twarzy i cia\u0142a wzbogacony rzadkim piaskiem wulkanicznym, kt\u00f3ry delikatnie poprawia struktur\u0119 sk\u00f3ry. Aksamitna formu\u0142a delikatnie usuwa zanieczyszczenia i martwe kom\u00f3rki, ods\u0142aniaj\u0105c niezwykle g\u0142adk\u0105, promienn\u0105 cer\u0119. Na\u0142o\u017cy\u0107 na such\u0105 lub wilgotn\u0105 sk\u00f3r\u0119, masowa\u0107 powolnymi, okr\u0119\u017cnymi ruchami i sp\u0142uka\u0107, aby ods\u0142oni\u0107 pi\u0119knie odnowion\u0105 sk\u00f3r\u0119.<\/p>","protected":false},"featured_media":4015,"template":"","meta":{"_acf_changed":false,"_price":"100","_stock":"0","_tribe_ticket_header":"","_tribe_default_ticket_provider":"","_tribe_ticket_capacity":"","_ticket_start_date":"","_ticket_end_date":"","_tribe_ticket_show_description":"","_tribe_ticket_show_not_going":false,"_tribe_ticket_use_global_stock":"","_tribe_ticket_global_stock_level":"","_global_stock_mode":"","_global_stock_cap":"","_tribe_rsvp_for_event":"","_tribe_ticket_going_count":"","_tribe_ticket_not_going_count":"","_tribe_tickets_list":"[]","_tribe_ticket_has_attendee_info_fields":false,"_tec_slr_enabled":"","_tec_slr_layout":""},"product_brand":[108],"product_cat":[129,109,142],"product_tag":[106,124,126,125,122,127,128,107,123],"class_list":{"0":"post-4014","1":"product","2":"type-product","3":"status-publish","4":"has-post-thumbnail","6":"product_brand-emerald-spa","7":"product_cat-body-care","8":"product_cat-face-care","9":"product_cat-spa","10":"product_tag-all-skin-types-skin-type","11":"product_tag-body-care","12":"product_tag-cleansing-concern","13":"product_tag-exfoliator-type","14":"product_tag-gentle-exfoliation","15":"product_tag-lack-of-glow-concern","16":"product_tag-volcanic-sand-active-ingredients","17":"product_tag-white-packaging-color","18":"product_tag-with-volcanic-sand","20":"first","21":"outofstock","22":"shipping-taxable","23":"purchasable","24":"product-type-simple"},"acf":[],"_links":{"self":[{"href":"https:\/\/emeraldspa.pl\/pl\/wp-json\/wp\/v2\/product\/4014","targetHints":{"allow":["GET"]}}],"collection":[{"href":"https:\/\/emeraldspa.pl\/pl\/wp-json\/wp\/v2\/product"}],"about":[{"href":"https:\/\/emeraldspa.pl\/pl\/wp-json\/wp\/v2\/types\/product"}],"version-history":[{"count":1,"href":"https:\/\/emeraldspa.pl\/pl\/wp-json\/wp\/v2\/product\/4014\/revisions"}],"predecessor-version":[{"id":4961,"href":"https:\/\/emeraldspa.pl\/pl\/wp-json\/wp\/v2\/product\/4014\/revisions\/4961"}],"wp:featuredmedia":[{"embeddable":true,"href":"https:\/\/emeraldspa.pl\/pl\/wp-json\/wp\/v2\/media\/4015"}],"wp:attachment":[{"href":"https:\/\/emeraldspa.pl\/pl\/wp-json\/wp\/v2\/media?parent=4014"}],"wp:term":[{"taxonomy":"product_brand","embeddable":true,"href":"https:\/\/emeraldspa.pl\/pl\/wp-json\/wp\/v2\/product_brand?post=4014"},{"taxonomy":"product_cat","embeddable":true,"href":"https:\/\/emeraldspa.pl\/pl\/wp-json\/wp\/v2\/product_cat?post=4014"},{"taxonomy":"product_tag","embeddable":true,"href":"https:\/\/emeraldspa.pl\/pl\/wp-json\/wp\/v2\/product_tag?post=4014"}],"curies":[{"name":"wp","href":"https:\/\/api.w.org\/{rel}","templated":true}]}}