{"id":3888,"date":"2025-10-11T19:11:06","date_gmt":"2025-10-11T17:11:06","guid":{"rendered":"https:\/\/emeraldspa.pl\/?post_type=product&#038;p=3888"},"modified":"2025-10-13T19:40:33","modified_gmt":"2025-10-13T17:40:33","slug":"radiant-shield-spf50-odcien-w-sztyfcie","status":"publish","type":"product","link":"https:\/\/emeraldspa.pl\/pl\/sklep-spa\/radiant-shield-spf50-odcien-w-sztyfcie\/","title":{"rendered":"Sztyft koloryzuj\u0105cy Radiant Shield SPF50"},"content":{"rendered":"<p>Wzboga\u0107 sw\u00f3j codzienny rytua\u0142 o Radiant Shield SPF 50 Mineral Tint Stick - p\u0142ynne po\u0142\u0105czenie pi\u0119kna i ochrony.<\/p>\n<p>Olej ry\u017cowy, olej s\u0142onecznikowy, olej jojoba<\/p>\n<p>Do\u015bwiadcz bezwysi\u0142kowej, wysoce skutecznej ochrony w jedwabistym, mobilnym formacie, kt\u00f3ry przenosi piel\u0119gnacj\u0119 przeciws\u0142oneczn\u0105 na nowy poziom przyjemno\u015bci.<\/p>\n<p>Opis<br \/>\nTa bogata w minera\u0142y formu\u0142a zapewnia zaawansowan\u0105 ochron\u0119 UVA\/UVB o szerokim spektrum z filtrem SPF 50, jednocze\u015bnie nadaj\u0105c delikatny, naturalny odcie\u0144 dla \u015bwietlistej, wyr\u00f3wnanej cery. G\u0142adka konsystencja rozprowadza si\u0119 bez wysi\u0142ku, tworz\u0105c aksamitne wyko\u0144czenie odpowiednie dla wszystkich rodzaj\u00f3w sk\u00f3ry - w tym najbardziej wra\u017cliwych. Idealny w podr\u00f3\u017cy lub do codziennych poprawek, otula sk\u00f3r\u0119 wyrafinowan\u0105, niewidoczn\u0105 ochron\u0105 przy ka\u017cdej aplikacji.<\/p>\n<p>Ostrze\u017cenie: \u017baden filtr przeciws\u0142oneczny nie zapewnia ca\u0142kowitej ochrony. D\u0142ugotrwa\u0142a ekspozycja na s\u0142o\u0144ce stanowi powa\u017cne zagro\u017cenie dla zdrowia - nawet w przypadku stosowania produkt\u00f3w do opalania. Aby zapewni\u0107 optymalne bezpiecze\u0144stwo i promienn\u0105 sk\u00f3r\u0119, nale\u017cy ograniczy\u0107 bezpo\u015bredni\u0105 ekspozycj\u0119 na s\u0142o\u0144ce i regularnie nak\u0142ada\u0107 now\u0105 warstw\u0119 kremu.<\/p>\n<p>tlenek cynku, olej z otr\u0119b\u00f3w ry\u017cowych (Oryza Sativa), olej ro\u015blinny, w\u0119glan dikaprylu, laurynian izoamylu, CI 77891 (dwutlenek tytanu)\u2462, wosk z nasion s\u0142onecznika (Helianthus Annuus), Oryza Sativa (Rice) Bran Wax, Rhus Succedanea Fruit Wax, Hydrated Silica, Simmondsia Chinensis (Jojoba) Seed Oil\u2460, Silica, Jojoba Esters, Theobroma Cacao (Cocoa) Seed Butter\u2460, Parfum\/Fragrance, Tocopherol, Hippophae Rhamnoides (Sea Buckthorn) Fruit Oil\u2460, Nigella Sativa (Black Cumin) Seed Oil\u2460, CI 77491, CI 77492, CI 77499 (tlenki \u017celaza)\u2462, glikolipidy, glikosfingolipidy, Aqua\/Water, wanilina, terpineol\u2461, octan linalilu\u2461, anetol\u2461, geraniol\u2461.<\/p>\n<p>\u2460 Sk\u0142adniki pochodz\u0105ce z upraw ekologicznych<\/p>\n<p>\u2461 Z naturalnych olejk\u00f3w eterycznych<\/p>\n<p>\u2462 Czyste pigmenty mineralne\u00a0<\/p>","protected":false},"excerpt":{"rendered":"<p>Ten bogaty w minera\u0142y odcie\u0144 SPF 50 zapewnia zaawansowan\u0105 ochron\u0119 przed promieniowaniem UVA\/UVB i g\u0142adk\u0105 konsystencj\u0119, kt\u00f3ra zapewnia \u015bwietliste, r\u00f3wnomierne wyko\u0144czenie. Odpowiedni dla wszystkich rodzaj\u00f3w sk\u00f3ry - nawet wra\u017cliwej - zapewnia wyrafinowan\u0105 ochron\u0119 w podr\u00f3\u017cy i elegancj\u0119 bez wysi\u0142ku.<\/p>","protected":false},"featured_media":3937,"template":"","meta":{"_acf_changed":false,"_price":"79.00","_stock":null,"_tribe_ticket_header":"","_tribe_default_ticket_provider":"","_tribe_ticket_capacity":"","_ticket_start_date":"","_ticket_end_date":"","_tribe_ticket_show_description":"","_tribe_ticket_show_not_going":false,"_tribe_ticket_use_global_stock":"","_tribe_ticket_global_stock_level":"","_global_stock_mode":"","_global_stock_cap":"","_tribe_rsvp_for_event":"","_tribe_ticket_going_count":"","_tribe_ticket_not_going_count":"","_tribe_tickets_list":"[]","_tribe_ticket_has_attendee_info_fields":false,"_tec_slr_enabled":"","_tec_slr_layout":""},"product_brand":[108],"product_cat":[109,142],"product_tag":[106,104,99,101,102,105,100,103,107],"class_list":{"0":"post-3888","1":"product","2":"type-product","3":"status-publish","4":"has-post-thumbnail","6":"product_brand-emerald-spa","7":"product_cat-face-care","8":"product_cat-spa","9":"product_tag-all-skin-types-skin-type","10":"product_tag-dermatologically-tested-claims","11":"product_tag-easy-to-use","12":"product_tag-face-care","13":"product_tag-stick-type","14":"product_tag-sun-care-concern","15":"product_tag-sun-protection","16":"product_tag-sunscreen-type","17":"product_tag-white-packaging-color","19":"first","20":"instock","21":"shipping-taxable","22":"purchasable","23":"product-type-simple"},"acf":[],"_links":{"self":[{"href":"https:\/\/emeraldspa.pl\/pl\/wp-json\/wp\/v2\/product\/3888","targetHints":{"allow":["GET"]}}],"collection":[{"href":"https:\/\/emeraldspa.pl\/pl\/wp-json\/wp\/v2\/product"}],"about":[{"href":"https:\/\/emeraldspa.pl\/pl\/wp-json\/wp\/v2\/types\/product"}],"version-history":[{"count":1,"href":"https:\/\/emeraldspa.pl\/pl\/wp-json\/wp\/v2\/product\/3888\/revisions"}],"predecessor-version":[{"id":4962,"href":"https:\/\/emeraldspa.pl\/pl\/wp-json\/wp\/v2\/product\/3888\/revisions\/4962"}],"wp:featuredmedia":[{"embeddable":true,"href":"https:\/\/emeraldspa.pl\/pl\/wp-json\/wp\/v2\/media\/3937"}],"wp:attachment":[{"href":"https:\/\/emeraldspa.pl\/pl\/wp-json\/wp\/v2\/media?parent=3888"}],"wp:term":[{"taxonomy":"product_brand","embeddable":true,"href":"https:\/\/emeraldspa.pl\/pl\/wp-json\/wp\/v2\/product_brand?post=3888"},{"taxonomy":"product_cat","embeddable":true,"href":"https:\/\/emeraldspa.pl\/pl\/wp-json\/wp\/v2\/product_cat?post=3888"},{"taxonomy":"product_tag","embeddable":true,"href":"https:\/\/emeraldspa.pl\/pl\/wp-json\/wp\/v2\/product_tag?post=3888"}],"curies":[{"name":"wp","href":"https:\/\/api.w.org\/{rel}","templated":true}]}}