{"id":7296,"date":"2025-11-05T22:07:36","date_gmt":"2025-11-05T21:07:36","guid":{"rendered":"https:\/\/emeraldspa.pl\/?page_id=7296"},"modified":"2025-11-05T22:29:31","modified_gmt":"2025-11-05T21:29:31","slug":"polityka-zwrotow","status":"publish","type":"page","link":"https:\/\/emeraldspa.pl\/pl\/polityka-zwrotow\/","title":{"rendered":"Polityka zwrot\u00f3w"},"content":{"rendered":"<div data-elementor-type=\"wp-page\" data-elementor-id=\"7296\" class=\"elementor elementor-7296\" data-elementor-post-type=\"page\">\n\t\t\t\t<div class=\"elementor-element elementor-element-fceedf9 e-flex e-con-boxed e-con e-parent\" data-id=\"fceedf9\" data-element_type=\"container\" data-e-type=\"container\">\n\t\t\t\t\t<div class=\"e-con-inner\">\n\t\t\t\t<div class=\"elementor-element elementor-element-20d076e elementor-widget elementor-widget-heading\" data-id=\"20d076e\" data-element_type=\"widget\" data-e-type=\"widget\" data-widget_type=\"heading.default\">\n\t\t\t\t<div class=\"elementor-widget-container\">\n\t\t\t\t\t<h2 class=\"elementor-heading-title elementor-size-default\">Polityka zwrot\u00f3w<\/h2>\t\t\t\t<\/div>\n\t\t\t\t<\/div>\n\t\t\t\t<div class=\"elementor-element elementor-element-6d89eea elementor-widget elementor-widget-text-editor\" data-id=\"6d89eea\" data-element_type=\"widget\" data-e-type=\"widget\" data-widget_type=\"text-editor.default\">\n\t\t\t\t<div class=\"elementor-widget-container\">\n\t\t\t\t\t\t\t\t\t<p>Przy <strong>Emerald Spa<\/strong>, Chcemy, aby\u015b by\u0142 w pe\u0142ni zadowolony z zakupu. Dok\u0142adamy wszelkich stara\u0144, aby wybiera\u0107 produkty wysokiej jako\u015bci od naszych zaufanych dostawc\u00f3w, a ka\u017cdy produkt jest dok\u0142adnie sprawdzany przed wysy\u0142k\u0105.<\/p><h3><strong>Kwalifikowalno\u015b\u0107 do zwrot\u00f3w<\/strong><\/h3><p>Zwroty s\u0105 akceptowane <strong>tylko w przypadkach, gdy produkt jest wadliwy, uszkodzony lub uszkodzony podczas transportu.<\/strong><br \/>Robimy to <strong>nie<\/strong> przyjmuje zwroty produkt\u00f3w, kt\u00f3re nie s\u0105 wadliwe, uszkodzone lub nieprawid\u0142owo dostarczone.<\/p><p>Je\u015bli uwa\u017casz, \u017ce przedmiot dotar\u0142 uszkodzony lub wadliwy, skontaktuj si\u0119 z nami <strong>w ci\u0105gu 7 dni od dostawy<\/strong> aby\u015bmy mogli przeanalizowa\u0107 Twoj\u0105 spraw\u0119 i znale\u017a\u0107 odpowiednie rozwi\u0105zanie.<\/p><p>Wszystkie zwroty s\u0105 obs\u0142ugiwane <strong>na podstawie indywidualnych przypadk\u00f3w<\/strong>, Uprzejmie prosimy o wcze\u015bniejszy kontakt w celu potwierdzenia, czy przedmiot kwalifikuje si\u0119 do zwrotu lub wymiany.<\/p><h3><strong>Jak poprosi\u0107 o zwrot<\/strong><\/h3><ol><li><p><strong>Skontaktuj si\u0119 z nami bezpo\u015brednio<\/strong> na <a href=\"mailto:info@emeraldspa.pl\">info@emeraldspa.pl<\/a>,lub zadzwo\u0144 do nas w ci\u0105gu 7 dni od otrzymania zam\u00f3wienia.<\/p><\/li><li><p>Podaj swoje <strong>numer zam\u00f3wienia<\/strong> i obejmuj\u0105 <strong>wyra\u017ane zdj\u0119cia<\/strong> pokazuj\u0105ce problem lub uszkodzenie.<\/p><\/li><li><p>Po zapoznaniu si\u0119 z Twoj\u0105 pro\u015bb\u0105, w stosownych przypadkach przeka\u017cemy Ci instrukcje dotycz\u0105ce zwrotu.<\/p><\/li><\/ol><h3><strong>Wa\u017cne wytyczne<\/strong><\/h3><ul><li><p><strong>Zachowa\u0107 oryginalne opakowanie:<\/strong> Prosimy o zachowanie wszystkich materia\u0142\u00f3w opakowaniowych do czasu przetworzenia zwrotu.<\/p><\/li><li><p><strong>Kwestie zwi\u0105zane z dokumentami:<\/strong> Kontaktuj\u0105c si\u0119 z nami, do\u0142\u0105cz zdj\u0119cia lub filmy przedstawiaj\u0105ce wszelkie uszkodzenia lub wady.<\/p><\/li><li><p><strong>Korzystaj ze \u015bledzonej wysy\u0142ki:<\/strong> Zalecamy korzystanie z <strong>Podpisana i mo\u017cliwa do \u015bledzenia us\u0142uga<\/strong> podczas zwrotu produkt\u00f3w, aby zapewni\u0107 bezpieczn\u0105 dostaw\u0119.<\/p><\/li><li><p><strong>Koszty zwrotu:<\/strong> Chyba \u017ce przedmiot zostanie potwierdzony jako wadliwy lub uszkodzony w transporcie, <strong>koszty przesy\u0142ki zwrotnej ponosi klient.<\/strong><\/p><\/li><li><p><strong>Zamienniki:<\/strong> Zatwierdzone zwroty b\u0119d\u0105 skutkowa\u0107 <strong>wysy\u0142any produkt zast\u0119pczy<\/strong>. Zwroty nie s\u0105 zazwyczaj dokonywane, z wyj\u0105tkiem sytuacji, gdy zamiennik jest niedost\u0119pny.<\/p><\/li><\/ul><h3><strong>Kontakt<\/strong><\/h3><p>W przypadku jakichkolwiek pyta\u0144 lub ch\u0119ci om\u00f3wienia potencjalnego zwrotu, prosimy o kontakt pod adresem:<\/p><p>\ud83d\udce7 <a href=\"mailto:info@emeraldspa.pl\">info@emeraldspa.pl<\/a><\/p><p>\ud83d\udcde +48 666 937 687<\/p>\t\t\t\t\t\t\t\t<\/div>\n\t\t\t\t<\/div>\n\t\t\t\t\t<\/div>\n\t\t\t\t<\/div>\n\t\t\t\t<\/div>","protected":false},"excerpt":{"rendered":"<p>Nasza polityka zwrot\u00f3w zapewnia spok\u00f3j ducha - je\u015bli produkt dotrze uszkodzony lub wadliwy, skontaktuj si\u0119 z nami w ci\u0105gu 7 dni w celu wymiany lub rozwi\u0105zania problemu.<\/p>","protected":false},"author":1,"featured_media":6840,"parent":0,"menu_order":0,"comment_status":"closed","ping_status":"closed","template":"","meta":{"_acf_changed":false,"_price":"","_stock":"","_tribe_ticket_header":"","_tribe_default_ticket_provider":"","_tribe_ticket_capacity":"","_ticket_start_date":"","_ticket_end_date":"","_tribe_ticket_show_description":"","_tribe_ticket_show_not_going":false,"_tribe_ticket_use_global_stock":"","_tribe_ticket_global_stock_level":"","_global_stock_mode":"","_global_stock_cap":"","_tribe_rsvp_for_event":"","_tribe_ticket_going_count":"","_tribe_ticket_not_going_count":"","_tribe_tickets_list":"[]","_tribe_ticket_has_attendee_info_fields":false,"footnotes":""},"class_list":["post-7296","page","type-page","status-publish","has-post-thumbnail","hentry"],"acf":[],"_links":{"self":[{"href":"https:\/\/emeraldspa.pl\/pl\/wp-json\/wp\/v2\/pages\/7296","targetHints":{"allow":["GET"]}}],"collection":[{"href":"https:\/\/emeraldspa.pl\/pl\/wp-json\/wp\/v2\/pages"}],"about":[{"href":"https:\/\/emeraldspa.pl\/pl\/wp-json\/wp\/v2\/types\/page"}],"author":[{"embeddable":true,"href":"https:\/\/emeraldspa.pl\/pl\/wp-json\/wp\/v2\/users\/1"}],"replies":[{"embeddable":true,"href":"https:\/\/emeraldspa.pl\/pl\/wp-json\/wp\/v2\/comments?post=7296"}],"version-history":[{"count":19,"href":"https:\/\/emeraldspa.pl\/pl\/wp-json\/wp\/v2\/pages\/7296\/revisions"}],"predecessor-version":[{"id":7317,"href":"https:\/\/emeraldspa.pl\/pl\/wp-json\/wp\/v2\/pages\/7296\/revisions\/7317"}],"wp:featuredmedia":[{"embeddable":true,"href":"https:\/\/emeraldspa.pl\/pl\/wp-json\/wp\/v2\/media\/6840"}],"wp:attachment":[{"href":"https:\/\/emeraldspa.pl\/pl\/wp-json\/wp\/v2\/media?parent=7296"}],"curies":[{"name":"wp","href":"https:\/\/api.w.org\/{rel}","templated":true}]}}