{"id":7098,"date":"2025-11-01T14:11:42","date_gmt":"2025-11-01T13:11:42","guid":{"rendered":"https:\/\/emeraldspa.pl\/?page_id=7098"},"modified":"2026-03-27T17:16:24","modified_gmt":"2026-03-27T16:16:24","slug":"szkolenie","status":"publish","type":"page","link":"https:\/\/emeraldspa.pl\/pl\/szkolenie\/","title":{"rendered":"Szkolenie"},"content":{"rendered":"<div data-elementor-type=\"wp-page\" data-elementor-id=\"7098\" class=\"elementor elementor-7098\" data-elementor-post-type=\"page\">\n\t\t\t\t<div class=\"elementor-element elementor-element-af04f7e e-flex e-con-boxed e-con e-parent\" data-id=\"af04f7e\" data-element_type=\"container\" data-e-type=\"container\">\n\t\t\t\t\t<div class=\"e-con-inner\">\n\t\t<div class=\"elementor-element elementor-element-7d2ae1c e-con-full e-flex e-con e-child\" data-id=\"7d2ae1c\" data-element_type=\"container\" data-e-type=\"container\">\n\t\t\t\t<div class=\"elementor-element elementor-element-b651a5f elementor-cta--skin-cover elementor-animated-content elementor-bg-transform elementor-bg-transform-zoom-in elementor-widget elementor-widget-call-to-action\" data-id=\"b651a5f\" data-element_type=\"widget\" data-e-type=\"widget\" data-widget_type=\"call-to-action.default\">\n\t\t\t\t<div class=\"elementor-widget-container\">\n\t\t\t\t\t\t\t<div class=\"elementor-cta\">\n\t\t\t\t\t<div class=\"elementor-cta__bg-wrapper\">\n\t\t\t\t<div class=\"elementor-cta__bg elementor-bg\" style=\"background-image: url(https:\/\/emeraldspa.pl\/wp-content\/uploads\/2025\/10\/Firefly_image-of-a-massage-training-course-with-one-client-man-on-the-bed-being-massaged-by-a-479941-1-1024x585.png);\" role=\"img\" aria-label=\"Obraz szkolenia z masa\u017cu z jednym klientem na \u0142\u00f3\u017cku masowanym przez 479941 (1)\"><\/div>\n\t\t\t\t<div class=\"elementor-cta__bg-overlay\"><\/div>\n\t\t\t<\/div>\n\t\t\t\t\t\t\t<div class=\"elementor-cta__content\">\n\t\t\t\t\n\t\t\t\t\t\t\t\t\t<h2 class=\"elementor-cta__title elementor-cta__content-item elementor-content-item elementor-animated-item--grow\">\n\t\t\t\t\t\tSzkolenie Emerald Spa\t\t\t\t\t<\/h2>\n\t\t\t\t\n\t\t\t\t\t\t\t\t\t<div class=\"elementor-cta__description elementor-cta__content-item elementor-content-item elementor-animated-item--grow\">\n\t\t\t\t\t\tPoznaj autentyczne techniki masa\u017cu w luksusowym spa.<br data-start=\"1189\" data-end=\"1192\">\nMa\u0142e grupy - Praktyczne \u0107wiczenia - Oficjalny certyfikat Emerald Spa\t\t\t\t\t<\/div>\n\t\t\t\t\n\t\t\t\t\t\t\t<\/div>\n\t\t\t\t\t\t<\/div>\n\t\t\t\t\t\t<\/div>\n\t\t\t\t<\/div>\n\t\t<div class=\"elementor-element elementor-element-f672336 e-con-full e-flex e-con e-child\" data-id=\"f672336\" data-element_type=\"container\" data-e-type=\"container\">\n\t\t<div class=\"elementor-element elementor-element-f3dbc82 e-con-full e-flex e-con e-child\" data-id=\"f3dbc82\" data-element_type=\"container\" data-e-type=\"container\">\n\t\t\t\t<div class=\"elementor-element elementor-element-4c94ab4 elementor-widget elementor-widget-heading\" data-id=\"4c94ab4\" data-element_type=\"widget\" data-e-type=\"widget\" data-widget_type=\"heading.default\">\n\t\t\t\t<div class=\"elementor-widget-container\">\n\t\t\t\t\t<h2 class=\"elementor-heading-title elementor-size-default\">Dlaczego warto uczy\u0107 si\u0119 z Emerald Spa<\/h2>\t\t\t\t<\/div>\n\t\t\t\t<\/div>\n\t\t\t\t<div class=\"elementor-element elementor-element-471bbff elementor-widget elementor-widget-text-editor\" data-id=\"471bbff\" data-element_type=\"widget\" data-e-type=\"widget\" data-widget_type=\"text-editor.default\">\n\t\t\t\t<div class=\"elementor-widget-container\">\n\t\t\t\t\t\t\t\t\t<ul>\n<li><a href=\"https:\/\/emeraldspa.pl\/pl\/emerald-spa-iphm-akredytowany-kurs-masazu-krakow\/\">Uznane na arenie mi\u0119dzynarodowej i akredytowane szkolenia zawodowe<\/a><\/li>\n<li>Trenuj w prawdziwym luksusowym spa lub online (wkr\u00f3tce)<\/li>\n<li>Podstawowe i zaawansowane techniki<\/li>\n<li>Wszystko, czego potrzebujesz, jest zapewnione<\/li>\n<li>Ucz si\u0119 od do\u015bwiadczonych terapeut\u00f3w z ponad 20-letnim do\u015bwiadczeniem.<\/li>\n<li>Ma\u0142e grupy zapewniaj\u0105ce indywidualne wskaz\u00f3wki (prywatne 1 na 1 lub do 4 uczni\u00f3w)<\/li>\n<li>Elegancka prezentacja certyfikatu<\/li>\n<li>Kurs akredytowany przez uznan\u0105 mi\u0119dzynarodow\u0105 organizacj\u0119<\/li>\n<li>Przej\u015bcie do zaawansowanych modu\u0142\u00f3w masa\u017cu po obni\u017conych kosztach<\/li>\n<li>Bezp\u0142atne lunche i napoje (w Krakowie dla kurs\u00f3w ca\u0142odniowych lub weekendowych)<\/li>\n<li>Bezp\u0142atne korzystanie ze spa (kurs weekendowy)<\/li><li>Kursy co miesi\u0105c w Krakowie (zobacz wydarzenia).<\/li>\n<\/ul>\t\t\t\t\t\t\t\t<\/div>\n\t\t\t\t<\/div>\n\t\t\t\t<\/div>\n\t\t\t\t<\/div>\n\t\t<div class=\"elementor-element elementor-element-9a829c0 e-con-full e-flex e-con e-child\" data-id=\"9a829c0\" data-element_type=\"container\" data-e-type=\"container\">\n\t\t\t\t<div class=\"elementor-element elementor-element-0d5ee17 elementor-grid-3 elementor-grid-tablet-2 elementor-grid-mobile-1 elementor-posts--thumbnail-top elementor-widget elementor-widget-posts\" data-id=\"0d5ee17\" data-element_type=\"widget\" data-e-type=\"widget\" data-settings=\"{&quot;classic_columns&quot;:&quot;3&quot;,&quot;classic_columns_tablet&quot;:&quot;2&quot;,&quot;classic_columns_mobile&quot;:&quot;1&quot;,&quot;classic_row_gap&quot;:{&quot;unit&quot;:&quot;px&quot;,&quot;size&quot;:35,&quot;sizes&quot;:[]},&quot;classic_row_gap_tablet&quot;:{&quot;unit&quot;:&quot;px&quot;,&quot;size&quot;:&quot;&quot;,&quot;sizes&quot;:[]},&quot;classic_row_gap_mobile&quot;:{&quot;unit&quot;:&quot;px&quot;,&quot;size&quot;:&quot;&quot;,&quot;sizes&quot;:[]}}\" data-widget_type=\"posts.classic\">\n\t\t\t\t<div class=\"elementor-widget-container\">\n\t\t\t\t\t\t\t<div class=\"elementor-posts-container elementor-posts elementor-posts--skin-classic elementor-grid\" role=\"list\">\n\t\t\t\t<article class=\"elementor-post elementor-grid-item post-7137 post type-post status-publish format-standard has-post-thumbnail hentry category-training tag-accredited tag-certificate tag-in-house tag-intensive tag-massage-course tag-weekend\" role=\"listitem\">\n\t\t\t\t<a class=\"elementor-post__thumbnail__link\" href=\"https:\/\/emeraldspa.pl\/pl\/podstawowy-kurs-masazu-klasycznego\/\" tabindex=\"-1\" >\n\t\t\t<div class=\"elementor-post__thumbnail\"><img fetchpriority=\"high\" decoding=\"async\" width=\"300\" height=\"225\" src=\"https:\/\/emeraldspa.pl\/wp-content\/uploads\/2023\/10\/shutterstock_128560229-300x225.jpg\" class=\"attachment-medium size-medium wp-image-2830\" alt=\"\" srcset=\"https:\/\/emeraldspa.pl\/wp-content\/uploads\/2023\/10\/shutterstock_128560229-300x225.jpg 300w, https:\/\/emeraldspa.pl\/wp-content\/uploads\/2023\/10\/shutterstock_128560229-600x450.jpg 600w, https:\/\/emeraldspa.pl\/wp-content\/uploads\/2023\/10\/shutterstock_128560229-768x576.jpg 768w, https:\/\/emeraldspa.pl\/wp-content\/uploads\/2023\/10\/shutterstock_128560229-16x12.jpg 16w, https:\/\/emeraldspa.pl\/wp-content\/uploads\/2023\/10\/shutterstock_128560229.jpg 1000w\" sizes=\"(max-width: 300px) 100vw, 300px\" \/><\/div>\n\t\t<\/a>\n\t\t\t\t<div class=\"elementor-post__text\">\n\t\t\t\t<h3 class=\"elementor-post__title\">\n\t\t\t<a href=\"https:\/\/emeraldspa.pl\/pl\/podstawowy-kurs-masazu-klasycznego\/\" >\n\t\t\t\tPodstawowy kurs masa\u017cu klasycznego\t\t\t<\/a>\n\t\t<\/h3>\n\t\t\t\t<div class=\"elementor-post__excerpt\">\n\t\t\t<p>Ten intensywny, praktyczny kurs zapewnia pe\u0142ne podstawy sztuki masa\u017cu szwedzkiego - podstawy prawie wszystkich nowoczesnych zabieg\u00f3w terapeutycznych i spa.<\/p>\n\t\t<\/div>\n\t\t\n\t\t<a class=\"elementor-post__read-more\" href=\"https:\/\/emeraldspa.pl\/pl\/podstawowy-kurs-masazu-klasycznego\/\" aria-label=\"Przeczytaj wi\u0119cej o podstawowym kursie masa\u017cu klasycznego\" tabindex=\"-1\" >\n\t\t\tRead More \"\t\t<\/a>\n\n\t\t\t\t<\/div>\n\t\t\t\t<\/article>\n\t\t\t\t<article class=\"elementor-post elementor-grid-item post-7154 post type-post status-publish format-standard has-post-thumbnail hentry category-training tag-accredited tag-certificate tag-in-house tag-intensive tag-one-day\" role=\"listitem\">\n\t\t\t\t<a class=\"elementor-post__thumbnail__link\" href=\"https:\/\/emeraldspa.pl\/pl\/kurs-masazu-relaksacyjnego\/\" tabindex=\"-1\" >\n\t\t\t<div class=\"elementor-post__thumbnail\"><img decoding=\"async\" width=\"300\" height=\"119\" src=\"https:\/\/emeraldspa.pl\/wp-content\/uploads\/2023\/09\/banner-aos-massage-300x119.jpg\" class=\"attachment-medium size-medium wp-image-677\" alt=\"\" srcset=\"https:\/\/emeraldspa.pl\/wp-content\/uploads\/2023\/09\/banner-aos-massage-300x119.jpg 300w, https:\/\/emeraldspa.pl\/wp-content\/uploads\/2023\/09\/banner-aos-massage-600x238.jpg 600w, https:\/\/emeraldspa.pl\/wp-content\/uploads\/2023\/09\/banner-aos-massage-1024x407.jpg 1024w, https:\/\/emeraldspa.pl\/wp-content\/uploads\/2023\/09\/banner-aos-massage-768x305.jpg 768w, https:\/\/emeraldspa.pl\/wp-content\/uploads\/2023\/09\/banner-aos-massage.jpg 1510w\" sizes=\"(max-width: 300px) 100vw, 300px\" \/><\/div>\n\t\t<\/a>\n\t\t\t\t<div class=\"elementor-post__text\">\n\t\t\t\t<h3 class=\"elementor-post__title\">\n\t\t\t<a href=\"https:\/\/emeraldspa.pl\/pl\/kurs-masazu-relaksacyjnego\/\" >\n\t\t\t\tKurs masa\u017cu relaksacyjnego\t\t\t<\/a>\n\t\t<\/h3>\n\t\t\t\t<div class=\"elementor-post__excerpt\">\n\t\t\t<p>Opiera si\u0119 na kursie podstawowym (masa\u017c klasyczny) w kr\u00f3tkiej 4-godzinnej praktycznej sesji nauki innych technik relaksacyjnych.<\/p>\n\t\t<\/div>\n\t\t\n\t\t<a class=\"elementor-post__read-more\" href=\"https:\/\/emeraldspa.pl\/pl\/kurs-masazu-relaksacyjnego\/\" aria-label=\"Dowiedz si\u0119 wi\u0119cej o kursie masa\u017cu relaksacyjnego\" tabindex=\"-1\" >\n\t\t\tRead More \"\t\t<\/a>\n\n\t\t\t\t<\/div>\n\t\t\t\t<\/article>\n\t\t\t\t<article class=\"elementor-post elementor-grid-item post-7184 post type-post status-publish format-standard has-post-thumbnail hentry category-training tag-in-house tag-intensitve tag-one-day-2\" role=\"listitem\">\n\t\t\t\t<a class=\"elementor-post__thumbnail__link\" href=\"https:\/\/emeraldspa.pl\/pl\/certyfikowany-kurs-masazu-goracymi-kamieniami\/\" tabindex=\"-1\" >\n\t\t\t<div class=\"elementor-post__thumbnail\"><img decoding=\"async\" width=\"300\" height=\"169\" src=\"https:\/\/emeraldspa.pl\/wp-content\/uploads\/2023\/10\/stones-300x169.jpg\" class=\"attachment-medium size-medium wp-image-2596\" alt=\"\" srcset=\"https:\/\/emeraldspa.pl\/wp-content\/uploads\/2023\/10\/stones-300x169.jpg 300w, https:\/\/emeraldspa.pl\/wp-content\/uploads\/2023\/10\/stones-scaled-600x338.jpg 600w, https:\/\/emeraldspa.pl\/wp-content\/uploads\/2023\/10\/stones-1024x576.jpg 1024w, https:\/\/emeraldspa.pl\/wp-content\/uploads\/2023\/10\/stones-768x432.jpg 768w, https:\/\/emeraldspa.pl\/wp-content\/uploads\/2023\/10\/stones-1536x864.jpg 1536w, https:\/\/emeraldspa.pl\/wp-content\/uploads\/2023\/10\/stones-2048x1152.jpg 2048w, https:\/\/emeraldspa.pl\/wp-content\/uploads\/2023\/10\/stones-18x10.jpg 18w, https:\/\/emeraldspa.pl\/wp-content\/uploads\/2023\/10\/stones-scaled.jpg 1560w\" sizes=\"(max-width: 300px) 100vw, 300px\" \/><\/div>\n\t\t<\/a>\n\t\t\t\t<div class=\"elementor-post__text\">\n\t\t\t\t<h3 class=\"elementor-post__title\">\n\t\t\t<a href=\"https:\/\/emeraldspa.pl\/pl\/certyfikowany-kurs-masazu-goracymi-kamieniami\/\" >\n\t\t\t\tCertyfikowany kurs masa\u017cu gor\u0105cymi kamieniami\t\t\t<\/a>\n\t\t<\/h3>\n\t\t\t\t<div class=\"elementor-post__excerpt\">\n\t\t\t<p>Odkryj ciep\u0142o, p\u0142ynno\u015b\u0107 i regeneruj\u0105c\u0105 moc masa\u017cu gor\u0105cymi kamieniami podczas jednodniowego profesjonalnego warsztatu w Emerald Spa Training w Krakowie.<\/p>\n\t\t<\/div>\n\t\t\n\t\t<a class=\"elementor-post__read-more\" href=\"https:\/\/emeraldspa.pl\/pl\/certyfikowany-kurs-masazu-goracymi-kamieniami\/\" aria-label=\"Dowiedz si\u0119 wi\u0119cej o certyfikowanym kursie masa\u017cu gor\u0105cymi kamieniami\" tabindex=\"-1\" >\n\t\t\tRead More \"\t\t<\/a>\n\n\t\t\t\t<\/div>\n\t\t\t\t<\/article>\n\t\t\t\t<\/div>\n\t\t\n\t\t\t\t\t\t<\/div>\n\t\t\t\t<\/div>\n\t\t\t\t<\/div>\n\t\t\t\t<\/div>\n\t\t\t\t\t<\/div>\n\t\t\t\t<\/div>\n\t\t<div class=\"elementor-element elementor-element-a791325 e-flex e-con-boxed e-con e-parent\" data-id=\"a791325\" data-element_type=\"container\" data-e-type=\"container\">\n\t\t\t\t\t<div class=\"e-con-inner\">\n\t\t\t\t<div class=\"elementor-element elementor-element-2955625 elementor-cta--skin-classic elementor-animated-content elementor-bg-transform elementor-bg-transform-zoom-in elementor-widget elementor-widget-call-to-action\" data-id=\"2955625\" data-element_type=\"widget\" data-e-type=\"widget\" data-widget_type=\"call-to-action.default\">\n\t\t\t\t<div class=\"elementor-widget-container\">\n\t\t\t\t\t\t\t<div class=\"elementor-cta\">\n\t\t\t\t\t<div class=\"elementor-cta__bg-wrapper\">\n\t\t\t\t<div class=\"elementor-cta__bg elementor-bg\" style=\"background-image: url(https:\/\/emeraldspa.pl\/wp-content\/uploads\/2025\/11\/IPHM_Certificate_holding1.jpg);\" role=\"img\" aria-label=\"Akredytacja IPHM\"><\/div>\n\t\t\t\t<div class=\"elementor-cta__bg-overlay\"><\/div>\n\t\t\t<\/div>\n\t\t\t\t\t\t\t<div class=\"elementor-cta__content\">\n\t\t\t\t\n\t\t\t\t\t\t\t\t\t<h2 class=\"elementor-cta__title elementor-cta__content-item elementor-content-item\">\n\t\t\t\t\t\tMi\u0119dzynarodowa akredytacja IPHM\t\t\t\t\t<\/h2>\n\t\t\t\t\n\t\t\t\t\t\t\t\t\t<div class=\"elementor-cta__description elementor-cta__content-item elementor-content-item\">\n\t\t\t\t\t\tEmerald Spa Training, Krak\u00f3w, jest uznanym na ca\u0142ym \u015bwiecie dostawc\u0105 us\u0142ug szkoleniowych\t\t\t\t\t<\/div>\n\t\t\t\t\n\t\t\t\t\t\t\t\t\t<div class=\"elementor-cta__button-wrapper elementor-cta__content-item elementor-content-item\">\n\t\t\t\t\t<a class=\"elementor-cta__button elementor-button elementor-size-\">\n\t\t\t\t\t\tCzytaj wi\u0119cej\t\t\t\t\t<\/a>\n\t\t\t\t\t<\/div>\n\t\t\t\t\t\t\t<\/div>\n\t\t\t\t\t\t<\/div>\n\t\t\t\t\t\t<\/div>\n\t\t\t\t<\/div>\n\t\t\t\t\t<\/div>\n\t\t\t\t<\/div>\n\t\t\t\t<\/div>","protected":false},"excerpt":{"rendered":"<p>Emerald Spa Training Learn the authentic techniques of massage in a luxury spa environment. Small groups \u2022 Hands-on practice \u2022 Official Emerald Spa certificate Why Learn with Emerald Spa Internationally [&hellip;]<\/p>\n","protected":false},"author":1,"featured_media":0,"parent":0,"menu_order":0,"comment_status":"closed","ping_status":"closed","template":"","meta":{"_acf_changed":false,"_price":"","_stock":"","_tribe_ticket_header":"","_tribe_default_ticket_provider":"","_tribe_ticket_capacity":"","_ticket_start_date":"","_ticket_end_date":"","_tribe_ticket_show_description":"","_tribe_ticket_show_not_going":false,"_tribe_ticket_use_global_stock":"","_tribe_ticket_global_stock_level":"","_global_stock_mode":"","_global_stock_cap":"","_tribe_rsvp_for_event":"","_tribe_ticket_going_count":"","_tribe_ticket_not_going_count":"","_tribe_tickets_list":"[]","_tribe_ticket_has_attendee_info_fields":false,"footnotes":""},"class_list":["post-7098","page","type-page","status-publish","hentry"],"acf":[],"_links":{"self":[{"href":"https:\/\/emeraldspa.pl\/pl\/wp-json\/wp\/v2\/pages\/7098","targetHints":{"allow":["GET"]}}],"collection":[{"href":"https:\/\/emeraldspa.pl\/pl\/wp-json\/wp\/v2\/pages"}],"about":[{"href":"https:\/\/emeraldspa.pl\/pl\/wp-json\/wp\/v2\/types\/page"}],"author":[{"embeddable":true,"href":"https:\/\/emeraldspa.pl\/pl\/wp-json\/wp\/v2\/users\/1"}],"replies":[{"embeddable":true,"href":"https:\/\/emeraldspa.pl\/pl\/wp-json\/wp\/v2\/comments?post=7098"}],"version-history":[{"count":25,"href":"https:\/\/emeraldspa.pl\/pl\/wp-json\/wp\/v2\/pages\/7098\/revisions"}],"predecessor-version":[{"id":8040,"href":"https:\/\/emeraldspa.pl\/pl\/wp-json\/wp\/v2\/pages\/7098\/revisions\/8040"}],"wp:attachment":[{"href":"https:\/\/emeraldspa.pl\/pl\/wp-json\/wp\/v2\/media?parent=7098"}],"curies":[{"name":"wp","href":"https:\/\/api.w.org\/{rel}","templated":true}]}}