{"id":609,"date":"2023-09-27T09:27:32","date_gmt":"2023-09-27T09:27:32","guid":{"rendered":"https:\/\/emeraldspa.pl\/?page_id=609"},"modified":"2026-01-05T13:01:40","modified_gmt":"2026-01-05T12:01:40","slug":"pokoje","status":"publish","type":"page","link":"https:\/\/emeraldspa.pl\/pl\/uslugi\/pokoje\/","title":{"rendered":"Pokoje"},"content":{"rendered":"<div data-elementor-type=\"wp-page\" data-elementor-id=\"609\" class=\"elementor elementor-609\" data-elementor-post-type=\"page\">\n\t\t\t\t<div class=\"elementor-element elementor-element-39f5925 e-flex e-con-boxed e-con e-parent\" data-id=\"39f5925\" data-element_type=\"container\" data-e-type=\"container\">\n\t\t\t\t\t<div class=\"e-con-inner\">\n\t\t\t\t<div class=\"elementor-element elementor-element-6af6f8a elementor--h-position-center elementor--v-position-middle elementor-arrows-position-inside elementor-pagination-position-inside elementor-widget elementor-widget-slides\" data-id=\"6af6f8a\" data-element_type=\"widget\" data-e-type=\"widget\" data-settings=\"{&quot;navigation&quot;:&quot;both&quot;,&quot;autoplay&quot;:&quot;yes&quot;,&quot;pause_on_hover&quot;:&quot;yes&quot;,&quot;pause_on_interaction&quot;:&quot;yes&quot;,&quot;autoplay_speed&quot;:5000,&quot;infinite&quot;:&quot;yes&quot;,&quot;transition&quot;:&quot;slide&quot;,&quot;transition_speed&quot;:500}\" data-widget_type=\"slides.default\">\n\t\t\t\t<div class=\"elementor-widget-container\">\n\t\t\t\t\t\t\t\t\t<div class=\"elementor-swiper\">\n\t\t\t\t\t<div class=\"elementor-slides-wrapper elementor-main-swiper swiper\" role=\"region\" aria-roledescription=\"carousel\" aria-label=\"Slajdy\" dir=\"ltr\" data-animation=\"fadeInUp\">\n\t\t\t\t<div class=\"swiper-wrapper elementor-slides\">\n\t\t\t\t\t\t\t\t\t\t<div class=\"elementor-repeater-item-c9d854b swiper-slide\" role=\"group\" aria-roledescription=\"slide\"><div class=\"swiper-slide-bg elementor-ken-burns elementor-ken-burns--in\" role=\"img\" aria-label=\"269945985_398320372047147_7141736016603553462_n\"><\/div><a class=\"swiper-slide-inner\" href=\"\/pl\/kontakt\/\"><div class=\"swiper-slide-contents\"><div class=\"elementor-slide-heading\">Dost\u0119pne pokoje<\/div><div class=\"elementor-slide-description\">Prosz\u0119 si\u0119 nie spieszy\u0107 i zosta\u0107 na noc lub na kilka godzin.<\/div><div  class=\"elementor-button elementor-slide-button elementor-size-sm\">Zarezerwuj teraz<\/div><\/div><\/a><\/div><div class=\"elementor-repeater-item-3cb42b3 swiper-slide\" role=\"group\" aria-roledescription=\"slide\"><div class=\"swiper-slide-bg elementor-ken-burns elementor-ken-burns--in\" role=\"img\" aria-label=\"269911112_398320382047146_4979292356526486340_n\"><\/div><a class=\"swiper-slide-inner\" href=\"\/pl\/kontakt\/\"><div class=\"swiper-slide-contents\"><div class=\"elementor-slide-heading\">Pokoje w dobrym stylu<\/div><div class=\"elementor-slide-description\">Relaks w naszych unikalnie zaprojektowanych pokojach<\/div><div  class=\"elementor-button elementor-slide-button elementor-size-sm\">Zarezerwuj teraz<\/div><\/div><\/a><\/div><div class=\"elementor-repeater-item-915e22c swiper-slide\" role=\"group\" aria-roledescription=\"slide\"><div class=\"swiper-slide-bg elementor-ken-burns elementor-ken-burns--in\" role=\"img\" aria-label=\"Pok\u00f3j w stylu boho\"><\/div><a class=\"swiper-slide-inner\" href=\"\/pl\/kontakt\/\"><div class=\"swiper-slide-contents\"><div class=\"elementor-slide-heading\">Pokoje nocne i dzienne<\/div><div class=\"elementor-slide-description\">Transakcje robocze, nakacje, noclegi<\/div><div  class=\"elementor-button elementor-slide-button elementor-size-sm\">Zarezerwuj teraz<\/div><\/div><\/a><\/div>\t\t\t\t<\/div>\n\t\t\t\t\t\t\t\t\t\t\t\t\t\t\t<div class=\"elementor-swiper-button elementor-swiper-button-prev\" role=\"button\" tabindex=\"0\" aria-label=\"Poprzedni slajd\">\n\t\t\t\t\t\t\t<svg aria-hidden=\"true\" class=\"e-font-icon-svg e-eicon-chevron-left\" viewbox=\"0 0 1000 1000\" xmlns=\"http:\/\/www.w3.org\/2000\/svg\"><path d=\"M646 125C629 125 613 133 604 142L308 442C296 454 292 471 292 487 292 504 296 521 308 533L604 854C617 867 629 875 646 875 663 875 679 871 692 858 704 846 713 829 713 812 713 796 708 779 692 767L438 487 692 225C700 217 708 204 708 187 708 171 704 154 692 142 675 129 663 125 646 125Z\"><\/path><\/svg>\t\t\t\t\t\t<\/div>\n\t\t\t\t\t\t<div class=\"elementor-swiper-button elementor-swiper-button-next\" role=\"button\" tabindex=\"0\" aria-label=\"Nast\u0119pny slajd\">\n\t\t\t\t\t\t\t<svg aria-hidden=\"true\" class=\"e-font-icon-svg e-eicon-chevron-right\" viewbox=\"0 0 1000 1000\" xmlns=\"http:\/\/www.w3.org\/2000\/svg\"><path d=\"M696 533C708 521 713 504 713 487 713 471 708 454 696 446L400 146C388 133 375 125 354 125 338 125 325 129 313 142 300 154 292 171 292 187 292 204 296 221 308 233L563 492 304 771C292 783 288 800 288 817 288 833 296 850 308 863 321 871 338 875 354 875 371 875 388 867 400 854L696 533Z\"><\/path><\/svg>\t\t\t\t\t\t<\/div>\n\t\t\t\t\t\t\t\t\t\t\t\t\t\t\t\t<div class=\"swiper-pagination\"><\/div>\n\t\t\t\t\t\t\t\t\t\t\t\t<\/div>\n\t\t\t\t<\/div>\n\t\t\t\t\t\t\t\t<\/div>\n\t\t\t\t<\/div>\n\t\t\t\t\t<\/div>\n\t\t\t\t<\/div>\n\t\t<div class=\"elementor-element elementor-element-29c6193 e-flex e-con-boxed e-con e-parent\" data-id=\"29c6193\" data-element_type=\"container\" data-e-type=\"container\">\n\t\t\t\t\t<div class=\"e-con-inner\">\n\t\t\t\t<div class=\"elementor-element elementor-element-66d3d18 elementor-widget elementor-widget-spacer\" data-id=\"66d3d18\" data-element_type=\"widget\" data-e-type=\"widget\" data-widget_type=\"spacer.default\">\n\t\t\t\t<div class=\"elementor-widget-container\">\n\t\t\t\t\t\t\t<div class=\"elementor-spacer\">\n\t\t\t<div class=\"elementor-spacer-inner\"><\/div>\n\t\t<\/div>\n\t\t\t\t\t\t<\/div>\n\t\t\t\t<\/div>\n\t\t\t\t\t<\/div>\n\t\t\t\t<\/div>\n\t\t<div class=\"elementor-element elementor-element-d06fc93 e-flex e-con-boxed e-con e-parent\" data-id=\"d06fc93\" data-element_type=\"container\" data-e-type=\"container\">\n\t\t\t\t\t<div class=\"e-con-inner\">\n\t\t<div class=\"elementor-element elementor-element-74b19e8 e-flex e-con-boxed e-con e-child\" data-id=\"74b19e8\" data-element_type=\"container\" data-e-type=\"container\">\n\t\t\t\t\t<div class=\"e-con-inner\">\n\t\t\t\t<div class=\"elementor-element elementor-element-984416e elementor-widget elementor-widget-text-editor\" data-id=\"984416e\" data-element_type=\"widget\" data-e-type=\"widget\" data-widget_type=\"text-editor.default\">\n\t\t\t\t<div class=\"elementor-widget-container\">\n\t\t\t\t\t\t\t\t\t<p>Dysponujemy r\u00f3wnie\u017c pokojami kr\u00f3tko- i d\u0142ugoterminowymi (tylko na \u017cyczenie i rezerwacj\u0119) - od zaledwie 2 godzin do tygodnia lub d\u0142u\u017cej.<\/p><ul><li>Je\u015bli podr\u00f3\u017cuj\u0105 Pa\u0144stwo z daleka na jedno z naszych wydarze\u0144 lub prywatn\u0105 uroczysto\u015b\u0107, mamy do dyspozycji du\u017ce, wyposa\u017cone pokoje dwuosobowe na Pa\u0144stwa pobyt<\/li><li>Je\u015bli chcia\u0142by\u015b zatrzyma\u0107 si\u0119 w domu przyjaznym naturystom na kilka dni, mo\u017cemy ci\u0119 zakwaterowa\u0107 (min. 2 noce).<\/li><li>Je\u015bli potrzebuj\u0105 Pa\u0144stwo miejsca do relaksu lub pracy przez kr\u00f3tki czas w ci\u0105gu dnia lub wieczorem (rezerwacja na min. 2 godziny), prosimy o kontakt.<\/li><li>A <strong>wsp\u00f3lna \u0142azienka<\/strong> jest dost\u0119pny na pierwszym pi\u0119trze (wraz z 2 innymi sypialniami)<\/li><li>Pozosta\u0142e \u0142azienki\/prysznice\/WC s\u0105 dost\u0119pne na innych pi\u0119trach.\u00a0<\/li><li>Ka\u017cdy pok\u00f3j wyposa\u017cony jest w zestaw do parzenia kawy\/herbaty\/wody, r\u0119czniki i szlafroki.<\/li><li>Telewizja (Netflix, WP Pilot, YouTube itp.) w ka\u017cdym pokoju<\/li><li>Szybki, bezp\u0142atny internet Wi-Fi<\/li><li>W pobli\u017cu spa znajduj\u0105 si\u0119 restauracje i sklepy, a na wcze\u015bniejsze \u017cyczenie mo\u017cemy r\u00f3wnie\u017c zapewni\u0107 catering.<\/li><li>\u015aniadanie dost\u0119pne w przypadku nocleg\u00f3w.<\/li><li>Pokoje s\u0105 r\u00f3wnie\u017c dost\u0119pne jako dodatki do pakiet\u00f3w spa.<\/li><li>Minimalna d\u0142ugo\u015b\u0107 pobytu to 2 noce (chyba \u017ce rezerwacja jest cz\u0119\u015bci\u0105 pakietu spa, wydarzenia lub na kilka godzin).<\/li><\/ul><p>\u00a0<\/p><p><strong data-start=\"557\" data-end=\"588\">Pokoje od 320 z\u0142 za noc<\/strong><br data-start=\"588\" data-end=\"591\" \/><em data-start=\"593\" data-end=\"635\">(ceny r\u00f3\u017cni\u0105 si\u0119 w zale\u017cno\u015bci od daty, sezonu i wydarze\u0144)<\/em><\/p><blockquote data-start=\"1371\" data-end=\"1554\"><p data-start=\"1373\" data-end=\"1554\"><strong data-start=\"1373\" data-end=\"1399\">Orientacyjne ceny pokoi<\/strong><br data-start=\"1399\" data-end=\"1402\" \/>\u2022 Dni powszednie: od <strong data-start=\"1421\" data-end=\"1431\">320 z\u0142<\/strong><br data-start=\"1431\" data-end=\"1434\" \/>\u2022 Weekendy: <strong data-start=\"1448\" data-end=\"1462\">380\u2013450 z\u0142<\/strong><br data-start=\"1462\" data-end=\"1465\" \/>\u2022 Specjalne daty i wydarzenia: ceny ustalane indywidualnie<br data-start=\"1512\" data-end=\"1515\" \/>\u2022 Sylwester: <strong data-start=\"1535\" data-end=\"1554\">800 z\u0142 za pok\u00f3j<\/strong><\/p><\/blockquote><blockquote data-start=\"1561\" data-end=\"1598\"><p data-start=\"1563\" data-end=\"1598\"><em data-start=\"1563\" data-end=\"1598\">Ostateczna cena potwierdzana po zapytaniu.<\/em><\/p><\/blockquote><p><span style=\"color: var( --e-global-color-text ); font-family: var( --e-global-typography-text-font-family ), Sans-serif; font-size: var( --e-global-typography-text-font-size ); font-style: var( --e-global-typography-text-font-style ); font-weight: var( --e-global-typography-text-font-weight ); letter-spacing: var( --e-global-typography-text-letter-spacing ); text-transform: var( --e-global-typography-text-text-transform ); text-align: var(--text-align); background-color: var( --e-global-color-c696dce );\">Prosz\u0119 skontaktowa\u0107 si\u0119 z nami pod numerem +48 666 937 687, aby zarezerwowa\u0107 pok\u00f3j jak najszybciej<\/span><\/p>\t\t\t\t\t\t\t\t<\/div>\n\t\t\t\t<\/div>\n\t\t\t\t<div class=\"elementor-element elementor-element-12ccc80 elementor-invisible elementor-widget elementor-widget-price-list\" data-id=\"12ccc80\" data-element_type=\"widget\" data-e-type=\"widget\" data-settings=\"{&quot;_animation&quot;:&quot;fadeIn&quot;}\" data-widget_type=\"price-list.default\">\n\t\t\t\t<div class=\"elementor-widget-container\">\n\t\t\t\t\t\n\t\t<ul class=\"elementor-price-list\">\n\n\t\t\t\t\t\t\t\t\t<li><a class=\"elementor-price-list-item\" href=\"#\">\t\t\t\t\n\t\t\t\t<div class=\"elementor-price-list-text\">\n\t\t\t\t\t\t\t\t\t<div class=\"elementor-price-list-header\">\n\t\t\t\t\t\t\t\t\t\t\t<span class=\"elementor-price-list-title\">\n\t\t\t\t\t\t\t\ud83d\udc65 Pok\u00f3j dwuosobowy (od)\t\t\t\t\t\t<\/span>\n\t\t\t\t\t\t\t\t\t\t\t\t\t\t\t\t\t\t<span class=\"elementor-price-list-separator\"><\/span>\n\t\t\t\t\t\t\t\t\t\t\t\t\t\t\t\t\t\t\t<span class=\"elementor-price-list-price\">320z\u0142<\/span>\n\t\t\t\t\t\t\t\t\t\t<\/div>\n\t\t\t\t\t\t\t\t\t\t\t\t\t\t\t<p class=\"elementor-price-list-description\">\n\t\t\t\t\t\t\tPok\u00f3j dwuosobowy, dla 1-2 os\u00f3b, balkon, widok na boczn\u0105 cz\u0119\u015b\u0107 lub ogr\u00f3d. (ceny weekendowe lub dni specjalne wyceniane indywidualnie)\t\t\t\t\t\t<\/p>\n\t\t\t\t\t\t\t\t<\/div>\n\t\t\t\t<\/a><\/li>\t\t\t\t\t\t\t\t\t\t\t\t<li><a class=\"elementor-price-list-item\" href=\"#\">\t\t\t\t\n\t\t\t\t<div class=\"elementor-price-list-text\">\n\t\t\t\t\t\t\t\t\t<div class=\"elementor-price-list-header\">\n\t\t\t\t\t\t\t\t\t\t\t<span class=\"elementor-price-list-title\">\n\t\t\t\t\t\t\t\ud83d\udc65\ud83d\udc65 Pok\u00f3j 4-osobowy (od)\t\t\t\t\t\t<\/span>\n\t\t\t\t\t\t\t\t\t\t\t\t\t\t\t\t\t\t<span class=\"elementor-price-list-separator\"><\/span>\n\t\t\t\t\t\t\t\t\t\t\t\t\t\t\t\t\t\t\t<span class=\"elementor-price-list-price\">490 z\u0142<\/span>\n\t\t\t\t\t\t\t\t\t\t<\/div>\n\t\t\t\t\t\t\t\t\t\t\t\t\t\t\t<p class=\"elementor-price-list-description\">\n\t\t\t\t\t\t\t1 podw\u00f3jne \u0142\u00f3\u017cko i 1 podw\u00f3jna rozk\u0142adana sofa w 1 du\u017cym pokoju, widok z boku. Dla 3-4 os\u00f3b.\t\t\t\t\t\t<\/p>\n\t\t\t\t\t\t\t\t<\/div>\n\t\t\t\t<\/a><\/li>\t\t\t\t\t\n\t\t<\/ul>\n\n\t\t\t\t\t\t<\/div>\n\t\t\t\t<\/div>\n\t\t\t\t<div class=\"elementor-element elementor-element-71b1014 elementor-widget elementor-widget-spacer\" data-id=\"71b1014\" data-element_type=\"widget\" data-e-type=\"widget\" data-widget_type=\"spacer.default\">\n\t\t\t\t<div class=\"elementor-widget-container\">\n\t\t\t\t\t\t\t<div class=\"elementor-spacer\">\n\t\t\t<div class=\"elementor-spacer-inner\"><\/div>\n\t\t<\/div>\n\t\t\t\t\t\t<\/div>\n\t\t\t\t<\/div>\n\t\t\t\t\t<\/div>\n\t\t\t\t<\/div>\n\t\t<div class=\"elementor-element elementor-element-241796c e-con-full e-flex e-con e-child\" data-id=\"241796c\" data-element_type=\"container\" data-e-type=\"container\" data-settings=\"{&quot;background_background&quot;:&quot;classic&quot;}\">\n\t\t\t\t<\/div>\n\t\t\t\t\t<\/div>\n\t\t\t\t<\/div>\n\t\t\t\t<\/div>","protected":false},"excerpt":{"rendered":"<p>Rooms availableTake your time, and stay the night or for a few hours.Book nowRooms with styleRelax in our uniquely designed roomsBook NowOvernight and day roomsWorkactions, nakations, overnight staysBook now We [&hellip;]<\/p>\n","protected":false},"author":1,"featured_media":0,"parent":420,"menu_order":3,"comment_status":"closed","ping_status":"closed","template":"elementor_header_footer","meta":{"_acf_changed":false,"_price":"","_stock":"","_tribe_ticket_header":"","_tribe_default_ticket_provider":"","_tribe_ticket_capacity":"0","_ticket_start_date":"","_ticket_end_date":"","_tribe_ticket_show_description":"","_tribe_ticket_show_not_going":false,"_tribe_ticket_use_global_stock":"","_tribe_ticket_global_stock_level":"","_global_stock_mode":"","_global_stock_cap":"","_tribe_rsvp_for_event":"","_tribe_ticket_going_count":"","_tribe_ticket_not_going_count":"","_tribe_tickets_list":"[]","_tribe_ticket_has_attendee_info_fields":false,"footnotes":""},"class_list":["post-609","page","type-page","status-publish","hentry"],"acf":[],"_links":{"self":[{"href":"https:\/\/emeraldspa.pl\/pl\/wp-json\/wp\/v2\/pages\/609","targetHints":{"allow":["GET"]}}],"collection":[{"href":"https:\/\/emeraldspa.pl\/pl\/wp-json\/wp\/v2\/pages"}],"about":[{"href":"https:\/\/emeraldspa.pl\/pl\/wp-json\/wp\/v2\/types\/page"}],"author":[{"embeddable":true,"href":"https:\/\/emeraldspa.pl\/pl\/wp-json\/wp\/v2\/users\/1"}],"replies":[{"embeddable":true,"href":"https:\/\/emeraldspa.pl\/pl\/wp-json\/wp\/v2\/comments?post=609"}],"version-history":[{"count":25,"href":"https:\/\/emeraldspa.pl\/pl\/wp-json\/wp\/v2\/pages\/609\/revisions"}],"predecessor-version":[{"id":7752,"href":"https:\/\/emeraldspa.pl\/pl\/wp-json\/wp\/v2\/pages\/609\/revisions\/7752"}],"up":[{"embeddable":true,"href":"https:\/\/emeraldspa.pl\/pl\/wp-json\/wp\/v2\/pages\/420"}],"wp:attachment":[{"href":"https:\/\/emeraldspa.pl\/pl\/wp-json\/wp\/v2\/media?parent=609"}],"curies":[{"name":"wp","href":"https:\/\/api.w.org\/{rel}","templated":true}]}}