{"id":3271,"date":"2023-10-20T12:12:09","date_gmt":"2023-10-20T10:12:09","guid":{"rendered":"https:\/\/emeraldspa.pl\/?page_id=3271"},"modified":"2025-10-14T14:19:26","modified_gmt":"2025-10-14T12:19:26","slug":"tybetanskie-gongi-i-misy","status":"publish","type":"page","link":"https:\/\/emeraldspa.pl\/pl\/uslugi\/tybetanskie-gongi-i-misy\/","title":{"rendered":"Gongi i misy tybeta\u0144skie"},"content":{"rendered":"<div data-elementor-type=\"wp-post\" data-elementor-id=\"3271\" class=\"elementor elementor-3271\" data-elementor-post-type=\"page\">\n\t\t\t\t<div class=\"elementor-element elementor-element-259ed51 e-flex e-con-boxed e-con e-parent\" data-id=\"259ed51\" data-element_type=\"container\" data-e-type=\"container\">\n\t\t\t\t\t<div class=\"e-con-inner\">\n\t\t\t\t<div class=\"elementor-element elementor-element-759a9a0 elementor-cta--skin-cover elementor-animated-content elementor-bg-transform elementor-bg-transform-zoom-in elementor-widget elementor-widget-call-to-action\" data-id=\"759a9a0\" data-element_type=\"widget\" data-e-type=\"widget\" data-widget_type=\"call-to-action.default\">\n\t\t\t\t<div class=\"elementor-widget-container\">\n\t\t\t\t\t\t\t<div class=\"elementor-cta\">\n\t\t\t\t\t<div class=\"elementor-cta__bg-wrapper\">\n\t\t\t\t<div class=\"elementor-cta__bg elementor-bg\" style=\"background-image: url(https:\/\/emeraldspa.pl\/wp-content\/uploads\/2023\/10\/gongs3-1024x684.jpg);\" role=\"img\" aria-label=\"gongs3\"><\/div>\n\t\t\t\t<div class=\"elementor-cta__bg-overlay\"><\/div>\n\t\t\t<\/div>\n\t\t\t\t\t\t\t<div class=\"elementor-cta__content\">\n\t\t\t\t\n\t\t\t\t\t\t\t\t\t<h2 class=\"elementor-cta__title elementor-cta__content-item elementor-content-item elementor-animated-item--grow\">\n\t\t\t\t\t\tMasa\u017c d\u017awi\u0119kiem\t\t\t\t\t<\/h2>\n\t\t\t\t\n\t\t\t\t\t\t\t\t\t<div class=\"elementor-cta__description elementor-cta__content-item elementor-content-item elementor-animated-item--grow\">\n\t\t\t\t\t\tProsz\u0119 w\u0142\u0105czy\u0107 do swojego pakietu spa sesj\u0119 masa\u017cu d\u017awi\u0119kiem gong\u00f3w tybeta\u0144skich i mis tybeta\u0144skich.\t\t\t\t\t<\/div>\n\t\t\t\t\n\t\t\t\t\t\t\t\t\t<div class=\"elementor-cta__button-wrapper elementor-cta__content-item elementor-content-item elementor-animated-item--grow\">\n\t\t\t\t\t<a class=\"elementor-cta__button elementor-button elementor-size-\" href=\"\/pl\/kontakt\/\">\n\t\t\t\t\t\tKontakt\t\t\t\t\t<\/a>\n\t\t\t\t\t<\/div>\n\t\t\t\t\t\t\t<\/div>\n\t\t\t\t\t\t<\/div>\n\t\t\t\t\t\t<\/div>\n\t\t\t\t<\/div>\n\t\t\t\t\t<\/div>\n\t\t\t\t<\/div>\n\t\t<div class=\"elementor-element elementor-element-34d2be9 e-flex e-con-boxed e-con e-parent\" data-id=\"34d2be9\" data-element_type=\"container\" data-e-type=\"container\">\n\t\t\t\t\t<div class=\"e-con-inner\">\n\t\t\t\t<div class=\"elementor-element elementor-element-8a9ca8f elementor-widget elementor-widget-spacer\" data-id=\"8a9ca8f\" data-element_type=\"widget\" data-e-type=\"widget\" data-widget_type=\"spacer.default\">\n\t\t\t\t<div class=\"elementor-widget-container\">\n\t\t\t\t\t\t\t<div class=\"elementor-spacer\">\n\t\t\t<div class=\"elementor-spacer-inner\"><\/div>\n\t\t<\/div>\n\t\t\t\t\t\t<\/div>\n\t\t\t\t<\/div>\n\t\t\t\t\t<\/div>\n\t\t\t\t<\/div>\n\t\t<div class=\"elementor-element elementor-element-f69007e e-flex e-con-boxed e-con e-parent\" data-id=\"f69007e\" data-element_type=\"container\" data-e-type=\"container\">\n\t\t\t\t\t<div class=\"e-con-inner\">\n\t\t\t\t\t<\/div>\n\t\t\t\t<\/div>\n\t\t<div class=\"elementor-element elementor-element-7923c7a e-flex e-con-boxed e-con e-parent\" data-id=\"7923c7a\" data-element_type=\"container\" data-e-type=\"container\">\n\t\t\t\t\t<div class=\"e-con-inner\">\n\t\t<div class=\"elementor-element elementor-element-f0bd274 e-con-full e-flex e-con e-child\" data-id=\"f0bd274\" data-element_type=\"container\" data-e-type=\"container\">\n\t\t\t\t<div class=\"elementor-element elementor-element-f1b06ce elementor-widget elementor-widget-text-editor\" data-id=\"f1b06ce\" data-element_type=\"widget\" data-e-type=\"widget\" data-widget_type=\"text-editor.default\">\n\t\t\t\t<div class=\"elementor-widget-container\">\n\t\t\t\t\t\t\t\t\t<h2>Koncerty tybeta\u0144skich mis \u015bpiewaj\u0105cych i gong\u00f3w<\/h2><p>Koncerty to d\u017awi\u0119kowe sesje relaksacyjne na \u017cywo. S\u0105 prostym, ale g\u0142\u0119bokim sposobem na po\u0142\u0105czenie si\u0119 z rdzeniem naszej istoty i dostrojenie naszego cia\u0142a na poziomie kom\u00f3rkowym poprzez rezonans. Wibracje wp\u0142ywaj\u0105 zar\u00f3wno na nasze cia\u0142o emocjonalne, jak i fizyczne. D\u017awi\u0119ki i emocje s\u0105 ze sob\u0105 powi\u0105zane, a nasze samopoczucie emocjonalne wp\u0142ywa na nasze samopoczucie fizyczne. D\u017awi\u0119ki na \u017cywo mo\u017cna por\u00f3wna\u0107 do spotkania i picia kawy z przyjacielem na kanapie lub rozmowy przez telefon.<\/p><h2>K\u0105piel w d\u017awi\u0119ku<\/h2><p>Koncert terapeutyczny z d\u017awi\u0119kiem gong\u00f3w i mis \u015bpiewaj\u0105cych przeznaczony jest dla wszystkich, kt\u00f3rzy chc\u0105 wprowadzi\u0107 harmoni\u0119, zrelaksowa\u0107 si\u0119 i wzmocni\u0107 procesy samouzdrawiania. D\u017awi\u0119k gongu skupia ca\u0142\u0105 Pa\u0144stwa uwag\u0119 i odsuwa wszelkie emocje. Koncertu do\u015bwiadcz\u0105 Pa\u0144stwo w pe\u0142ni le\u017c\u0105c na macie i owijaj\u0105c si\u0119 kocem. Cia\u0142o mo\u017ce si\u0119 wtedy g\u0142\u0119boko zrelaksowa\u0107 i pozwoli\u0107, aby procesy zachodzi\u0142y naturalnie. Wszystkie blaski i d\u017awi\u0119ki gongu przenikaj\u0105 w formie wibracji, jednocz\u0105c cia\u0142o i ducha. D\u017awi\u0119k tybeta\u0144skich mis \u015bpiewaj\u0105cych, kryszta\u0142owych mis \u015bpiewaj\u0105cych i innych instrument\u00f3w wspiera to do\u015bwiadczenie. Nie pozostawia miejsca na chaos my\u015bli w g\u0142owie, zaprasza do intymnego kontaktu z kosmiczn\u0105 przestrzeni\u0105, kt\u00f3rej jeste\u015bmy cz\u0119\u015bci\u0105. Zat\u0119skni\u0105 Pa\u0144stwo, gdy d\u017awi\u0119k ucichnie. Poczuj\u0105 Pa\u0144stwo, \u017ce chc\u0105 wi\u0119cej i wi\u0119cej...<\/p><p>Oferujemy to w Emerald Spa, bezp\u0142atnie podczas niekt\u00f3rych wieczor\u00f3w saunowych lub jako p\u0142atny dodatek do pakietu masa\u017cu i sauny. Koncert jest szczeg\u00f3lnie idealny dla os\u00f3b nocuj\u0105cych w hotelu, poniewa\u017c naprawd\u0119 pomaga zasn\u0105\u0107.<\/p>\t\t\t\t\t\t\t\t<\/div>\n\t\t\t\t<\/div>\n\t\t\t\t<\/div>\n\t\t<div class=\"elementor-element elementor-element-851ed9b e-con-full e-flex e-con e-child\" data-id=\"851ed9b\" data-element_type=\"container\" data-e-type=\"container\">\n\t\t\t\t<div class=\"elementor-element elementor-element-fa07d05 elementor-position-top elementor-widget elementor-widget-image-box\" data-id=\"fa07d05\" data-element_type=\"widget\" data-e-type=\"widget\" data-widget_type=\"image-box.default\">\n\t\t\t\t<div class=\"elementor-widget-container\">\n\t\t\t\t\t<div class=\"elementor-image-box-wrapper\"><figure class=\"elementor-image-box-img\"><img fetchpriority=\"high\" decoding=\"async\" width=\"800\" height=\"684\" src=\"https:\/\/emeraldspa.pl\/wp-content\/uploads\/2025\/10\/GongsAsia.jpg\" class=\"elementor-animation-grow attachment-large size-large wp-image-5024\" alt=\"\" srcset=\"https:\/\/emeraldspa.pl\/wp-content\/uploads\/2025\/10\/GongsAsia.jpg 955w, https:\/\/emeraldspa.pl\/wp-content\/uploads\/2025\/10\/GongsAsia-300x257.jpg 300w, https:\/\/emeraldspa.pl\/wp-content\/uploads\/2025\/10\/GongsAsia-768x657.jpg 768w, https:\/\/emeraldspa.pl\/wp-content\/uploads\/2025\/10\/GongsAsia-14x12.jpg 14w, https:\/\/emeraldspa.pl\/wp-content\/uploads\/2025\/10\/GongsAsia-600x513.jpg 600w\" sizes=\"(max-width: 800px) 100vw, 800px\" \/><\/figure><div class=\"elementor-image-box-content\"><p class=\"elementor-image-box-description\">Je\u015bli nigdy wcze\u015bniej nie do\u015bwiadczyli Pa\u0144stwo k\u0105pieli d\u017awi\u0119kowej, po prostu musz\u0105 Pa\u0144stwo spr\u00f3bowa\u0107!<\/p><\/div><\/div>\t\t\t\t<\/div>\n\t\t\t\t<\/div>\n\t\t\t\t<div class=\"elementor-element elementor-element-5fcd085 elementor-widget elementor-widget-price-list\" data-id=\"5fcd085\" data-element_type=\"widget\" data-e-type=\"widget\" data-widget_type=\"price-list.default\">\n\t\t\t\t<div class=\"elementor-widget-container\">\n\t\t\t\t\t\n\t\t<ul class=\"elementor-price-list\">\n\n\t\t\t\t\t\t\t\t\t<li><a class=\"elementor-price-list-item\" href=\"#\">\t\t\t\t\n\t\t\t\t<div class=\"elementor-price-list-text\">\n\t\t\t\t\t\t\t\t\t<div class=\"elementor-price-list-header\">\n\t\t\t\t\t\t\t\t\t\t\t<span class=\"elementor-price-list-title\">\n\t\t\t\t\t\t\t60 minut\t\t\t\t\t\t<\/span>\n\t\t\t\t\t\t\t\t\t\t\t\t\t\t\t\t\t\t<span class=\"elementor-price-list-separator\"><\/span>\n\t\t\t\t\t\t\t\t\t\t\t\t\t\t\t\t\t\t\t<span class=\"elementor-price-list-price\">180z\u0142<\/span>\n\t\t\t\t\t\t\t\t\t\t<\/div>\n\t\t\t\t\t\t\t\t\t\t\t\t\t\t\t<p class=\"elementor-price-list-description\">\n\t\t\t\t\t\t\tDla jednej lub dw\u00f3ch os\u00f3b\t\t\t\t\t\t<\/p>\n\t\t\t\t\t\t\t\t<\/div>\n\t\t\t\t<\/a><\/li>\t\t\t\t\t\n\t\t<\/ul>\n\n\t\t\t\t\t\t<\/div>\n\t\t\t\t<\/div>\n\t\t\t\t<div class=\"elementor-element elementor-element-63c6a6b elementor-widget elementor-widget-spacer\" data-id=\"63c6a6b\" data-element_type=\"widget\" data-e-type=\"widget\" data-widget_type=\"spacer.default\">\n\t\t\t\t<div class=\"elementor-widget-container\">\n\t\t\t\t\t\t\t<div class=\"elementor-spacer\">\n\t\t\t<div class=\"elementor-spacer-inner\"><\/div>\n\t\t<\/div>\n\t\t\t\t\t\t<\/div>\n\t\t\t\t<\/div>\n\t\t\t\t<\/div>\n\t\t\t\t\t<\/div>\n\t\t\t\t<\/div>\n\t\t<div class=\"elementor-element elementor-element-6368b1b e-flex e-con-boxed e-con e-parent\" data-id=\"6368b1b\" data-element_type=\"container\" data-e-type=\"container\">\n\t\t\t\t\t<div class=\"e-con-inner\">\n\t\t\t\t<div class=\"elementor-element elementor-element-3101732 elementor-widget elementor-widget-spacer\" data-id=\"3101732\" data-element_type=\"widget\" data-e-type=\"widget\" data-widget_type=\"spacer.default\">\n\t\t\t\t<div class=\"elementor-widget-container\">\n\t\t\t\t\t\t\t<div class=\"elementor-spacer\">\n\t\t\t<div class=\"elementor-spacer-inner\"><\/div>\n\t\t<\/div>\n\t\t\t\t\t\t<\/div>\n\t\t\t\t<\/div>\n\t\t\t\t\t<\/div>\n\t\t\t\t<\/div>\n\t\t<div class=\"elementor-element elementor-element-ffbf199 e-flex e-con-boxed e-con e-parent\" data-id=\"ffbf199\" data-element_type=\"container\" data-e-type=\"container\">\n\t\t\t\t\t<div class=\"e-con-inner\">\n\t\t\t\t<div class=\"elementor-element elementor-element-3ecad0d elementor-cta--skin-cover elementor-animated-content elementor-bg-transform elementor-bg-transform-zoom-in elementor-widget elementor-widget-call-to-action\" data-id=\"3ecad0d\" data-element_type=\"widget\" data-e-type=\"widget\" data-widget_type=\"call-to-action.default\">\n\t\t\t\t<div class=\"elementor-widget-container\">\n\t\t\t\t\t\t\t<div class=\"elementor-cta\">\n\t\t\t\t\t<div class=\"elementor-cta__bg-wrapper\">\n\t\t\t\t<div class=\"elementor-cta__bg elementor-bg\" style=\"background-image: url(https:\/\/emeraldspa.pl\/wp-content\/uploads\/2023\/09\/shutterstock_1701764590-1024x683.jpg);\" role=\"img\" aria-label=\"Zbli\u017cenie widok natury zielony li\u015b\u0107 i palmy t\u0142o. Flat lay, ciemna koncepcja natury, tropikalny li\u015b\u0107\"><\/div>\n\t\t\t\t<div class=\"elementor-cta__bg-overlay\"><\/div>\n\t\t\t<\/div>\n\t\t\t\t\t\t\t<div class=\"elementor-cta__content\">\n\t\t\t\t\n\t\t\t\t\t\t\t\t\t<h2 class=\"elementor-cta__title elementor-cta__content-item elementor-content-item elementor-animated-item--grow\">\n\t\t\t\t\t\tZarezerwuj imprez\u0119\t\t\t\t\t<\/h2>\n\t\t\t\t\n\t\t\t\t\t\t\t\t\t<div class=\"elementor-cta__description elementor-cta__content-item elementor-content-item elementor-animated-item--grow\">\n\t\t\t\t\t\tSkontaktuj si\u0119 z nami, aby om\u00f3wi\u0107 swoje potrzeby i wymagania. Mo\u017cemy zorganizowa\u0107 rozrywk\u0119, catering, napoje, saun\u0119 i inne atrakcje.\t\t\t\t\t<\/div>\n\t\t\t\t\n\t\t\t\t\t\t\t\t\t<div class=\"elementor-cta__button-wrapper elementor-cta__content-item elementor-content-item elementor-animated-item--grow\">\n\t\t\t\t\t<a class=\"elementor-cta__button elementor-button elementor-size-\" href=\"\/pl\/kontakt\/\">\n\t\t\t\t\t\tKontakt\t\t\t\t\t<\/a>\n\t\t\t\t\t<\/div>\n\t\t\t\t\t\t\t<\/div>\n\t\t\t\t\t\t<\/div>\n\t\t\t\t\t\t<\/div>\n\t\t\t\t<\/div>\n\t\t\t\t\t<\/div>\n\t\t\t\t<\/div>\n\t\t\t\t<\/div>","protected":false},"excerpt":{"rendered":"<p>Sound Massage Include a session of Tibetan gongs and bowls sound therapy massage, in your spa package. Contact Us Concerts of Tibetan singing bowls and gongs Concerts are live sound [&hellip;]<\/p>\n","protected":false},"author":1,"featured_media":0,"parent":420,"menu_order":5,"comment_status":"closed","ping_status":"closed","template":"elementor_header_footer","meta":{"_acf_changed":false,"_price":"","_stock":"","_tribe_ticket_header":"","_tribe_default_ticket_provider":"","_tribe_ticket_capacity":"0","_ticket_start_date":"","_ticket_end_date":"","_tribe_ticket_show_description":"","_tribe_ticket_show_not_going":false,"_tribe_ticket_use_global_stock":"","_tribe_ticket_global_stock_level":"","_global_stock_mode":"","_global_stock_cap":"","_tribe_rsvp_for_event":"","_tribe_ticket_going_count":"","_tribe_ticket_not_going_count":"","_tribe_tickets_list":"[]","_tribe_ticket_has_attendee_info_fields":false,"footnotes":""},"class_list":["post-3271","page","type-page","status-publish","hentry"],"acf":[],"_links":{"self":[{"href":"https:\/\/emeraldspa.pl\/pl\/wp-json\/wp\/v2\/pages\/3271","targetHints":{"allow":["GET"]}}],"collection":[{"href":"https:\/\/emeraldspa.pl\/pl\/wp-json\/wp\/v2\/pages"}],"about":[{"href":"https:\/\/emeraldspa.pl\/pl\/wp-json\/wp\/v2\/types\/page"}],"author":[{"embeddable":true,"href":"https:\/\/emeraldspa.pl\/pl\/wp-json\/wp\/v2\/users\/1"}],"replies":[{"embeddable":true,"href":"https:\/\/emeraldspa.pl\/pl\/wp-json\/wp\/v2\/comments?post=3271"}],"version-history":[{"count":13,"href":"https:\/\/emeraldspa.pl\/pl\/wp-json\/wp\/v2\/pages\/3271\/revisions"}],"predecessor-version":[{"id":5027,"href":"https:\/\/emeraldspa.pl\/pl\/wp-json\/wp\/v2\/pages\/3271\/revisions\/5027"}],"up":[{"embeddable":true,"href":"https:\/\/emeraldspa.pl\/pl\/wp-json\/wp\/v2\/pages\/420"}],"wp:attachment":[{"href":"https:\/\/emeraldspa.pl\/pl\/wp-json\/wp\/v2\/media?parent=3271"}],"curies":[{"name":"wp","href":"https:\/\/api.w.org\/{rel}","templated":true}]}}