{"id":2473,"date":"2023-10-07T16:56:07","date_gmt":"2023-10-07T14:56:07","guid":{"rendered":"https:\/\/emeraldspa.pl\/?page_id=2473"},"modified":"2025-12-02T11:00:28","modified_gmt":"2025-12-02T10:00:28","slug":"pakiety-spa","status":"publish","type":"page","link":"https:\/\/emeraldspa.pl\/pl\/uslugi\/pakiety-spa\/","title":{"rendered":"Pakiety Spa"},"content":{"rendered":"<div data-elementor-type=\"wp-page\" data-elementor-id=\"2473\" class=\"elementor elementor-2473\" data-elementor-post-type=\"page\">\n\t\t\t\t<div class=\"elementor-element elementor-element-f6f7560 e-flex e-con-boxed e-con e-parent\" data-id=\"f6f7560\" data-element_type=\"container\" data-e-type=\"container\">\n\t\t\t\t\t<div class=\"e-con-inner\">\n\t\t\t\t<div class=\"elementor-element elementor-element-c9e936f elementor-cta--skin-cover elementor-animated-content elementor-bg-transform elementor-bg-transform-zoom-in elementor-widget elementor-widget-call-to-action\" data-id=\"c9e936f\" data-element_type=\"widget\" data-e-type=\"widget\" data-widget_type=\"call-to-action.default\">\n\t\t\t\t<div class=\"elementor-widget-container\">\n\t\t\t\t\t\t\t<div class=\"elementor-cta\">\n\t\t\t\t\t<div class=\"elementor-cta__bg-wrapper\">\n\t\t\t\t<div class=\"elementor-cta__bg elementor-bg\" style=\"background-image: url(https:\/\/emeraldspa.pl\/wp-content\/uploads\/2023\/09\/20230427_164915-576x1024.jpg);\" role=\"img\" aria-label=\"20230427_164915\"><\/div>\n\t\t\t\t<div class=\"elementor-cta__bg-overlay\"><\/div>\n\t\t\t<\/div>\n\t\t\t\t\t\t\t<div class=\"elementor-cta__content\">\n\t\t\t\t\n\t\t\t\t\t\t\t\t\t<h2 class=\"elementor-cta__title elementor-cta__content-item elementor-content-item elementor-animated-item--grow\">\n\t\t\t\t\t\tPakiety Spa\t\t\t\t\t<\/h2>\n\t\t\t\t\n\t\t\t\t\t\t\t\t\t<div class=\"elementor-cta__description elementor-cta__content-item elementor-content-item elementor-animated-item--grow\">\n\t\t\t\t\t\tDzi\u0119ki naszym pakietom Spa mog\u0105 Pa\u0144stwo w pe\u0142ni wykorzysta\u0107 czas sp\u0119dzony w Emerald Spa. Mog\u0105 Pa\u0144stwo zamieni\u0107 masa\u017c dla par w romantyczny wypad lub po prostu sp\u0119dzi\u0107 wi\u0119cej czasu w ciszy i spokoju. Prosz\u0119 r\u00f3wnie\u017c pami\u0119ta\u0107, \u017ce spa mo\u017cna zarezerwowa\u0107 dla wi\u0119kszych grup lub imprez.\t\t\t\t\t<\/div>\n\t\t\t\t\n\t\t\t\t\t\t\t<\/div>\n\t\t\t\t\t\t<\/div>\n\t\t\t\t\t\t<\/div>\n\t\t\t\t<\/div>\n\t\t\t\t\t<\/div>\n\t\t\t\t<\/div>\n\t\t<div class=\"elementor-element elementor-element-3b85dde e-flex e-con-boxed e-con e-parent\" data-id=\"3b85dde\" data-element_type=\"container\" data-e-type=\"container\">\n\t\t\t\t\t<div class=\"e-con-inner\">\n\t\t\t\t<div class=\"elementor-element elementor-element-f9788dd elementor-widget elementor-widget-spacer\" data-id=\"f9788dd\" data-element_type=\"widget\" data-e-type=\"widget\" data-widget_type=\"spacer.default\">\n\t\t\t\t<div class=\"elementor-widget-container\">\n\t\t\t\t\t\t\t<div class=\"elementor-spacer\">\n\t\t\t<div class=\"elementor-spacer-inner\"><\/div>\n\t\t<\/div>\n\t\t\t\t\t\t<\/div>\n\t\t\t\t<\/div>\n\t\t\t\t<div class=\"elementor-element elementor-element-2da1c29a elementor-widget elementor-widget-text-editor\" data-id=\"2da1c29a\" data-element_type=\"widget\" data-e-type=\"widget\" data-widget_type=\"text-editor.default\">\n\t\t\t\t<div class=\"elementor-widget-container\">\n\t\t\t\t\t\t\t\t\t<h4 style=\"text-align: center;\">Prosz\u0119 wybra\u0107 <a href=\"\/pl\/masaz\/\">masa\u017c<\/a> prosz\u0119 wybra\u0107, a nast\u0119pnie doda\u0107 poni\u017csze elementy, aby utworzy\u0107 pakiet<\/h4>\t\t\t\t\t\t\t\t<\/div>\n\t\t\t\t<\/div>\n\t\t\t\t\t<\/div>\n\t\t\t\t<\/div>\n\t\t<div class=\"elementor-element elementor-element-2e92cf2b e-flex e-con-boxed e-con e-parent\" data-id=\"2e92cf2b\" data-element_type=\"container\" data-e-type=\"container\">\n\t\t\t\t\t<div class=\"e-con-inner\">\n\t\t<div class=\"elementor-element elementor-element-27af3bb2 e-con-full e-flex e-con e-child\" data-id=\"27af3bb2\" data-element_type=\"container\" data-e-type=\"container\">\n\t\t\t\t<div class=\"elementor-element elementor-element-2b66e380 elementor-widget elementor-widget-text-editor\" data-id=\"2b66e380\" data-element_type=\"widget\" data-e-type=\"widget\" data-widget_type=\"text-editor.default\">\n\t\t\t\t<div class=\"elementor-widget-container\">\n\t\t\t\t\t\t\t\t\t<h3><span style=\"color: #008000;\">Pakiet Spa<\/span><\/h3><p>Skorzystaj z ca\u0142ego zaplecza spa po <a href=\"https:\/\/emeraldspa.pl\/pl\/uslugi\/masaz\/\">masa\u017c<\/a> (nale\u017cy dodatkowo wybra\u0107 dowolny masa\u017c).<\/p><ul><li><b>Wy\u0142\u0105czne u\u017cytkowanie<\/b><\/li><li>Rozgrzewka w saunie fi\u0144skiej<\/li><li>Prosz\u0119 wypi\u0107 drinka przy barze<\/li><li>Chill out przy kominku<\/li><li>Relaks w wannie z hydromasa\u017cem i widokiem na ogr\u00f3d (przez ca\u0142y rok)<\/li><li>Prosz\u0119 zanurzy\u0107 si\u0119 w basenie (maj-pa\u017adziernik)<\/li><li><span style=\"text-decoration: underline;\"><strong>NIEDOST\u0118PNE JAKO OSOBNA POZYCJA<\/strong><\/span><\/li><\/ul><div>\u00a0<\/div>\t\t\t\t\t\t\t\t<\/div>\n\t\t\t\t<\/div>\n\t\t\t\t<div class=\"elementor-element elementor-element-61db3eaf elementor-widget elementor-widget-price-list\" data-id=\"61db3eaf\" data-element_type=\"widget\" data-e-type=\"widget\" data-widget_type=\"price-list.default\">\n\t\t\t\t<div class=\"elementor-widget-container\">\n\t\t\t\t\t\n\t\t<ul class=\"elementor-price-list\">\n\n\t\t\t\t\t\t\t\t\t<li><a class=\"elementor-price-list-item\" href=\"#\">\t\t\t\t\n\t\t\t\t<div class=\"elementor-price-list-text\">\n\t\t\t\t\t\t\t\t\t<div class=\"elementor-price-list-header\">\n\t\t\t\t\t\t\t\t\t\t\t<span class=\"elementor-price-list-title\">\n\t\t\t\t\t\t\t3 godziny\t\t\t\t\t\t<\/span>\n\t\t\t\t\t\t\t\t\t\t\t\t\t\t\t\t\t\t<span class=\"elementor-price-list-separator\"><\/span>\n\t\t\t\t\t\t\t\t\t\t\t\t\t\t\t\t\t\t\t<span class=\"elementor-price-list-price\">150z\u0142<\/span>\n\t\t\t\t\t\t\t\t\t\t<\/div>\n\t\t\t\t\t\t\t\t\t\t\t\t\t\t\t<p class=\"elementor-price-list-description\">\n\t\t\t\t\t\t\tdodatkowe bezp\u0142atne korzystanie z prywatnego spa (dla 1 osoby)\t\t\t\t\t\t<\/p>\n\t\t\t\t\t\t\t\t<\/div>\n\t\t\t\t<\/a><\/li>\t\t\t\t\t\n\t\t<\/ul>\n\n\t\t\t\t\t\t<\/div>\n\t\t\t\t<\/div>\n\t\t\t\t<\/div>\n\t\t<div class=\"elementor-element elementor-element-53cec161 e-con-full e-flex e-con e-child\" data-id=\"53cec161\" data-element_type=\"container\" data-e-type=\"container\" data-settings=\"{&quot;background_background&quot;:&quot;classic&quot;}\">\n\t\t\t\t<\/div>\n\t\t\t\t\t<\/div>\n\t\t\t\t<\/div>\n\t\t<div class=\"elementor-element elementor-element-17b4ace0 e-flex e-con-boxed e-con e-parent\" data-id=\"17b4ace0\" data-element_type=\"container\" data-e-type=\"container\">\n\t\t\t\t\t<div class=\"e-con-inner\">\n\t\t\t\t<div class=\"elementor-element elementor-element-6bf96bd9 elementor-widget elementor-widget-spacer\" data-id=\"6bf96bd9\" data-element_type=\"widget\" data-e-type=\"widget\" data-widget_type=\"spacer.default\">\n\t\t\t\t<div class=\"elementor-widget-container\">\n\t\t\t\t\t\t\t<div class=\"elementor-spacer\">\n\t\t\t<div class=\"elementor-spacer-inner\"><\/div>\n\t\t<\/div>\n\t\t\t\t\t\t<\/div>\n\t\t\t\t<\/div>\n\t\t\t\t\t<\/div>\n\t\t\t\t<\/div>\n\t\t<div class=\"elementor-element elementor-element-79328d3e e-flex e-con-boxed e-con e-parent\" data-id=\"79328d3e\" data-element_type=\"container\" data-e-type=\"container\">\n\t\t\t\t\t<div class=\"e-con-inner\">\n\t\t<div class=\"elementor-element elementor-element-178fdd4 e-con-full e-flex e-con e-child\" data-id=\"178fdd4\" data-element_type=\"container\" data-e-type=\"container\">\n\t\t\t\t<div class=\"elementor-element elementor-element-24d6081e elementor-widget elementor-widget-text-editor\" data-id=\"24d6081e\" data-element_type=\"widget\" data-e-type=\"widget\" data-widget_type=\"text-editor.default\">\n\t\t\t\t<div class=\"elementor-widget-container\">\n\t\t\t\t\t\t\t\t\t<h3><span style=\"color: #008000;\">Pakiet pokojowy<\/span><\/h3><p>Prosz\u0119 wynaj\u0105\u0107 prywatny pok\u00f3j na kilka godzin lub na ca\u0142\u0105 noc.<\/p><ul><li>Dost\u0119pne s\u0105 4 r\u00f3\u017cne style pokoi<\/li><li>Zestaw do parzenia kawy\/herbaty\/soku\/wody<\/li><li>Szlafroki, r\u0119czniki<\/li><li>Salon, ogr\u00f3d, taras<\/li><li>Bezp\u0142atny, prywatny, strze\u017cony parking<\/li><li>Bezp\u0142atne szybkie WiFi<\/li><\/ul>\t\t\t\t\t\t\t\t<\/div>\n\t\t\t\t<\/div>\n\t\t\t\t<div class=\"elementor-element elementor-element-3a655c7e elementor-invisible elementor-widget elementor-widget-price-list\" data-id=\"3a655c7e\" data-element_type=\"widget\" data-e-type=\"widget\" data-settings=\"{&quot;_animation&quot;:&quot;fadeIn&quot;}\" data-widget_type=\"price-list.default\">\n\t\t\t\t<div class=\"elementor-widget-container\">\n\t\t\t\t\t\n\t\t<ul class=\"elementor-price-list\">\n\n\t\t\t\t\t\t\t\t\t<li><a class=\"elementor-price-list-item\" href=\"#\">\t\t\t\t\n\t\t\t\t<div class=\"elementor-price-list-text\">\n\t\t\t\t\t\t\t\t\t<div class=\"elementor-price-list-header\">\n\t\t\t\t\t\t\t\t\t\t\t<span class=\"elementor-price-list-title\">\n\t\t\t\t\t\t\tPok\u00f3j 2 osobowy\t\t\t\t\t\t<\/span>\n\t\t\t\t\t\t\t\t\t\t\t\t\t\t\t\t\t\t<span class=\"elementor-price-list-separator\"><\/span>\n\t\t\t\t\t\t\t\t\t\t\t\t\t\t\t\t\t\t\t<span class=\"elementor-price-list-price\">290z\u0142<\/span>\n\t\t\t\t\t\t\t\t\t\t<\/div>\n\t\t\t\t\t\t\t\t\t\t\t\t\t\t\t<p class=\"elementor-price-list-description\">\n\t\t\t\t\t\t\tPok\u00f3j dwuosobowy, balkon, widok na stron\u0119 lub ogr\u00f3d. (wsp\u00f3lna \u0142azienka) (330 z\u0142 pi\u0105tek-niedziela)\t\t\t\t\t\t<\/p>\n\t\t\t\t\t\t\t\t<\/div>\n\t\t\t\t<\/a><\/li>\t\t\t\t\t\t\t\t\t\t\t\t<li><a class=\"elementor-price-list-item\" href=\"#\">\t\t\t\t\n\t\t\t\t<div class=\"elementor-price-list-text\">\n\t\t\t\t\t\t\t\t\t<div class=\"elementor-price-list-header\">\n\t\t\t\t\t\t\t\t\t\t\t<span class=\"elementor-price-list-title\">\n\t\t\t\t\t\t\t\ud83d\udc65\ud83d\udc65 Pok\u00f3j 4 osobowy\t\t\t\t\t\t<\/span>\n\t\t\t\t\t\t\t\t\t\t\t\t\t\t\t\t\t\t<span class=\"elementor-price-list-separator\"><\/span>\n\t\t\t\t\t\t\t\t\t\t\t\t\t\t\t\t\t\t\t<span class=\"elementor-price-list-price\">450z\u0142<\/span>\n\t\t\t\t\t\t\t\t\t\t<\/div>\n\t\t\t\t\t\t\t\t\t\t\t\t\t\t\t<p class=\"elementor-price-list-description\">\n\t\t\t\t\t\t\t2 \u0142\u00f3\u017cka podw\u00f3jne w 1 du\u017cym pokoju z bocznym widokiem. Dla 3-4 os\u00f3b (wsp\u00f3lna \u0142azienka)\t\t\t\t\t\t<\/p>\n\t\t\t\t\t\t\t\t<\/div>\n\t\t\t\t<\/a><\/li>\t\t\t\t\t\n\t\t<\/ul>\n\n\t\t\t\t\t\t<\/div>\n\t\t\t\t<\/div>\n\t\t\t\t<\/div>\n\t\t<div class=\"elementor-element elementor-element-5ecd4c81 e-con-full e-flex e-con e-child\" data-id=\"5ecd4c81\" data-element_type=\"container\" data-e-type=\"container\" data-settings=\"{&quot;background_background&quot;:&quot;classic&quot;}\">\n\t\t\t\t<\/div>\n\t\t\t\t\t<\/div>\n\t\t\t\t<\/div>\n\t\t<div class=\"elementor-element elementor-element-660b7af0 e-flex e-con-boxed e-con e-parent\" data-id=\"660b7af0\" data-element_type=\"container\" data-e-type=\"container\">\n\t\t\t\t\t<div class=\"e-con-inner\">\n\t\t\t\t<div class=\"elementor-element elementor-element-454edf37 elementor-widget elementor-widget-spacer\" data-id=\"454edf37\" data-element_type=\"widget\" data-e-type=\"widget\" data-widget_type=\"spacer.default\">\n\t\t\t\t<div class=\"elementor-widget-container\">\n\t\t\t\t\t\t\t<div class=\"elementor-spacer\">\n\t\t\t<div class=\"elementor-spacer-inner\"><\/div>\n\t\t<\/div>\n\t\t\t\t\t\t<\/div>\n\t\t\t\t<\/div>\n\t\t<div class=\"elementor-element elementor-element-7da1be4 e-flex e-con-boxed e-con e-child\" data-id=\"7da1be4\" data-element_type=\"container\" data-e-type=\"container\" data-settings=\"{&quot;background_background&quot;:&quot;classic&quot;}\">\n\t\t\t\t\t<div class=\"e-con-inner\">\n\t\t\t\t<div class=\"elementor-element elementor-element-53db0733 elementor-widget elementor-widget-text-editor\" data-id=\"53db0733\" data-element_type=\"widget\" data-e-type=\"widget\" data-widget_type=\"text-editor.default\">\n\t\t\t\t<div class=\"elementor-widget-container\">\n\t\t\t\t\t\t\t\t\t<h2>Wa\u017cne informacje<\/h2>\t\t\t\t\t\t\t\t<\/div>\n\t\t\t\t<\/div>\n\t\t\t\t<div class=\"elementor-element elementor-element-7c25e612 elementor-widget elementor-widget-text-editor\" data-id=\"7c25e612\" data-element_type=\"widget\" data-e-type=\"widget\" data-widget_type=\"text-editor.default\">\n\t\t\t\t<div class=\"elementor-widget-container\">\n\t\t\t\t\t\t\t\t\t<ul><li>Rezerwacje tylko po wcze\u015bniejszej rezerwacji. Osoby, kt\u00f3re si\u0119 nie pojawi\u0105, zostan\u0105 zablokowane.<\/li><li>Prosimy przyby\u0107 punktualnie, nie wi\u0119cej ni\u017c 10 minut przed lub po czasie. Bezp\u0142atny prywatny parking.<\/li><li>Wszystkie masa\u017ce obejmuj\u0105 czas na gor\u0105cy prysznic ze \u015bwie\u017cymi r\u0119cznikami przed masa\u017cem, a po masa\u017cu bezp\u0142atny nap\u00f3j do wyboru.<\/li><li>W momencie dokonywania rezerwacji prosimy okre\u015bli\u0107, czy \u017cycz\u0105 sobie Pa\u0144stwo masa\u017cysty p\u0142ci m\u0119skiej czy \u017ce\u0144skiej.<\/li><li>Je\u015bli maj\u0105 Pa\u0144stwo jakiekolwiek problemy zdrowotne, choroby sk\u00f3ry lub s\u0105 w ci\u0105\u017cy, prosimy skontaktowa\u0107 si\u0119 z lekarzem przed zarezerwowaniem masa\u017cu.<\/li><li>Nie przyjmujemy os\u00f3b b\u0119d\u0105cych pod wp\u0142ywem alkoholu lub narkotyk\u00f3w<\/li><\/ul>\t\t\t\t\t\t\t\t<\/div>\n\t\t\t\t<\/div>\n\t\t\t\t\t<\/div>\n\t\t\t\t<\/div>\n\t\t\t\t\t<\/div>\n\t\t\t\t<\/div>\n\t\t\t\t<\/div>","protected":false},"excerpt":{"rendered":"<p>Spa Packages Make the most of your time at Emerald Spa, with our Spa Packages. Turn your couple&#8217;s massage into a romantic getaway, or just give yourself more time in [&hellip;]<\/p>\n","protected":false},"author":1,"featured_media":0,"parent":420,"menu_order":3,"comment_status":"closed","ping_status":"closed","template":"elementor_header_footer","meta":{"_acf_changed":false,"_price":"","_stock":"","_tribe_ticket_header":"","_tribe_default_ticket_provider":"","_tribe_ticket_capacity":"0","_ticket_start_date":"","_ticket_end_date":"","_tribe_ticket_show_description":"","_tribe_ticket_show_not_going":false,"_tribe_ticket_use_global_stock":"","_tribe_ticket_global_stock_level":"","_global_stock_mode":"","_global_stock_cap":"","_tribe_rsvp_for_event":"","_tribe_ticket_going_count":"","_tribe_ticket_not_going_count":"","_tribe_tickets_list":"[]","_tribe_ticket_has_attendee_info_fields":false,"footnotes":""},"class_list":["post-2473","page","type-page","status-publish","hentry"],"acf":[],"_links":{"self":[{"href":"https:\/\/emeraldspa.pl\/pl\/wp-json\/wp\/v2\/pages\/2473","targetHints":{"allow":["GET"]}}],"collection":[{"href":"https:\/\/emeraldspa.pl\/pl\/wp-json\/wp\/v2\/pages"}],"about":[{"href":"https:\/\/emeraldspa.pl\/pl\/wp-json\/wp\/v2\/types\/page"}],"author":[{"embeddable":true,"href":"https:\/\/emeraldspa.pl\/pl\/wp-json\/wp\/v2\/users\/1"}],"replies":[{"embeddable":true,"href":"https:\/\/emeraldspa.pl\/pl\/wp-json\/wp\/v2\/comments?post=2473"}],"version-history":[{"count":25,"href":"https:\/\/emeraldspa.pl\/pl\/wp-json\/wp\/v2\/pages\/2473\/revisions"}],"predecessor-version":[{"id":7463,"href":"https:\/\/emeraldspa.pl\/pl\/wp-json\/wp\/v2\/pages\/2473\/revisions\/7463"}],"up":[{"embeddable":true,"href":"https:\/\/emeraldspa.pl\/pl\/wp-json\/wp\/v2\/pages\/420"}],"wp:attachment":[{"href":"https:\/\/emeraldspa.pl\/pl\/wp-json\/wp\/v2\/media?parent=2473"}],"curies":[{"name":"wp","href":"https:\/\/api.w.org\/{rel}","templated":true}]}}