{"id":8045,"date":"2026-03-28T16:09:18","date_gmt":"2026-03-28T15:09:18","guid":{"rendered":"https:\/\/emeraldspa.pl\/?page_id=8045"},"modified":"2026-04-04T12:34:59","modified_gmt":"2026-04-04T10:34:59","slug":"yoga","status":"publish","type":"page","link":"https:\/\/emeraldspa.pl\/es\/servicios\/yoga\/","title":{"rendered":"Yoga"},"content":{"rendered":"<div data-elementor-type=\"wp-post\" data-elementor-id=\"8045\" class=\"elementor elementor-8045\" data-elementor-post-type=\"page\">\n\t\t\t\t<div class=\"elementor-element elementor-element-06034cd e-flex e-con-boxed e-con e-parent\" data-id=\"06034cd\" data-element_type=\"container\" data-e-type=\"container\">\n\t\t\t\t\t<div class=\"e-con-inner\">\n\t\t\t\t<div class=\"elementor-element elementor-element-3449547 elementor-cta--skin-cover elementor-animated-content elementor-bg-transform elementor-bg-transform-zoom-in elementor-widget elementor-widget-call-to-action\" data-id=\"3449547\" data-element_type=\"widget\" data-e-type=\"widget\" data-widget_type=\"call-to-action.default\">\n\t\t\t\t<div class=\"elementor-widget-container\">\n\t\t\t\t\t\t\t<div class=\"elementor-cta\">\n\t\t\t\t\t<div class=\"elementor-cta__bg-wrapper\">\n\t\t\t\t<div class=\"elementor-cta__bg elementor-bg\" style=\"background-image: url(https:\/\/emeraldspa.pl\/wp-content\/uploads\/2026\/03\/Yoga_nude_ad-1024x683.jpeg);\" role=\"img\" aria-label=\"Yoga para naturistas\"><\/div>\n\t\t\t\t<div class=\"elementor-cta__bg-overlay\"><\/div>\n\t\t\t<\/div>\n\t\t\t\t\t\t\t<div class=\"elementor-cta__content\">\n\t\t\t\t\n\t\t\t\t\t\t\t\t\t<h2 class=\"elementor-cta__title elementor-cta__content-item elementor-content-item elementor-animated-item--grow\">\n\t\t\t\t\t\tYoga\t\t\t\t\t<\/h2>\n\t\t\t\t\n\t\t\t\t\t\t\t\t\t<div class=\"elementor-cta__description elementor-cta__content-item elementor-content-item elementor-animated-item--grow\">\n\t\t\t\t\t\tSesiones regulares de yoga en grupos reducidos dise\u00f1adas para relajar el cuerpo, mejorar la flexibilidad y favorecer el bienestar general en un entorno tranquilo y acogedor.\t\t\t\t\t<\/div>\n\t\t\t\t\n\t\t\t\t\t\t\t\t\t<div class=\"elementor-cta__button-wrapper elementor-cta__content-item elementor-content-item elementor-animated-item--grow\">\n\t\t\t\t\t<a class=\"elementor-cta__button elementor-button elementor-size-\" href=\"https:\/\/emeraldspa.pl\/es\/eventos\/\">\n\t\t\t\t\t\tReserve ahora\t\t\t\t\t<\/a>\n\t\t\t\t\t<\/div>\n\t\t\t\t\t\t\t<\/div>\n\t\t\t\t\t\t<\/div>\n\t\t\t\t\t\t<\/div>\n\t\t\t\t<\/div>\n\t\t<div class=\"elementor-element elementor-element-d61e08c e-flex e-con-boxed e-con e-child\" data-id=\"d61e08c\" data-element_type=\"container\" data-e-type=\"container\">\n\t\t\t\t\t<div class=\"e-con-inner\">\n\t\t<div class=\"elementor-element elementor-element-e582dd0 e-flex e-con-boxed e-con e-child\" data-id=\"e582dd0\" data-element_type=\"container\" data-e-type=\"container\">\n\t\t\t\t\t<div class=\"e-con-inner\">\n\t\t\t\t<div class=\"elementor-element elementor-element-c976d22 elementor-widget elementor-widget-text-editor\" data-id=\"c976d22\" data-element_type=\"widget\" data-e-type=\"widget\" data-widget_type=\"text-editor.default\">\n\t\t\t\t<div class=\"elementor-widget-container\">\n\t\t\t\t\t\t\t\t\t<p class=\"p1\"><b>Yoga y sauna - Emerald Spa, Cracovia<\/b><b><\/b><\/p><p class=\"p1\">\u00danase a nosotros para un momento de relajaci\u00f3n y esparcimiento: sesi\u00f3n de yoga de 45 minutos con ropa opcional, seguida de acceso a la sauna para relajarse y reponer fuerzas.<\/p><p class=\"p1\">Dirigida por Joanna, esta sesi\u00f3n est\u00e1 abierta a todos los niveles, edades y habilidades.\u00a0<\/p><p class=\"p1\">La pr\u00e1ctica del yoga es una forma estupenda de despertar el cuerpo despu\u00e9s del invierno, aumentar la energ\u00eda y mejorar la flexibilidad y la digesti\u00f3n. Esta pr\u00e1ctica suele combinar giros en asanas de pie (liberando tensiones) con posturas yin y reparadoras que nos ayudan a enraizarnos durante el cambio de estaci\u00f3n.<\/p><p class=\"p1\">Elementos clave del yoga:<br \/>Calentamiento: Los giros en asanas sentado o tumbado y los estiramientos laterales preparan las articulaciones y los m\u00fasculos.<br \/>Asanas para aumentar la energ\u00eda: C\u00e9ntrate en posturas que abran el pecho y las caderas, que ayudan a combatir la fatiga.<br \/>Estiramientos y movilidad: Esta pr\u00e1ctica mejora la circulaci\u00f3n y reduce la rigidez muscular. Estas sesiones son ideales para armonizar cuerpo y mente.<\/p><p class=\"p1\">Beneficios de la pr\u00e1ctica del yoga combinada con la sauna:<\/p><ul class=\"ul1\"><li class=\"li1\">Aumento de la energ\u00eda y la vitalidad.<\/li><li class=\"li1\">Desintoxicaci\u00f3n del cuerpo mediante torsiones y sudoraci\u00f3n, limpieza en la sauna<\/li><li class=\"li1\">Reducci\u00f3n de la tensi\u00f3n muscular despu\u00e9s del invierno<\/li><li class=\"li1\">Aumento de la inmunidad<\/li><\/ul><p class=\"p1\">Si el tiempo lo permite, las sesiones pueden tener lugar al aire libre, con acceso a la piscina y el jacuzzi incluidos. Despu\u00e9s del yoga, disfrute del acceso a la sauna.<\/p><p class=\"p1\">Proporcionamos esterillas de yoga, aunque puedes traer las tuyas para mayor comodidad e higiene. Trae tambi\u00e9n una toalla para la sauna y la ducha.<\/p><p class=\"p1\"><b>Detalles:<\/b><b><\/b><\/p><ul class=\"ul1\"><li>Reserve primero su plaza: consiga entradas en los actos que se indican a continuaci\u00f3n<\/li><li class=\"li1\">Comienzo: 19:00 en punto (por favor, llegue 5-10 minutos antes para la ducha opcional y el tiempo de preparaci\u00f3n)<\/li><li class=\"li1\">Fin: 21:00<\/li><li class=\"li1\">Precio: 190 z\u0142 (todo incluido)<\/li><li class=\"li1\">M\u00e1ximo 6 participantes (grupo peque\u00f1o y c\u00f3modo)<\/li><li class=\"li1\">Aparcamiento gratuito<\/li><\/ul><p class=\"p1\"><span class=\"s1\"><a href=\"https:\/\/emeraldspa.pl\/es\/ropa-yoga-gratis-lo-que-hay-que-saber-antes-de-probarlo\/\">\u00bfQu\u00e9 puede esperar? Lea este art\u00edculo del blog: https:\/\/emeraldspa.pl\/clothing-free-yoga-what-to-know-before-trying-it\/<\/a><\/span><\/p>\t\t\t\t\t\t\t\t<\/div>\n\t\t\t\t<\/div>\n\t\t\t\t<div class=\"elementor-element elementor-element-aae67d4 elementor-widget elementor-widget-the-event-main\" data-id=\"aae67d4\" data-element_type=\"widget\" data-e-type=\"widget\" data-widget_type=\"the-event-main.default\">\n\t\t\t\t<div class=\"elementor-widget-container\">\n\t\t\t\t\t<div class=\"ewpe-main-wrapper ewpe-list-wrapper\"><div class=\"ewpe-inner-wrapper\"><style>.elementor-650 .elementor-element.elementor-element-5616a6c2{--display:flex;--flex-direction:row;--container-widget-width:calc( ( 1 - var( --container-widget-flex-grow ) ) * 100% );--container-widget-height:100%;--container-widget-flex-grow:1;--container-widget-align-self:stretch;--flex-wrap-mobile:wrap;--align-items:stretch;--gap:0px 0px;--row-gap:0px;--column-gap:0px;border-style:solid;--border-style:solid;border-width:0px 0px 0px 0px;--border-top-width:0px;--border-right-width:0px;--border-bottom-width:0px;--border-left-width:0px;border-color:#9CDFF3;--border-color:#9CDFF3;--padding-top:0px;--padding-bottom:0px;--padding-left:0px;--padding-right:0px;}.elementor-650 .elementor-element.elementor-element-2db88a88{--display:flex;--min-height:0px;--margin-top:0px;--margin-bottom:0px;--margin-left:0px;--margin-right:0px;--padding-top:0px;--padding-bottom:0px;--padding-left:0px;--padding-right:0px;}.elementor-650 .elementor-element.elementor-element-2e979a56 .ewpe-featured-img img{object-fit:contain;}.elementor-650 .elementor-element.elementor-element-2e979a56 .ewpe-featured-img{--ewpe-image-width:100%;height:auto;--ewpe-image-height:230px;}.elementor-650 .elementor-element.elementor-element-420f8f3f{--display:flex;--flex-direction:column;--container-widget-width:100%;--container-widget-height:initial;--container-widget-flex-grow:0;--container-widget-align-self:initial;--flex-wrap-mobile:wrap;--justify-content:center;--gap:5px 5px;--row-gap:5px;--column-gap:5px;--padding-top:0px;--padding-bottom:0px;--padding-left:20px;--padding-right:20px;}.elementor-650 .elementor-element.elementor-element-3c05274e .ewpe-event-title{--ewpe-title-color:var( --e-global-color-accent );font-family:\"Barlow\", Sans-serif;font-size:30px;font-weight:600;}.elementor-650 .elementor-element.elementor-element-3c05274e {--ewpe-title-hvr-color:var( --e-global-color-accent );}.elementor-650 .elementor-element.elementor-element-3c05274e > .elementor-widget-container{margin:0px 0px 0px 0px;padding:0px 0px 0px 0px;}.elementor-650 .elementor-element.elementor-element-79f60b0e{--display:flex;--flex-direction:row;--container-widget-width:initial;--container-widget-height:100%;--container-widget-flex-grow:1;--container-widget-align-self:stretch;--flex-wrap-mobile:wrap;--gap:10px 10px;--row-gap:10px;--column-gap:10px;--margin-top:0px;--margin-bottom:0px;--margin-left:0px;--margin-right:0px;--padding-top:0px;--padding-bottom:0px;--padding-left:0px;--padding-right:0px;}.elementor-widget-icon.elementor-view-stacked .elementor-icon{background-color:var( --e-global-color-primary );}.elementor-widget-icon.elementor-view-framed .elementor-icon, .elementor-widget-icon.elementor-view-default .elementor-icon{color:var( --e-global-color-primary );border-color:var( --e-global-color-primary );}.elementor-widget-icon.elementor-view-framed .elementor-icon, .elementor-widget-icon.elementor-view-default .elementor-icon svg{fill:var( --e-global-color-primary );}.elementor-650 .elementor-element.elementor-element-782905e8 .elementor-icon{font-size:20px;}.elementor-650 .elementor-element.elementor-element-782905e8 .elementor-icon svg{height:20px;}.elementor-650 .elementor-element.elementor-element-782905e8 > .elementor-widget-container{margin:0px 0px 0px 0px;padding:0px 0px 0px 0px;}.elementor-650 .elementor-element.elementor-element-782905e8{width:auto;max-width:auto;}.elementor-650 .elementor-element.elementor-element-6b86d24c .ewpe-events-schedule {font-size:17px;}.elementor-650 .elementor-element.elementor-element-6b86d24c > .elementor-widget-container{margin:0px 0px 0px 0px;padding:0px 0px 0px 0px;}.elementor-650 .elementor-element.elementor-element-6b86d24c{width:auto;max-width:auto;}.elementor-650 .elementor-element.elementor-element-7ca1437d .ewpe-events-schedule {font-size:17px;}.elementor-650 .elementor-element.elementor-element-19074cf .tec-events-elementor-event-widget__cost{color:var( --e-global-color-accent );font-family:\"Poppins\", Sans-serif;font-size:17px;font-weight:600;text-transform:capitalize;font-style:normal;text-decoration:none;line-height:1.2em;letter-spacing:0px;-webkit-text-stroke-color:#000;stroke:#000;}.elementor-650 .elementor-element.elementor-element-5ed93c74 .ewpe-evt-excerpt{--ewpe-excerpt-color:#515D64;font-size:17px;letter-spacing:0.7px;}.elementor-650 .elementor-element.elementor-element-5ed93c74 > .elementor-widget-container{margin:0px 0px 0px 0px;padding:0px 0px 0px 0px;}.elementor-650 .elementor-element.elementor-element-1809597b .ewpe-event-readmore{--ewpe-readmore-color:#FFFFFF;--ewpe-readmore-bg-color:var( --e-global-color-accent );--e-ewpe-readmore-bdr-radius:8px 8px 8px 8px;font-size:17px;--ewpe-readmore-padding:03px 10px 03px 10px;}.elementor-650 .elementor-element.elementor-element-1809597b {--ewpe-readmore-hvr-color:#FFFFFF;}.elementor-650 .elementor-element.elementor-element-1809597b{--ewpe-readmore-hvr-bg-color:var( --e-global-color-accent );width:auto;max-width:auto;}.elementor-650 .elementor-element.elementor-element-1809597b > .elementor-widget-container{margin:0px 0px 0px 0px;padding:0px 0px 0px 0px;}.elementor-650 .elementor-element.elementor-element-1809597b.elementor-element{--align-self:flex-start;}@media(max-width:1024px){.elementor-650 .elementor-element.elementor-element-5616a6c2{border-width:0px 0px 0px 0px;--border-top-width:0px;--border-right-width:0px;--border-bottom-width:0px;--border-left-width:0px;}.elementor-650 .elementor-element.elementor-element-2db88a88{--justify-content:center;}.elementor-650 .elementor-element.elementor-element-2e979a56 .ewpe-featured-img{--ewpe-image-height:200px;}}@media(max-width:767px){.elementor-650 .elementor-element.elementor-element-5616a6c2{--flex-direction:column;--container-widget-width:100%;--container-widget-height:initial;--container-widget-flex-grow:0;--container-widget-align-self:initial;--flex-wrap-mobile:wrap;border-width:0px 0px 0px 3px;--border-top-width:0px;--border-right-width:0px;--border-bottom-width:0px;--border-left-width:3px;--margin-top:0px;--margin-bottom:0px;--margin-left:0px;--margin-right:0px;--padding-top:0px;--padding-bottom:0px;--padding-left:25px;--padding-right:0px;}.elementor-650 .elementor-element.elementor-element-2db88a88{--min-height:0px;}.elementor-650 .elementor-element.elementor-element-420f8f3f{--margin-top:0px;--margin-bottom:0px;--margin-left:0px;--margin-right:0px;--padding-top:0px;--padding-bottom:0px;--padding-left:0px;--padding-right:0px;}.elementor-650 .elementor-element.elementor-element-19074cf .tec-events-elementor-event-widget__cost{font-size:18px;}}@media(min-width:768px){.elementor-650 .elementor-element.elementor-element-2db88a88{--width:25%;}.elementor-650 .elementor-element.elementor-element-420f8f3f{--width:75%;}}@media(max-width:1024px) and (min-width:768px){.elementor-650 .elementor-element.elementor-element-2db88a88{--width:30%;}}<\/style>\t\t<div data-elementor-type=\"wp-post\" data-elementor-id=\"650\" class=\"elementor elementor-650\" data-elementor-post-type=\"ewpe\">\n\t\t\t\t<div class=\"elementor-element elementor-element-5616a6c2 e-flex e-con-boxed e-con e-parent\" data-id=\"5616a6c2\" data-element_type=\"container\" data-e-type=\"container\">\n\t\t\t\t\t<div class=\"e-con-inner\">\n\t\t<div class=\"elementor-element elementor-element-2db88a88 e-con-full e-flex e-con e-child\" data-id=\"2db88a88\" data-element_type=\"container\" data-e-type=\"container\">\n\t\t\t\t<div class=\"elementor-element elementor-element-2e979a56 elementor-widget elementor-widget-the-event-item-image-loop\" data-id=\"2e979a56\" data-element_type=\"widget\" data-e-type=\"widget\" data-widget_type=\"the-event-item-image-loop.default\">\n\t\t\t\t<div class=\"elementor-widget-container\">\n\t\t\t\t\t<a href = \"https:\/\/emeraldspa.pl\/es\/evento\/yoga-sauna\/\"><div class=\"ewpe-featured-img\"><img decoding=\"async\" class=\"\" src=\"https:\/\/emeraldspa.pl\/wp-content\/uploads\/2026\/03\/NudeYogaAd.jpg\"><\/div><\/a>\t\t\t\t<\/div>\n\t\t\t\t<\/div>\n\t\t\t\t<\/div>\n\t\t<div class=\"elementor-element elementor-element-420f8f3f e-con-full e-flex e-con e-child\" data-id=\"420f8f3f\" data-element_type=\"container\" data-e-type=\"container\">\n\t\t\t\t<div class=\"elementor-element elementor-element-3c05274e elementor-widget elementor-widget-the-event-title-loop\" data-id=\"3c05274e\" data-element_type=\"widget\" data-e-type=\"widget\" data-widget_type=\"the-event-title-loop.default\">\n\t\t\t\t<div class=\"elementor-widget-container\">\n\t\t\t\t\t<a class=\"event-link\" href = \"https:\/\/emeraldspa.pl\/es\/evento\/yoga-sauna\/\"><h3 class=\"ewpe-event-title\">Yoga + Sauna<\/h3><\/a>\t\t\t\t<\/div>\n\t\t\t\t<\/div>\n\t\t<div class=\"elementor-element elementor-element-79f60b0e e-con-full e-flex e-con e-child\" data-id=\"79f60b0e\" data-element_type=\"container\" data-e-type=\"container\">\n\t\t\t\t<div class=\"elementor-element elementor-element-782905e8 elementor-widget__width-auto elementor-view-default elementor-widget elementor-widget-icon\" data-id=\"782905e8\" data-element_type=\"widget\" data-e-type=\"widget\" data-widget_type=\"icon.default\">\n\t\t\t\t<div class=\"elementor-widget-container\">\n\t\t\t\t\t\t\t<div class=\"elementor-icon-wrapper\">\n\t\t\t<div class=\"elementor-icon\">\n\t\t\t<svg aria-hidden=\"true\" class=\"e-font-icon-svg e-far-clock\" viewbox=\"0 0 512 512\" xmlns=\"http:\/\/www.w3.org\/2000\/svg\"><path d=\"M256 8C119 8 8 119 8 256s111 248 248 248 248-111 248-248S393 8 256 8zm0 448c-110.5 0-200-89.5-200-200S145.5 56 256 56s200 89.5 200 200-89.5 200-200 200zm61.8-104.4l-84.9-61.7c-3.1-2.3-4.9-5.9-4.9-9.7V116c0-6.6 5.4-12 12-12h32c6.6 0 12 5.4 12 12v141.7l66.8 48.6c5.4 3.9 6.5 11.4 2.6 16.8L334.6 349c-3.9 5.3-11.4 6.5-16.8 2.6z\"><\/path><\/svg>\t\t\t<\/div>\n\t\t<\/div>\n\t\t\t\t\t\t<\/div>\n\t\t\t\t<\/div>\n\t\t\t\t<div class=\"elementor-element elementor-element-6b86d24c elementor-widget__width-auto elementor-widget elementor-widget-the-event-schedule-details-loop\" data-id=\"6b86d24c\" data-element_type=\"widget\" data-e-type=\"widget\" data-widget_type=\"the-event-schedule-details-loop.default\">\n\t\t\t\t<div class=\"elementor-widget-container\">\n\t\t\t\t\t<div class=\"ewpe-events-schedule\">\r\n\t\t\t\t\t\t\t\t<span class=\"ewpe-ev-yr\">07:00 pm-09:00 pm<\/span>\r\n\t\t\t\t\t\t\t\t<\/div>\t\t\t\t<\/div>\n\t\t\t\t<\/div>\n\t\t\t\t<div class=\"elementor-element elementor-element-7ca1437d elementor-widget elementor-widget-the-event-schedule-details-loop\" data-id=\"7ca1437d\" data-element_type=\"widget\" data-e-type=\"widget\" data-widget_type=\"the-event-schedule-details-loop.default\">\n\t\t\t\t<div class=\"elementor-widget-container\">\n\t\t\t\t\t<div class=\"ewpe-events-schedule\"><span class=\"ewpe-end-date\">mi\u00e9rcoles, 22-Abr-2026<\/span><\/div>\t\t\t\t<\/div>\n\t\t\t\t<\/div>\n\t\t\t\t<\/div>\n\t\t\t\t<div class=\"elementor-element elementor-element-5ed93c74 elementor-widget elementor-widget-the-event-excerpt-loop\" data-id=\"5ed93c74\" data-element_type=\"widget\" data-e-type=\"widget\" data-widget_type=\"the-event-excerpt-loop.default\">\n\t\t\t\t<div class=\"elementor-widget-container\">\n\t\t\t\t\t<div class=\"ewpe-evt-excerpt\">Mi\u00e9rcoles Velada de Yoga y Sauna sin Ropa - Emerald Spa, Cracovia \u00danase a nosotros todos los mi\u00e9rcoles para una relajada y acogedora...<\/div>\t\t\t\t<\/div>\n\t\t\t\t<\/div>\n\t\t\t\t<div class=\"elementor-element elementor-element-1809597b elementor-widget__width-auto elementor-widget elementor-widget-the-event-readmore-loop\" data-id=\"1809597b\" data-element_type=\"widget\" data-e-type=\"widget\" data-widget_type=\"the-event-readmore-loop.default\">\n\t\t\t\t<div class=\"elementor-widget-container\">\n\t\t\t\t\t<div class=\"ewpe-div-readmore\"><a href = \"https:\/\/emeraldspa.pl\/es\/evento\/yoga-sauna\/\"><div class=\"ewpe-event-readmore\">Info...<\/div><\/a><\/div>\t\t\t\t<\/div>\n\t\t\t\t<\/div>\n\t\t\t\t<\/div>\n\t\t\t\t\t<\/div>\n\t\t\t\t<\/div>\n\t\t\t\t<\/div>\n\t\t<\/div><\/div>\t\t\t\t<\/div>\n\t\t\t\t<\/div>\n\t\t\t\t\t<\/div>\n\t\t\t\t<\/div>\n\t\t\t\t\t<\/div>\n\t\t\t\t<\/div>\n\t\t\t\t<div class=\"elementor-element elementor-element-2084f0c elementor-widget elementor-widget-spacer\" data-id=\"2084f0c\" data-element_type=\"widget\" data-e-type=\"widget\" data-widget_type=\"spacer.default\">\n\t\t\t\t<div class=\"elementor-widget-container\">\n\t\t\t\t\t\t\t<div class=\"elementor-spacer\">\n\t\t\t<div class=\"elementor-spacer-inner\"><\/div>\n\t\t<\/div>\n\t\t\t\t\t\t<\/div>\n\t\t\t\t<\/div>\n\t\t\t\t\t<\/div>\n\t\t\t\t<\/div>\n\t\t<div class=\"elementor-element elementor-element-94f38c9 e-flex e-con-boxed e-con e-parent\" data-id=\"94f38c9\" data-element_type=\"container\" data-e-type=\"container\">\n\t\t\t\t\t<div class=\"e-con-inner\">\n\t\t\t\t<div class=\"elementor-element elementor-element-c18c086 elementor-widget elementor-widget-template\" data-id=\"c18c086\" data-element_type=\"widget\" data-e-type=\"widget\" data-widget_type=\"template.default\">\n\t\t\t\t<div class=\"elementor-widget-container\">\n\t\t\t\t\t\t\t<div class=\"elementor-template\">\n\t\t\t\t\t<div data-elementor-type=\"container\" data-elementor-id=\"3783\" class=\"elementor elementor-3783\" data-elementor-post-type=\"elementor_library\">\n\t\t\t\t<div class=\"elementor-element elementor-element-7440b61c e-flex e-con-boxed e-con e-parent\" data-id=\"7440b61c\" data-element_type=\"container\" data-e-type=\"container\">\n\t\t\t\t\t<div class=\"e-con-inner\">\n\t\t\t\t<div class=\"elementor-element elementor-element-44bbbbbd elementor-widget elementor-widget-spacer\" data-id=\"44bbbbbd\" data-element_type=\"widget\" data-e-type=\"widget\" data-widget_type=\"spacer.default\">\n\t\t\t\t<div class=\"elementor-widget-container\">\n\t\t\t\t\t\t\t<div class=\"elementor-spacer\">\n\t\t\t<div class=\"elementor-spacer-inner\"><\/div>\n\t\t<\/div>\n\t\t\t\t\t\t<\/div>\n\t\t\t\t<\/div>\n\t\t\t\t<div class=\"elementor-element elementor-element-4bfad5cd elementor-cta--skin-cover elementor-animated-content elementor-bg-transform elementor-bg-transform-zoom-in elementor-widget elementor-widget-global elementor-global-3731 elementor-widget-call-to-action\" data-id=\"4bfad5cd\" data-element_type=\"widget\" data-e-type=\"widget\" data-widget_type=\"call-to-action.default\">\n\t\t\t\t<div class=\"elementor-widget-container\">\n\t\t\t\t\t\t\t<a class=\"elementor-cta\" href=\"https:\/\/emeraldspa.pl\/es\/servicios\/paquetes-de-spa\/\">\n\t\t\t\t\t<div class=\"elementor-cta__bg-wrapper\">\n\t\t\t\t<div class=\"elementor-cta__bg elementor-bg\" style=\"background-image: url(https:\/\/emeraldspa.pl\/wp-content\/uploads\/2023\/10\/20230605_222119-1024x576.jpg);\" role=\"img\" aria-label=\"Sauna\"><\/div>\n\t\t\t\t<div class=\"elementor-cta__bg-overlay\"><\/div>\n\t\t\t<\/div>\n\t\t\t\t\t\t\t<div class=\"elementor-cta__content\">\n\t\t\t\t\n\t\t\t\t\t\t\t\t\t<h2 class=\"elementor-cta__title elementor-cta__content-item elementor-content-item elementor-animated-item--grow\">\n\t\t\t\t\t\tPaquetes de spa\t\t\t\t\t<\/h2>\n\t\t\t\t\n\t\t\t\t\t\t\t\t\t<div class=\"elementor-cta__description elementor-cta__content-item elementor-content-item elementor-animated-item--grow\">\n\t\t\t\t\t\tConvierta su masaje en pareja en una escapada rom\u00e1ntica, o simplemente reg\u00e1lese m\u00e1s tiempo en paz y tranquilidad.\t\t\t\t\t<\/div>\n\t\t\t\t\n\t\t\t\t\t\t\t\t\t<div class=\"elementor-cta__button-wrapper elementor-cta__content-item elementor-content-item elementor-animated-item--grow\">\n\t\t\t\t\t<span class=\"elementor-cta__button elementor-button elementor-size-\">\n\t\t\t\t\t\tLeer m\u00e1s...\t\t\t\t\t<\/span>\n\t\t\t\t\t<\/div>\n\t\t\t\t\t\t\t<\/div>\n\t\t\t\t\t\t\t<div class=\"elementor-ribbon\">\n\t\t\t\t<div class=\"elementor-ribbon-inner\">\n\t\t\t\t\tGran valor\t\t\t\t<\/div>\n\t\t\t<\/div>\n\t\t\t\t<\/a>\n\t\t\t\t\t\t<\/div>\n\t\t\t\t<\/div>\n\t\t<div class=\"elementor-element elementor-element-5d772b07 e-flex e-con-boxed e-con e-child\" data-id=\"5d772b07\" data-element_type=\"container\" data-e-type=\"container\" data-settings=\"{&quot;background_background&quot;:&quot;classic&quot;}\">\n\t\t\t\t\t<div class=\"e-con-inner\">\n\t\t\t\t<div class=\"elementor-element elementor-element-90fda27 elementor-widget elementor-widget-text-editor\" data-id=\"90fda27\" data-element_type=\"widget\" data-e-type=\"widget\" data-widget_type=\"text-editor.default\">\n\t\t\t\t<div class=\"elementor-widget-container\">\n\t\t\t\t\t\t\t\t\t<h2>Informaci\u00f3n importante<\/h2>\t\t\t\t\t\t\t\t<\/div>\n\t\t\t\t<\/div>\n\t\t\t\t<div class=\"elementor-element elementor-element-696bd52 elementor-widget elementor-widget-text-editor\" data-id=\"696bd52\" data-element_type=\"widget\" data-e-type=\"widget\" data-widget_type=\"text-editor.default\">\n\t\t\t\t<div class=\"elementor-widget-container\">\n\t\t\t\t\t\t\t\t\t<ul><li>Reservas s\u00f3lo con antelaci\u00f3n (a trav\u00e9s de booksy o +48 666 937 687)<\/li><li>Aseg\u00farese de llegar puntualmente, con no m\u00e1s de 10 minutos de antelaci\u00f3n o retraso.  Si se retrasa o necesita posponer la cita, debe llamarnos para informarnos y llegar a un acuerdo.\u00a0<\/li><li>Los que no se presenten ser\u00e1n excluidos de futuros servicios.<\/li><li>Aparcamiento privado gratuito.<\/li><li>Todos los masajes incluyen tiempo para una ducha caliente con toallas limpias antes, y despu\u00e9s de su masaje una bebida gratis de su elecci\u00f3n.<\/li><li>En el momento de la reserva, especifique si desea un masajista masculino o femenino.<\/li><li>Si tiene alg\u00fan problema de salud, afecciones cut\u00e1neas o est\u00e1 embarazada, p\u00f3ngase en contacto con su m\u00e9dico antes de reservar un masaje. No ofrecemos servicios para clientes obesos o con mucho sobrepeso.<\/li><li>Tambi\u00e9n tenemos a la venta una serie de productos relacionados con el spa y la sauna.<\/li><li>No aceptamos a nadie bajo los efectos del alcohol o las drogas<\/li><\/ul>\t\t\t\t\t\t\t\t<\/div>\n\t\t\t\t<\/div>\n\t\t\t\t\t<\/div>\n\t\t\t\t<\/div>\n\t\t\t\t\t<\/div>\n\t\t\t\t<\/div>\n\t\t\t\t<\/div>\n\t\t\t\t<\/div>\n\t\t\t\t\t\t<\/div>\n\t\t\t\t<\/div>\n\t\t\t\t\t<\/div>\n\t\t\t\t<\/div>\n\t\t\t\t<\/div>","protected":false},"excerpt":{"rendered":"<p>Un reajuste tranquilo y acogedor a mitad de semana en el Emerald Spa de Cracovia. Disfruta de una sesi\u00f3n de yoga de 45 minutos sin ropa dirigida por Joanna, seguida de una experiencia completa en la sauna con acceso opcional a la piscina y el jacuzzi. Abierto a todos los niveles, con grupos reducidos (m\u00e1ximo 8). Rel\u00e1jese, est\u00edrese y desconecte en un entorno respetuoso y tranquilo.<\/p>","protected":false},"author":1,"featured_media":7948,"parent":420,"menu_order":2,"comment_status":"closed","ping_status":"closed","template":"elementor_header_footer","meta":{"_acf_changed":false,"_price":"","_stock":"","_tribe_ticket_header":"","_tribe_default_ticket_provider":"","_tribe_ticket_capacity":"0","_ticket_start_date":"","_ticket_end_date":"","_tribe_ticket_show_description":"","_tribe_ticket_show_not_going":false,"_tribe_ticket_use_global_stock":"","_tribe_ticket_global_stock_level":"","_global_stock_mode":"","_global_stock_cap":"","_tribe_rsvp_for_event":"","_tribe_ticket_going_count":"","_tribe_ticket_not_going_count":"","_tribe_tickets_list":"[]","_tribe_ticket_has_attendee_info_fields":false,"footnotes":""},"class_list":["post-8045","page","type-page","status-publish","has-post-thumbnail","hentry"],"acf":[],"_links":{"self":[{"href":"https:\/\/emeraldspa.pl\/es\/wp-json\/wp\/v2\/pages\/8045","targetHints":{"allow":["GET"]}}],"collection":[{"href":"https:\/\/emeraldspa.pl\/es\/wp-json\/wp\/v2\/pages"}],"about":[{"href":"https:\/\/emeraldspa.pl\/es\/wp-json\/wp\/v2\/types\/page"}],"author":[{"embeddable":true,"href":"https:\/\/emeraldspa.pl\/es\/wp-json\/wp\/v2\/users\/1"}],"replies":[{"embeddable":true,"href":"https:\/\/emeraldspa.pl\/es\/wp-json\/wp\/v2\/comments?post=8045"}],"version-history":[{"count":16,"href":"https:\/\/emeraldspa.pl\/es\/wp-json\/wp\/v2\/pages\/8045\/revisions"}],"predecessor-version":[{"id":8207,"href":"https:\/\/emeraldspa.pl\/es\/wp-json\/wp\/v2\/pages\/8045\/revisions\/8207"}],"up":[{"embeddable":true,"href":"https:\/\/emeraldspa.pl\/es\/wp-json\/wp\/v2\/pages\/420"}],"wp:featuredmedia":[{"embeddable":true,"href":"https:\/\/emeraldspa.pl\/es\/wp-json\/wp\/v2\/media\/7948"}],"wp:attachment":[{"href":"https:\/\/emeraldspa.pl\/es\/wp-json\/wp\/v2\/media?parent=8045"}],"curies":[{"name":"wp","href":"https:\/\/api.w.org\/{rel}","templated":true}]}}