{"id":800,"date":"2023-09-30T14:12:41","date_gmt":"2023-09-30T12:12:41","guid":{"rendered":"https:\/\/emeraldspa.pl\/?page_id=800"},"modified":"2025-12-24T11:48:26","modified_gmt":"2025-12-24T10:48:26","slug":"privado","status":"publish","type":"page","link":"https:\/\/emeraldspa.pl\/es\/servicios\/privado\/","title":{"rendered":"Privado"},"content":{"rendered":"<div data-elementor-type=\"wp-post\" data-elementor-id=\"800\" class=\"elementor elementor-800\" data-elementor-post-type=\"page\">\n\t\t\t\t<div class=\"elementor-element elementor-element-259ed51 e-flex e-con-boxed e-con e-parent\" data-id=\"259ed51\" data-element_type=\"container\" data-e-type=\"container\">\n\t\t\t\t\t<div class=\"e-con-inner\">\n\t\t\t\t<div class=\"elementor-element elementor-element-759a9a0 elementor-cta--skin-cover elementor-animated-content elementor-bg-transform elementor-bg-transform-zoom-in elementor-widget elementor-widget-call-to-action\" data-id=\"759a9a0\" data-element_type=\"widget\" data-e-type=\"widget\" data-widget_type=\"call-to-action.default\">\n\t\t\t\t<div class=\"elementor-widget-container\">\n\t\t\t\t\t\t\t<div class=\"elementor-cta\">\n\t\t\t\t\t<div class=\"elementor-cta__bg-wrapper\">\n\t\t\t\t<div class=\"elementor-cta__bg elementor-bg\" style=\"background-image: url(https:\/\/emeraldspa.pl\/wp-content\/uploads\/2023\/09\/people-celebrating-party-1024x683.jpg);\" role=\"img\" aria-label=\"Gente celebrando en una fiesta\"><\/div>\n\t\t\t\t<div class=\"elementor-cta__bg-overlay\"><\/div>\n\t\t\t<\/div>\n\t\t\t\t\t\t\t<div class=\"elementor-cta__content\">\n\t\t\t\t\n\t\t\t\t\t\t\t\t\t<h2 class=\"elementor-cta__title elementor-cta__content-item elementor-content-item elementor-animated-item--grow\">\n\t\t\t\t\t\tFiestas privadas\t\t\t\t\t<\/h2>\n\t\t\t\t\n\t\t\t\t\t\t\t\t\t<div class=\"elementor-cta__description elementor-cta__content-item elementor-content-item elementor-animated-item--grow\">\n\t\t\t\t\t\tOrganice su evento o fiesta privada en Emerald Spa. Hasta 40 personas.\t\t\t\t\t<\/div>\n\t\t\t\t\n\t\t\t\t\t\t\t\t\t<div class=\"elementor-cta__button-wrapper elementor-cta__content-item elementor-content-item elementor-animated-item--grow\">\n\t\t\t\t\t<a class=\"elementor-cta__button elementor-button elementor-size-\" href=\"\/es\/pongase-en-contacto-con\/\">\n\t\t\t\t\t\tContacte con nosotros\t\t\t\t\t<\/a>\n\t\t\t\t\t<\/div>\n\t\t\t\t\t\t\t<\/div>\n\t\t\t\t\t\t<\/div>\n\t\t\t\t\t\t<\/div>\n\t\t\t\t<\/div>\n\t\t\t\t\t<\/div>\n\t\t\t\t<\/div>\n\t\t<div class=\"elementor-element elementor-element-34d2be9 e-flex e-con-boxed e-con e-parent\" data-id=\"34d2be9\" data-element_type=\"container\" data-e-type=\"container\">\n\t\t\t\t\t<div class=\"e-con-inner\">\n\t\t\t\t<div class=\"elementor-element elementor-element-a5bca4e elementor-widget elementor-widget-spacer\" data-id=\"a5bca4e\" data-element_type=\"widget\" data-e-type=\"widget\" data-widget_type=\"spacer.default\">\n\t\t\t\t<div class=\"elementor-widget-container\">\n\t\t\t\t\t\t\t<div class=\"elementor-spacer\">\n\t\t\t<div class=\"elementor-spacer-inner\"><\/div>\n\t\t<\/div>\n\t\t\t\t\t\t<\/div>\n\t\t\t\t<\/div>\n\t\t\t\t<div class=\"elementor-element elementor-element-a5e83df elementor-widget elementor-widget-text-editor\" data-id=\"a5e83df\" data-element_type=\"widget\" data-e-type=\"widget\" data-widget_type=\"text-editor.default\">\n\t\t\t\t<div class=\"elementor-widget-container\">\n\t\t\t\t\t\t\t\t\t<h3 data-start=\"482\" data-end=\"525\"><strong data-start=\"486\" data-end=\"525\">Eventos privados en el spa y alquiler exclusivo<\/strong><\/h3><p data-start=\"526\" data-end=\"780\">Disfrute del Emerald Spa en exclusiva: un elegante refugio privado perfecto para celebrar, relajarse o reconectar.<\/p><h4 data-start=\"526\" data-end=\"780\">Parejas<\/h4><p data-start=\"526\" data-end=\"780\">Si desea utilizar el spa como <strong>pareja<\/strong> exclusivamente, haga clic aqu\u00ed para ver nuestro <a href=\"https:\/\/emeraldspa.pl\/es\/servicios\/paquetes-de-spa\/\">\u2018Paquetes de spa\u2019<\/a><\/p><h4 data-start=\"526\" data-end=\"780\">Grupos<\/h4><p data-start=\"526\" data-end=\"780\">Nuestro spa se puede reservar en exclusiva para su grupo, ofreciendo total privacidad, discreci\u00f3n y comodidad hogare\u00f1a en un entorno lujoso rodeado de naturaleza. Perfecto para grupos peque\u00f1os de entre 8 y 25 personas. \u00a1Todas las edades son bienvenidas!<br \/>Los precios variar\u00e1n en funci\u00f3n del tama\u00f1o del grupo, la fecha y la hora, la duraci\u00f3n de la estancia y el servicio de catering. El coste suele rondar los 290 zl por persona para uso exclusivo durante 4-5 horas, pero depende de lo que necesites. <span style=\"text-decoration: underline;\"><a href=\"https:\/\/emeraldspa.pl\/es\/pongase-en-contacto-con\/\">No dude en ponerse en contacto con nosotros por correo electr\u00f3nico, SMS o tel\u00e9fono (+48 666 937 687). .<\/a><\/span><\/p>\t\t\t\t\t\t\t\t<\/div>\n\t\t\t\t<\/div>\n\t\t\t\t\t<\/div>\n\t\t\t\t<\/div>\n\t\t<div class=\"elementor-element elementor-element-7923c7a e-flex e-con-boxed e-con e-parent\" data-id=\"7923c7a\" data-element_type=\"container\" data-e-type=\"container\">\n\t\t\t\t\t<div class=\"e-con-inner\">\n\t\t<div class=\"elementor-element elementor-element-f0bd274 e-con-full e-flex e-con e-child\" data-id=\"f0bd274\" data-element_type=\"container\" data-e-type=\"container\">\n\t\t\t\t<div class=\"elementor-element elementor-element-f1b06ce elementor-widget elementor-widget-text-editor\" data-id=\"f1b06ce\" data-element_type=\"widget\" data-e-type=\"widget\" data-widget_type=\"text-editor.default\">\n\t\t\t\t<div class=\"elementor-widget-container\">\n\t\t\t\t\t\t\t\t\t<h1>Qu\u00e9 incluye<\/h1><p data-start=\"811\" data-end=\"867\">Nuestro alquiler privado incluye acceso completo a todas las instalaciones:<\/p><p>\ud83d\udd38 <strong data-start=\"874\" data-end=\"897\">Sauna finlandesa (seca)<\/strong> - con capacidad para 18 invitados<\/p><p>\ud83d\udd38 <strong data-start=\"929\" data-end=\"962\">Rituales maestros de sauna opcionales<\/strong> para grupos de m\u00e1s de 10 personas<\/p><p>\ud83d\udd38 <strong data-start=\"988\" data-end=\"999\">Taquillas<\/strong> para efectos personales<\/p><p>\ud83d\udd38 <strong data-start=\"1031\" data-end=\"1068\">Toallas, albornoces, calzado y gorros de sauna.<\/strong> disponible<\/p><p>\ud83d\udd38 <strong data-start=\"1094\" data-end=\"1125\">Sala de masajes y relajaci\u00f3n<\/strong> para tratamientos o descanso tranquilo<\/p><p>\ud83d\udd38 <strong data-start=\"1162\" data-end=\"1180\">Elegante sal\u00f3n<\/strong> con chimenea<\/p><p>\ud83d\udd38 <strong data-start=\"1203\" data-end=\"1225\">Bar totalmente equipado<\/strong> con taburetes y acceso a la cocina<\/p><p>\ud83d\udd38 <strong data-start=\"1264\" data-end=\"1279\">Comedor<\/strong> para comidas compartidas o catering<\/p><p>\ud83d\udd38 <strong data-start=\"1323\" data-end=\"1359\">Cinco duchas y tres ba\u00f1os<\/strong><\/p><p>\ud83d\udd38 <strong data-start=\"1367\" data-end=\"1404\">Tres c\u00f3modas habitaciones dobles<\/strong> para pernoctar (podemos alojar a 10 personas si es necesario)<\/p><p>\ud83d\udd38 <strong data-start=\"1432\" data-end=\"1448\">Dos terrazas<\/strong> con asientos (uno cubierto, ideal como zona de fumadores)<\/p><p>\ud83d\udd38 <strong data-start=\"1508\" data-end=\"1524\">Piscina exterior<\/strong> (abierto de mayo a octubre)<\/p><p>\ud83d\udd38 <strong data-start=\"1551\" data-end=\"1572\">Jacuzzi \/ ba\u00f1era de hidromasaje<\/strong> con vistas al jard\u00edn<\/p><p>\ud83d\udd38 <strong data-start=\"1603\" data-end=\"1622\">Jard\u00edn aislado<\/strong> con hoguera, barbacoa y zonas privadas para sentarse<\/p><p>\ud83d\udd38 <strong data-start=\"1676\" data-end=\"1692\">Aparcamiento gratuito<\/strong> para 7 coches in situ (m\u00e1s cerca)<\/p><p>\ud83d\udd38 <strong data-start=\"1732\" data-end=\"1760\">Comida y catering opcionales<\/strong> u opciones de autoservicio<\/p><p>\ud83d\udd38 <strong data-start=\"1793\" data-end=\"1829\">Servicios de entretenimiento y eventos<\/strong> - tratamientos de belleza o bienestar, m\u00fasica, talleres, instructores de yoga o respiraci\u00f3n<\/p><p>\ud83d\udd38 <strong data-start=\"1919\" data-end=\"1951\">Anfitriones flexibles y acogedores<\/strong> que se adaptan a sus necesidades - \u00a1venga antes a preparar o decorar!<\/p><p>\ud83d\udd38 <strong data-start=\"1983\" data-end=\"2032\">Atractivas tarifas para grupos y paquetes nocturnos<\/strong><\/p>\t\t\t\t\t\t\t\t<\/div>\n\t\t\t\t<\/div>\n\t\t\t\t<\/div>\n\t\t<div class=\"elementor-element elementor-element-851ed9b e-con-full e-flex e-con e-child\" data-id=\"851ed9b\" data-element_type=\"container\" data-e-type=\"container\">\n\t\t\t\t<div class=\"elementor-element elementor-element-fa07d05 elementor-position-top elementor-widget elementor-widget-image-box\" data-id=\"fa07d05\" data-element_type=\"widget\" data-e-type=\"widget\" data-widget_type=\"image-box.default\">\n\t\t\t\t<div class=\"elementor-widget-container\">\n\t\t\t\t\t<div class=\"elementor-image-box-wrapper\"><figure class=\"elementor-image-box-img\"><a href=\"https:\/\/emeraldspa.pl\/es\/acerca-de\/galeria\/\" tabindex=\"-1\"><img fetchpriority=\"high\" decoding=\"async\" width=\"1560\" height=\"1040\" src=\"https:\/\/emeraldspa.pl\/wp-content\/uploads\/2024\/03\/PRO1513-Edit.jpg\" class=\"attachment-full size-full wp-image-3460\" alt=\"\" srcset=\"https:\/\/emeraldspa.pl\/wp-content\/uploads\/2024\/03\/PRO1513-Edit.jpg 1560w, https:\/\/emeraldspa.pl\/wp-content\/uploads\/2024\/03\/PRO1513-Edit-600x400.jpg 600w, https:\/\/emeraldspa.pl\/wp-content\/uploads\/2024\/03\/PRO1513-Edit-300x200.jpg 300w, https:\/\/emeraldspa.pl\/wp-content\/uploads\/2024\/03\/PRO1513-Edit-1024x683.jpg 1024w, https:\/\/emeraldspa.pl\/wp-content\/uploads\/2024\/03\/PRO1513-Edit-768x512.jpg 768w, https:\/\/emeraldspa.pl\/wp-content\/uploads\/2024\/03\/PRO1513-Edit-1536x1024.jpg 1536w, https:\/\/emeraldspa.pl\/wp-content\/uploads\/2024\/03\/PRO1513-Edit-18x12.jpg 18w\" sizes=\"(max-width: 1560px) 100vw, 1560px\" \/><\/a><\/figure><div class=\"elementor-image-box-content\"><h3 class=\"elementor-image-box-title\"><a href=\"https:\/\/emeraldspa.pl\/es\/acerca-de\/galeria\/\">Galer\u00eda<\/a><\/h3><p class=\"elementor-image-box-description\">Eche un vistazo a algunas fotos de los alrededores del balneario.<\/p><\/div><\/div>\t\t\t\t<\/div>\n\t\t\t\t<\/div>\n\t\t\t\t<div class=\"elementor-element elementor-element-63c6a6b elementor-widget elementor-widget-spacer\" data-id=\"63c6a6b\" data-element_type=\"widget\" data-e-type=\"widget\" data-widget_type=\"spacer.default\">\n\t\t\t\t<div class=\"elementor-widget-container\">\n\t\t\t\t\t\t\t<div class=\"elementor-spacer\">\n\t\t\t<div class=\"elementor-spacer-inner\"><\/div>\n\t\t<\/div>\n\t\t\t\t\t\t<\/div>\n\t\t\t\t<\/div>\n\t\t\t\t<div class=\"elementor-element elementor-element-76688d4 elementor-blockquote--skin-quotation elementor-widget elementor-widget-blockquote\" data-id=\"76688d4\" data-element_type=\"widget\" data-e-type=\"widget\" data-widget_type=\"blockquote.default\">\n\t\t\t\t<div class=\"elementor-widget-container\">\n\t\t\t\t\t\t\t<blockquote class=\"elementor-blockquote\">\n\t\t\t<p class=\"elementor-blockquote__content\">\n\t\t\t\t\u2b50\u2b50\u2b50\u2b50\u2b50\nOrganizamos 3 fiestas de cumplea\u00f1os en Emerald Spa y utilizamos la sauna, el jacuzzi, la cocina y el sal\u00f3n, y quedamos muy contentos con todas las instalaciones. Los anfitriones maravillosos.\t\t\t<\/p>\n\t\t\t\t\t\t\t<div class=\"e-q-footer\">\n\t\t\t\t\t\t\t\t\t\t\t<cite class=\"elementor-blockquote__author\">Magda<\/cite>\n\t\t\t\t\t\t\t\t\t\t\t\t\t\t<\/div>\n\t\t\t\t\t<\/blockquote>\n\t\t\t\t\t\t<\/div>\n\t\t\t\t<\/div>\n\t\t\t\t<div class=\"elementor-element elementor-element-63775e6 elementor-blockquote--skin-quotation elementor-widget elementor-widget-blockquote\" data-id=\"63775e6\" data-element_type=\"widget\" data-e-type=\"widget\" data-widget_type=\"blockquote.default\">\n\t\t\t\t<div class=\"elementor-widget-container\">\n\t\t\t\t\t\t\t<blockquote class=\"elementor-blockquote\">\n\t\t\t<p class=\"elementor-blockquote__content\">\n\t\t\t\t\u2b50\u2b50\u2b50\u2b50\u2b50\nDisfrutamos mucho del d\u00eda de spa que organizamos para nuestro personal. Sin duda volveremos. \t\t\t<\/p>\n\t\t\t\t\t\t\t<div class=\"e-q-footer\">\n\t\t\t\t\t\t\t\t\t\t\t<cite class=\"elementor-blockquote__author\">Irena<\/cite>\n\t\t\t\t\t\t\t\t\t\t\t\t\t\t<\/div>\n\t\t\t\t\t<\/blockquote>\n\t\t\t\t\t\t<\/div>\n\t\t\t\t<\/div>\n\t\t\t\t<\/div>\n\t\t\t\t\t<\/div>\n\t\t\t\t<\/div>\n\t\t<div class=\"elementor-element elementor-element-5bd41a6 e-flex e-con-boxed e-con e-parent\" data-id=\"5bd41a6\" data-element_type=\"container\" data-e-type=\"container\">\n\t\t\t\t\t<div class=\"e-con-inner\">\n\t\t\t\t<div class=\"elementor-element elementor-element-7bd1fc1 elementor-grid-3 elementor-grid-tablet-2 elementor-grid-mobile-1 elementor-posts--thumbnail-top elementor-widget elementor-widget-posts\" data-id=\"7bd1fc1\" data-element_type=\"widget\" data-e-type=\"widget\" data-settings=\"{&quot;pagination_type&quot;:&quot;load_more_infinite_scroll&quot;,&quot;classic_columns&quot;:&quot;3&quot;,&quot;classic_columns_tablet&quot;:&quot;2&quot;,&quot;classic_columns_mobile&quot;:&quot;1&quot;,&quot;classic_row_gap&quot;:{&quot;unit&quot;:&quot;px&quot;,&quot;size&quot;:35,&quot;sizes&quot;:[]},&quot;classic_row_gap_tablet&quot;:{&quot;unit&quot;:&quot;px&quot;,&quot;size&quot;:&quot;&quot;,&quot;sizes&quot;:[]},&quot;classic_row_gap_mobile&quot;:{&quot;unit&quot;:&quot;px&quot;,&quot;size&quot;:&quot;&quot;,&quot;sizes&quot;:[]},&quot;load_more_spinner&quot;:{&quot;value&quot;:&quot;fas fa-spinner&quot;,&quot;library&quot;:&quot;fa-solid&quot;}}\" data-widget_type=\"posts.classic\">\n\t\t\t\t<div class=\"elementor-widget-container\">\n\t\t\t\t\t\t\t<div class=\"elementor-posts-container elementor-posts elementor-posts--skin-classic elementor-grid\" role=\"list\">\n\t\t\t\t<article class=\"elementor-post elementor-grid-item post-5390 post type-post status-publish format-standard has-post-thumbnail hentry category-blog category-private-use category-womens-circles-wellness-gatherings tag-health tag-retreat tag-sauna tag-wellness tag-womens-circle tag-yoga\" role=\"listitem\">\n\t\t\t\t<a class=\"elementor-post__thumbnail__link\" href=\"https:\/\/emeraldspa.pl\/es\/circulos-de-mujeres-encuentros-de-bienestar\/\" tabindex=\"-1\" >\n\t\t\t<div class=\"elementor-post__thumbnail\"><img decoding=\"async\" width=\"300\" height=\"300\" src=\"https:\/\/emeraldspa.pl\/wp-content\/uploads\/2025\/10\/womenscirclespa-300x300.png\" class=\"attachment-medium size-medium wp-image-5284\" alt=\"\" srcset=\"https:\/\/emeraldspa.pl\/wp-content\/uploads\/2025\/10\/womenscirclespa-300x300.png 300w, https:\/\/emeraldspa.pl\/wp-content\/uploads\/2025\/10\/womenscirclespa-150x150.png 150w, https:\/\/emeraldspa.pl\/wp-content\/uploads\/2025\/10\/womenscirclespa-768x768.png 768w, https:\/\/emeraldspa.pl\/wp-content\/uploads\/2025\/10\/womenscirclespa-12x12.png 12w, https:\/\/emeraldspa.pl\/wp-content\/uploads\/2025\/10\/womenscirclespa-600x600.png 600w, https:\/\/emeraldspa.pl\/wp-content\/uploads\/2025\/10\/womenscirclespa-100x100.png 100w, https:\/\/emeraldspa.pl\/wp-content\/uploads\/2025\/10\/womenscirclespa.png 1024w\" sizes=\"(max-width: 300px) 100vw, 300px\" \/><\/div>\n\t\t<\/a>\n\t\t\t\t<div class=\"elementor-post__text\">\n\t\t\t\t<h3 class=\"elementor-post__title\">\n\t\t\t<a href=\"https:\/\/emeraldspa.pl\/es\/circulos-de-mujeres-encuentros-de-bienestar\/\" >\n\t\t\t\tC\u00edrculos de mujeres\t\t\t<\/a>\n\t\t<\/h3>\n\t\t\n\t\t<a class=\"elementor-post__read-more\" href=\"https:\/\/emeraldspa.pl\/es\/circulos-de-mujeres-encuentros-de-bienestar\/\" aria-label=\"M\u00e1s informaci\u00f3n sobre Women\u2019s Circles\" tabindex=\"-1\" >\n\t\t\tLeer M\u00e1s \u00bb\t\t<\/a>\n\n\t\t\t\t<\/div>\n\t\t\t\t<\/article>\n\t\t\t\t<article class=\"elementor-post elementor-grid-item post-5378 post type-post status-publish format-standard has-post-thumbnail hentry category-blog category-corporate-spa-days category-private-use tag-business tag-company tag-corporate tag-group\" role=\"listitem\">\n\t\t\t\t<a class=\"elementor-post__thumbnail__link\" href=\"https:\/\/emeraldspa.pl\/es\/dias-de-spa-para-empresas\/\" tabindex=\"-1\" >\n\t\t\t<div class=\"elementor-post__thumbnail\"><img decoding=\"async\" width=\"300\" height=\"300\" src=\"https:\/\/emeraldspa.pl\/wp-content\/uploads\/2025\/10\/corporateevent-300x300.png\" class=\"attachment-medium size-medium wp-image-5286\" alt=\"\" srcset=\"https:\/\/emeraldspa.pl\/wp-content\/uploads\/2025\/10\/corporateevent-300x300.png 300w, https:\/\/emeraldspa.pl\/wp-content\/uploads\/2025\/10\/corporateevent-150x150.png 150w, https:\/\/emeraldspa.pl\/wp-content\/uploads\/2025\/10\/corporateevent-768x768.png 768w, https:\/\/emeraldspa.pl\/wp-content\/uploads\/2025\/10\/corporateevent-12x12.png 12w, https:\/\/emeraldspa.pl\/wp-content\/uploads\/2025\/10\/corporateevent-600x600.png 600w, https:\/\/emeraldspa.pl\/wp-content\/uploads\/2025\/10\/corporateevent-100x100.png 100w, https:\/\/emeraldspa.pl\/wp-content\/uploads\/2025\/10\/corporateevent.png 1024w\" sizes=\"(max-width: 300px) 100vw, 300px\" \/><\/div>\n\t\t<\/a>\n\t\t\t\t<div class=\"elementor-post__text\">\n\t\t\t\t<h3 class=\"elementor-post__title\">\n\t\t\t<a href=\"https:\/\/emeraldspa.pl\/es\/dias-de-spa-para-empresas\/\" >\n\t\t\t\tD\u00edas de spa para empresas\t\t\t<\/a>\n\t\t<\/h3>\n\t\t\n\t\t<a class=\"elementor-post__read-more\" href=\"https:\/\/emeraldspa.pl\/es\/dias-de-spa-para-empresas\/\" aria-label=\"M\u00e1s informaci\u00f3n sobre Corporate Spa Days\" tabindex=\"-1\" >\n\t\t\tLeer M\u00e1s \u00bb\t\t<\/a>\n\n\t\t\t\t<\/div>\n\t\t\t\t<\/article>\n\t\t\t\t<article class=\"elementor-post elementor-grid-item post-5352 post type-post status-publish format-standard has-post-thumbnail hentry category-blog category-private-use category-stag-relaxation-evenings\" role=\"listitem\">\n\t\t\t\t<a class=\"elementor-post__thumbnail__link\" href=\"https:\/\/emeraldspa.pl\/es\/despedidas-de-soltero\/\" tabindex=\"-1\" >\n\t\t\t<div class=\"elementor-post__thumbnail\"><img loading=\"lazy\" decoding=\"async\" width=\"300\" height=\"200\" src=\"https:\/\/emeraldspa.pl\/wp-content\/uploads\/2025\/10\/stagnight1-300x200.png\" class=\"attachment-medium size-medium wp-image-5401\" alt=\"\" srcset=\"https:\/\/emeraldspa.pl\/wp-content\/uploads\/2025\/10\/stagnight1-300x200.png 300w, https:\/\/emeraldspa.pl\/wp-content\/uploads\/2025\/10\/stagnight1-1024x683.png 1024w, https:\/\/emeraldspa.pl\/wp-content\/uploads\/2025\/10\/stagnight1-768x512.png 768w, https:\/\/emeraldspa.pl\/wp-content\/uploads\/2025\/10\/stagnight1-18x12.png 18w, https:\/\/emeraldspa.pl\/wp-content\/uploads\/2025\/10\/stagnight1-600x400.png 600w, https:\/\/emeraldspa.pl\/wp-content\/uploads\/2025\/10\/stagnight1.png 1536w\" sizes=\"(max-width: 300px) 100vw, 300px\" \/><\/div>\n\t\t<\/a>\n\t\t\t\t<div class=\"elementor-post__text\">\n\t\t\t\t<h3 class=\"elementor-post__title\">\n\t\t\t<a href=\"https:\/\/emeraldspa.pl\/es\/despedidas-de-soltero\/\" >\n\t\t\t\tDespedidas de soltero en el balneario\t\t\t<\/a>\n\t\t<\/h3>\n\t\t\n\t\t<a class=\"elementor-post__read-more\" href=\"https:\/\/emeraldspa.pl\/es\/despedidas-de-soltero\/\" aria-label=\"M\u00e1s informaci\u00f3n sobre Stag nights at the spa\" tabindex=\"-1\" >\n\t\t\tLeer M\u00e1s \u00bb\t\t<\/a>\n\n\t\t\t\t<\/div>\n\t\t\t\t<\/article>\n\t\t\t\t<article class=\"elementor-post elementor-grid-item post-5337 post type-post status-publish format-standard has-post-thumbnail hentry category-blog category-hen-nights-bridal-showers category-private-use\" role=\"listitem\">\n\t\t\t\t<a class=\"elementor-post__thumbnail__link\" href=\"https:\/\/emeraldspa.pl\/es\/despedidas-de-soltera\/\" tabindex=\"-1\" >\n\t\t\t<div class=\"elementor-post__thumbnail\"><img loading=\"lazy\" decoding=\"async\" width=\"300\" height=\"300\" src=\"https:\/\/emeraldspa.pl\/wp-content\/uploads\/2025\/10\/hennightbridalshower-300x300.png\" class=\"attachment-medium size-medium wp-image-5288\" alt=\"\" srcset=\"https:\/\/emeraldspa.pl\/wp-content\/uploads\/2025\/10\/hennightbridalshower-300x300.png 300w, https:\/\/emeraldspa.pl\/wp-content\/uploads\/2025\/10\/hennightbridalshower-150x150.png 150w, https:\/\/emeraldspa.pl\/wp-content\/uploads\/2025\/10\/hennightbridalshower-768x768.png 768w, https:\/\/emeraldspa.pl\/wp-content\/uploads\/2025\/10\/hennightbridalshower-12x12.png 12w, https:\/\/emeraldspa.pl\/wp-content\/uploads\/2025\/10\/hennightbridalshower-600x600.png 600w, https:\/\/emeraldspa.pl\/wp-content\/uploads\/2025\/10\/hennightbridalshower-100x100.png 100w, https:\/\/emeraldspa.pl\/wp-content\/uploads\/2025\/10\/hennightbridalshower.png 1024w\" sizes=\"(max-width: 300px) 100vw, 300px\" \/><\/div>\n\t\t<\/a>\n\t\t\t\t<div class=\"elementor-post__text\">\n\t\t\t\t<h3 class=\"elementor-post__title\">\n\t\t\t<a href=\"https:\/\/emeraldspa.pl\/es\/despedidas-de-soltera\/\" >\n\t\t\t\tDespedidas de soltera\t\t\t<\/a>\n\t\t<\/h3>\n\t\t\n\t\t<a class=\"elementor-post__read-more\" href=\"https:\/\/emeraldspa.pl\/es\/despedidas-de-soltera\/\" aria-label=\"M\u00e1s informaci\u00f3n sobre Hen Nights &amp; Bridal Showers\" tabindex=\"-1\" >\n\t\t\tLeer M\u00e1s \u00bb\t\t<\/a>\n\n\t\t\t\t<\/div>\n\t\t\t\t<\/article>\n\t\t\t\t<article class=\"elementor-post elementor-grid-item post-5318 post type-post status-publish format-standard has-post-thumbnail hentry category-birthday-parties category-blog category-private-use tag-birthday tag-birthdays\" role=\"listitem\">\n\t\t\t\t<a class=\"elementor-post__thumbnail__link\" href=\"https:\/\/emeraldspa.pl\/es\/fiestas-de-cumpleanos\/\" tabindex=\"-1\" >\n\t\t\t<div class=\"elementor-post__thumbnail\"><img loading=\"lazy\" decoding=\"async\" width=\"300\" height=\"300\" src=\"https:\/\/emeraldspa.pl\/wp-content\/uploads\/2025\/10\/birthdaypartycategory-300x300.png\" class=\"attachment-medium size-medium wp-image-5290\" alt=\"\" srcset=\"https:\/\/emeraldspa.pl\/wp-content\/uploads\/2025\/10\/birthdaypartycategory-300x300.png 300w, https:\/\/emeraldspa.pl\/wp-content\/uploads\/2025\/10\/birthdaypartycategory-150x150.png 150w, https:\/\/emeraldspa.pl\/wp-content\/uploads\/2025\/10\/birthdaypartycategory-768x768.png 768w, https:\/\/emeraldspa.pl\/wp-content\/uploads\/2025\/10\/birthdaypartycategory-12x12.png 12w, https:\/\/emeraldspa.pl\/wp-content\/uploads\/2025\/10\/birthdaypartycategory-600x600.png 600w, https:\/\/emeraldspa.pl\/wp-content\/uploads\/2025\/10\/birthdaypartycategory-100x100.png 100w, https:\/\/emeraldspa.pl\/wp-content\/uploads\/2025\/10\/birthdaypartycategory.png 1024w\" sizes=\"(max-width: 300px) 100vw, 300px\" \/><\/div>\n\t\t<\/a>\n\t\t\t\t<div class=\"elementor-post__text\">\n\t\t\t\t<h3 class=\"elementor-post__title\">\n\t\t\t<a href=\"https:\/\/emeraldspa.pl\/es\/fiestas-de-cumpleanos\/\" >\n\t\t\t\tFiestas de cumplea\u00f1os\t\t\t<\/a>\n\t\t<\/h3>\n\t\t\n\t\t<a class=\"elementor-post__read-more\" href=\"https:\/\/emeraldspa.pl\/es\/fiestas-de-cumpleanos\/\" aria-label=\"M\u00e1s informaci\u00f3n sobre Birthday Parties\" tabindex=\"-1\" >\n\t\t\tLeer M\u00e1s \u00bb\t\t<\/a>\n\n\t\t\t\t<\/div>\n\t\t\t\t<\/article>\n\t\t\t\t<\/div>\n\t\t\t\t\t<span class=\"e-load-more-spinner\">\n\t\t\t\t<svg aria-hidden=\"true\" class=\"e-font-icon-svg e-fas-spinner\" viewbox=\"0 0 512 512\" xmlns=\"http:\/\/www.w3.org\/2000\/svg\"><path d=\"M304 48c0 26.51-21.49 48-48 48s-48-21.49-48-48 21.49-48 48-48 48 21.49 48 48zm-48 368c-26.51 0-48 21.49-48 48s21.49 48 48 48 48-21.49 48-48-21.49-48-48-48zm208-208c-26.51 0-48 21.49-48 48s21.49 48 48 48 48-21.49 48-48-21.49-48-48-48zM96 256c0-26.51-21.49-48-48-48S0 229.49 0 256s21.49 48 48 48 48-21.49 48-48zm12.922 99.078c-26.51 0-48 21.49-48 48s21.49 48 48 48 48-21.49 48-48c0-26.509-21.491-48-48-48zm294.156 0c-26.51 0-48 21.49-48 48s21.49 48 48 48 48-21.49 48-48c0-26.509-21.49-48-48-48zM108.922 60.922c-26.51 0-48 21.49-48 48s21.49 48 48 48 48-21.49 48-48-21.491-48-48-48z\"><\/path><\/svg>\t\t\t<\/span>\n\t\t\n\t\t\t\t\t\t<\/div>\n\t\t\t\t<\/div>\n\t\t\t\t<div class=\"elementor-element elementor-element-fd8a916 elementor-widget elementor-widget-spacer\" data-id=\"fd8a916\" data-element_type=\"widget\" data-e-type=\"widget\" data-widget_type=\"spacer.default\">\n\t\t\t\t<div class=\"elementor-widget-container\">\n\t\t\t\t\t\t\t<div class=\"elementor-spacer\">\n\t\t\t<div class=\"elementor-spacer-inner\"><\/div>\n\t\t<\/div>\n\t\t\t\t\t\t<\/div>\n\t\t\t\t<\/div>\n\t\t\t\t\t<\/div>\n\t\t\t\t<\/div>\n\t\t\t\t<\/div>","protected":false},"excerpt":{"rendered":"<p>Private parties Organise your private event or party at Emerald Spa! Up to 40 people. Contact Us Private Spa Events &amp; Exclusive Hire Experience Emerald Spa all to yourself \u2014<\/p>","protected":false},"author":1,"featured_media":0,"parent":420,"menu_order":3,"comment_status":"closed","ping_status":"closed","template":"elementor_header_footer","meta":{"_acf_changed":false,"_price":"","_stock":"","_tribe_ticket_header":"","_tribe_default_ticket_provider":"","_tribe_ticket_capacity":"0","_ticket_start_date":"","_ticket_end_date":"","_tribe_ticket_show_description":"","_tribe_ticket_show_not_going":false,"_tribe_ticket_use_global_stock":"","_tribe_ticket_global_stock_level":"","_global_stock_mode":"","_global_stock_cap":"","_tribe_rsvp_for_event":"","_tribe_ticket_going_count":"","_tribe_ticket_not_going_count":"","_tribe_tickets_list":"[]","_tribe_ticket_has_attendee_info_fields":false,"footnotes":""},"class_list":["post-800","page","type-page","status-publish","hentry"],"acf":[],"_links":{"self":[{"href":"https:\/\/emeraldspa.pl\/es\/wp-json\/wp\/v2\/pages\/800","targetHints":{"allow":["GET"]}}],"collection":[{"href":"https:\/\/emeraldspa.pl\/es\/wp-json\/wp\/v2\/pages"}],"about":[{"href":"https:\/\/emeraldspa.pl\/es\/wp-json\/wp\/v2\/types\/page"}],"author":[{"embeddable":true,"href":"https:\/\/emeraldspa.pl\/es\/wp-json\/wp\/v2\/users\/1"}],"replies":[{"embeddable":true,"href":"https:\/\/emeraldspa.pl\/es\/wp-json\/wp\/v2\/comments?post=800"}],"version-history":[{"count":25,"href":"https:\/\/emeraldspa.pl\/es\/wp-json\/wp\/v2\/pages\/800\/revisions"}],"predecessor-version":[{"id":7576,"href":"https:\/\/emeraldspa.pl\/es\/wp-json\/wp\/v2\/pages\/800\/revisions\/7576"}],"up":[{"embeddable":true,"href":"https:\/\/emeraldspa.pl\/es\/wp-json\/wp\/v2\/pages\/420"}],"wp:attachment":[{"href":"https:\/\/emeraldspa.pl\/es\/wp-json\/wp\/v2\/media?parent=800"}],"curies":[{"name":"wp","href":"https:\/\/api.w.org\/{rel}","templated":true}]}}