{"id":7098,"date":"2025-11-01T14:11:42","date_gmt":"2025-11-01T13:11:42","guid":{"rendered":"https:\/\/emeraldspa.pl\/?page_id=7098"},"modified":"2026-03-27T17:16:24","modified_gmt":"2026-03-27T16:16:24","slug":"formacion","status":"publish","type":"page","link":"https:\/\/emeraldspa.pl\/es\/formacion\/","title":{"rendered":"Formaci\u00f3n"},"content":{"rendered":"<div data-elementor-type=\"wp-page\" data-elementor-id=\"7098\" class=\"elementor elementor-7098\" data-elementor-post-type=\"page\">\n\t\t\t\t<div class=\"elementor-element elementor-element-af04f7e e-flex e-con-boxed e-con e-parent\" data-id=\"af04f7e\" data-element_type=\"container\" data-e-type=\"container\">\n\t\t\t\t\t<div class=\"e-con-inner\">\n\t\t<div class=\"elementor-element elementor-element-7d2ae1c e-con-full e-flex e-con e-child\" data-id=\"7d2ae1c\" data-element_type=\"container\" data-e-type=\"container\">\n\t\t\t\t<div class=\"elementor-element elementor-element-b651a5f elementor-cta--skin-cover elementor-animated-content elementor-bg-transform elementor-bg-transform-zoom-in elementor-widget elementor-widget-call-to-action\" data-id=\"b651a5f\" data-element_type=\"widget\" data-e-type=\"widget\" data-widget_type=\"call-to-action.default\">\n\t\t\t\t<div class=\"elementor-widget-container\">\n\t\t\t\t\t\t\t<div class=\"elementor-cta\">\n\t\t\t\t\t<div class=\"elementor-cta__bg-wrapper\">\n\t\t\t\t<div class=\"elementor-cta__bg elementor-bg\" style=\"background-image: url(https:\/\/emeraldspa.pl\/wp-content\/uploads\/2025\/10\/Firefly_image-of-a-massage-training-course-with-one-client-man-on-the-bed-being-massaged-by-a-479941-1-1024x585.png);\" role=\"img\" aria-label=\"imagen de un curso de formaci\u00f3n de masaje con un cliente hombre en la cama siendo masajeado por un 479941 (1)\"><\/div>\n\t\t\t\t<div class=\"elementor-cta__bg-overlay\"><\/div>\n\t\t\t<\/div>\n\t\t\t\t\t\t\t<div class=\"elementor-cta__content\">\n\t\t\t\t\n\t\t\t\t\t\t\t\t\t<h2 class=\"elementor-cta__title elementor-cta__content-item elementor-content-item elementor-animated-item--grow\">\n\t\t\t\t\t\tFormaci\u00f3n de Emerald Spa\t\t\t\t\t<\/h2>\n\t\t\t\t\n\t\t\t\t\t\t\t\t\t<div class=\"elementor-cta__description elementor-cta__content-item elementor-content-item elementor-animated-item--grow\">\n\t\t\t\t\t\tAprenda las aut\u00e9nticas t\u00e9cnicas del masaje en un entorno de spa de lujo.<br data-start=\"1189\" data-end=\"1192\">\nGrupos reducidos - Pr\u00e1cticas - Certificado oficial Emerald Spa\t\t\t\t\t<\/div>\n\t\t\t\t\n\t\t\t\t\t\t\t<\/div>\n\t\t\t\t\t\t<\/div>\n\t\t\t\t\t\t<\/div>\n\t\t\t\t<\/div>\n\t\t<div class=\"elementor-element elementor-element-f672336 e-con-full e-flex e-con e-child\" data-id=\"f672336\" data-element_type=\"container\" data-e-type=\"container\">\n\t\t<div class=\"elementor-element elementor-element-f3dbc82 e-con-full e-flex e-con e-child\" data-id=\"f3dbc82\" data-element_type=\"container\" data-e-type=\"container\">\n\t\t\t\t<div class=\"elementor-element elementor-element-4c94ab4 elementor-widget elementor-widget-heading\" data-id=\"4c94ab4\" data-element_type=\"widget\" data-e-type=\"widget\" data-widget_type=\"heading.default\">\n\t\t\t\t<div class=\"elementor-widget-container\">\n\t\t\t\t\t<h2 class=\"elementor-heading-title elementor-size-default\">Por qu\u00e9 aprender con Emerald Spa<\/h2>\t\t\t\t<\/div>\n\t\t\t\t<\/div>\n\t\t\t\t<div class=\"elementor-element elementor-element-471bbff elementor-widget elementor-widget-text-editor\" data-id=\"471bbff\" data-element_type=\"widget\" data-e-type=\"widget\" data-widget_type=\"text-editor.default\">\n\t\t\t\t<div class=\"elementor-widget-container\">\n\t\t\t\t\t\t\t\t\t<ul>\n<li><a href=\"https:\/\/emeraldspa.pl\/es\/emerald-spa-curso-de-masaje-acreditado-por-el-iphm-en-cracovia\/\">Formaci\u00f3n profesional reconocida y acreditada internacionalmente<\/a><\/li>\n<li>F\u00f3rmate en un entorno real de spa de lujo, o en l\u00ednea (pr\u00f3ximamente)<\/li>\n<li>T\u00e9cnicas b\u00e1sicas y avanzadas<\/li>\n<li>Todo lo que necesita<\/li>\n<li>Aprenda de terapeutas experimentados con m\u00e1s de 20 a\u00f1os de experiencia.<\/li>\n<li>Grupos reducidos para un asesoramiento personalizado (clases particulares 1 a 1 o hasta 4 alumnos)<\/li>\n<li>Elegante presentaci\u00f3n del certificado<\/li>\n<li>Curso acreditado por una organizaci\u00f3n reconocida internacionalmente<\/li>\n<li>Pasar a m\u00f3dulos avanzados de masaje con costes reducidos<\/li>\n<li>Comidas y bebidas gratuitas (en Cracovia para cursos de un d\u00eda entero o de fin de semana)<\/li>\n<li>Uso gratuito del spa (curso de fin de semana)<\/li><li>Cursos mensuales en Cracovia (ver eventos).<\/li>\n<\/ul>\t\t\t\t\t\t\t\t<\/div>\n\t\t\t\t<\/div>\n\t\t\t\t<\/div>\n\t\t\t\t<\/div>\n\t\t<div class=\"elementor-element elementor-element-9a829c0 e-con-full e-flex e-con e-child\" data-id=\"9a829c0\" data-element_type=\"container\" data-e-type=\"container\">\n\t\t\t\t<div class=\"elementor-element elementor-element-0d5ee17 elementor-grid-3 elementor-grid-tablet-2 elementor-grid-mobile-1 elementor-posts--thumbnail-top elementor-widget elementor-widget-posts\" data-id=\"0d5ee17\" data-element_type=\"widget\" data-e-type=\"widget\" data-settings=\"{&quot;classic_columns&quot;:&quot;3&quot;,&quot;classic_columns_tablet&quot;:&quot;2&quot;,&quot;classic_columns_mobile&quot;:&quot;1&quot;,&quot;classic_row_gap&quot;:{&quot;unit&quot;:&quot;px&quot;,&quot;size&quot;:35,&quot;sizes&quot;:[]},&quot;classic_row_gap_tablet&quot;:{&quot;unit&quot;:&quot;px&quot;,&quot;size&quot;:&quot;&quot;,&quot;sizes&quot;:[]},&quot;classic_row_gap_mobile&quot;:{&quot;unit&quot;:&quot;px&quot;,&quot;size&quot;:&quot;&quot;,&quot;sizes&quot;:[]}}\" data-widget_type=\"posts.classic\">\n\t\t\t\t<div class=\"elementor-widget-container\">\n\t\t\t\t\t\t\t<div class=\"elementor-posts-container elementor-posts elementor-posts--skin-classic elementor-grid\" role=\"list\">\n\t\t\t\t<article class=\"elementor-post elementor-grid-item post-7137 post type-post status-publish format-standard has-post-thumbnail hentry category-training tag-accredited tag-certificate tag-in-house tag-intensive tag-massage-course tag-weekend\" role=\"listitem\">\n\t\t\t\t<a class=\"elementor-post__thumbnail__link\" href=\"https:\/\/emeraldspa.pl\/es\/curso-basico-de-masaje-clasico\/\" tabindex=\"-1\" >\n\t\t\t<div class=\"elementor-post__thumbnail\"><img fetchpriority=\"high\" decoding=\"async\" width=\"300\" height=\"225\" src=\"https:\/\/emeraldspa.pl\/wp-content\/uploads\/2023\/10\/shutterstock_128560229-300x225.jpg\" class=\"attachment-medium size-medium wp-image-2830\" alt=\"\" srcset=\"https:\/\/emeraldspa.pl\/wp-content\/uploads\/2023\/10\/shutterstock_128560229-300x225.jpg 300w, https:\/\/emeraldspa.pl\/wp-content\/uploads\/2023\/10\/shutterstock_128560229-600x450.jpg 600w, https:\/\/emeraldspa.pl\/wp-content\/uploads\/2023\/10\/shutterstock_128560229-768x576.jpg 768w, https:\/\/emeraldspa.pl\/wp-content\/uploads\/2023\/10\/shutterstock_128560229-16x12.jpg 16w, https:\/\/emeraldspa.pl\/wp-content\/uploads\/2023\/10\/shutterstock_128560229.jpg 1000w\" sizes=\"(max-width: 300px) 100vw, 300px\" \/><\/div>\n\t\t<\/a>\n\t\t\t\t<div class=\"elementor-post__text\">\n\t\t\t\t<h3 class=\"elementor-post__title\">\n\t\t\t<a href=\"https:\/\/emeraldspa.pl\/es\/curso-basico-de-masaje-clasico\/\" >\n\t\t\t\tCurso B\u00e1sico de Masaje Cl\u00e1sico\t\t\t<\/a>\n\t\t<\/h3>\n\t\t\t\t<div class=\"elementor-post__excerpt\">\n\t\t\t<p>Este curso intensivo y pr\u00e1ctico proporciona una base completa en el arte del masaje sueco, la base de casi todos los tratamientos terap\u00e9uticos y de spa modernos.<\/p>\n\t\t<\/div>\n\t\t\n\t\t<a class=\"elementor-post__read-more\" href=\"https:\/\/emeraldspa.pl\/es\/curso-basico-de-masaje-clasico\/\" aria-label=\"M\u00e1s informaci\u00f3n sobre el curso b\u00e1sico de masaje cl\u00e1sico\" tabindex=\"-1\" >\n\t\t\tLeer M\u00e1s \u00bb\t\t<\/a>\n\n\t\t\t\t<\/div>\n\t\t\t\t<\/article>\n\t\t\t\t<article class=\"elementor-post elementor-grid-item post-7154 post type-post status-publish format-standard has-post-thumbnail hentry category-training tag-accredited tag-certificate tag-in-house tag-intensive tag-one-day\" role=\"listitem\">\n\t\t\t\t<a class=\"elementor-post__thumbnail__link\" href=\"https:\/\/emeraldspa.pl\/es\/curso-de-masaje-relajante\/\" tabindex=\"-1\" >\n\t\t\t<div class=\"elementor-post__thumbnail\"><img decoding=\"async\" width=\"300\" height=\"119\" src=\"https:\/\/emeraldspa.pl\/wp-content\/uploads\/2023\/09\/banner-aos-massage-300x119.jpg\" class=\"attachment-medium size-medium wp-image-677\" alt=\"\" srcset=\"https:\/\/emeraldspa.pl\/wp-content\/uploads\/2023\/09\/banner-aos-massage-300x119.jpg 300w, https:\/\/emeraldspa.pl\/wp-content\/uploads\/2023\/09\/banner-aos-massage-600x238.jpg 600w, https:\/\/emeraldspa.pl\/wp-content\/uploads\/2023\/09\/banner-aos-massage-1024x407.jpg 1024w, https:\/\/emeraldspa.pl\/wp-content\/uploads\/2023\/09\/banner-aos-massage-768x305.jpg 768w, https:\/\/emeraldspa.pl\/wp-content\/uploads\/2023\/09\/banner-aos-massage.jpg 1510w\" sizes=\"(max-width: 300px) 100vw, 300px\" \/><\/div>\n\t\t<\/a>\n\t\t\t\t<div class=\"elementor-post__text\">\n\t\t\t\t<h3 class=\"elementor-post__title\">\n\t\t\t<a href=\"https:\/\/emeraldspa.pl\/es\/curso-de-masaje-relajante\/\" >\n\t\t\t\tCurso de masaje relajante\t\t\t<\/a>\n\t\t<\/h3>\n\t\t\t\t<div class=\"elementor-post__excerpt\">\n\t\t\t<p>Se basa en su curso b\u00e1sico (masaje cl\u00e1sico) en una breve sesi\u00f3n pr\u00e1ctica de aprendizaje de 4 horas de otras t\u00e9cnicas relajantes.<\/p>\n\t\t<\/div>\n\t\t\n\t\t<a class=\"elementor-post__read-more\" href=\"https:\/\/emeraldspa.pl\/es\/curso-de-masaje-relajante\/\" aria-label=\"M\u00e1s informaci\u00f3n sobre el curso de masaje relajante\" tabindex=\"-1\" >\n\t\t\tLeer M\u00e1s \u00bb\t\t<\/a>\n\n\t\t\t\t<\/div>\n\t\t\t\t<\/article>\n\t\t\t\t<article class=\"elementor-post elementor-grid-item post-7184 post type-post status-publish format-standard has-post-thumbnail hentry category-training tag-in-house tag-intensitve tag-one-day-2\" role=\"listitem\">\n\t\t\t\t<a class=\"elementor-post__thumbnail__link\" href=\"https:\/\/emeraldspa.pl\/es\/curso-certificado-de-masaje-con-piedras-calientes\/\" tabindex=\"-1\" >\n\t\t\t<div class=\"elementor-post__thumbnail\"><img decoding=\"async\" width=\"300\" height=\"169\" src=\"https:\/\/emeraldspa.pl\/wp-content\/uploads\/2023\/10\/stones-300x169.jpg\" class=\"attachment-medium size-medium wp-image-2596\" alt=\"\" srcset=\"https:\/\/emeraldspa.pl\/wp-content\/uploads\/2023\/10\/stones-300x169.jpg 300w, https:\/\/emeraldspa.pl\/wp-content\/uploads\/2023\/10\/stones-scaled-600x338.jpg 600w, https:\/\/emeraldspa.pl\/wp-content\/uploads\/2023\/10\/stones-1024x576.jpg 1024w, https:\/\/emeraldspa.pl\/wp-content\/uploads\/2023\/10\/stones-768x432.jpg 768w, https:\/\/emeraldspa.pl\/wp-content\/uploads\/2023\/10\/stones-1536x864.jpg 1536w, https:\/\/emeraldspa.pl\/wp-content\/uploads\/2023\/10\/stones-2048x1152.jpg 2048w, https:\/\/emeraldspa.pl\/wp-content\/uploads\/2023\/10\/stones-18x10.jpg 18w, https:\/\/emeraldspa.pl\/wp-content\/uploads\/2023\/10\/stones-scaled.jpg 1560w\" sizes=\"(max-width: 300px) 100vw, 300px\" \/><\/div>\n\t\t<\/a>\n\t\t\t\t<div class=\"elementor-post__text\">\n\t\t\t\t<h3 class=\"elementor-post__title\">\n\t\t\t<a href=\"https:\/\/emeraldspa.pl\/es\/curso-certificado-de-masaje-con-piedras-calientes\/\" >\n\t\t\t\tCurso certificado de masaje con piedras calientes\t\t\t<\/a>\n\t\t<\/h3>\n\t\t\t\t<div class=\"elementor-post__excerpt\">\n\t\t\t<p>Descubra la calidez, la fluidez y el poder restaurador del masaje con piedras calientes en un taller profesional de un d\u00eda en Emerald Spa Training, Cracovia.<\/p>\n\t\t<\/div>\n\t\t\n\t\t<a class=\"elementor-post__read-more\" href=\"https:\/\/emeraldspa.pl\/es\/curso-certificado-de-masaje-con-piedras-calientes\/\" aria-label=\"M\u00e1s informaci\u00f3n sobre el curso certificado de masaje con piedras calientes\" tabindex=\"-1\" >\n\t\t\tLeer M\u00e1s \u00bb\t\t<\/a>\n\n\t\t\t\t<\/div>\n\t\t\t\t<\/article>\n\t\t\t\t<\/div>\n\t\t\n\t\t\t\t\t\t<\/div>\n\t\t\t\t<\/div>\n\t\t\t\t<\/div>\n\t\t\t\t<\/div>\n\t\t\t\t\t<\/div>\n\t\t\t\t<\/div>\n\t\t<div class=\"elementor-element elementor-element-a791325 e-flex e-con-boxed e-con e-parent\" data-id=\"a791325\" data-element_type=\"container\" data-e-type=\"container\">\n\t\t\t\t\t<div class=\"e-con-inner\">\n\t\t\t\t<div class=\"elementor-element elementor-element-2955625 elementor-cta--skin-classic elementor-animated-content elementor-bg-transform elementor-bg-transform-zoom-in elementor-widget elementor-widget-call-to-action\" data-id=\"2955625\" data-element_type=\"widget\" data-e-type=\"widget\" data-widget_type=\"call-to-action.default\">\n\t\t\t\t<div class=\"elementor-widget-container\">\n\t\t\t\t\t\t\t<div class=\"elementor-cta\">\n\t\t\t\t\t<div class=\"elementor-cta__bg-wrapper\">\n\t\t\t\t<div class=\"elementor-cta__bg elementor-bg\" style=\"background-image: url(https:\/\/emeraldspa.pl\/wp-content\/uploads\/2025\/11\/IPHM_Certificate_holding1.jpg);\" role=\"img\" aria-label=\"Acreditaci\u00f3n IPHM\"><\/div>\n\t\t\t\t<div class=\"elementor-cta__bg-overlay\"><\/div>\n\t\t\t<\/div>\n\t\t\t\t\t\t\t<div class=\"elementor-cta__content\">\n\t\t\t\t\n\t\t\t\t\t\t\t\t\t<h2 class=\"elementor-cta__title elementor-cta__content-item elementor-content-item\">\n\t\t\t\t\t\tAcreditaci\u00f3n internacional IPHM\t\t\t\t\t<\/h2>\n\t\t\t\t\n\t\t\t\t\t\t\t\t\t<div class=\"elementor-cta__description elementor-cta__content-item elementor-content-item\">\n\t\t\t\t\t\tEmerald Spa Training, Cracovia, es un proveedor de formaci\u00f3n reconocido internacionalmente.\t\t\t\t\t<\/div>\n\t\t\t\t\n\t\t\t\t\t\t\t\t\t<div class=\"elementor-cta__button-wrapper elementor-cta__content-item elementor-content-item\">\n\t\t\t\t\t<a class=\"elementor-cta__button elementor-button elementor-size-\">\n\t\t\t\t\t\tSeguir leyendo\t\t\t\t\t<\/a>\n\t\t\t\t\t<\/div>\n\t\t\t\t\t\t\t<\/div>\n\t\t\t\t\t\t<\/div>\n\t\t\t\t\t\t<\/div>\n\t\t\t\t<\/div>\n\t\t\t\t\t<\/div>\n\t\t\t\t<\/div>\n\t\t\t\t<\/div>","protected":false},"excerpt":{"rendered":"<p>Emerald Spa Training Learn the authentic techniques of massage in a luxury spa environment. Small groups \u2022 Hands-on practice \u2022 Official Emerald Spa certificate Why Learn with Emerald Spa Internationally [&hellip;]<\/p>\n","protected":false},"author":1,"featured_media":0,"parent":0,"menu_order":0,"comment_status":"closed","ping_status":"closed","template":"","meta":{"_acf_changed":false,"_price":"","_stock":"","_tribe_ticket_header":"","_tribe_default_ticket_provider":"","_tribe_ticket_capacity":"","_ticket_start_date":"","_ticket_end_date":"","_tribe_ticket_show_description":"","_tribe_ticket_show_not_going":false,"_tribe_ticket_use_global_stock":"","_tribe_ticket_global_stock_level":"","_global_stock_mode":"","_global_stock_cap":"","_tribe_rsvp_for_event":"","_tribe_ticket_going_count":"","_tribe_ticket_not_going_count":"","_tribe_tickets_list":"[]","_tribe_ticket_has_attendee_info_fields":false,"footnotes":""},"class_list":["post-7098","page","type-page","status-publish","hentry"],"acf":[],"_links":{"self":[{"href":"https:\/\/emeraldspa.pl\/es\/wp-json\/wp\/v2\/pages\/7098","targetHints":{"allow":["GET"]}}],"collection":[{"href":"https:\/\/emeraldspa.pl\/es\/wp-json\/wp\/v2\/pages"}],"about":[{"href":"https:\/\/emeraldspa.pl\/es\/wp-json\/wp\/v2\/types\/page"}],"author":[{"embeddable":true,"href":"https:\/\/emeraldspa.pl\/es\/wp-json\/wp\/v2\/users\/1"}],"replies":[{"embeddable":true,"href":"https:\/\/emeraldspa.pl\/es\/wp-json\/wp\/v2\/comments?post=7098"}],"version-history":[{"count":25,"href":"https:\/\/emeraldspa.pl\/es\/wp-json\/wp\/v2\/pages\/7098\/revisions"}],"predecessor-version":[{"id":8040,"href":"https:\/\/emeraldspa.pl\/es\/wp-json\/wp\/v2\/pages\/7098\/revisions\/8040"}],"wp:attachment":[{"href":"https:\/\/emeraldspa.pl\/es\/wp-json\/wp\/v2\/media?parent=7098"}],"curies":[{"name":"wp","href":"https:\/\/api.w.org\/{rel}","templated":true}]}}