{"id":609,"date":"2023-09-27T09:27:32","date_gmt":"2023-09-27T09:27:32","guid":{"rendered":"https:\/\/emeraldspa.pl\/?page_id=609"},"modified":"2026-01-05T13:01:40","modified_gmt":"2026-01-05T12:01:40","slug":"habitaciones","status":"publish","type":"page","link":"https:\/\/emeraldspa.pl\/es\/servicios\/habitaciones\/","title":{"rendered":"Habitaciones"},"content":{"rendered":"<div data-elementor-type=\"wp-page\" data-elementor-id=\"609\" class=\"elementor elementor-609\" data-elementor-post-type=\"page\">\n\t\t\t\t<div class=\"elementor-element elementor-element-39f5925 e-flex e-con-boxed e-con e-parent\" data-id=\"39f5925\" data-element_type=\"container\" data-e-type=\"container\">\n\t\t\t\t\t<div class=\"e-con-inner\">\n\t\t\t\t<div class=\"elementor-element elementor-element-6af6f8a elementor--h-position-center elementor--v-position-middle elementor-arrows-position-inside elementor-pagination-position-inside elementor-widget elementor-widget-slides\" data-id=\"6af6f8a\" data-element_type=\"widget\" data-e-type=\"widget\" data-settings=\"{&quot;navigation&quot;:&quot;both&quot;,&quot;autoplay&quot;:&quot;yes&quot;,&quot;pause_on_hover&quot;:&quot;yes&quot;,&quot;pause_on_interaction&quot;:&quot;yes&quot;,&quot;autoplay_speed&quot;:5000,&quot;infinite&quot;:&quot;yes&quot;,&quot;transition&quot;:&quot;slide&quot;,&quot;transition_speed&quot;:500}\" data-widget_type=\"slides.default\">\n\t\t\t\t<div class=\"elementor-widget-container\">\n\t\t\t\t\t\t\t\t\t<div class=\"elementor-swiper\">\n\t\t\t\t\t<div class=\"elementor-slides-wrapper elementor-main-swiper swiper\" role=\"region\" aria-roledescription=\"carousel\" aria-label=\"Diapositivas\" dir=\"ltr\" data-animation=\"fadeInUp\">\n\t\t\t\t<div class=\"swiper-wrapper elementor-slides\">\n\t\t\t\t\t\t\t\t\t\t<div class=\"elementor-repeater-item-c9d854b swiper-slide\" role=\"group\" aria-roledescription=\"slide\"><div class=\"swiper-slide-bg elementor-ken-burns elementor-ken-burns--in\" role=\"img\" aria-label=\"269945985_398320372047147_7141736016603553462_n\"><\/div><a class=\"swiper-slide-inner\" href=\"\/es\/pongase-en-contacto-con\/\"><div class=\"swiper-slide-contents\"><div class=\"elementor-slide-heading\">Habitaciones disponibles<\/div><div class=\"elementor-slide-description\">T\u00f3mese su tiempo y qu\u00e9dese toda la noche o unas horas.<\/div><div  class=\"elementor-button elementor-slide-button elementor-size-sm\">Reserve ahora<\/div><\/div><\/a><\/div><div class=\"elementor-repeater-item-3cb42b3 swiper-slide\" role=\"group\" aria-roledescription=\"slide\"><div class=\"swiper-slide-bg elementor-ken-burns elementor-ken-burns--in\" role=\"img\" aria-label=\"269911112_398320382047146_4979292356526486340_n\"><\/div><a class=\"swiper-slide-inner\" href=\"\/es\/pongase-en-contacto-con\/\"><div class=\"swiper-slide-contents\"><div class=\"elementor-slide-heading\">Habitaciones con estilo<\/div><div class=\"elementor-slide-description\">Rel\u00e1jese en nuestras habitaciones de dise\u00f1o exclusivo<\/div><div  class=\"elementor-button elementor-slide-button elementor-size-sm\">Reserve ahora<\/div><\/div><\/a><\/div><div class=\"elementor-repeater-item-915e22c swiper-slide\" role=\"group\" aria-roledescription=\"slide\"><div class=\"swiper-slide-bg elementor-ken-burns elementor-ken-burns--in\" role=\"img\" aria-label=\"Habitaci\u00f3n boho\"><\/div><a class=\"swiper-slide-inner\" href=\"\/es\/pongase-en-contacto-con\/\"><div class=\"swiper-slide-contents\"><div class=\"elementor-slide-heading\">Habitaciones de d\u00eda y de noche<\/div><div class=\"elementor-slide-description\">Acciones de trabajo, nakaciones, pernoctaciones<\/div><div  class=\"elementor-button elementor-slide-button elementor-size-sm\">Reserve ahora<\/div><\/div><\/a><\/div>\t\t\t\t<\/div>\n\t\t\t\t\t\t\t\t\t\t\t\t\t\t\t<div class=\"elementor-swiper-button elementor-swiper-button-prev\" role=\"button\" tabindex=\"0\" aria-label=\"Diapositiva anterior\" data-no-translation-aria-label=\"\">\n\t\t\t\t\t\t\t<svg aria-hidden=\"true\" class=\"e-font-icon-svg e-eicon-chevron-left\" viewbox=\"0 0 1000 1000\" xmlns=\"http:\/\/www.w3.org\/2000\/svg\"><path d=\"M646 125C629 125 613 133 604 142L308 442C296 454 292 471 292 487 292 504 296 521 308 533L604 854C617 867 629 875 646 875 663 875 679 871 692 858 704 846 713 829 713 812 713 796 708 779 692 767L438 487 692 225C700 217 708 204 708 187 708 171 704 154 692 142 675 129 663 125 646 125Z\"><\/path><\/svg>\t\t\t\t\t\t<\/div>\n\t\t\t\t\t\t<div class=\"elementor-swiper-button elementor-swiper-button-next\" role=\"button\" tabindex=\"0\" aria-label=\"Diapositiva siguiente\" data-no-translation-aria-label=\"\">\n\t\t\t\t\t\t\t<svg aria-hidden=\"true\" class=\"e-font-icon-svg e-eicon-chevron-right\" viewbox=\"0 0 1000 1000\" xmlns=\"http:\/\/www.w3.org\/2000\/svg\"><path d=\"M696 533C708 521 713 504 713 487 713 471 708 454 696 446L400 146C388 133 375 125 354 125 338 125 325 129 313 142 300 154 292 171 292 187 292 204 296 221 308 233L563 492 304 771C292 783 288 800 288 817 288 833 296 850 308 863 321 871 338 875 354 875 371 875 388 867 400 854L696 533Z\"><\/path><\/svg>\t\t\t\t\t\t<\/div>\n\t\t\t\t\t\t\t\t\t\t\t\t\t\t\t\t<div class=\"swiper-pagination\"><\/div>\n\t\t\t\t\t\t\t\t\t\t\t\t<\/div>\n\t\t\t\t<\/div>\n\t\t\t\t\t\t\t\t<\/div>\n\t\t\t\t<\/div>\n\t\t\t\t\t<\/div>\n\t\t\t\t<\/div>\n\t\t<div class=\"elementor-element elementor-element-29c6193 e-flex e-con-boxed e-con e-parent\" data-id=\"29c6193\" data-element_type=\"container\" data-e-type=\"container\">\n\t\t\t\t\t<div class=\"e-con-inner\">\n\t\t\t\t<div class=\"elementor-element elementor-element-66d3d18 elementor-widget elementor-widget-spacer\" data-id=\"66d3d18\" data-element_type=\"widget\" data-e-type=\"widget\" data-widget_type=\"spacer.default\">\n\t\t\t\t<div class=\"elementor-widget-container\">\n\t\t\t\t\t\t\t<div class=\"elementor-spacer\">\n\t\t\t<div class=\"elementor-spacer-inner\"><\/div>\n\t\t<\/div>\n\t\t\t\t\t\t<\/div>\n\t\t\t\t<\/div>\n\t\t\t\t\t<\/div>\n\t\t\t\t<\/div>\n\t\t<div class=\"elementor-element elementor-element-d06fc93 e-flex e-con-boxed e-con e-parent\" data-id=\"d06fc93\" data-element_type=\"container\" data-e-type=\"container\">\n\t\t\t\t\t<div class=\"e-con-inner\">\n\t\t<div class=\"elementor-element elementor-element-74b19e8 e-flex e-con-boxed e-con e-child\" data-id=\"74b19e8\" data-element_type=\"container\" data-e-type=\"container\">\n\t\t\t\t\t<div class=\"e-con-inner\">\n\t\t\t\t<div class=\"elementor-element elementor-element-984416e elementor-widget elementor-widget-text-editor\" data-id=\"984416e\" data-element_type=\"widget\" data-e-type=\"widget\" data-widget_type=\"text-editor.default\">\n\t\t\t\t<div class=\"elementor-widget-container\">\n\t\t\t\t\t\t\t\t\t<p>Tambi\u00e9n disponemos de habitaciones para estancias cortas o largas (previa solicitud y reserva), desde 2 horas hasta una semana o m\u00e1s.<\/p><ul><li>Si viaja desde lejos para asistir a uno de nuestros eventos o a un acto privado, disponemos de amplias habitaciones dobles equipadas para su estancia.<\/li><li>Si desea pasar unos d\u00edas en una casa naturista, podemos acogerle (m\u00ednimo 2 noches).<\/li><li>Si necesita un lugar donde relajarse o trabajar durante un breve periodo de tiempo (m\u00ednimo 2 horas), p\u00f3ngase en contacto con nosotros.<\/li><li>A <strong>ba\u00f1o compartido<\/strong> est\u00e1 disponible en la primera planta (junto con otras dos habitaciones).<\/li><li>Hay otros cuartos de ba\u00f1o\/duchas\/WC disponibles en otras plantas\u00a0<\/li><li>Todas las habitaciones disponen de menaje para preparar t\u00e9\/caf\u00e9\/agua, toallas y albornoces.<\/li><li>Televisi\u00f3n (Netflix, WP Pilot, Youtube, etc.) en cada habitaci\u00f3n.<\/li><li>Internet Wi-Fi r\u00e1pido y gratuito<\/li><li>Cerca del balneario hay restaurantes y tiendas, y tambi\u00e9n podemos ofrecer servicio de catering si se solicita con antelaci\u00f3n.<\/li><li>Desayuno disponible para las pernoctaciones.<\/li><li>Las habitaciones tambi\u00e9n est\u00e1n disponibles como complementos de los paquetes de spa.<\/li><li>Estancia m\u00ednima de 2 noches (a menos que se reserve como parte de un paquete de spa, evento o por unas pocas horas).<\/li><\/ul><p>\u00a0<\/p><p><strong data-start=\"557\" data-end=\"588\">Habitaciones desde 320 z\u0142 por noche<\/strong><br data-start=\"588\" data-end=\"591\" \/><em data-start=\"593\" data-end=\"635\">(los precios var\u00edan seg\u00fan la fecha, la temporada y los eventos)<\/em><\/p><blockquote data-start=\"1371\" data-end=\"1554\"><p data-start=\"1373\" data-end=\"1554\"><strong data-start=\"1373\" data-end=\"1399\">Precios orientativos de las habitaciones<\/strong><br data-start=\"1399\" data-end=\"1402\" \/>\u2022 D\u00edas laborables: de <strong data-start=\"1421\" data-end=\"1431\">320 PLN<\/strong><br data-start=\"1431\" data-end=\"1434\" \/>\u2022 Fines de semana: <strong data-start=\"1448\" data-end=\"1462\">380-450 PLN<\/strong><br data-start=\"1462\" data-end=\"1465\" \/>\u2022 Fechas y eventos especiales: precios individuales.<br data-start=\"1512\" data-end=\"1515\" \/>\u2022 Nochevieja: <strong data-start=\"1535\" data-end=\"1554\">800 PLN por habitaci\u00f3n<\/strong><\/p><\/blockquote><blockquote data-start=\"1561\" data-end=\"1598\"><p data-start=\"1563\" data-end=\"1598\"><em data-start=\"1563\" data-end=\"1598\">Precio final confirmado tras consulta.<\/em><\/p><\/blockquote><p><span style=\"color: var( --e-global-color-text ); font-family: var( --e-global-typography-text-font-family ), Sans-serif; font-size: var( --e-global-typography-text-font-size ); font-style: var( --e-global-typography-text-font-style ); font-weight: var( --e-global-typography-text-font-weight ); letter-spacing: var( --e-global-typography-text-letter-spacing ); text-transform: var( --e-global-typography-text-text-transform ); text-align: var(--text-align); background-color: var( --e-global-color-c696dce );\">P\u00f3ngase en contacto con nosotros en el +48 666 937 687 para reservar su habitaci\u00f3n lo antes posible.<\/span><\/p>\t\t\t\t\t\t\t\t<\/div>\n\t\t\t\t<\/div>\n\t\t\t\t<div class=\"elementor-element elementor-element-12ccc80 elementor-invisible elementor-widget elementor-widget-price-list\" data-id=\"12ccc80\" data-element_type=\"widget\" data-e-type=\"widget\" data-settings=\"{&quot;_animation&quot;:&quot;fadeIn&quot;}\" data-widget_type=\"price-list.default\">\n\t\t\t\t<div class=\"elementor-widget-container\">\n\t\t\t\t\t\n\t\t<ul class=\"elementor-price-list\">\n\n\t\t\t\t\t\t\t\t\t<li><a class=\"elementor-price-list-item\" href=\"#\">\t\t\t\t\n\t\t\t\t<div class=\"elementor-price-list-text\">\n\t\t\t\t\t\t\t\t\t<div class=\"elementor-price-list-header\">\n\t\t\t\t\t\t\t\t\t\t\t<span class=\"elementor-price-list-title\">\n\t\t\t\t\t\t\t\ud83d\udc65 Habitaci\u00f3n doble (desde)\t\t\t\t\t\t<\/span>\n\t\t\t\t\t\t\t\t\t\t\t\t\t\t\t\t\t\t<span class=\"elementor-price-list-separator\"><\/span>\n\t\t\t\t\t\t\t\t\t\t\t\t\t\t\t\t\t\t\t<span class=\"elementor-price-list-price\">320z\u0142<\/span>\n\t\t\t\t\t\t\t\t\t\t<\/div>\n\t\t\t\t\t\t\t\t\t\t\t\t\t\t\t<p class=\"elementor-price-list-description\">\n\t\t\t\t\t\t\tHabitaci\u00f3n doble, para 1-2 personas, balc\u00f3n, vista lateral o al jard\u00edn. (tarifas de fin de semana o d\u00edas especiales con precios individuales)\t\t\t\t\t\t<\/p>\n\t\t\t\t\t\t\t\t<\/div>\n\t\t\t\t<\/a><\/li>\t\t\t\t\t\t\t\t\t\t\t\t<li><a class=\"elementor-price-list-item\" href=\"#\">\t\t\t\t\n\t\t\t\t<div class=\"elementor-price-list-text\">\n\t\t\t\t\t\t\t\t\t<div class=\"elementor-price-list-header\">\n\t\t\t\t\t\t\t\t\t\t\t<span class=\"elementor-price-list-title\">\n\t\t\t\t\t\t\t\ud83d\udc65\ud83d\udc65 Habitaci\u00f3n para 4 personas (desde)\t\t\t\t\t\t<\/span>\n\t\t\t\t\t\t\t\t\t\t\t\t\t\t\t\t\t\t<span class=\"elementor-price-list-separator\"><\/span>\n\t\t\t\t\t\t\t\t\t\t\t\t\t\t\t\t\t\t\t<span class=\"elementor-price-list-price\">490 PLN<\/span>\n\t\t\t\t\t\t\t\t\t\t<\/div>\n\t\t\t\t\t\t\t\t\t\t\t\t\t\t\t<p class=\"elementor-price-list-description\">\n\t\t\t\t\t\t\t1 cama doble y 1 sof\u00e1 cama doble en 1 habitaci\u00f3n grande, con vistas laterales. Para 3-4 personas compartiendo.\t\t\t\t\t\t<\/p>\n\t\t\t\t\t\t\t\t<\/div>\n\t\t\t\t<\/a><\/li>\t\t\t\t\t\n\t\t<\/ul>\n\n\t\t\t\t\t\t<\/div>\n\t\t\t\t<\/div>\n\t\t\t\t<div class=\"elementor-element elementor-element-71b1014 elementor-widget elementor-widget-spacer\" data-id=\"71b1014\" data-element_type=\"widget\" data-e-type=\"widget\" data-widget_type=\"spacer.default\">\n\t\t\t\t<div class=\"elementor-widget-container\">\n\t\t\t\t\t\t\t<div class=\"elementor-spacer\">\n\t\t\t<div class=\"elementor-spacer-inner\"><\/div>\n\t\t<\/div>\n\t\t\t\t\t\t<\/div>\n\t\t\t\t<\/div>\n\t\t\t\t\t<\/div>\n\t\t\t\t<\/div>\n\t\t<div class=\"elementor-element elementor-element-241796c e-con-full e-flex e-con e-child\" data-id=\"241796c\" data-element_type=\"container\" data-e-type=\"container\" data-settings=\"{&quot;background_background&quot;:&quot;classic&quot;}\">\n\t\t\t\t<\/div>\n\t\t\t\t\t<\/div>\n\t\t\t\t<\/div>\n\t\t\t\t<\/div>","protected":false},"excerpt":{"rendered":"<p>Rooms availableTake your time, and stay the night or for a few hours.Book nowRooms with styleRelax in our uniquely designed roomsBook NowOvernight and day roomsWorkactions, nakations, overnight staysBook now We [&hellip;]<\/p>\n","protected":false},"author":1,"featured_media":0,"parent":420,"menu_order":3,"comment_status":"closed","ping_status":"closed","template":"elementor_header_footer","meta":{"_acf_changed":false,"_price":"","_stock":"","_tribe_ticket_header":"","_tribe_default_ticket_provider":"","_tribe_ticket_capacity":"0","_ticket_start_date":"","_ticket_end_date":"","_tribe_ticket_show_description":"","_tribe_ticket_show_not_going":false,"_tribe_ticket_use_global_stock":"","_tribe_ticket_global_stock_level":"","_global_stock_mode":"","_global_stock_cap":"","_tribe_rsvp_for_event":"","_tribe_ticket_going_count":"","_tribe_ticket_not_going_count":"","_tribe_tickets_list":"[]","_tribe_ticket_has_attendee_info_fields":false,"footnotes":""},"class_list":["post-609","page","type-page","status-publish","hentry"],"acf":[],"_links":{"self":[{"href":"https:\/\/emeraldspa.pl\/es\/wp-json\/wp\/v2\/pages\/609","targetHints":{"allow":["GET"]}}],"collection":[{"href":"https:\/\/emeraldspa.pl\/es\/wp-json\/wp\/v2\/pages"}],"about":[{"href":"https:\/\/emeraldspa.pl\/es\/wp-json\/wp\/v2\/types\/page"}],"author":[{"embeddable":true,"href":"https:\/\/emeraldspa.pl\/es\/wp-json\/wp\/v2\/users\/1"}],"replies":[{"embeddable":true,"href":"https:\/\/emeraldspa.pl\/es\/wp-json\/wp\/v2\/comments?post=609"}],"version-history":[{"count":25,"href":"https:\/\/emeraldspa.pl\/es\/wp-json\/wp\/v2\/pages\/609\/revisions"}],"predecessor-version":[{"id":7752,"href":"https:\/\/emeraldspa.pl\/es\/wp-json\/wp\/v2\/pages\/609\/revisions\/7752"}],"up":[{"embeddable":true,"href":"https:\/\/emeraldspa.pl\/es\/wp-json\/wp\/v2\/pages\/420"}],"wp:attachment":[{"href":"https:\/\/emeraldspa.pl\/es\/wp-json\/wp\/v2\/media?parent=609"}],"curies":[{"name":"wp","href":"https:\/\/api.w.org\/{rel}","templated":true}]}}