{"id":3271,"date":"2023-10-20T12:12:09","date_gmt":"2023-10-20T10:12:09","guid":{"rendered":"https:\/\/emeraldspa.pl\/?page_id=3271"},"modified":"2025-10-14T14:19:26","modified_gmt":"2025-10-14T12:19:26","slug":"gongs-y-cuencos-tibetanos","status":"publish","type":"page","link":"https:\/\/emeraldspa.pl\/es\/servicios\/gongs-y-cuencos-tibetanos\/","title":{"rendered":"Gongs y cuencos tibetanos"},"content":{"rendered":"<div data-elementor-type=\"wp-post\" data-elementor-id=\"3271\" class=\"elementor elementor-3271\" data-elementor-post-type=\"page\">\n\t\t\t\t<div class=\"elementor-element elementor-element-259ed51 e-flex e-con-boxed e-con e-parent\" data-id=\"259ed51\" data-element_type=\"container\" data-e-type=\"container\">\n\t\t\t\t\t<div class=\"e-con-inner\">\n\t\t\t\t<div class=\"elementor-element elementor-element-759a9a0 elementor-cta--skin-cover elementor-animated-content elementor-bg-transform elementor-bg-transform-zoom-in elementor-widget elementor-widget-call-to-action\" data-id=\"759a9a0\" data-element_type=\"widget\" data-e-type=\"widget\" data-widget_type=\"call-to-action.default\">\n\t\t\t\t<div class=\"elementor-widget-container\">\n\t\t\t\t\t\t\t<div class=\"elementor-cta\">\n\t\t\t\t\t<div class=\"elementor-cta__bg-wrapper\">\n\t\t\t\t<div class=\"elementor-cta__bg elementor-bg\" style=\"background-image: url(https:\/\/emeraldspa.pl\/wp-content\/uploads\/2023\/10\/gongs3-1024x684.jpg);\" role=\"img\" aria-label=\"gongs3\"><\/div>\n\t\t\t\t<div class=\"elementor-cta__bg-overlay\"><\/div>\n\t\t\t<\/div>\n\t\t\t\t\t\t\t<div class=\"elementor-cta__content\">\n\t\t\t\t\n\t\t\t\t\t\t\t\t\t<h2 class=\"elementor-cta__title elementor-cta__content-item elementor-content-item elementor-animated-item--grow\">\n\t\t\t\t\t\tMasaje sonoro\t\t\t\t\t<\/h2>\n\t\t\t\t\n\t\t\t\t\t\t\t\t\t<div class=\"elementor-cta__description elementor-cta__content-item elementor-content-item elementor-animated-item--grow\">\n\t\t\t\t\t\tIncluya una sesi\u00f3n de masaje con terapia de sonido con gongs y cuencos tibetanos en su paquete de spa.\t\t\t\t\t<\/div>\n\t\t\t\t\n\t\t\t\t\t\t\t\t\t<div class=\"elementor-cta__button-wrapper elementor-cta__content-item elementor-content-item elementor-animated-item--grow\">\n\t\t\t\t\t<a class=\"elementor-cta__button elementor-button elementor-size-\" href=\"\/es\/pongase-en-contacto-con\/\">\n\t\t\t\t\t\tContacte con nosotros\t\t\t\t\t<\/a>\n\t\t\t\t\t<\/div>\n\t\t\t\t\t\t\t<\/div>\n\t\t\t\t\t\t<\/div>\n\t\t\t\t\t\t<\/div>\n\t\t\t\t<\/div>\n\t\t\t\t\t<\/div>\n\t\t\t\t<\/div>\n\t\t<div class=\"elementor-element elementor-element-34d2be9 e-flex e-con-boxed e-con e-parent\" data-id=\"34d2be9\" data-element_type=\"container\" data-e-type=\"container\">\n\t\t\t\t\t<div class=\"e-con-inner\">\n\t\t\t\t<div class=\"elementor-element elementor-element-8a9ca8f elementor-widget elementor-widget-spacer\" data-id=\"8a9ca8f\" data-element_type=\"widget\" data-e-type=\"widget\" data-widget_type=\"spacer.default\">\n\t\t\t\t<div class=\"elementor-widget-container\">\n\t\t\t\t\t\t\t<div class=\"elementor-spacer\">\n\t\t\t<div class=\"elementor-spacer-inner\"><\/div>\n\t\t<\/div>\n\t\t\t\t\t\t<\/div>\n\t\t\t\t<\/div>\n\t\t\t\t\t<\/div>\n\t\t\t\t<\/div>\n\t\t<div class=\"elementor-element elementor-element-f69007e e-flex e-con-boxed e-con e-parent\" data-id=\"f69007e\" data-element_type=\"container\" data-e-type=\"container\">\n\t\t\t\t\t<div class=\"e-con-inner\">\n\t\t\t\t\t<\/div>\n\t\t\t\t<\/div>\n\t\t<div class=\"elementor-element elementor-element-7923c7a e-flex e-con-boxed e-con e-parent\" data-id=\"7923c7a\" data-element_type=\"container\" data-e-type=\"container\">\n\t\t\t\t\t<div class=\"e-con-inner\">\n\t\t<div class=\"elementor-element elementor-element-f0bd274 e-con-full e-flex e-con e-child\" data-id=\"f0bd274\" data-element_type=\"container\" data-e-type=\"container\">\n\t\t\t\t<div class=\"elementor-element elementor-element-f1b06ce elementor-widget elementor-widget-text-editor\" data-id=\"f1b06ce\" data-element_type=\"widget\" data-e-type=\"widget\" data-widget_type=\"text-editor.default\">\n\t\t\t\t<div class=\"elementor-widget-container\">\n\t\t\t\t\t\t\t\t\t<h2>Conciertos de cuencos tibetanos y gongs<\/h2><p>Los conciertos son sesiones de relajaci\u00f3n con sonido en directo. Son una forma sencilla pero profunda de conectar con nuestro ser interior y sintonizar nuestro cuerpo a nivel celular a trav\u00e9s de la resonancia. Las vibraciones afectan tanto a nuestro cuerpo emocional como al f\u00edsico. Los sonidos y las emociones est\u00e1n conectados, y nuestro bienestar emocional afecta a nuestro bienestar f\u00edsico. Los sonidos en directo pueden compararse con quedar con un amigo para tomar un caf\u00e9 en el sof\u00e1 o hablar por tel\u00e9fono.<\/p><h2>Un ba\u00f1o de sonido<\/h2><p>Un concierto terap\u00e9utico con el sonido de gongs y cuencos tibetanos es para todos aquellos que desean introducir armon\u00eda, relajarse y fortalecer los procesos de autocuraci\u00f3n. El sonido del gong concentra toda tu atenci\u00f3n y aleja todas tus emociones. Disfrutar\u00e1s al m\u00e1ximo del concierto si te tumbas en la esterilla y te envuelves en una manta. De este modo, el cuerpo puede experimentar una relajaci\u00f3n profunda y permitir que los procesos se desarrollen de forma natural. Todos los resplandores y sonidos del gong penetran en forma de vibraciones, uniendo el cuerpo y el esp\u00edritu. El sonido de los cuencos tibetanos, los cuencos de cristal y otros instrumentos refuerza esta experiencia. No deja espacio para el caos de pensamientos en tu cabeza, te invita a un contacto \u00edntimo con el espacio c\u00f3smico del que formas parte. Lo echar\u00e1s de menos cuando el sonido se desvanezca. Sentir\u00e1s que quieres m\u00e1s y m\u00e1s...<\/p><p>Ofrecemos este servicio en Emerald Spa, de forma gratuita en determinadas noches de eventos de sauna, o como complemento de pago a un paquete de masaje y sauna. El concierto es especialmente ideal para quienes se alojan en el hotel, ya que les ayudar\u00e1 a conciliar el sue\u00f1o.<\/p>\t\t\t\t\t\t\t\t<\/div>\n\t\t\t\t<\/div>\n\t\t\t\t<\/div>\n\t\t<div class=\"elementor-element elementor-element-851ed9b e-con-full e-flex e-con e-child\" data-id=\"851ed9b\" data-element_type=\"container\" data-e-type=\"container\">\n\t\t\t\t<div class=\"elementor-element elementor-element-fa07d05 elementor-position-top elementor-widget elementor-widget-image-box\" data-id=\"fa07d05\" data-element_type=\"widget\" data-e-type=\"widget\" data-widget_type=\"image-box.default\">\n\t\t\t\t<div class=\"elementor-widget-container\">\n\t\t\t\t\t<div class=\"elementor-image-box-wrapper\"><figure class=\"elementor-image-box-img\"><img fetchpriority=\"high\" decoding=\"async\" width=\"800\" height=\"684\" src=\"https:\/\/emeraldspa.pl\/wp-content\/uploads\/2025\/10\/GongsAsia.jpg\" class=\"elementor-animation-grow attachment-large size-large wp-image-5024\" alt=\"\" srcset=\"https:\/\/emeraldspa.pl\/wp-content\/uploads\/2025\/10\/GongsAsia.jpg 955w, https:\/\/emeraldspa.pl\/wp-content\/uploads\/2025\/10\/GongsAsia-300x257.jpg 300w, https:\/\/emeraldspa.pl\/wp-content\/uploads\/2025\/10\/GongsAsia-768x657.jpg 768w, https:\/\/emeraldspa.pl\/wp-content\/uploads\/2025\/10\/GongsAsia-14x12.jpg 14w, https:\/\/emeraldspa.pl\/wp-content\/uploads\/2025\/10\/GongsAsia-600x513.jpg 600w\" sizes=\"(max-width: 800px) 100vw, 800px\" \/><\/figure><div class=\"elementor-image-box-content\"><p class=\"elementor-image-box-description\">Si nunca has probado un ba\u00f1o de sonido, \u00a1no te lo puedes perder!<\/p><\/div><\/div>\t\t\t\t<\/div>\n\t\t\t\t<\/div>\n\t\t\t\t<div class=\"elementor-element elementor-element-5fcd085 elementor-widget elementor-widget-price-list\" data-id=\"5fcd085\" data-element_type=\"widget\" data-e-type=\"widget\" data-widget_type=\"price-list.default\">\n\t\t\t\t<div class=\"elementor-widget-container\">\n\t\t\t\t\t\n\t\t<ul class=\"elementor-price-list\">\n\n\t\t\t\t\t\t\t\t\t<li><a class=\"elementor-price-list-item\" href=\"#\">\t\t\t\t\n\t\t\t\t<div class=\"elementor-price-list-text\">\n\t\t\t\t\t\t\t\t\t<div class=\"elementor-price-list-header\">\n\t\t\t\t\t\t\t\t\t\t\t<span class=\"elementor-price-list-title\">\n\t\t\t\t\t\t\t60 minutos\t\t\t\t\t\t<\/span>\n\t\t\t\t\t\t\t\t\t\t\t\t\t\t\t\t\t\t<span class=\"elementor-price-list-separator\"><\/span>\n\t\t\t\t\t\t\t\t\t\t\t\t\t\t\t\t\t\t\t<span class=\"elementor-price-list-price\">180 PLN<\/span>\n\t\t\t\t\t\t\t\t\t\t<\/div>\n\t\t\t\t\t\t\t\t\t\t\t\t\t\t\t<p class=\"elementor-price-list-description\">\n\t\t\t\t\t\t\tPara una o dos personas\t\t\t\t\t\t<\/p>\n\t\t\t\t\t\t\t\t<\/div>\n\t\t\t\t<\/a><\/li>\t\t\t\t\t\n\t\t<\/ul>\n\n\t\t\t\t\t\t<\/div>\n\t\t\t\t<\/div>\n\t\t\t\t<div class=\"elementor-element elementor-element-63c6a6b elementor-widget elementor-widget-spacer\" data-id=\"63c6a6b\" data-element_type=\"widget\" data-e-type=\"widget\" data-widget_type=\"spacer.default\">\n\t\t\t\t<div class=\"elementor-widget-container\">\n\t\t\t\t\t\t\t<div class=\"elementor-spacer\">\n\t\t\t<div class=\"elementor-spacer-inner\"><\/div>\n\t\t<\/div>\n\t\t\t\t\t\t<\/div>\n\t\t\t\t<\/div>\n\t\t\t\t<\/div>\n\t\t\t\t\t<\/div>\n\t\t\t\t<\/div>\n\t\t<div class=\"elementor-element elementor-element-6368b1b e-flex e-con-boxed e-con e-parent\" data-id=\"6368b1b\" data-element_type=\"container\" data-e-type=\"container\">\n\t\t\t\t\t<div class=\"e-con-inner\">\n\t\t\t\t<div class=\"elementor-element elementor-element-3101732 elementor-widget elementor-widget-spacer\" data-id=\"3101732\" data-element_type=\"widget\" data-e-type=\"widget\" data-widget_type=\"spacer.default\">\n\t\t\t\t<div class=\"elementor-widget-container\">\n\t\t\t\t\t\t\t<div class=\"elementor-spacer\">\n\t\t\t<div class=\"elementor-spacer-inner\"><\/div>\n\t\t<\/div>\n\t\t\t\t\t\t<\/div>\n\t\t\t\t<\/div>\n\t\t\t\t\t<\/div>\n\t\t\t\t<\/div>\n\t\t<div class=\"elementor-element elementor-element-ffbf199 e-flex e-con-boxed e-con e-parent\" data-id=\"ffbf199\" data-element_type=\"container\" data-e-type=\"container\">\n\t\t\t\t\t<div class=\"e-con-inner\">\n\t\t\t\t<div class=\"elementor-element elementor-element-3ecad0d elementor-cta--skin-cover elementor-animated-content elementor-bg-transform elementor-bg-transform-zoom-in elementor-widget elementor-widget-call-to-action\" data-id=\"3ecad0d\" data-element_type=\"widget\" data-e-type=\"widget\" data-widget_type=\"call-to-action.default\">\n\t\t\t\t<div class=\"elementor-widget-container\">\n\t\t\t\t\t\t\t<div class=\"elementor-cta\">\n\t\t\t\t\t<div class=\"elementor-cta__bg-wrapper\">\n\t\t\t\t<div class=\"elementor-cta__bg elementor-bg\" style=\"background-image: url(https:\/\/emeraldspa.pl\/wp-content\/uploads\/2023\/09\/shutterstock_1701764590-1024x683.jpg);\" role=\"img\" aria-label=\"Primer plano de una hoja verde y palmeras como fondo. Composici\u00f3n plana, concepto de naturaleza oscura, hoja tropical.\"><\/div>\n\t\t\t\t<div class=\"elementor-cta__bg-overlay\"><\/div>\n\t\t\t<\/div>\n\t\t\t\t\t\t\t<div class=\"elementor-cta__content\">\n\t\t\t\t\n\t\t\t\t\t\t\t\t\t<h2 class=\"elementor-cta__title elementor-cta__content-item elementor-content-item elementor-animated-item--grow\">\n\t\t\t\t\t\tReserva tu fiesta\t\t\t\t\t<\/h2>\n\t\t\t\t\n\t\t\t\t\t\t\t\t\t<div class=\"elementor-cta__description elementor-cta__content-item elementor-content-item elementor-animated-item--grow\">\n\t\t\t\t\t\tP\u00f3ngase en contacto con nosotros para comentarnos sus necesidades y requisitos. Podemos organizar entretenimiento, catering, bebidas, sauna y otras especialidades.\t\t\t\t\t<\/div>\n\t\t\t\t\n\t\t\t\t\t\t\t\t\t<div class=\"elementor-cta__button-wrapper elementor-cta__content-item elementor-content-item elementor-animated-item--grow\">\n\t\t\t\t\t<a class=\"elementor-cta__button elementor-button elementor-size-\" href=\"\/es\/pongase-en-contacto-con\/\">\n\t\t\t\t\t\tContacte con nosotros\t\t\t\t\t<\/a>\n\t\t\t\t\t<\/div>\n\t\t\t\t\t\t\t<\/div>\n\t\t\t\t\t\t<\/div>\n\t\t\t\t\t\t<\/div>\n\t\t\t\t<\/div>\n\t\t\t\t\t<\/div>\n\t\t\t\t<\/div>\n\t\t\t\t<\/div>","protected":false},"excerpt":{"rendered":"<p>Sound Massage Include a session of Tibetan gongs and bowls sound therapy massage, in your spa package. Contact Us Concerts of Tibetan singing bowls and gongs Concerts are live sound [&hellip;]<\/p>\n","protected":false},"author":1,"featured_media":0,"parent":420,"menu_order":5,"comment_status":"closed","ping_status":"closed","template":"elementor_header_footer","meta":{"_acf_changed":false,"_price":"","_stock":"","_tribe_ticket_header":"","_tribe_default_ticket_provider":"","_tribe_ticket_capacity":"0","_ticket_start_date":"","_ticket_end_date":"","_tribe_ticket_show_description":"","_tribe_ticket_show_not_going":false,"_tribe_ticket_use_global_stock":"","_tribe_ticket_global_stock_level":"","_global_stock_mode":"","_global_stock_cap":"","_tribe_rsvp_for_event":"","_tribe_ticket_going_count":"","_tribe_ticket_not_going_count":"","_tribe_tickets_list":"[]","_tribe_ticket_has_attendee_info_fields":false,"footnotes":""},"class_list":["post-3271","page","type-page","status-publish","hentry"],"acf":[],"_links":{"self":[{"href":"https:\/\/emeraldspa.pl\/es\/wp-json\/wp\/v2\/pages\/3271","targetHints":{"allow":["GET"]}}],"collection":[{"href":"https:\/\/emeraldspa.pl\/es\/wp-json\/wp\/v2\/pages"}],"about":[{"href":"https:\/\/emeraldspa.pl\/es\/wp-json\/wp\/v2\/types\/page"}],"author":[{"embeddable":true,"href":"https:\/\/emeraldspa.pl\/es\/wp-json\/wp\/v2\/users\/1"}],"replies":[{"embeddable":true,"href":"https:\/\/emeraldspa.pl\/es\/wp-json\/wp\/v2\/comments?post=3271"}],"version-history":[{"count":13,"href":"https:\/\/emeraldspa.pl\/es\/wp-json\/wp\/v2\/pages\/3271\/revisions"}],"predecessor-version":[{"id":5027,"href":"https:\/\/emeraldspa.pl\/es\/wp-json\/wp\/v2\/pages\/3271\/revisions\/5027"}],"up":[{"embeddable":true,"href":"https:\/\/emeraldspa.pl\/es\/wp-json\/wp\/v2\/pages\/420"}],"wp:attachment":[{"href":"https:\/\/emeraldspa.pl\/es\/wp-json\/wp\/v2\/media?parent=3271"}],"curies":[{"name":"wp","href":"https:\/\/api.w.org\/{rel}","templated":true}]}}