{"id":3171,"date":"2023-10-19T09:51:14","date_gmt":"2023-10-19T07:51:14","guid":{"rendered":"https:\/\/emeraldspa.pl\/?page_id=3171"},"modified":"2023-10-19T13:22:09","modified_gmt":"2023-10-19T11:22:09","slug":"masaje-para-parejas","status":"publish","type":"page","link":"https:\/\/emeraldspa.pl\/es\/servicios\/masaje-para-parejas\/","title":{"rendered":"Masaje para parejas"},"content":{"rendered":"<div data-elementor-type=\"wp-post\" data-elementor-id=\"3171\" class=\"elementor elementor-3171\" data-elementor-post-type=\"page\">\n\t\t\t\t<div class=\"elementor-element elementor-element-06034cd e-flex e-con-boxed e-con e-parent\" data-id=\"06034cd\" data-element_type=\"container\" data-e-type=\"container\">\n\t\t\t\t\t<div class=\"e-con-inner\">\n\t\t\t\t<div class=\"elementor-element elementor-element-3449547 elementor-cta--skin-cover elementor-animated-content elementor-bg-transform elementor-bg-transform-zoom-in elementor-widget elementor-widget-call-to-action\" data-id=\"3449547\" data-element_type=\"widget\" data-e-type=\"widget\" data-widget_type=\"call-to-action.default\">\n\t\t\t\t<div class=\"elementor-widget-container\">\n\t\t\t\t\t\t\t<div class=\"elementor-cta\">\n\t\t\t\t\t<div class=\"elementor-cta__bg-wrapper\">\n\t\t\t\t<div class=\"elementor-cta__bg elementor-bg\" style=\"background-image: url(https:\/\/emeraldspa.pl\/wp-content\/uploads\/2023\/09\/4599c42c-352e-4044-9fa6-a9c5c24f15fb.png);\" role=\"img\" aria-label=\"4599c42c-352e-4044-9fa6-a9c5c24f15fb\"><\/div>\n\t\t\t\t<div class=\"elementor-cta__bg-overlay\"><\/div>\n\t\t\t<\/div>\n\t\t\t\t\t\t\t<div class=\"elementor-cta__content\">\n\t\t\t\t\n\t\t\t\t\t\t\t\t\t<h2 class=\"elementor-cta__title elementor-cta__content-item elementor-content-item elementor-animated-item--grow\">\n\t\t\t\t\t\tMasajes para parejas\t\t\t\t\t<\/h2>\n\t\t\t\t\n\t\t\t\t\t\t\t\t\t<div class=\"elementor-cta__description elementor-cta__content-item elementor-content-item elementor-animated-item--grow\">\n\t\t\t\t\t\tInvertid en vosotros mismos como pareja con estos masajes y rituales de spa. Dos terapeutas (del sexo que elij\u00e1is) os mimar\u00e1n a los dos.\t\t\t\t\t<\/div>\n\t\t\t\t\n\t\t\t\t\t\t\t\t\t<div class=\"elementor-cta__button-wrapper elementor-cta__content-item elementor-content-item elementor-animated-item--grow\">\n\t\t\t\t\t<a class=\"elementor-cta__button elementor-button elementor-size-\" href=\"https:\/\/emeraldspa.booksy.com\" target=\"_blank\" rel=\"noopener\">\n\t\t\t\t\t\tReserve ahora\t\t\t\t\t<\/a>\n\t\t\t\t\t<\/div>\n\t\t\t\t\t\t\t<\/div>\n\t\t\t\t\t\t<\/div>\n\t\t\t\t\t\t<\/div>\n\t\t\t\t<\/div>\n\t\t<div class=\"elementor-element elementor-element-d61e08c e-flex e-con-boxed e-con e-child\" data-id=\"d61e08c\" data-element_type=\"container\" data-e-type=\"container\">\n\t\t\t\t\t<div class=\"e-con-inner\">\n\t\t<div class=\"elementor-element elementor-element-e582dd0 e-flex e-con-boxed e-con e-child\" data-id=\"e582dd0\" data-element_type=\"container\" data-e-type=\"container\">\n\t\t\t\t\t<div class=\"e-con-inner\">\n\t\t\t\t<div class=\"elementor-element elementor-element-c976d22 elementor-widget elementor-widget-text-editor\" data-id=\"c976d22\" data-element_type=\"widget\" data-e-type=\"widget\" data-widget_type=\"text-editor.default\">\n\t\t\t\t<div class=\"elementor-widget-container\">\n\t\t\t\t\t\t\t\t\t<p>Disfruta de un masaje para dos personas (ya sea una pareja o dos personas individuales) juntos. Es un regalo estupendo y una actividad magn\u00edfica para hacer con un amigo.<\/p>\n<ul>\n<li>Bebidas gratuitas de primera calidad.\u00a0<\/li>\n<li>Toallas y duchas limpias.<\/li>\n<li>Aromaterapia con aceites esenciales perfumados naturales de primera calidad<\/li>\n<li>M\u00fasica y ba\u00f1o sonoro para ayudarle a relajarse<\/li>\n<li>Fototerapia con iluminaci\u00f3n especial<\/li>\n<li><b>Paquetes disponibles<\/b> incluyendo sauna, jacuzzi, masajes, sala de estar e incluso pasar la noche.<\/li>\n<li>Aparcamiento privado gratuito.<\/li>\n<li>Masajistas cualificados y certificados<\/li>\n<li>Consejos y ayuda sobre salud y t\u00e9cnicas de relajaci\u00f3n<\/li>\n<\/ul>\n<p>Si tiene alguna petici\u00f3n o necesidad, s\u00f3lo tiene que <span style=\"text-decoration: underline;\"><strong><a href=\"tel:0048666937687\">p\u00f3ngase en contacto con nosotros.<\/a><\/strong><\/span><\/p>\t\t\t\t\t\t\t\t<\/div>\n\t\t\t\t<\/div>\n\t\t\t\t\t<\/div>\n\t\t\t\t<\/div>\n\t\t\t\t\t<\/div>\n\t\t\t\t<\/div>\n\t\t\t\t<div class=\"elementor-element elementor-element-2084f0c elementor-widget elementor-widget-spacer\" data-id=\"2084f0c\" data-element_type=\"widget\" data-e-type=\"widget\" data-widget_type=\"spacer.default\">\n\t\t\t\t<div class=\"elementor-widget-container\">\n\t\t\t\t\t\t\t<div class=\"elementor-spacer\">\n\t\t\t<div class=\"elementor-spacer-inner\"><\/div>\n\t\t<\/div>\n\t\t\t\t\t\t<\/div>\n\t\t\t\t<\/div>\n\t\t\t\t\t<\/div>\n\t\t\t\t<\/div>\n\t\t<div class=\"elementor-element elementor-element-0105d9c e-flex e-con-boxed e-con e-parent\" data-id=\"0105d9c\" data-element_type=\"container\" data-e-type=\"container\">\n\t\t\t\t\t<div class=\"e-con-inner\">\n\t\t\t\t<div class=\"elementor-element elementor-element-6076632 elementor-grid-3 elementor-grid-tablet-2 elementor-grid-mobile-1 elementor-posts--thumbnail-top elementor-card-shadow-yes elementor-posts__hover-gradient elementor-widget elementor-widget-posts\" data-id=\"6076632\" data-element_type=\"widget\" data-e-type=\"widget\" data-settings=\"{&quot;pagination_type&quot;:&quot;load_more_infinite_scroll&quot;,&quot;cards_columns&quot;:&quot;3&quot;,&quot;cards_columns_tablet&quot;:&quot;2&quot;,&quot;cards_columns_mobile&quot;:&quot;1&quot;,&quot;cards_row_gap&quot;:{&quot;unit&quot;:&quot;px&quot;,&quot;size&quot;:35,&quot;sizes&quot;:[]},&quot;cards_row_gap_tablet&quot;:{&quot;unit&quot;:&quot;px&quot;,&quot;size&quot;:&quot;&quot;,&quot;sizes&quot;:[]},&quot;cards_row_gap_mobile&quot;:{&quot;unit&quot;:&quot;px&quot;,&quot;size&quot;:&quot;&quot;,&quot;sizes&quot;:[]},&quot;load_more_spinner&quot;:{&quot;value&quot;:&quot;fas fa-spinner&quot;,&quot;library&quot;:&quot;fa-solid&quot;}}\" data-widget_type=\"posts.cards\">\n\t\t\t\t<div class=\"elementor-widget-container\">\n\t\t\t\t\t\t\t<div class=\"elementor-posts-container elementor-posts elementor-posts--skin-cards elementor-grid\" role=\"list\">\n\t\t\t\t<article class=\"elementor-post elementor-grid-item post-2028 post type-post status-publish format-standard has-post-thumbnail hentry category-4-hands category-couples category-massages\" role=\"listitem\">\n\t\t\t<div class=\"elementor-post__card\">\n\t\t\t\t<a class=\"elementor-post__thumbnail__link\" href=\"https:\/\/emeraldspa.pl\/es\/clasico\/\" tabindex=\"-1\"><div class=\"elementor-post__thumbnail\"><img fetchpriority=\"high\" decoding=\"async\" width=\"300\" height=\"188\" src=\"https:\/\/emeraldspa.pl\/wp-content\/uploads\/2023\/09\/post4-1-300x188.webp\" class=\"attachment-medium size-medium wp-image-678\" alt=\"\" srcset=\"https:\/\/emeraldspa.pl\/wp-content\/uploads\/2023\/09\/post4-1-300x188.webp 300w, https:\/\/emeraldspa.pl\/wp-content\/uploads\/2023\/09\/post4-1-600x375.webp 600w, https:\/\/emeraldspa.pl\/wp-content\/uploads\/2023\/09\/post4-1-768x480.webp 768w, https:\/\/emeraldspa.pl\/wp-content\/uploads\/2023\/09\/post4-1.webp 800w\" sizes=\"(max-width: 300px) 100vw, 300px\" \/><\/div><\/a>\n\t\t\t\t<div class=\"elementor-post__text\">\n\t\t\t\t<h3 class=\"elementor-post__title\">\n\t\t\t<a href=\"https:\/\/emeraldspa.pl\/es\/clasico\/\">\n\t\t\t\tCl\u00e1sico (sueco)\t\t\t<\/a>\n\t\t<\/h3>\n\t\t\t\t<div class=\"elementor-post__excerpt\">\n\t\t\t<p>El masaje cl\u00e1sico (sueco) ofrece numerosos beneficios, como una mayor relajaci\u00f3n, una mejor circulaci\u00f3n sangu\u00ednea, una reducci\u00f3n de la tensi\u00f3n muscular, un alivio del estr\u00e9s, un refuerzo de la funci\u00f3n inmunitaria y una mejor calidad del sue\u00f1o, proporcionando un enfoque hol\u00edstico del bienestar f\u00edsico y la tranquilidad mental. Trabaja sobre la fascia Incluye masaje de cuerpo entero, cara, manos y pies<\/p>\n\t\t<\/div>\n\t\t\t\t\t<div class=\"elementor-post__read-more-wrapper\">\n\t\t\n\t\t<a class=\"elementor-post__read-more\" href=\"https:\/\/emeraldspa.pl\/es\/clasico\/\" aria-label=\"M\u00e1s informaci\u00f3n sobre Classic (Swedish)\" tabindex=\"-1\">\n\t\t\tLeer M\u00e1s \u00bb\t\t<\/a>\n\n\t\t\t\t\t<\/div>\n\t\t\t\t<\/div>\n\t\t\t\t\t<\/div>\n\t\t<\/article>\n\t\t\t\t<article class=\"elementor-post elementor-grid-item post-2171 post type-post status-publish format-standard has-post-thumbnail hentry category-4-hands category-couples category-massages\" role=\"listitem\">\n\t\t\t<div class=\"elementor-post__card\">\n\t\t\t\t<a class=\"elementor-post__thumbnail__link\" href=\"https:\/\/emeraldspa.pl\/es\/masaje-relajante\/\" tabindex=\"-1\"><div class=\"elementor-post__thumbnail\"><img decoding=\"async\" width=\"300\" height=\"200\" src=\"https:\/\/emeraldspa.pl\/wp-content\/uploads\/2023\/09\/4599c42c-352e-4044-9fa6-a9c5c24f15fb-300x200.png\" class=\"attachment-medium size-medium wp-image-689\" alt=\"\" srcset=\"https:\/\/emeraldspa.pl\/wp-content\/uploads\/2023\/09\/4599c42c-352e-4044-9fa6-a9c5c24f15fb-300x200.png 300w, https:\/\/emeraldspa.pl\/wp-content\/uploads\/2023\/09\/4599c42c-352e-4044-9fa6-a9c5c24f15fb-600x400.png 600w, https:\/\/emeraldspa.pl\/wp-content\/uploads\/2023\/09\/4599c42c-352e-4044-9fa6-a9c5c24f15fb-768x512.png 768w, https:\/\/emeraldspa.pl\/wp-content\/uploads\/2023\/09\/4599c42c-352e-4044-9fa6-a9c5c24f15fb.png 1000w\" sizes=\"(max-width: 300px) 100vw, 300px\" \/><\/div><\/a>\n\t\t\t\t<div class=\"elementor-post__text\">\n\t\t\t\t<h3 class=\"elementor-post__title\">\n\t\t\t<a href=\"https:\/\/emeraldspa.pl\/es\/masaje-relajante\/\">\n\t\t\t\tMasaje relajante\t\t\t<\/a>\n\t\t<\/h3>\n\t\t\t\t<div class=\"elementor-post__excerpt\">\n\t\t\t<p>Relajaci\u00f3n total con suaves masajes, m\u00fasica suave, velas y aceites de masaje de primera calidad. El masaje relajante promueve la tranquilidad mental, reduce el estr\u00e9s, alivia la tensi\u00f3n muscular, mejora el sue\u00f1o, mejora el estado de \u00e1nimo, estimula la circulaci\u00f3n y fomenta el bienestar general, proporcionando una escapada serena y un rejuvenecimiento hol\u00edstico para el cuerpo y la mente.<\/p>\n\t\t<\/div>\n\t\t\t\t\t<div class=\"elementor-post__read-more-wrapper\">\n\t\t\n\t\t<a class=\"elementor-post__read-more\" href=\"https:\/\/emeraldspa.pl\/es\/masaje-relajante\/\" aria-label=\"M\u00e1s informaci\u00f3n sobre Relaxing massage\" tabindex=\"-1\">\n\t\t\tLeer M\u00e1s \u00bb\t\t<\/a>\n\n\t\t\t\t\t<\/div>\n\t\t\t\t<\/div>\n\t\t\t\t\t<\/div>\n\t\t<\/article>\n\t\t\t\t<article class=\"elementor-post elementor-grid-item post-2162 post type-post status-publish format-standard has-post-thumbnail hentry category-4-hands category-couples category-massages\" role=\"listitem\">\n\t\t\t<div class=\"elementor-post__card\">\n\t\t\t\t<a class=\"elementor-post__thumbnail__link\" href=\"https:\/\/emeraldspa.pl\/es\/masaje-tantrico\/\" tabindex=\"-1\"><div class=\"elementor-post__thumbnail\"><img decoding=\"async\" width=\"300\" height=\"200\" src=\"https:\/\/emeraldspa.pl\/wp-content\/uploads\/2023\/09\/20-minutes-sensual-massage-for-your-partner-300x200.png\" class=\"attachment-medium size-medium wp-image-682\" alt=\"\" srcset=\"https:\/\/emeraldspa.pl\/wp-content\/uploads\/2023\/09\/20-minutes-sensual-massage-for-your-partner-300x200.png 300w, https:\/\/emeraldspa.pl\/wp-content\/uploads\/2023\/09\/20-minutes-sensual-massage-for-your-partner-600x400.png 600w, https:\/\/emeraldspa.pl\/wp-content\/uploads\/2023\/09\/20-minutes-sensual-massage-for-your-partner-1024x683.png 1024w, https:\/\/emeraldspa.pl\/wp-content\/uploads\/2023\/09\/20-minutes-sensual-massage-for-your-partner-768x512.png 768w, https:\/\/emeraldspa.pl\/wp-content\/uploads\/2023\/09\/20-minutes-sensual-massage-for-your-partner.png 1200w\" sizes=\"(max-width: 300px) 100vw, 300px\" \/><\/div><\/a>\n\t\t\t\t<div class=\"elementor-post__text\">\n\t\t\t\t<h3 class=\"elementor-post__title\">\n\t\t\t<a href=\"https:\/\/emeraldspa.pl\/es\/masaje-tantrico\/\">\n\t\t\t\tMasaje t\u00e1ntrico\t\t\t<\/a>\n\t\t<\/h3>\n\t\t\t\t<div class=\"elementor-post__excerpt\">\n\t\t\t<p>El masaje t\u00e1ntrico de cuerpo entero fomenta una profunda conexi\u00f3n emocional y f\u00edsica, mejora la conciencia sensual, promueve el flujo de energ\u00eda, facilita la liberaci\u00f3n emocional y proporciona una v\u00eda para explorar la espiritualidad, la intimidad y el placer de forma consciente, consensuada y explorativa.<\/p>\n\t\t<\/div>\n\t\t\t\t\t<div class=\"elementor-post__read-more-wrapper\">\n\t\t\n\t\t<a class=\"elementor-post__read-more\" href=\"https:\/\/emeraldspa.pl\/es\/masaje-tantrico\/\" aria-label=\"M\u00e1s informaci\u00f3n sobre Tantric massage\" tabindex=\"-1\">\n\t\t\tLeer M\u00e1s \u00bb\t\t<\/a>\n\n\t\t\t\t\t<\/div>\n\t\t\t\t<\/div>\n\t\t\t\t\t<\/div>\n\t\t<\/article>\n\t\t\t\t<article class=\"elementor-post elementor-grid-item post-2405 post type-post status-publish format-standard has-post-thumbnail hentry category-couples category-massages\" role=\"listitem\">\n\t\t\t<div class=\"elementor-post__card\">\n\t\t\t\t<a class=\"elementor-post__thumbnail__link\" href=\"https:\/\/emeraldspa.pl\/es\/masaje-con-bambu\/\" tabindex=\"-1\"><div class=\"elementor-post__thumbnail\"><img loading=\"lazy\" decoding=\"async\" width=\"300\" height=\"200\" src=\"https:\/\/emeraldspa.pl\/wp-content\/uploads\/2023\/10\/stock-photo-woman-having-massage-with-bamboo-stick-in-wellness-center-closeup-1230517735-1920w-300x200.webp\" class=\"attachment-medium size-medium wp-image-2406\" alt=\"\" srcset=\"https:\/\/emeraldspa.pl\/wp-content\/uploads\/2023\/10\/stock-photo-woman-having-massage-with-bamboo-stick-in-wellness-center-closeup-1230517735-1920w-300x200.webp 300w, https:\/\/emeraldspa.pl\/wp-content\/uploads\/2023\/10\/stock-photo-woman-having-massage-with-bamboo-stick-in-wellness-center-closeup-1230517735-1920w-600x400.webp 600w, https:\/\/emeraldspa.pl\/wp-content\/uploads\/2023\/10\/stock-photo-woman-having-massage-with-bamboo-stick-in-wellness-center-closeup-1230517735-1920w-1024x683.webp 1024w, https:\/\/emeraldspa.pl\/wp-content\/uploads\/2023\/10\/stock-photo-woman-having-massage-with-bamboo-stick-in-wellness-center-closeup-1230517735-1920w-768x512.webp 768w, https:\/\/emeraldspa.pl\/wp-content\/uploads\/2023\/10\/stock-photo-woman-having-massage-with-bamboo-stick-in-wellness-center-closeup-1230517735-1920w-1536x1024.webp 1536w, https:\/\/emeraldspa.pl\/wp-content\/uploads\/2023\/10\/stock-photo-woman-having-massage-with-bamboo-stick-in-wellness-center-closeup-1230517735-1920w-18x12.webp 18w, https:\/\/emeraldspa.pl\/wp-content\/uploads\/2023\/10\/stock-photo-woman-having-massage-with-bamboo-stick-in-wellness-center-closeup-1230517735-1920w.webp 1920w\" sizes=\"(max-width: 300px) 100vw, 300px\" \/><\/div><\/a>\n\t\t\t\t<div class=\"elementor-post__text\">\n\t\t\t\t<h3 class=\"elementor-post__title\">\n\t\t\t<a href=\"https:\/\/emeraldspa.pl\/es\/masaje-con-bambu\/\">\n\t\t\t\tMasaje con bamb\u00fa\t\t\t<\/a>\n\t\t<\/h3>\n\t\t\t\t<div class=\"elementor-post__excerpt\">\n\t\t\t<p>El masaje con bamb\u00fa, una terapia innovadora, emplea ca\u00f1as de bamb\u00fa calentadas, h\u00e1bilmente manipuladas por los terapeutas para aliviar la tensi\u00f3n muscular. El calor del bamb\u00fa aumenta la relajaci\u00f3n, mientras que sus movimientos de balanceo y amasamiento mejoran la circulaci\u00f3n y alivian el estr\u00e9s, ofreciendo una experiencia tranquila y rejuvenecedora que tambi\u00e9n equilibra el flujo energ\u00e9tico del cuerpo.<\/p>\n\t\t<\/div>\n\t\t\t\t\t<div class=\"elementor-post__read-more-wrapper\">\n\t\t\n\t\t<a class=\"elementor-post__read-more\" href=\"https:\/\/emeraldspa.pl\/es\/masaje-con-bambu\/\" aria-label=\"M\u00e1s informaci\u00f3n sobre Bamboo massage\" tabindex=\"-1\">\n\t\t\tLeer M\u00e1s \u00bb\t\t<\/a>\n\n\t\t\t\t\t<\/div>\n\t\t\t\t<\/div>\n\t\t\t\t\t<\/div>\n\t\t<\/article>\n\t\t\t\t<article class=\"elementor-post elementor-grid-item post-2527 post type-post status-publish format-standard has-post-thumbnail hentry category-couples category-massages\" role=\"listitem\">\n\t\t\t<div class=\"elementor-post__card\">\n\t\t\t\t<a class=\"elementor-post__thumbnail__link\" href=\"https:\/\/emeraldspa.pl\/es\/masaje-con-chocolate\/\" tabindex=\"-1\"><div class=\"elementor-post__thumbnail\"><img loading=\"lazy\" decoding=\"async\" width=\"300\" height=\"184\" src=\"https:\/\/emeraldspa.pl\/wp-content\/uploads\/2023\/10\/chocolate-massage-1-scaled-1-300x184.jpg\" class=\"attachment-medium size-medium wp-image-2528\" alt=\"\" srcset=\"https:\/\/emeraldspa.pl\/wp-content\/uploads\/2023\/10\/chocolate-massage-1-scaled-1-300x184.jpg 300w, https:\/\/emeraldspa.pl\/wp-content\/uploads\/2023\/10\/chocolate-massage-1-scaled-1-600x367.jpg 600w, https:\/\/emeraldspa.pl\/wp-content\/uploads\/2023\/10\/chocolate-massage-1-scaled-1-1024x626.jpg 1024w, https:\/\/emeraldspa.pl\/wp-content\/uploads\/2023\/10\/chocolate-massage-1-scaled-1-768x470.jpg 768w, https:\/\/emeraldspa.pl\/wp-content\/uploads\/2023\/10\/chocolate-massage-1-scaled-1-1536x940.jpg 1536w, https:\/\/emeraldspa.pl\/wp-content\/uploads\/2023\/10\/chocolate-massage-1-scaled-1-2048x1253.jpg 2048w, https:\/\/emeraldspa.pl\/wp-content\/uploads\/2023\/10\/chocolate-massage-1-scaled-1-18x12.jpg 18w, https:\/\/emeraldspa.pl\/wp-content\/uploads\/2023\/10\/chocolate-massage-1-scaled-1.jpg 1560w\" sizes=\"(max-width: 300px) 100vw, 300px\" \/><\/div><\/a>\n\t\t\t\t<div class=\"elementor-post__text\">\n\t\t\t\t<h3 class=\"elementor-post__title\">\n\t\t\t<a href=\"https:\/\/emeraldspa.pl\/es\/masaje-con-chocolate\/\">\n\t\t\t\tMasaje de lujo con chocolate\t\t\t<\/a>\n\t\t<\/h3>\n\t\t\t\t<div class=\"elementor-post__excerpt\">\n\t\t\t<p>El masaje con chocolate aut\u00e9ntico deleita los sentidos, nutre la piel y eleva el esp\u00edritu, aportando beneficios antioxidantes, mejorando el tono de la piel y ofreciendo una experiencia sensorial \u00fanica, al tiempo que favorece la relajaci\u00f3n y el bienestar gracias a sus propiedades arom\u00e1ticas y lujosas.<\/p>\n\t\t<\/div>\n\t\t\t\t\t<div class=\"elementor-post__read-more-wrapper\">\n\t\t\n\t\t<a class=\"elementor-post__read-more\" href=\"https:\/\/emeraldspa.pl\/es\/masaje-con-chocolate\/\" aria-label=\"M\u00e1s informaci\u00f3n sobre Chocolate Luxury Massage\" tabindex=\"-1\">\n\t\t\tLeer M\u00e1s \u00bb\t\t<\/a>\n\n\t\t\t\t\t<\/div>\n\t\t\t\t<\/div>\n\t\t\t\t\t<\/div>\n\t\t<\/article>\n\t\t\t\t<article class=\"elementor-post elementor-grid-item post-2595 post type-post status-publish format-standard has-post-thumbnail hentry category-couples category-massages\" role=\"listitem\">\n\t\t\t<div class=\"elementor-post__card\">\n\t\t\t\t<a class=\"elementor-post__thumbnail__link\" href=\"https:\/\/emeraldspa.pl\/es\/masaje-con-piedras-calientes\/\" tabindex=\"-1\"><div class=\"elementor-post__thumbnail\"><img loading=\"lazy\" decoding=\"async\" width=\"300\" height=\"169\" src=\"https:\/\/emeraldspa.pl\/wp-content\/uploads\/2023\/10\/stones-300x169.jpg\" class=\"attachment-medium size-medium wp-image-2596\" alt=\"\" srcset=\"https:\/\/emeraldspa.pl\/wp-content\/uploads\/2023\/10\/stones-300x169.jpg 300w, https:\/\/emeraldspa.pl\/wp-content\/uploads\/2023\/10\/stones-scaled-600x338.jpg 600w, https:\/\/emeraldspa.pl\/wp-content\/uploads\/2023\/10\/stones-1024x576.jpg 1024w, https:\/\/emeraldspa.pl\/wp-content\/uploads\/2023\/10\/stones-768x432.jpg 768w, https:\/\/emeraldspa.pl\/wp-content\/uploads\/2023\/10\/stones-1536x864.jpg 1536w, https:\/\/emeraldspa.pl\/wp-content\/uploads\/2023\/10\/stones-2048x1152.jpg 2048w, https:\/\/emeraldspa.pl\/wp-content\/uploads\/2023\/10\/stones-18x10.jpg 18w, https:\/\/emeraldspa.pl\/wp-content\/uploads\/2023\/10\/stones-scaled.jpg 1560w\" sizes=\"(max-width: 300px) 100vw, 300px\" \/><\/div><\/a>\n\t\t\t\t<div class=\"elementor-post__text\">\n\t\t\t\t<h3 class=\"elementor-post__title\">\n\t\t\t<a href=\"https:\/\/emeraldspa.pl\/es\/masaje-con-piedras-calientes\/\">\n\t\t\t\tMasaje con piedras calientes\t\t\t<\/a>\n\t\t<\/h3>\n\t\t\t\t<div class=\"elementor-post__excerpt\">\n\t\t\t<p>El masaje con piedras calientes utiliza piedras calentadas para aumentar la relajaci\u00f3n, aliviar la tensi\u00f3n muscular y mejorar la circulaci\u00f3n. El calor penetra profundamente en los m\u00fasculos, favoreciendo la curaci\u00f3n y el alivio del estr\u00e9s. Tambi\u00e9n ayuda a mejorar la calidad del sue\u00f1o, reducir la ansiedad y aumentar el bienestar general.<\/p>\n\t\t<\/div>\n\t\t\t\t\t<div class=\"elementor-post__read-more-wrapper\">\n\t\t\n\t\t<a class=\"elementor-post__read-more\" href=\"https:\/\/emeraldspa.pl\/es\/masaje-con-piedras-calientes\/\" aria-label=\"M\u00e1s informaci\u00f3n sobre Hot Stones Massage\" tabindex=\"-1\">\n\t\t\tLeer M\u00e1s \u00bb\t\t<\/a>\n\n\t\t\t\t\t<\/div>\n\t\t\t\t<\/div>\n\t\t\t\t\t<\/div>\n\t\t<\/article>\n\t\t\t\t<\/div>\n\t\t\t\t\t<span class=\"e-load-more-spinner\">\n\t\t\t\t<svg aria-hidden=\"true\" class=\"e-font-icon-svg e-fas-spinner\" viewbox=\"0 0 512 512\" xmlns=\"http:\/\/www.w3.org\/2000\/svg\"><path d=\"M304 48c0 26.51-21.49 48-48 48s-48-21.49-48-48 21.49-48 48-48 48 21.49 48 48zm-48 368c-26.51 0-48 21.49-48 48s21.49 48 48 48 48-21.49 48-48-21.49-48-48-48zm208-208c-26.51 0-48 21.49-48 48s21.49 48 48 48 48-21.49 48-48-21.49-48-48-48zM96 256c0-26.51-21.49-48-48-48S0 229.49 0 256s21.49 48 48 48 48-21.49 48-48zm12.922 99.078c-26.51 0-48 21.49-48 48s21.49 48 48 48 48-21.49 48-48c0-26.509-21.491-48-48-48zm294.156 0c-26.51 0-48 21.49-48 48s21.49 48 48 48 48-21.49 48-48c0-26.509-21.49-48-48-48zM108.922 60.922c-26.51 0-48 21.49-48 48s21.49 48 48 48 48-21.49 48-48-21.491-48-48-48z\"><\/path><\/svg>\t\t\t<\/span>\n\t\t\n\t\t\t\t\t\t<\/div>\n\t\t\t\t<\/div>\n\t\t\t\t<div class=\"elementor-element elementor-element-e2c595b elementor-widget elementor-widget-spacer\" data-id=\"e2c595b\" data-element_type=\"widget\" data-e-type=\"widget\" data-widget_type=\"spacer.default\">\n\t\t\t\t<div class=\"elementor-widget-container\">\n\t\t\t\t\t\t\t<div class=\"elementor-spacer\">\n\t\t\t<div class=\"elementor-spacer-inner\"><\/div>\n\t\t<\/div>\n\t\t\t\t\t\t<\/div>\n\t\t\t\t<\/div>\n\t\t\t\t\t<\/div>\n\t\t\t\t<\/div>\n\t\t<div class=\"elementor-element elementor-element-abdea16 e-flex e-con-boxed e-con e-parent\" data-id=\"abdea16\" data-element_type=\"container\" data-e-type=\"container\">\n\t\t\t\t\t<div class=\"e-con-inner\">\n\t\t\t\t<div class=\"elementor-element elementor-element-18a6097 elementor-cta--skin-cover elementor-animated-content elementor-bg-transform elementor-bg-transform-zoom-in elementor-widget elementor-widget-call-to-action\" data-id=\"18a6097\" data-element_type=\"widget\" data-e-type=\"widget\" data-widget_type=\"call-to-action.default\">\n\t\t\t\t<div class=\"elementor-widget-container\">\n\t\t\t\t\t\t\t<a class=\"elementor-cta\" href=\"https:\/\/emeraldspa.pl\/es\/servicios\/paquetes-de-spa\/\">\n\t\t\t\t\t<div class=\"elementor-cta__bg-wrapper\">\n\t\t\t\t<div class=\"elementor-cta__bg elementor-bg\" style=\"background-image: url(https:\/\/emeraldspa.pl\/wp-content\/uploads\/2023\/10\/20230605_222119-1024x576.jpg);\" role=\"img\" aria-label=\"Sauna\"><\/div>\n\t\t\t\t<div class=\"elementor-cta__bg-overlay\"><\/div>\n\t\t\t<\/div>\n\t\t\t\t\t\t\t<div class=\"elementor-cta__content\">\n\t\t\t\t\n\t\t\t\t\t\t\t\t\t<h2 class=\"elementor-cta__title elementor-cta__content-item elementor-content-item elementor-animated-item--grow\">\n\t\t\t\t\t\tPaquetes de spa\t\t\t\t\t<\/h2>\n\t\t\t\t\n\t\t\t\t\t\t\t\t\t<div class=\"elementor-cta__description elementor-cta__content-item elementor-content-item elementor-animated-item--grow\">\n\t\t\t\t\t\tCrea el paquete de spa definitivo, con sauna, jacuzzi o habitaciones para pasar la noche.\t\t\t\t\t<\/div>\n\t\t\t\t\n\t\t\t\t\t\t\t\t\t<div class=\"elementor-cta__button-wrapper elementor-cta__content-item elementor-content-item elementor-animated-item--grow\">\n\t\t\t\t\t<span class=\"elementor-cta__button elementor-button elementor-size-\">\n\t\t\t\t\t\tLeer m\u00e1s...\t\t\t\t\t<\/span>\n\t\t\t\t\t<\/div>\n\t\t\t\t\t\t\t<\/div>\n\t\t\t\t\t\t\t<div class=\"elementor-ribbon\">\n\t\t\t\t<div class=\"elementor-ribbon-inner\">\n\t\t\t\t\tGran valor\t\t\t\t<\/div>\n\t\t\t<\/div>\n\t\t\t\t<\/a>\n\t\t\t\t\t\t<\/div>\n\t\t\t\t<\/div>\n\t\t\t\t<div class=\"elementor-element elementor-element-4e28ec1 elementor-widget elementor-widget-spacer\" data-id=\"4e28ec1\" data-element_type=\"widget\" data-e-type=\"widget\" data-widget_type=\"spacer.default\">\n\t\t\t\t<div class=\"elementor-widget-container\">\n\t\t\t\t\t\t\t<div class=\"elementor-spacer\">\n\t\t\t<div class=\"elementor-spacer-inner\"><\/div>\n\t\t<\/div>\n\t\t\t\t\t\t<\/div>\n\t\t\t\t<\/div>\n\t\t\t\t\t<\/div>\n\t\t\t\t<\/div>\n\t\t\t\t<\/div>","protected":false},"excerpt":{"rendered":"<p>Massages for couples Invest in yourselves as a couple with these massages and spa rituals. Two therapists (of your choice of gender) will pamper you both. Book Now Take a [&hellip;]<\/p>\n","protected":false},"author":1,"featured_media":0,"parent":420,"menu_order":3,"comment_status":"closed","ping_status":"closed","template":"elementor_header_footer","meta":{"_acf_changed":false,"_price":"","_stock":"","_tribe_ticket_header":"","_tribe_default_ticket_provider":"","_tribe_ticket_capacity":"","_ticket_start_date":"","_ticket_end_date":"","_tribe_ticket_show_description":"","_tribe_ticket_show_not_going":false,"_tribe_ticket_use_global_stock":"","_tribe_ticket_global_stock_level":"","_global_stock_mode":"","_global_stock_cap":"","_tribe_rsvp_for_event":"","_tribe_ticket_going_count":"","_tribe_ticket_not_going_count":"","_tribe_tickets_list":"[]","_tribe_ticket_has_attendee_info_fields":false,"footnotes":""},"class_list":["post-3171","page","type-page","status-publish","hentry"],"acf":[],"_links":{"self":[{"href":"https:\/\/emeraldspa.pl\/es\/wp-json\/wp\/v2\/pages\/3171","targetHints":{"allow":["GET"]}}],"collection":[{"href":"https:\/\/emeraldspa.pl\/es\/wp-json\/wp\/v2\/pages"}],"about":[{"href":"https:\/\/emeraldspa.pl\/es\/wp-json\/wp\/v2\/types\/page"}],"author":[{"embeddable":true,"href":"https:\/\/emeraldspa.pl\/es\/wp-json\/wp\/v2\/users\/1"}],"replies":[{"embeddable":true,"href":"https:\/\/emeraldspa.pl\/es\/wp-json\/wp\/v2\/comments?post=3171"}],"version-history":[{"count":17,"href":"https:\/\/emeraldspa.pl\/es\/wp-json\/wp\/v2\/pages\/3171\/revisions"}],"predecessor-version":[{"id":3229,"href":"https:\/\/emeraldspa.pl\/es\/wp-json\/wp\/v2\/pages\/3171\/revisions\/3229"}],"up":[{"embeddable":true,"href":"https:\/\/emeraldspa.pl\/es\/wp-json\/wp\/v2\/pages\/420"}],"wp:attachment":[{"href":"https:\/\/emeraldspa.pl\/es\/wp-json\/wp\/v2\/media?parent=3171"}],"curies":[{"name":"wp","href":"https:\/\/api.w.org\/{rel}","templated":true}]}}