{"id":6077,"date":"2025-10-26T18:48:38","date_gmt":"2025-10-26T17:48:38","guid":{"rendered":"https:\/\/emeraldspa.pl\/spa-shop\/marula-oil-serum\/"},"modified":"2025-10-27T16:27:26","modified_gmt":"2025-10-27T15:27:26","slug":"marulaol-serum","status":"publish","type":"product","link":"https:\/\/emeraldspa.pl\/de\/kurortladen\/marulaol-serum\/","title":{"rendered":"Marula\u00f6l-Serum"},"content":{"rendered":"<p><span><strong>HAUT ERNEUERN<\/strong><\/span><\/p>\n<p><strong>AWGifts Dropship Europa Marula\u00f6l Gesichtsserum<\/strong> mit Vitamin C, E und Aminos\u00e4uren f\u00fcr einen j\u00fcnger aussehenden Teint.&nbsp;<\/p>\n<p>Geeignet f\u00fcr trockene und empfindliche Haut.<\/p>\n<p>Es zieht schnell in die Haut ein und kann vor dem Auftragen von Creme oder Make-up verwendet werden.<\/p>\n<p>Das k\u00f6nnte Ihren Kunden auch gefallen <a href=\"https:\/\/www.aw-dropship.eu\/wsp\" target=\"_blank\" rel=\"noopener\"><span><strong>Gesichtswasser Nebel.<\/strong><\/span><\/a><\/p>\n<p><strong>* Verkauft in der 30ml Flasche * Vegan * Stark feuchtigkeitsspendend * Hergestellt in England *<\/strong><\/p>\n<p>Erg\u00e4nzen Sie das Produktportfolio Ihres E-Shops und kaufen Sie jetzt, um Ihren Kunden eines der besten Produkte f\u00fcr die Selbstpflege anzubieten.<\/p>","protected":false},"excerpt":{"rendered":"<p><span><strong>HAUT ERNEUERN<\/strong><\/span><\/p>\n<p><strong>AWGifts Dropship Europa Marula\u00f6l Gesichtsserum<\/strong> mit Vitamin C, E und Aminos\u00e4uren f\u00fcr einen j\u00fcnger aussehenden Teint.&nbsp;<\/p>\n<p>Geeignet f\u00fcr trockene und empfindliche Haut.<\/p>\n<p>Es zieht schnell in die Haut ein und kann vor dem Auftragen von Creme oder Make-up verwendet werden.<\/p>\n<p>Das k\u00f6nnte Ihren Kunden auch gefallen <a href=\"https:\/\/www.aw-dropship.eu\/wsp\"><span><strong>Gesichtswasser Nebel.<\/strong><\/span><\/a><\/p>\n<p><strong>* Verkauft in der 30ml Flasche * Vegan * Stark feuchtigkeitsspendend * Hergestellt in England *<\/strong><\/p>\n<p>Erg\u00e4nzen Sie das Produktportfolio Ihres E-Shops und kaufen Sie jetzt, um Ihren Kunden eines der besten Produkte f\u00fcr die Selbstpflege anzubieten.<\/p>","protected":false},"featured_media":6000,"template":"","meta":{"_acf_changed":false,"_price":"50","_stock":"134","_tribe_ticket_header":"","_tribe_default_ticket_provider":"","_tribe_ticket_capacity":"","_ticket_start_date":"","_ticket_end_date":"","_tribe_ticket_show_description":"","_tribe_ticket_show_not_going":false,"_tribe_ticket_use_global_stock":"","_tribe_ticket_global_stock_level":"","_global_stock_mode":"","_global_stock_cap":"","_tribe_rsvp_for_event":"","_tribe_ticket_going_count":"","_tribe_ticket_not_going_count":"","_tribe_tickets_list":"[]","_tribe_ticket_has_attendee_info_fields":false,"_tec_slr_enabled":"","_tec_slr_layout":""},"product_brand":[],"product_cat":[142],"product_tag":[],"class_list":{"0":"post-6077","1":"product","2":"type-product","3":"status-publish","4":"has-post-thumbnail","6":"product_cat-spa","8":"first","9":"instock","10":"shipping-taxable","11":"purchasable","12":"product-type-simple"},"acf":[],"_links":{"self":[{"href":"https:\/\/emeraldspa.pl\/de\/wp-json\/wp\/v2\/product\/6077","targetHints":{"allow":["GET"]}}],"collection":[{"href":"https:\/\/emeraldspa.pl\/de\/wp-json\/wp\/v2\/product"}],"about":[{"href":"https:\/\/emeraldspa.pl\/de\/wp-json\/wp\/v2\/types\/product"}],"version-history":[{"count":1,"href":"https:\/\/emeraldspa.pl\/de\/wp-json\/wp\/v2\/product\/6077\/revisions"}],"predecessor-version":[{"id":6175,"href":"https:\/\/emeraldspa.pl\/de\/wp-json\/wp\/v2\/product\/6077\/revisions\/6175"}],"wp:featuredmedia":[{"embeddable":true,"href":"https:\/\/emeraldspa.pl\/de\/wp-json\/wp\/v2\/media\/6000"}],"wp:attachment":[{"href":"https:\/\/emeraldspa.pl\/de\/wp-json\/wp\/v2\/media?parent=6077"}],"wp:term":[{"taxonomy":"product_brand","embeddable":true,"href":"https:\/\/emeraldspa.pl\/de\/wp-json\/wp\/v2\/product_brand?post=6077"},{"taxonomy":"product_cat","embeddable":true,"href":"https:\/\/emeraldspa.pl\/de\/wp-json\/wp\/v2\/product_cat?post=6077"},{"taxonomy":"product_tag","embeddable":true,"href":"https:\/\/emeraldspa.pl\/de\/wp-json\/wp\/v2\/product_tag?post=6077"}],"curies":[{"name":"wp","href":"https:\/\/api.w.org\/{rel}","templated":true}]}}