{"id":5780,"date":"2025-10-26T18:44:15","date_gmt":"2025-10-26T17:44:15","guid":{"rendered":"https:\/\/emeraldspa.pl\/spa-shop\/satya-incense-15gm-emotion\/"},"modified":"2025-10-27T17:52:59","modified_gmt":"2025-10-27T16:52:59","slug":"satya-weihrauch-15gm-emotion","status":"publish","type":"product","link":"https:\/\/emeraldspa.pl\/de\/kurortladen\/satya-weihrauch-15gm-emotion\/","title":{"rendered":"Satya Weihrauch 15gm - Emotion"},"content":{"rendered":"<p><span>Die Satya Emotions R\u00e4ucherst\u00e4bchen helfen dabei, Emotionen auszugleichen, Gedanken und Gef\u00fchle zu kl\u00e4ren und sich von reaktiven Umst\u00e4nden zu befreien.<\/span><\/p>\n<p><span>Z\u00fcnden Sie einfach ein Satya R\u00e4ucherst\u00e4bchen an und warten Sie darauf, dass sich Ihr Zuhause mit diesen hellen und energetisierenden Aromen verwandelt. Diese <strong>AWGifts Dropship Europa Satya R\u00e4ucherst\u00e4bchen<\/strong> werden in Indien unter Verwendung reiner Extrakte und feinster Duft\u00f6le handgerollt. Lassen Sie dieses Aroma Ihr Zuhause oder Ihren Laden erf\u00fcllen und eine wunderbare Atmosph\u00e4re schaffen.<\/span><\/p>\n<p><span>Die Verwendung von R\u00e4ucherst\u00e4bchen ist einfach: Z\u00fcnden Sie das Ende an, warten Sie, bis es gl\u00fcht, und blasen Sie die Flamme aus. Dann legen Sie es in einen R\u00e4ucherst\u00e4bchenhalter und genie\u00dfen Sie den wunderbaren Duft, der dabei entsteht.<\/span><\/p>\n<p><span>Satya R\u00e4ucherst\u00e4bchen&nbsp;<\/span><\/p>\n<p><span>- Enth\u00e4lt 15 g Weihrauch (ca. 15 St\u00e4bchen)&nbsp;<\/span><\/p>\n<p><span>- Wiederverwertbare Verpackungen&nbsp;<\/span><\/p>\n<p><span>- Verwenden Sie mit einem R\u00e4ucherst\u00e4bchenhalter f\u00fcr beste Ergebnisse&nbsp;<\/span><\/p>\n<p><span>- Brenndauer des Sticks: Ca. 30 Minuten&nbsp;<\/span><\/p>\n<p><span>Passt am besten zu unserem beliebten&nbsp;<\/span><a href=\"https:\/\/www.aw-dropship.eu\/ish\" target=\"_blank\" rel=\"noopener\"><span>R\u00e4ucherst\u00e4bchenhalter aus Holz<\/span><\/a> <span>und<\/span> <a href=\"https:\/\/www.aw-dropship.eu\/wwih\" target=\"_blank\" rel=\"noopener\"><span>Wei\u00df gewaschene R\u00e4ucherst\u00e4bchenhalter<\/span><\/a><span>.&nbsp;<\/span><\/p>\n<p><span><strong>\u00c4u\u00dferst beliebte Marke, die regelm\u00e4\u00dfig neue D\u00fcfte auf den Markt bringt. Erweitern Sie Ihr Produktportfolio und beleben Sie Ihren Umsatz.<\/strong><\/span><\/p>","protected":false},"excerpt":{"rendered":"<p><span>Die Satya Emotions R\u00e4ucherst\u00e4bchen helfen dabei, Emotionen auszugleichen, Gedanken und Gef\u00fchle zu kl\u00e4ren und sich von reaktiven Umst\u00e4nden zu befreien.<\/span><\/p>\n<p><span>Z\u00fcnden Sie einfach ein Satya R\u00e4ucherst\u00e4bchen an und warten Sie darauf, dass sich Ihr Zuhause mit diesen hellen und energetisierenden Aromen verwandelt. Diese <strong>AWGifts Dropship Europa Satya R\u00e4ucherst\u00e4bchen<\/strong> werden in Indien unter Verwendung reiner Extrakte und feinster Duft\u00f6le handgerollt. Lassen Sie dieses Aroma Ihr Zuhause oder Ihren Laden erf\u00fcllen und eine wunderbare Atmosph\u00e4re schaffen.<\/span><\/p>\n<p><span>Die Verwendung von R\u00e4ucherst\u00e4bchen ist einfach: Z\u00fcnden Sie das Ende an, warten Sie, bis es gl\u00fcht, und blasen Sie die Flamme aus. Dann legen Sie es in einen R\u00e4ucherst\u00e4bchenhalter und genie\u00dfen Sie den wunderbaren Duft, der dabei entsteht.<\/span><\/p>\n<p><span>Satya R\u00e4ucherst\u00e4bchen&nbsp;<\/span><\/p>\n<p><span>- Enth\u00e4lt 15 g Weihrauch (ca. 15 St\u00e4bchen)&nbsp;<\/span><\/p>\n<p><span>- Wiederverwertbare Verpackungen&nbsp;<\/span><\/p>\n<p><span>- Verwenden Sie mit einem R\u00e4ucherst\u00e4bchenhalter f\u00fcr beste Ergebnisse&nbsp;<\/span><\/p>\n<p><span>- Brenndauer des Sticks: Ca. 30 Minuten&nbsp;<\/span><\/p>\n<p><span>Passt am besten zu unserem beliebten&nbsp;<\/span><a href=\"https:\/\/www.aw-dropship.eu\/ish\"><span>R\u00e4ucherst\u00e4bchenhalter aus Holz<\/span><\/a> <span>und<\/span> <a href=\"https:\/\/www.aw-dropship.eu\/wwih\"><span>Wei\u00df gewaschene R\u00e4ucherst\u00e4bchenhalter<\/span><\/a><span>.&nbsp;<\/span><\/p>\n<p><span><strong>\u00c4u\u00dferst beliebte Marke, die regelm\u00e4\u00dfig neue D\u00fcfte auf den Markt bringt. Erweitern Sie Ihr Produktportfolio und beleben Sie Ihren Umsatz.<\/strong><\/span><\/p>","protected":false},"featured_media":5733,"template":"","meta":{"_acf_changed":false,"_price":"12","_stock":"2384.000000","_tribe_ticket_header":"","_tribe_default_ticket_provider":"","_tribe_ticket_capacity":"","_ticket_start_date":"","_ticket_end_date":"","_tribe_ticket_show_description":"","_tribe_ticket_show_not_going":false,"_tribe_ticket_use_global_stock":"","_tribe_ticket_global_stock_level":"","_global_stock_mode":"","_global_stock_cap":"","_tribe_rsvp_for_event":"","_tribe_ticket_going_count":"","_tribe_ticket_not_going_count":"","_tribe_tickets_list":"[]","_tribe_ticket_has_attendee_info_fields":false,"_tec_slr_enabled":"","_tec_slr_layout":""},"product_brand":[],"product_cat":[214,142],"product_tag":[],"class_list":{"0":"post-5780","1":"product","2":"type-product","3":"status-publish","4":"has-post-thumbnail","6":"product_cat-insense","7":"product_cat-spa","9":"first","10":"instock","11":"shipping-taxable","12":"purchasable","13":"product-type-simple"},"acf":[],"_links":{"self":[{"href":"https:\/\/emeraldspa.pl\/de\/wp-json\/wp\/v2\/product\/5780","targetHints":{"allow":["GET"]}}],"collection":[{"href":"https:\/\/emeraldspa.pl\/de\/wp-json\/wp\/v2\/product"}],"about":[{"href":"https:\/\/emeraldspa.pl\/de\/wp-json\/wp\/v2\/types\/product"}],"version-history":[{"count":1,"href":"https:\/\/emeraldspa.pl\/de\/wp-json\/wp\/v2\/product\/5780\/revisions"}],"predecessor-version":[{"id":6220,"href":"https:\/\/emeraldspa.pl\/de\/wp-json\/wp\/v2\/product\/5780\/revisions\/6220"}],"wp:featuredmedia":[{"embeddable":true,"href":"https:\/\/emeraldspa.pl\/de\/wp-json\/wp\/v2\/media\/5733"}],"wp:attachment":[{"href":"https:\/\/emeraldspa.pl\/de\/wp-json\/wp\/v2\/media?parent=5780"}],"wp:term":[{"taxonomy":"product_brand","embeddable":true,"href":"https:\/\/emeraldspa.pl\/de\/wp-json\/wp\/v2\/product_brand?post=5780"},{"taxonomy":"product_cat","embeddable":true,"href":"https:\/\/emeraldspa.pl\/de\/wp-json\/wp\/v2\/product_cat?post=5780"},{"taxonomy":"product_tag","embeddable":true,"href":"https:\/\/emeraldspa.pl\/de\/wp-json\/wp\/v2\/product_tag?post=5780"}],"curies":[{"name":"wp","href":"https:\/\/api.w.org\/{rel}","templated":true}]}}