{"id":5704,"date":"2025-10-26T18:43:07","date_gmt":"2025-10-26T17:43:07","guid":{"rendered":"https:\/\/emeraldspa.pl\/spa-shop\/200ml-cinnamon-clove-essential-oil-reed-diffuser\/"},"modified":"2026-03-26T18:40:31","modified_gmt":"2026-03-26T17:40:31","slug":"200ml-zimt-nelke-atherisches-ol-rohrdiffusor","status":"publish","type":"product","link":"https:\/\/emeraldspa.pl\/de\/kurortladen\/200ml-zimt-nelke-atherisches-ol-rohrdiffusor\/","title":{"rendered":"200ml Zimt &amp; Gew\u00fcrznelke \u00c4therisches \u00d6l Reed Diffuser"},"content":{"rendered":"<p>Die reinen \u00d6le von Pflanzen, Kr\u00e4utern und B\u00e4umen werden schon seit Tausenden von Jahren verwendet, um zu verf\u00fchren, zu verzaubern und zu heilen. Jetzt k\u00f6nnen Sie die uralte Magie und Kraft aromatischer \u00d6le auch in Ihrem Zuhause nutzen.<\/p>\n<p>Dieser sch\u00f6ne Klassiker <strong>\u00c4therisches \u00d6l aus Zimt und Nelken<\/strong><strong>&nbsp;Schilfrohr Diffusor<\/strong> enth\u00e4lt nur nat\u00fcrliche \u00e4therische \u00d6le (auf Mineral\u00f6lbasis), um Ihre Familie und Freunde zu verzaubern und zu erfreuen.<\/p>\n<p>Langsam und zart steigt das Aroma an den St\u00e4bchen empor und erf\u00fcllt jeden Raum mit einem herrlichen und wahrhaft aromatischen Duft, der bis zu 12 Wochen anhalten kann.<\/p>\n<p>Entfernen Sie vor dem Gebrauch alle Verpackungen. Einfach den Deckel \u00f6ffnen, den Stopfen entfernen und die indonesischen Rattanst\u00e4bchen in den Hals stecken. Optional k\u00f6nnen Sie die St\u00e4bchen, nachdem sie sich mit \u00d6l vollgesogen haben, umdrehen und mit dem \u00f6lgetr\u00e4nkten Ende wieder in das Glasgef\u00e4\u00df einsetzen, damit der Duft schneller freigesetzt wird.<\/p>\n<p><strong>Wir w\u00fcnschen Ihnen viel Spa\u00df bei Ihrem aromatischen Abenteuer!<\/strong><\/p>","protected":false},"excerpt":{"rendered":"<p>Die reinen \u00d6le von Pflanzen, Kr\u00e4utern und B\u00e4umen werden schon seit Tausenden von Jahren verwendet, um zu verf\u00fchren, zu verzaubern und zu heilen. Jetzt k\u00f6nnen Sie die uralte Magie und Kraft aromatischer \u00d6le auch in Ihrem Zuhause nutzen.<\/p>\n<p>Dieser sch\u00f6ne Klassiker <strong>\u00c4therisches \u00d6l aus Zimt und Nelken<\/strong><strong>&nbsp;Schilfrohr Diffusor<\/strong> enth\u00e4lt nur nat\u00fcrliche \u00e4therische \u00d6le (auf Mineral\u00f6lbasis), um Ihre Familie und Freunde zu verzaubern und zu erfreuen.<\/p>\n<p>Langsam und zart steigt das Aroma an den St\u00e4bchen empor und erf\u00fcllt jeden Raum mit einem herrlichen und wahrhaft aromatischen Duft, der bis zu 12 Wochen anhalten kann.<\/p>\n<p>Entfernen Sie vor dem Gebrauch alle Verpackungen. Einfach den Deckel \u00f6ffnen, den Stopfen entfernen und die indonesischen Rattanst\u00e4bchen in den Hals stecken. Optional k\u00f6nnen Sie die St\u00e4bchen, nachdem sie sich mit \u00d6l vollgesogen haben, umdrehen und mit dem \u00f6lgetr\u00e4nkten Ende wieder in das Glasgef\u00e4\u00df einsetzen, damit der Duft schneller freigesetzt wird.<\/p>\n<p><strong>Wir w\u00fcnschen Ihnen viel Spa\u00df bei Ihrem aromatischen Abenteuer!<\/strong><\/p>","protected":false},"featured_media":5665,"template":"","meta":{"_acf_changed":false,"_price":"95","_stock":"24.000000","_tribe_ticket_header":"","_tribe_default_ticket_provider":"","_tribe_ticket_capacity":"","_ticket_start_date":"","_ticket_end_date":"","_tribe_ticket_show_description":"","_tribe_ticket_show_not_going":false,"_tribe_ticket_use_global_stock":"","_tribe_ticket_global_stock_level":"","_global_stock_mode":"","_global_stock_cap":"","_tribe_rsvp_for_event":"","_tribe_ticket_going_count":"","_tribe_ticket_not_going_count":"","_tribe_tickets_list":"[]","_tribe_ticket_has_attendee_info_fields":false,"_tec_slr_enabled":"","_tec_slr_layout":""},"product_brand":[],"product_cat":[142],"product_tag":[],"class_list":{"0":"post-5704","1":"product","2":"type-product","3":"status-publish","4":"has-post-thumbnail","6":"product_cat-spa","8":"first","9":"instock","10":"shipping-taxable","11":"purchasable","12":"product-type-simple"},"acf":[],"_links":{"self":[{"href":"https:\/\/emeraldspa.pl\/de\/wp-json\/wp\/v2\/product\/5704","targetHints":{"allow":["GET"]}}],"collection":[{"href":"https:\/\/emeraldspa.pl\/de\/wp-json\/wp\/v2\/product"}],"about":[{"href":"https:\/\/emeraldspa.pl\/de\/wp-json\/wp\/v2\/types\/product"}],"version-history":[{"count":1,"href":"https:\/\/emeraldspa.pl\/de\/wp-json\/wp\/v2\/product\/5704\/revisions"}],"predecessor-version":[{"id":7971,"href":"https:\/\/emeraldspa.pl\/de\/wp-json\/wp\/v2\/product\/5704\/revisions\/7971"}],"wp:featuredmedia":[{"embeddable":true,"href":"https:\/\/emeraldspa.pl\/de\/wp-json\/wp\/v2\/media\/5665"}],"wp:attachment":[{"href":"https:\/\/emeraldspa.pl\/de\/wp-json\/wp\/v2\/media?parent=5704"}],"wp:term":[{"taxonomy":"product_brand","embeddable":true,"href":"https:\/\/emeraldspa.pl\/de\/wp-json\/wp\/v2\/product_brand?post=5704"},{"taxonomy":"product_cat","embeddable":true,"href":"https:\/\/emeraldspa.pl\/de\/wp-json\/wp\/v2\/product_cat?post=5704"},{"taxonomy":"product_tag","embeddable":true,"href":"https:\/\/emeraldspa.pl\/de\/wp-json\/wp\/v2\/product_tag?post=5704"}],"curies":[{"name":"wp","href":"https:\/\/api.w.org\/{rel}","templated":true}]}}