{"id":4929,"date":"2025-10-13T19:25:57","date_gmt":"2025-10-13T17:25:57","guid":{"rendered":"https:\/\/emeraldspa.pl\/spa-shop\/lemon-verbena-50ml-essential-oil\/"},"modified":"2025-10-27T17:17:59","modified_gmt":"2025-10-27T16:17:59","slug":"zitronenverbene-50ml-atherisches-ol","status":"publish","type":"product","link":"https:\/\/emeraldspa.pl\/de\/kurortladen\/zitronenverbene-50ml-atherisches-ol\/","title":{"rendered":"Zitronenverbene 50ml \u00c4therisches \u00d6l"},"content":{"rendered":"<p><strong>Lateinischer Name: Aloysia Triphylla<br \/>Verwendeter Teil der Pflanze : Kraut<br \/>Quelle: Spanien<br \/>Extraktionsmethode: Wasserdampfdestillation<\/strong><\/p>\n<p>Gef\u00fchlsm\u00e4\u00dfig und energetisch, <strong>\u00c4therisches Zitronenverbene-\u00d6l<\/strong> kann helfen, Angstzust\u00e4nde und Depressionen zu lindern. Seine beruhigenden und aphrodisierenden Eigenschaften machen es hilfreich f\u00fcr den Geist zu entspannen und heben und verbessern one&apos;s Stimmung.<\/p>\n<p>Das \u00e4therische \u00d6l der Zitronenverbene ist ein beliebtes pflanzliches Heilmittel mit einem anregenden Duft und hat bei richtiger Anwendung eine Vielzahl von potenziellen gesundheitlichen Vorteilen.<\/p>\n<p>Aufgrund seiner schleiml\u00f6senden Eigenschaften wird Eisenkraut\u00f6l h\u00e4ufig verwendet, um den Schleim zu l\u00f6sen, die Verstopfung zu beseitigen und die damit verbundenen Schmerzen bei Husten zu lindern. Dar\u00fcber hinaus kann es aufgrund seines hohen Citral-Gehalts oft die im Schleim befindlichen Bakterien abt\u00f6ten.<\/p>\n<p>Die k\u00f6rperliche Erleichterung, die das Eisenkraut bewirkt, ist allgemein bekannt, aber es hat auch viele geistig-therapeutische Vorteile. Die Anwesenheit von Eisenkraut in K\u00f6rpernebeln, Massage\u00f6len, Kerzen und Diffusoren kann den Geist inspirieren und stimulieren und eine s\u00fc\u00dfe Erleichterung von Lethargie und Monotonie des Alltags bieten.<\/p>","protected":false},"excerpt":{"rendered":"<p><strong>Lateinischer Name: Aloysia Triphylla<br \/>Verwendeter Teil der Pflanze : Kraut<br \/>Quelle: Spanien<br \/>Extraktionsmethode: Wasserdampfdestillation<\/strong><\/p>\n<p>Gef\u00fchlsm\u00e4\u00dfig und energetisch, <strong>\u00c4therisches Zitronenverbene-\u00d6l<\/strong> kann helfen, Angstzust\u00e4nde und Depressionen zu lindern. Seine beruhigenden und aphrodisierenden Eigenschaften machen es hilfreich f\u00fcr den Geist zu entspannen und heben und verbessern one&apos;s Stimmung.<\/p>\n<p>Das \u00e4therische \u00d6l der Zitronenverbene ist ein beliebtes pflanzliches Heilmittel mit einem anregenden Duft und hat bei richtiger Anwendung eine Vielzahl von potenziellen gesundheitlichen Vorteilen.<\/p>\n<p>Aufgrund seiner schleiml\u00f6senden Eigenschaften wird Eisenkraut\u00f6l h\u00e4ufig verwendet, um den Schleim zu l\u00f6sen, die Verstopfung zu beseitigen und die damit verbundenen Schmerzen bei Husten zu lindern. Dar\u00fcber hinaus kann es aufgrund seines hohen Citral-Gehalts oft die im Schleim befindlichen Bakterien abt\u00f6ten.<\/p>\n<p>Die k\u00f6rperliche Erleichterung, die das Eisenkraut bewirkt, ist allgemein bekannt, aber es hat auch viele geistig-therapeutische Vorteile. Die Anwesenheit von Eisenkraut in K\u00f6rpernebeln, Massage\u00f6len, Kerzen und Diffusoren kann den Geist inspirieren und stimulieren und eine s\u00fc\u00dfe Erleichterung von Lethargie und Monotonie des Alltags bieten.<\/p>","protected":false},"featured_media":4852,"template":"","meta":{"_acf_changed":false,"_price":"80","_stock":"39.000000","_tribe_ticket_header":"","_tribe_default_ticket_provider":"","_tribe_ticket_capacity":"","_ticket_start_date":"","_ticket_end_date":"","_tribe_ticket_show_description":"","_tribe_ticket_show_not_going":false,"_tribe_ticket_use_global_stock":"","_tribe_ticket_global_stock_level":"","_global_stock_mode":"","_global_stock_cap":"","_tribe_rsvp_for_event":"","_tribe_ticket_going_count":"","_tribe_ticket_not_going_count":"","_tribe_tickets_list":"[]","_tribe_ticket_has_attendee_info_fields":false,"_tec_slr_enabled":"","_tec_slr_layout":""},"product_brand":[],"product_cat":[145,142],"product_tag":[],"class_list":{"0":"post-4929","1":"product","2":"type-product","3":"status-publish","4":"has-post-thumbnail","6":"product_cat-aromatherapy-essential-oils","7":"product_cat-spa","9":"first","10":"instock","11":"shipping-taxable","12":"purchasable","13":"product-type-simple"},"acf":[],"_links":{"self":[{"href":"https:\/\/emeraldspa.pl\/de\/wp-json\/wp\/v2\/product\/4929","targetHints":{"allow":["GET"]}}],"collection":[{"href":"https:\/\/emeraldspa.pl\/de\/wp-json\/wp\/v2\/product"}],"about":[{"href":"https:\/\/emeraldspa.pl\/de\/wp-json\/wp\/v2\/types\/product"}],"version-history":[{"count":1,"href":"https:\/\/emeraldspa.pl\/de\/wp-json\/wp\/v2\/product\/4929\/revisions"}],"predecessor-version":[{"id":4936,"href":"https:\/\/emeraldspa.pl\/de\/wp-json\/wp\/v2\/product\/4929\/revisions\/4936"}],"wp:featuredmedia":[{"embeddable":true,"href":"https:\/\/emeraldspa.pl\/de\/wp-json\/wp\/v2\/media\/4852"}],"wp:attachment":[{"href":"https:\/\/emeraldspa.pl\/de\/wp-json\/wp\/v2\/media?parent=4929"}],"wp:term":[{"taxonomy":"product_brand","embeddable":true,"href":"https:\/\/emeraldspa.pl\/de\/wp-json\/wp\/v2\/product_brand?post=4929"},{"taxonomy":"product_cat","embeddable":true,"href":"https:\/\/emeraldspa.pl\/de\/wp-json\/wp\/v2\/product_cat?post=4929"},{"taxonomy":"product_tag","embeddable":true,"href":"https:\/\/emeraldspa.pl\/de\/wp-json\/wp\/v2\/product_tag?post=4929"}],"curies":[{"name":"wp","href":"https:\/\/api.w.org\/{rel}","templated":true}]}}