{"id":4914,"date":"2025-10-13T19:25:51","date_gmt":"2025-10-13T17:25:51","guid":{"rendered":"https:\/\/emeraldspa.pl\/spa-shop\/orange-organic-essential-oil-10ml\/"},"modified":"2026-02-11T13:44:15","modified_gmt":"2026-02-11T12:44:15","slug":"atherisches-bio-orangenol-10ml","status":"publish","type":"product","link":"https:\/\/emeraldspa.pl\/de\/kurortladen\/atherisches-bio-orangenol-10ml\/","title":{"rendered":"\u00c4therisches \u00d6l Orange Bio 10ml"},"content":{"rendered":"<p><strong>Lateinischer Name :<\/strong> Citrus Sinensis<br \/><strong>Verwendeter Teil der Pflanze :<\/strong> Fruchtschalen<br \/><strong>Quelle:<\/strong> Brasilien<br \/><strong>Extraktionsverfahren:<\/strong> Cold Expression<\/p>\n<p>Die F\u00e4higkeit des Orangen\u00f6ls, auf nat\u00fcrliche Weise das Immunsystem zu st\u00e4rken und die Symptome zahlreicher Beschwerden zu lindern, hat ihm traditionelle medizinische Anwendungen zur Behandlung von Akne, chronischem Stress und anderen Gesundheitsproblemen eingebracht.<\/p>\n<p>Der angenehme Duft des \u00e4therischen Orangen\u00f6ls, der in der Aromatherapie verwendet wird, wirkt fr\u00f6hlich und aufmunternd, gleichzeitig aber auch entspannend und beruhigend und hilft, den Pulsschlag zu senken. Es kann nicht nur eine warme Umgebung schaffen, sondern auch die St\u00e4rke und Widerstandsf\u00e4higkeit des Immunsystems stimulieren und Bakterien in der Luft beseitigen.<\/p>\n<p>Bei einer Massage angewendet, <strong>\u00c4therisches Bio-Orangen\u00f6l<\/strong> ist daf\u00fcr bekannt, dass es die Durchblutung f\u00f6rdert. Dies ist bekannt daf\u00fcr, Beschwerden im Zusammenhang mit Entz\u00fcndungen, Kopfschmerzen, Menstruation und geringer Libido zu lindern.<\/p>\n<p>\u00c4therisches Orangen\u00f6l reduziert die Vorf\u00e4lle von schmerzhaften und reflexartigen Muskelkontraktionen. Es wird traditionell in Massagen verwendet, um Stress, Bauchschmerzen, Durchfall, Verstopfung, Verdauungsst\u00f6rungen oder falsche Verdauung, und Verstopfung der Nase zu lindern.<\/p>","protected":false},"excerpt":{"rendered":"<p><strong>Lateinischer Name :<\/strong> Citrus Sinensis<br \/><strong>Verwendeter Teil der Pflanze :<\/strong> Fruchtschalen<br \/><strong>Quelle:<\/strong> Brasilien<br \/><strong>Extraktionsverfahren:<\/strong> Cold Expression<\/p>\n<p>Die F\u00e4higkeit des Orangen\u00f6ls, auf nat\u00fcrliche Weise das Immunsystem zu st\u00e4rken und die Symptome zahlreicher Beschwerden zu lindern, hat ihm traditionelle medizinische Anwendungen zur Behandlung von Akne, chronischem Stress und anderen Gesundheitsproblemen eingebracht.<\/p>\n<p>Der angenehme Duft des \u00e4therischen Orangen\u00f6ls, der in der Aromatherapie verwendet wird, wirkt fr\u00f6hlich und aufmunternd, gleichzeitig aber auch entspannend und beruhigend und hilft, den Pulsschlag zu senken. Es kann nicht nur eine warme Umgebung schaffen, sondern auch die St\u00e4rke und Widerstandsf\u00e4higkeit des Immunsystems stimulieren und Bakterien in der Luft beseitigen.<\/p>\n<p>Bei einer Massage angewendet, <strong>\u00c4therisches Bio-Orangen\u00f6l<\/strong> ist daf\u00fcr bekannt, dass es die Durchblutung f\u00f6rdert. Dies ist bekannt daf\u00fcr, Beschwerden im Zusammenhang mit Entz\u00fcndungen, Kopfschmerzen, Menstruation und geringer Libido zu lindern.<\/p>\n<p>\u00c4therisches Orangen\u00f6l reduziert die Vorf\u00e4lle von schmerzhaften und reflexartigen Muskelkontraktionen. Es wird traditionell in Massagen verwendet, um Stress, Bauchschmerzen, Durchfall, Verstopfung, Verdauungsst\u00f6rungen oder falsche Verdauung, und Verstopfung der Nase zu lindern.<\/p>","protected":false},"featured_media":4869,"template":"","meta":{"_acf_changed":false,"_price":"20","_stock":"170","_tribe_ticket_header":"","_tribe_default_ticket_provider":"","_tribe_ticket_capacity":"","_ticket_start_date":"","_ticket_end_date":"","_tribe_ticket_show_description":"","_tribe_ticket_show_not_going":false,"_tribe_ticket_use_global_stock":"","_tribe_ticket_global_stock_level":"","_global_stock_mode":"","_global_stock_cap":"","_tribe_rsvp_for_event":"","_tribe_ticket_going_count":"","_tribe_ticket_not_going_count":"","_tribe_tickets_list":"[]","_tribe_ticket_has_attendee_info_fields":false,"_tec_slr_enabled":"","_tec_slr_layout":""},"product_brand":[],"product_cat":[145,142],"product_tag":[],"class_list":{"0":"post-4914","1":"product","2":"type-product","3":"status-publish","4":"has-post-thumbnail","6":"product_cat-aromatherapy-essential-oils","7":"product_cat-spa","9":"first","10":"instock","11":"shipping-taxable","12":"purchasable","13":"product-type-simple"},"acf":[],"_links":{"self":[{"href":"https:\/\/emeraldspa.pl\/de\/wp-json\/wp\/v2\/product\/4914","targetHints":{"allow":["GET"]}}],"collection":[{"href":"https:\/\/emeraldspa.pl\/de\/wp-json\/wp\/v2\/product"}],"about":[{"href":"https:\/\/emeraldspa.pl\/de\/wp-json\/wp\/v2\/types\/product"}],"version-history":[{"count":1,"href":"https:\/\/emeraldspa.pl\/de\/wp-json\/wp\/v2\/product\/4914\/revisions"}],"predecessor-version":[{"id":4943,"href":"https:\/\/emeraldspa.pl\/de\/wp-json\/wp\/v2\/product\/4914\/revisions\/4943"}],"wp:featuredmedia":[{"embeddable":true,"href":"https:\/\/emeraldspa.pl\/de\/wp-json\/wp\/v2\/media\/4869"}],"wp:attachment":[{"href":"https:\/\/emeraldspa.pl\/de\/wp-json\/wp\/v2\/media?parent=4914"}],"wp:term":[{"taxonomy":"product_brand","embeddable":true,"href":"https:\/\/emeraldspa.pl\/de\/wp-json\/wp\/v2\/product_brand?post=4914"},{"taxonomy":"product_cat","embeddable":true,"href":"https:\/\/emeraldspa.pl\/de\/wp-json\/wp\/v2\/product_cat?post=4914"},{"taxonomy":"product_tag","embeddable":true,"href":"https:\/\/emeraldspa.pl\/de\/wp-json\/wp\/v2\/product_tag?post=4914"}],"curies":[{"name":"wp","href":"https:\/\/api.w.org\/{rel}","templated":true}]}}