{"id":4894,"date":"2025-10-13T19:25:48","date_gmt":"2025-10-13T17:25:48","guid":{"rendered":"https:\/\/emeraldspa.pl\/spa-shop\/10-ml-mandarin-essential-oil\/"},"modified":"2026-02-11T09:33:16","modified_gmt":"2026-02-11T08:33:16","slug":"10-ml-atherisches-mandarinenol","status":"publish","type":"product","link":"https:\/\/emeraldspa.pl\/de\/kurortladen\/10-ml-atherisches-mandarinenol\/","title":{"rendered":"10 ml \u00c4therisches Mandarinen\u00f6l"},"content":{"rendered":"<p><strong>Lateinischer Name :<\/strong> Citrus Nobilis<br \/><strong>Verwendeter Teil der Pflanze :&nbsp;<\/strong>Fruchtschalen<br \/><strong>Quelle:<\/strong> Italien<br \/><strong>Extraktionsverfahren:&nbsp;<\/strong>Cold Expressio<\/p>\n<p><strong>\u00c4therisches Mandarinen\u00f6l <\/strong>wird aus Citrus Reticulata durch Kaltpressung der Schale gewonnen. Mandarinen-Petitgrain-\u00d6l wird in kleinen Mengen auch durch Wasserdampfdestillation der Bl\u00e4tter und Zweige gewonnen. Das \u00d6l ist goldgelb-orange und hat das Aroma einer frischen Orange. Eine ganze Gruppe von Zitrusfr\u00fcchten wird unter dem Begriff Mandarinen zusammengefasst, darunter Satsuma, Clementine, Dancy, Honey, Pixie und Mandarinen.<\/p>\n<p>Dieses \u00d6l ist sehr sanft und kann daher sogar bei Kindern und Schwangeren eingesetzt werden, eines der wenigen \u00d6le, die auf diese Weise verwendet werden k\u00f6nnen. Mit seiner st\u00e4rkenden und anregenden Wirkung auf Magen und Leber ist es hilfreich bei Verdauungsproblemen. Mandarinen\u00f6l ist auch zur Behandlung von Akne, fettiger Haut und Pickeln geeignet. Es soll auch bei Problemen wie Wassereinlagerungen und Fettleibigkeit helfen. Das \u00d6l, etwa 1-2% in einem Tr\u00e4ger\u00f6l verd\u00fcnnt, wird sanft auf den Bauch eines Kindes massiert, um Bauchweh zu lindern. Ein paar Tropfen in der Badewanne beruhigen hyperaktive Kinder. In einem \u00d6lbrenner verwendet, vertreibt es Depressionen und lindert \u00c4ngste.<\/p>\n<p>Die Mandarinen werden so genannt, weil sie traditionell den Mandarinen in China als Geschenk angeboten wurden. In Frankreich gilt die Mandarine als sicheres Mittel zur Behandlung von Verdauungsst\u00f6rungen bei Kindern und \u00e4lteren Menschen, da sie zur St\u00e4rkung des Verdauungssystems und der Leber beitr\u00e4gt. Die Mandarine stammt aus S\u00fcdchina und dem Fernen Osten und wurde 1805 nach Europa und 1845 nach Amerika gebracht.&nbsp;<\/p>","protected":false},"excerpt":{"rendered":"<p><strong>Lateinischer Name :<\/strong> Citrus Nobilis<br \/><strong>Verwendeter Teil der Pflanze :&nbsp;<\/strong>Fruchtschalen<br \/><strong>Quelle:<\/strong> Italien<br \/><strong>Extraktionsverfahren:&nbsp;<\/strong>Cold Expressio<\/p>\n<p><strong>\u00c4therisches Mandarinen\u00f6l <\/strong>wird aus Citrus Reticulata durch Kaltpressung der Schale gewonnen. Mandarinen-Petitgrain-\u00d6l wird in kleinen Mengen auch durch Wasserdampfdestillation der Bl\u00e4tter und Zweige gewonnen. Das \u00d6l ist goldgelb-orange und hat das Aroma einer frischen Orange. Eine ganze Gruppe von Zitrusfr\u00fcchten wird unter dem Begriff Mandarinen zusammengefasst, darunter Satsuma, Clementine, Dancy, Honey, Pixie und Mandarinen.<\/p>\n<p>Dieses \u00d6l ist sehr sanft und kann daher sogar bei Kindern und Schwangeren eingesetzt werden, eines der wenigen \u00d6le, die auf diese Weise verwendet werden k\u00f6nnen. Mit seiner st\u00e4rkenden und anregenden Wirkung auf Magen und Leber ist es hilfreich bei Verdauungsproblemen. Mandarinen\u00f6l ist auch zur Behandlung von Akne, fettiger Haut und Pickeln geeignet. Es soll auch bei Problemen wie Wassereinlagerungen und Fettleibigkeit helfen. Das \u00d6l, etwa 1-2% in einem Tr\u00e4ger\u00f6l verd\u00fcnnt, wird sanft auf den Bauch eines Kindes massiert, um Bauchweh zu lindern. Ein paar Tropfen in der Badewanne beruhigen hyperaktive Kinder. In einem \u00d6lbrenner verwendet, vertreibt es Depressionen und lindert \u00c4ngste.<\/p>\n<p>Die Mandarinen werden so genannt, weil sie traditionell den Mandarinen in China als Geschenk angeboten wurden. In Frankreich gilt die Mandarine als sicheres Mittel zur Behandlung von Verdauungsst\u00f6rungen bei Kindern und \u00e4lteren Menschen, da sie zur St\u00e4rkung des Verdauungssystems und der Leber beitr\u00e4gt. Die Mandarine stammt aus S\u00fcdchina und dem Fernen Osten und wurde 1805 nach Europa und 1845 nach Amerika gebracht.&nbsp;<\/p>","protected":false},"featured_media":4873,"template":"","meta":{"_acf_changed":false,"_price":"30","_stock":"432","_tribe_ticket_header":"","_tribe_default_ticket_provider":"","_tribe_ticket_capacity":"","_ticket_start_date":"","_ticket_end_date":"","_tribe_ticket_show_description":"","_tribe_ticket_show_not_going":false,"_tribe_ticket_use_global_stock":"","_tribe_ticket_global_stock_level":"","_global_stock_mode":"","_global_stock_cap":"","_tribe_rsvp_for_event":"","_tribe_ticket_going_count":"","_tribe_ticket_not_going_count":"","_tribe_tickets_list":"[]","_tribe_ticket_has_attendee_info_fields":false,"_tec_slr_enabled":"","_tec_slr_layout":""},"product_brand":[],"product_cat":[145,142],"product_tag":[],"class_list":{"0":"post-4894","1":"product","2":"type-product","3":"status-publish","4":"has-post-thumbnail","6":"product_cat-aromatherapy-essential-oils","7":"product_cat-spa","9":"first","10":"instock","11":"shipping-taxable","12":"purchasable","13":"product-type-simple"},"acf":[],"_links":{"self":[{"href":"https:\/\/emeraldspa.pl\/de\/wp-json\/wp\/v2\/product\/4894","targetHints":{"allow":["GET"]}}],"collection":[{"href":"https:\/\/emeraldspa.pl\/de\/wp-json\/wp\/v2\/product"}],"about":[{"href":"https:\/\/emeraldspa.pl\/de\/wp-json\/wp\/v2\/types\/product"}],"version-history":[{"count":1,"href":"https:\/\/emeraldspa.pl\/de\/wp-json\/wp\/v2\/product\/4894\/revisions"}],"predecessor-version":[{"id":4950,"href":"https:\/\/emeraldspa.pl\/de\/wp-json\/wp\/v2\/product\/4894\/revisions\/4950"}],"wp:featuredmedia":[{"embeddable":true,"href":"https:\/\/emeraldspa.pl\/de\/wp-json\/wp\/v2\/media\/4873"}],"wp:attachment":[{"href":"https:\/\/emeraldspa.pl\/de\/wp-json\/wp\/v2\/media?parent=4894"}],"wp:term":[{"taxonomy":"product_brand","embeddable":true,"href":"https:\/\/emeraldspa.pl\/de\/wp-json\/wp\/v2\/product_brand?post=4894"},{"taxonomy":"product_cat","embeddable":true,"href":"https:\/\/emeraldspa.pl\/de\/wp-json\/wp\/v2\/product_cat?post=4894"},{"taxonomy":"product_tag","embeddable":true,"href":"https:\/\/emeraldspa.pl\/de\/wp-json\/wp\/v2\/product_tag?post=4894"}],"curies":[{"name":"wp","href":"https:\/\/api.w.org\/{rel}","templated":true}]}}