{"id":4893,"date":"2025-10-13T19:25:48","date_gmt":"2025-10-13T17:25:48","guid":{"rendered":"https:\/\/emeraldspa.pl\/spa-shop\/10-ml-jasmine-absolute-essential-oil\/"},"modified":"2025-12-10T04:35:31","modified_gmt":"2025-12-10T03:35:31","slug":"10-ml-atherisches-ol-jasmin-absolut","status":"publish","type":"product","link":"https:\/\/emeraldspa.pl\/de\/kurortladen\/10-ml-atherisches-ol-jasmin-absolut\/","title":{"rendered":"10 ml \u00c4therisches \u00d6l Jasmin-Absolue"},"content":{"rendered":"<p><strong>Lateinischer Name :<\/strong> Jasminum Officinale<br \/><strong>Verwendeter Teil der Bl\u00fcte :<\/strong> Blume<br \/><strong>Quelle:<\/strong> Indien<br \/><strong>Extraktionsverfahren:<\/strong> Dampfdestillation<\/p>\n<p>Jasmin ist eine zarte, immergr\u00fcne Kletterpflanze aus China und Indien mit kleinen, wei\u00dfen, sternf\u00f6rmigen Bl\u00fcten, die nachts gepfl\u00fcckt werden, wenn ihr Duft am st\u00e4rksten ist. Das \u00e4therische Jasmin\u00f6l hat einen s\u00fc\u00dfen, exotischen und blumigen Duft. Es ist teuer, da die Destillation aufw\u00e4ndiger ist als bei den meisten \u00d6len, und wird zur Tiefenentspannung, zur Linderung von Depressionen und zur St\u00e4rkung des Selbstvertrauens verwendet.&nbsp;<\/p>\n<p>Dieses \u00d6l soll die Nerven beruhigen und ein Gef\u00fchl der Zuversicht und des Optimismus vermitteln, w\u00e4hrend es gleichzeitig die Energie wiederherstellt. Es verk\u00fcrzt die Geburtszeit, indem es die Wehen verst\u00e4rkt und die Schmerzen lindert. Es wird angenommen, dass es Impotenz, Frigidit\u00e4t und vorzeitige Ejakulation aufgrund seiner beruhigenden und bes\u00e4nftigenden Eigenschaften lindert. Es hilft bei Husten und Kehlkopfentz\u00fcndung und ist auch in einem Massage\u00f6l n\u00fctzlich, um Muskelschmerzen, Verstauchungen und steife Glieder zu lindern. <strong>\u00c4therisches Jasmin\u00f6l<\/strong> t\u00f6nt trockene, fettige oder empfindliche Haut, erh\u00f6ht die Elastizit\u00e4t und soll Dehnungsstreifen und Narbenbildung reduzieren.<\/p>\n<p>Der Jasmin gilt in Indien seit Hunderten von Jahren als heilige Blume und wird bis heute zu Girlanden f\u00fcr Hindug\u00f6tter und -g\u00f6ttinnen aufgereiht. Jasmin wird von indischen Frauen h\u00e4ufig im Haar getragen und ist auch eine der wichtigsten Blumen in Hochzeitsgirlanden. Einem Mythos zufolge wies der Sonnengott Surya die Liebe einer Prinzessin zur\u00fcck, und sie war so untr\u00f6stlich, dass sie sich umbrachte. Aus ihrer Asche, die auf den Boden gestreut wurde, wuchs eine Jasminpflanze. Da der Sonnengott ihr so viel Schmerz zugef\u00fcgt hatte, bl\u00fchte die Jasminblume nur nachts und verstr\u00f6mte ihren Duft.<\/p>","protected":false},"excerpt":{"rendered":"<p><strong>Lateinischer Name :<\/strong> Jasminum Officinale<br \/><strong>Verwendeter Teil der Bl\u00fcte :<\/strong> Blume<br \/><strong>Quelle:<\/strong> Indien<br \/><strong>Extraktionsverfahren:<\/strong> Dampfdestillation<\/p>\n<p>Jasmin ist eine zarte, immergr\u00fcne Kletterpflanze aus China und Indien mit kleinen, wei\u00dfen, sternf\u00f6rmigen Bl\u00fcten, die nachts gepfl\u00fcckt werden, wenn ihr Duft am st\u00e4rksten ist. Das \u00e4therische Jasmin\u00f6l hat einen s\u00fc\u00dfen, exotischen und blumigen Duft. Es ist teuer, da die Destillation aufw\u00e4ndiger ist als bei den meisten \u00d6len, und wird zur Tiefenentspannung, zur Linderung von Depressionen und zur St\u00e4rkung des Selbstvertrauens verwendet.&nbsp;<\/p>\n<p>Dieses \u00d6l soll die Nerven beruhigen und ein Gef\u00fchl der Zuversicht und des Optimismus vermitteln, w\u00e4hrend es gleichzeitig die Energie wiederherstellt. Es verk\u00fcrzt die Geburtszeit, indem es die Wehen verst\u00e4rkt und die Schmerzen lindert. Es wird angenommen, dass es Impotenz, Frigidit\u00e4t und vorzeitige Ejakulation aufgrund seiner beruhigenden und bes\u00e4nftigenden Eigenschaften lindert. Es hilft bei Husten und Kehlkopfentz\u00fcndung und ist auch in einem Massage\u00f6l n\u00fctzlich, um Muskelschmerzen, Verstauchungen und steife Glieder zu lindern. <strong>\u00c4therisches Jasmin\u00f6l<\/strong> t\u00f6nt trockene, fettige oder empfindliche Haut, erh\u00f6ht die Elastizit\u00e4t und soll Dehnungsstreifen und Narbenbildung reduzieren.<\/p>\n<p>Der Jasmin gilt in Indien seit Hunderten von Jahren als heilige Blume und wird bis heute zu Girlanden f\u00fcr Hindug\u00f6tter und -g\u00f6ttinnen aufgereiht. Jasmin wird von indischen Frauen h\u00e4ufig im Haar getragen und ist auch eine der wichtigsten Blumen in Hochzeitsgirlanden. Einem Mythos zufolge wies der Sonnengott Surya die Liebe einer Prinzessin zur\u00fcck, und sie war so untr\u00f6stlich, dass sie sich umbrachte. Aus ihrer Asche, die auf den Boden gestreut wurde, wuchs eine Jasminpflanze. Da der Sonnengott ihr so viel Schmerz zugef\u00fcgt hatte, bl\u00fchte die Jasminblume nur nachts und verstr\u00f6mte ihren Duft.<\/p>","protected":false},"featured_media":4871,"template":"","meta":{"_acf_changed":false,"_price":"660","_stock":"250","_tribe_ticket_header":"","_tribe_default_ticket_provider":"","_tribe_ticket_capacity":"","_ticket_start_date":"","_ticket_end_date":"","_tribe_ticket_show_description":"","_tribe_ticket_show_not_going":false,"_tribe_ticket_use_global_stock":"","_tribe_ticket_global_stock_level":"","_global_stock_mode":"","_global_stock_cap":"","_tribe_rsvp_for_event":"","_tribe_ticket_going_count":"","_tribe_ticket_not_going_count":"","_tribe_tickets_list":"[]","_tribe_ticket_has_attendee_info_fields":false,"_tec_slr_enabled":"","_tec_slr_layout":""},"product_brand":[],"product_cat":[145,142],"product_tag":[],"class_list":{"0":"post-4893","1":"product","2":"type-product","3":"status-publish","4":"has-post-thumbnail","6":"product_cat-aromatherapy-essential-oils","7":"product_cat-spa","9":"first","10":"instock","11":"sale","12":"shipping-taxable","13":"purchasable","14":"product-type-simple"},"acf":[],"_links":{"self":[{"href":"https:\/\/emeraldspa.pl\/de\/wp-json\/wp\/v2\/product\/4893","targetHints":{"allow":["GET"]}}],"collection":[{"href":"https:\/\/emeraldspa.pl\/de\/wp-json\/wp\/v2\/product"}],"about":[{"href":"https:\/\/emeraldspa.pl\/de\/wp-json\/wp\/v2\/types\/product"}],"version-history":[{"count":1,"href":"https:\/\/emeraldspa.pl\/de\/wp-json\/wp\/v2\/product\/4893\/revisions"}],"predecessor-version":[{"id":4951,"href":"https:\/\/emeraldspa.pl\/de\/wp-json\/wp\/v2\/product\/4893\/revisions\/4951"}],"wp:featuredmedia":[{"embeddable":true,"href":"https:\/\/emeraldspa.pl\/de\/wp-json\/wp\/v2\/media\/4871"}],"wp:attachment":[{"href":"https:\/\/emeraldspa.pl\/de\/wp-json\/wp\/v2\/media?parent=4893"}],"wp:term":[{"taxonomy":"product_brand","embeddable":true,"href":"https:\/\/emeraldspa.pl\/de\/wp-json\/wp\/v2\/product_brand?post=4893"},{"taxonomy":"product_cat","embeddable":true,"href":"https:\/\/emeraldspa.pl\/de\/wp-json\/wp\/v2\/product_cat?post=4893"},{"taxonomy":"product_tag","embeddable":true,"href":"https:\/\/emeraldspa.pl\/de\/wp-json\/wp\/v2\/product_tag?post=4893"}],"curies":[{"name":"wp","href":"https:\/\/api.w.org\/{rel}","templated":true}]}}