{"id":4882,"date":"2025-10-13T19:25:46","date_gmt":"2025-10-13T17:25:46","guid":{"rendered":"https:\/\/emeraldspa.pl\/spa-shop\/10-ml-ylang-ylang-i-essential-oil\/"},"modified":"2026-02-11T13:44:10","modified_gmt":"2026-02-11T12:44:10","slug":"10-ml-atherisches-ylang-ylang-ol","status":"publish","type":"product","link":"https:\/\/emeraldspa.pl\/de\/kurortladen\/10-ml-atherisches-ylang-ylang-ol\/","title":{"rendered":"10 ml \u00c4therisches \u00d6l Ylang Ylang I"},"content":{"rendered":"<p><strong>Lateinischer Name :<\/strong> Cananga Odorata<br \/><strong>Verwendeter Teil der Pflanze :<\/strong> Blumen<br \/><strong>Quelle:<\/strong> Camores<br \/><strong>Extraktionsverfahren:<\/strong> Dampfdestillation<\/p>\n<p><strong>Ylang Ylang<\/strong> ist ein gro\u00dfer Baum, der in den fern\u00f6stlichen L\u00e4ndern wie Malaysia, den Philippinen und Indonesien heimisch ist. Seine gelben Bl\u00fcten sind stark duftend und haben lang herabh\u00e4ngende Bl\u00fctenbl\u00e4tter. Das daraus gewonnene \u00e4therische \u00d6l ist reichlich vorhanden und daher am wenigsten teuer, wird aber wegen seines Duftes in der Parf\u00fcm- und Kosmetikindustrie sehr gesch\u00e4tzt und wird heute auch in der Lebensmittelindustrie verwendet.&nbsp;<\/p>\n<p>Der Wissenschaft zufolge ist das \u00e4therische Ylang-Ylang-\u00d6l ein geistiges Stimulans. In der Welt der Aromatherapie hingegen gilt dieses \u00d6l als eines der besten Mittel zur Entspannung von Geist und K\u00f6rper. Schon der Geruch soll helfen, den Blutdruck zu senken. Ein Bad mit dem \u00d6l oder die Verwendung in einem Massage\u00f6l steigert nat\u00fcrlich das Entspannungserlebnis. Es wird verwendet, um Stress, Depressionen, Schock oder Angstzust\u00e4nde zu lindern. Als Haartonikum verwendet, soll es die \u00d6lproduktion ausgleichen. Es wird jedoch davor gewarnt, dass hohe Konzentrationen von Ylang Ylang Kopfschmerzen oder \u00dcbelkeit verursachen k\u00f6nnen.&nbsp;<\/p>\n<p>Ylang Ylang bedeutet auf Malaiisch \"Blume der Blumen\" und galt traditionell als Aphrodisiakum und entspannender Duft, weshalb die Bl\u00fcten dieses Baumes in Indonesien auf das Ehebett eines frisch verheirateten Paares gestreut wurden. Muslimische Frauen verbrannten dieses \u00d6l, um ihre Harems zu parf\u00fcmieren, also den Teil des Palastes, der den Frauen vorbehalten war. In China wurde der Duft verwendet, um die Gew\u00e4nder der Mandarine zu reinigen. Das \u00e4therische Ylang-Ylang-\u00d6l wird schon seit langem mit Parf\u00fcm und Entspannung in Verbindung gebracht.<\/p>","protected":false},"excerpt":{"rendered":"<p><strong>Lateinischer Name :<\/strong> Cananga Odorata<br \/><strong>Verwendeter Teil der Pflanze :<\/strong> Blumen<br \/><strong>Quelle:<\/strong> Camores<br \/><strong>Extraktionsverfahren:<\/strong> Dampfdestillation<\/p>\n<p><strong>Ylang Ylang<\/strong> ist ein gro\u00dfer Baum, der in den fern\u00f6stlichen L\u00e4ndern wie Malaysia, den Philippinen und Indonesien heimisch ist. Seine gelben Bl\u00fcten sind stark duftend und haben lang herabh\u00e4ngende Bl\u00fctenbl\u00e4tter. Das daraus gewonnene \u00e4therische \u00d6l ist reichlich vorhanden und daher am wenigsten teuer, wird aber wegen seines Duftes in der Parf\u00fcm- und Kosmetikindustrie sehr gesch\u00e4tzt und wird heute auch in der Lebensmittelindustrie verwendet.&nbsp;<\/p>\n<p>Der Wissenschaft zufolge ist das \u00e4therische Ylang-Ylang-\u00d6l ein geistiges Stimulans. In der Welt der Aromatherapie hingegen gilt dieses \u00d6l als eines der besten Mittel zur Entspannung von Geist und K\u00f6rper. Schon der Geruch soll helfen, den Blutdruck zu senken. Ein Bad mit dem \u00d6l oder die Verwendung in einem Massage\u00f6l steigert nat\u00fcrlich das Entspannungserlebnis. Es wird verwendet, um Stress, Depressionen, Schock oder Angstzust\u00e4nde zu lindern. Als Haartonikum verwendet, soll es die \u00d6lproduktion ausgleichen. Es wird jedoch davor gewarnt, dass hohe Konzentrationen von Ylang Ylang Kopfschmerzen oder \u00dcbelkeit verursachen k\u00f6nnen.&nbsp;<\/p>\n<p>Ylang Ylang bedeutet auf Malaiisch \"Blume der Blumen\" und galt traditionell als Aphrodisiakum und entspannender Duft, weshalb die Bl\u00fcten dieses Baumes in Indonesien auf das Ehebett eines frisch verheirateten Paares gestreut wurden. Muslimische Frauen verbrannten dieses \u00d6l, um ihre Harems zu parf\u00fcmieren, also den Teil des Palastes, der den Frauen vorbehalten war. In China wurde der Duft verwendet, um die Gew\u00e4nder der Mandarine zu reinigen. Das \u00e4therische Ylang-Ylang-\u00d6l wird schon seit langem mit Parf\u00fcm und Entspannung in Verbindung gebracht.<\/p>","protected":false},"featured_media":4858,"template":"","meta":{"_acf_changed":false,"_price":"30","_stock":"414","_tribe_ticket_header":"","_tribe_default_ticket_provider":"","_tribe_ticket_capacity":"","_ticket_start_date":"","_ticket_end_date":"","_tribe_ticket_show_description":"","_tribe_ticket_show_not_going":false,"_tribe_ticket_use_global_stock":"","_tribe_ticket_global_stock_level":"","_global_stock_mode":"","_global_stock_cap":"","_tribe_rsvp_for_event":"","_tribe_ticket_going_count":"","_tribe_ticket_not_going_count":"","_tribe_tickets_list":"[]","_tribe_ticket_has_attendee_info_fields":false,"_tec_slr_enabled":"","_tec_slr_layout":""},"product_brand":[],"product_cat":[145,142],"product_tag":[],"class_list":{"0":"post-4882","1":"product","2":"type-product","3":"status-publish","4":"has-post-thumbnail","6":"product_cat-aromatherapy-essential-oils","7":"product_cat-spa","9":"first","10":"instock","11":"shipping-taxable","12":"purchasable","13":"product-type-simple"},"acf":[],"_links":{"self":[{"href":"https:\/\/emeraldspa.pl\/de\/wp-json\/wp\/v2\/product\/4882","targetHints":{"allow":["GET"]}}],"collection":[{"href":"https:\/\/emeraldspa.pl\/de\/wp-json\/wp\/v2\/product"}],"about":[{"href":"https:\/\/emeraldspa.pl\/de\/wp-json\/wp\/v2\/types\/product"}],"version-history":[{"count":1,"href":"https:\/\/emeraldspa.pl\/de\/wp-json\/wp\/v2\/product\/4882\/revisions"}],"predecessor-version":[{"id":4957,"href":"https:\/\/emeraldspa.pl\/de\/wp-json\/wp\/v2\/product\/4882\/revisions\/4957"}],"wp:featuredmedia":[{"embeddable":true,"href":"https:\/\/emeraldspa.pl\/de\/wp-json\/wp\/v2\/media\/4858"}],"wp:attachment":[{"href":"https:\/\/emeraldspa.pl\/de\/wp-json\/wp\/v2\/media?parent=4882"}],"wp:term":[{"taxonomy":"product_brand","embeddable":true,"href":"https:\/\/emeraldspa.pl\/de\/wp-json\/wp\/v2\/product_brand?post=4882"},{"taxonomy":"product_cat","embeddable":true,"href":"https:\/\/emeraldspa.pl\/de\/wp-json\/wp\/v2\/product_cat?post=4882"},{"taxonomy":"product_tag","embeddable":true,"href":"https:\/\/emeraldspa.pl\/de\/wp-json\/wp\/v2\/product_tag?post=4882"}],"curies":[{"name":"wp","href":"https:\/\/api.w.org\/{rel}","templated":true}]}}