{"id":4881,"date":"2025-10-13T19:25:46","date_gmt":"2025-10-13T17:25:46","guid":{"rendered":"https:\/\/emeraldspa.pl\/spa-shop\/10-ml-rosemary-essential-oil\/"},"modified":"2025-12-09T09:45:53","modified_gmt":"2025-12-09T08:45:53","slug":"10-ml-atherisches-rosmarinol","status":"publish","type":"product","link":"https:\/\/emeraldspa.pl\/de\/kurortladen\/10-ml-atherisches-rosmarinol\/","title":{"rendered":"10 ml \u00c4therisches Rosmarin\u00f6l"},"content":{"rendered":"<p><strong>Lateinischer Name :<\/strong> Rosmarinus Officinalis<br \/><strong>Verwendeter Teil der Pflanze :<\/strong> Bl\u00fchende Oberteile<br \/><strong>Quelle:<\/strong> Tunesien<br \/><strong>Extraktionsverfahren:<\/strong> Dampfdestillation<\/p>\n<p><strong>Das \u00e4therische \u00d6l des Rosmarinkrauts<\/strong> wird aus den Bl\u00fcten, St\u00e4ngeln und Bl\u00e4ttern der Pflanze dampfdestilliert. Nach dem Britischen Arzneibuch ist das aus den Bl\u00fctenspitzen destillierte \u00d6l besser als das aus den St\u00e4ngeln und Bl\u00e4ttern gewonnene, aus denen angeblich fast alle handels\u00fcblichen \u00d6le destilliert werden. Der Geruch des \u00e4therischen Rosmarin\u00f6ls ist holzig und krautig und wird in der Aromatherapie zur Erfrischung und Anregung des Geistes verwendet.<\/p>\n<p>Dieses \u00d6l hilft bei Wunden, Verbrennungen, Erk\u00e4ltungen, Grippe, M\u00fcdigkeit, Verdauungsproblemen, Kopfschmerzen, Asthma, Bronchitis, Gicht, Rheuma, Leber- und Gallenblasenproblemen, Wassereinlagerungen und Kreislaufschw\u00e4che. F\u00fcr eine Massage wird Rosmarin\u00f6l oft mit einem oder zwei Basis\u00f6len wie Mandel-, Aprikosenkern- oder Haselnuss\u00f6l gemischt. Es ist gut f\u00fcr die Haare, denn es soll die Durchblutung der Kopfhaut f\u00f6rdern und das Haarwachstum anregen. Verwenden Sie dieses \u00d6l niemals innerlich, und vermeiden Sie es, wenn Sie schwanger sind oder unter hohem Blutdruck oder Epilepsie leiden.&nbsp;<\/p>\n<p>Rosmarin war schon in der Antike bekannt und beliebt. Man glaubte, dass er das Ged\u00e4chtnis verbessert, und so wurde er zu einem Symbol der Treue und wurde bei Hochzeiten, Beerdigungen und anderen religi\u00f6sen Zeremonien verwendet. Ein Rosmarinzweig wurde mit B\u00e4ndern sch\u00f6n verschn\u00fcrt und den Hochzeitsg\u00e4sten als Symbol der Liebe und Treue \u00fcberreicht. &apos;Ungarnwasser,&apos; aus frischen Rosmarinspitzen, die einige Tage lang in Wein getr\u00e4nkt wurden, wurde f\u00fcr die K\u00f6nigin von Ungarn hergestellt und soll sie von einer L\u00e4hmung geheilt haben.<\/p>","protected":false},"excerpt":{"rendered":"<p><strong>Lateinischer Name :<\/strong> Rosmarinus Officinalis<br \/><strong>Verwendeter Teil der Pflanze :<\/strong> Bl\u00fchende Oberteile<br \/><strong>Quelle:<\/strong> Tunesien<br \/><strong>Extraktionsverfahren:<\/strong> Dampfdestillation<\/p>\n<p><strong>Das \u00e4therische \u00d6l des Rosmarinkrauts<\/strong> wird aus den Bl\u00fcten, St\u00e4ngeln und Bl\u00e4ttern der Pflanze dampfdestilliert. Nach dem Britischen Arzneibuch ist das aus den Bl\u00fctenspitzen destillierte \u00d6l besser als das aus den St\u00e4ngeln und Bl\u00e4ttern gewonnene, aus denen angeblich fast alle handels\u00fcblichen \u00d6le destilliert werden. Der Geruch des \u00e4therischen Rosmarin\u00f6ls ist holzig und krautig und wird in der Aromatherapie zur Erfrischung und Anregung des Geistes verwendet.<\/p>\n<p>Dieses \u00d6l hilft bei Wunden, Verbrennungen, Erk\u00e4ltungen, Grippe, M\u00fcdigkeit, Verdauungsproblemen, Kopfschmerzen, Asthma, Bronchitis, Gicht, Rheuma, Leber- und Gallenblasenproblemen, Wassereinlagerungen und Kreislaufschw\u00e4che. F\u00fcr eine Massage wird Rosmarin\u00f6l oft mit einem oder zwei Basis\u00f6len wie Mandel-, Aprikosenkern- oder Haselnuss\u00f6l gemischt. Es ist gut f\u00fcr die Haare, denn es soll die Durchblutung der Kopfhaut f\u00f6rdern und das Haarwachstum anregen. Verwenden Sie dieses \u00d6l niemals innerlich, und vermeiden Sie es, wenn Sie schwanger sind oder unter hohem Blutdruck oder Epilepsie leiden.&nbsp;<\/p>\n<p>Rosmarin war schon in der Antike bekannt und beliebt. Man glaubte, dass er das Ged\u00e4chtnis verbessert, und so wurde er zu einem Symbol der Treue und wurde bei Hochzeiten, Beerdigungen und anderen religi\u00f6sen Zeremonien verwendet. Ein Rosmarinzweig wurde mit B\u00e4ndern sch\u00f6n verschn\u00fcrt und den Hochzeitsg\u00e4sten als Symbol der Liebe und Treue \u00fcberreicht. &apos;Ungarnwasser,&apos; aus frischen Rosmarinspitzen, die einige Tage lang in Wein getr\u00e4nkt wurden, wurde f\u00fcr die K\u00f6nigin von Ungarn hergestellt und soll sie von einer L\u00e4hmung geheilt haben.<\/p>","protected":false},"featured_media":4856,"template":"","meta":{"_acf_changed":false,"_price":"30","_stock":"250","_tribe_ticket_header":"","_tribe_default_ticket_provider":"","_tribe_ticket_capacity":"","_ticket_start_date":"","_ticket_end_date":"","_tribe_ticket_show_description":"","_tribe_ticket_show_not_going":false,"_tribe_ticket_use_global_stock":"","_tribe_ticket_global_stock_level":"","_global_stock_mode":"","_global_stock_cap":"","_tribe_rsvp_for_event":"","_tribe_ticket_going_count":"","_tribe_ticket_not_going_count":"","_tribe_tickets_list":"[]","_tribe_ticket_has_attendee_info_fields":false,"_tec_slr_enabled":"","_tec_slr_layout":""},"product_brand":[],"product_cat":[145,142],"product_tag":[],"class_list":{"0":"post-4881","1":"product","2":"type-product","3":"status-publish","4":"has-post-thumbnail","6":"product_cat-aromatherapy-essential-oils","7":"product_cat-spa","9":"first","10":"instock","11":"shipping-taxable","12":"purchasable","13":"product-type-simple"},"acf":[],"_links":{"self":[{"href":"https:\/\/emeraldspa.pl\/de\/wp-json\/wp\/v2\/product\/4881","targetHints":{"allow":["GET"]}}],"collection":[{"href":"https:\/\/emeraldspa.pl\/de\/wp-json\/wp\/v2\/product"}],"about":[{"href":"https:\/\/emeraldspa.pl\/de\/wp-json\/wp\/v2\/types\/product"}],"version-history":[{"count":1,"href":"https:\/\/emeraldspa.pl\/de\/wp-json\/wp\/v2\/product\/4881\/revisions"}],"predecessor-version":[{"id":4958,"href":"https:\/\/emeraldspa.pl\/de\/wp-json\/wp\/v2\/product\/4881\/revisions\/4958"}],"wp:featuredmedia":[{"embeddable":true,"href":"https:\/\/emeraldspa.pl\/de\/wp-json\/wp\/v2\/media\/4856"}],"wp:attachment":[{"href":"https:\/\/emeraldspa.pl\/de\/wp-json\/wp\/v2\/media?parent=4881"}],"wp:term":[{"taxonomy":"product_brand","embeddable":true,"href":"https:\/\/emeraldspa.pl\/de\/wp-json\/wp\/v2\/product_brand?post=4881"},{"taxonomy":"product_cat","embeddable":true,"href":"https:\/\/emeraldspa.pl\/de\/wp-json\/wp\/v2\/product_cat?post=4881"},{"taxonomy":"product_tag","embeddable":true,"href":"https:\/\/emeraldspa.pl\/de\/wp-json\/wp\/v2\/product_tag?post=4881"}],"curies":[{"name":"wp","href":"https:\/\/api.w.org\/{rel}","templated":true}]}}