{"id":4774,"date":"2025-10-13T15:48:25","date_gmt":"2025-10-13T13:48:25","guid":{"rendered":"https:\/\/emeraldspa.pl\/spa-shop\/cotton-pario-throw-100x180-cm-warm-sand\/"},"modified":"2026-01-04T04:24:49","modified_gmt":"2026-01-04T03:24:49","slug":"baumwolle-pario-decke-100x180-cm-warm-sand","status":"publish","type":"product","link":"https:\/\/emeraldspa.pl\/de\/kurortladen\/baumwolle-pario-decke-100x180-cm-warm-sand\/","title":{"rendered":"Baumwolle Pario Throw - 100\u00d7180 cm - Warm Sand"},"content":{"rendered":"<p>Handgefertigter indischer Pareo aus Baumwolle. Diese nat\u00fcrlichen Baumwollfasern k\u00f6nnen Wasser besser absorbieren und sind sanft zur Haut. Mit dem nahenden Sommer und den k\u00fchlen Abenden werden sich diese Pareos bestimmt verkaufen.<\/p>\n<p><\/p>\n<p>Der Pareo hat eine perfekte Gr\u00f6\u00dfe, um ihn um die Taille zu wickeln. Jedes Design wird mit Juteschnur umwickelt und mit einem Etikett versehen. Sie sind leicht, schnell trocknend, tragbar und modisch.<\/p>\n<p><\/p>\n<p>Sie k\u00f6nnen sowohl sportlich als auch elegant sein, ideal f\u00fcr Strandt\u00fccher, k\u00f6nnen als Picknickdecke verwendet werden. Mehrzweck.<\/p>\n<p><\/p>\n<p>Packen Sie den Twist aus und bestellen Sie noch heute diesen einzigartigen Pareo.<\/p>\n<p><\/p>\n<p>Gr\u00f6\u00dfe: L\u00e4nge 100cm, Breite 180cm: Material: Baumwolle, Polyester: Hergestellt in Indien<\/p>","protected":false},"excerpt":{"rendered":"<p>Handgefertigter indischer Pareo aus Baumwolle. Diese nat\u00fcrlichen Baumwollfasern k\u00f6nnen Wasser besser absorbieren und sind sanft zur Haut. Mit dem nahenden Sommer und den k\u00fchlen Abenden werden sich diese Pareos bestimmt verkaufen.<\/p>\n<p><\/p>\n<p>Der Pareo hat eine perfekte Gr\u00f6\u00dfe, um ihn um die Taille zu wickeln. Jedes Design wird mit Juteschnur umwickelt und mit einem Etikett versehen. Sie sind leicht, schnell trocknend, tragbar und modisch.<\/p>\n<p><\/p>\n<p>Sie k\u00f6nnen sowohl sportlich als auch elegant sein, ideal f\u00fcr Strandt\u00fccher, k\u00f6nnen als Picknickdecke verwendet werden. Mehrzweck.<\/p>\n<p><\/p>\n<p>Packen Sie den Twist aus und bestellen Sie noch heute diesen einzigartigen Pareo.<\/p>\n<p><\/p>\n<p>Gr\u00f6\u00dfe: L\u00e4nge 100cm, Breite 180cm: Material: Baumwolle, Polyester: Hergestellt in Indien<\/p>","protected":false},"featured_media":4769,"template":"","meta":{"_acf_changed":false,"_price":"50","_stock":"0","_tribe_ticket_header":"","_tribe_default_ticket_provider":"","_tribe_ticket_capacity":"","_ticket_start_date":"","_ticket_end_date":"","_tribe_ticket_show_description":"","_tribe_ticket_show_not_going":false,"_tribe_ticket_use_global_stock":"","_tribe_ticket_global_stock_level":"","_global_stock_mode":"","_global_stock_cap":"","_tribe_rsvp_for_event":"","_tribe_ticket_going_count":"","_tribe_ticket_not_going_count":"","_tribe_tickets_list":"[]","_tribe_ticket_has_attendee_info_fields":false,"_tec_slr_enabled":"","_tec_slr_layout":""},"product_brand":[],"product_cat":[141],"product_tag":[],"class_list":{"0":"post-4774","1":"product","2":"type-product","3":"status-publish","4":"has-post-thumbnail","6":"product_cat-towels","8":"first","9":"outofstock","10":"shipping-taxable","11":"purchasable","12":"product-type-simple"},"acf":[],"_links":{"self":[{"href":"https:\/\/emeraldspa.pl\/de\/wp-json\/wp\/v2\/product\/4774","targetHints":{"allow":["GET"]}}],"collection":[{"href":"https:\/\/emeraldspa.pl\/de\/wp-json\/wp\/v2\/product"}],"about":[{"href":"https:\/\/emeraldspa.pl\/de\/wp-json\/wp\/v2\/types\/product"}],"version-history":[{"count":1,"href":"https:\/\/emeraldspa.pl\/de\/wp-json\/wp\/v2\/product\/4774\/revisions"}],"predecessor-version":[{"id":4775,"href":"https:\/\/emeraldspa.pl\/de\/wp-json\/wp\/v2\/product\/4774\/revisions\/4775"}],"wp:featuredmedia":[{"embeddable":true,"href":"https:\/\/emeraldspa.pl\/de\/wp-json\/wp\/v2\/media\/4769"}],"wp:attachment":[{"href":"https:\/\/emeraldspa.pl\/de\/wp-json\/wp\/v2\/media?parent=4774"}],"wp:term":[{"taxonomy":"product_brand","embeddable":true,"href":"https:\/\/emeraldspa.pl\/de\/wp-json\/wp\/v2\/product_brand?post=4774"},{"taxonomy":"product_cat","embeddable":true,"href":"https:\/\/emeraldspa.pl\/de\/wp-json\/wp\/v2\/product_cat?post=4774"},{"taxonomy":"product_tag","embeddable":true,"href":"https:\/\/emeraldspa.pl\/de\/wp-json\/wp\/v2\/product_tag?post=4774"}],"curies":[{"name":"wp","href":"https:\/\/api.w.org\/{rel}","templated":true}]}}